{"id":2884,"date":"2024-07-22T09:20:41","date_gmt":"2024-07-22T09:20:41","guid":{"rendered":"https:\/\/eucotton.eu\/europaeische-baumwolle\/"},"modified":"2024-10-11T07:37:14","modified_gmt":"2024-10-11T07:37:14","slug":"europaeische-baumwolle","status":"publish","type":"page","link":"https:\/\/eucotton.eu\/de\/europaeische-baumwolle\/","title":{"rendered":"Europ\u00e4ische Baumwolle"},"content":{"rendered":"<p>[et_pb_section fb_built=&#8220;1&#8243; fullwidth=&#8220;on&#8220; _builder_version=&#8220;4.25.1&#8243; _module_preset=&#8220;default&#8220; da_disable_devices=&#8220;off|off|off&#8220; global_colors_info=&#8220;{}&#8220; da_is_popup=&#8220;off&#8220; da_exit_intent=&#8220;off&#8220; da_has_close=&#8220;on&#8220; da_alt_close=&#8220;off&#8220; da_dark_close=&#8220;off&#8220; da_not_modal=&#8220;on&#8220; da_is_singular=&#8220;off&#8220; da_with_loader=&#8220;off&#8220; da_has_shadow=&#8220;on&#8220;][et_pb_fullwidth_image src=&#8220;https:\/\/eucotton.eu\/wp-content\/uploads\/2024\/10\/header_european_cotton_de.jpg&#8220; title_text=&#8220;Blue silk fabric background, satin cloth texture&#8220; _builder_version=&#8220;4.27.2&#8243; _module_preset=&#8220;default&#8220; hover_enabled=&#8220;0&#8243; global_colors_info=&#8220;{}&#8220; sticky_enabled=&#8220;0&#8243;][\/et_pb_fullwidth_image][\/et_pb_section][et_pb_section fb_built=&#8220;1&#8243; custom_padding_last_edited=&#8220;off|desktop&#8220; admin_label=&#8220;All Treatments&#8220; _builder_version=&#8220;4.18.0&#8243; background_enable_color=&#8220;off&#8220; custom_padding=&#8220;0px||||false|false&#8220; custom_padding_tablet=&#8220;8vw||8vw||false|false&#8220; da_disable_devices=&#8220;off|off|off&#8220; global_colors_info=&#8220;{}&#8220; da_is_popup=&#8220;off&#8220; da_exit_intent=&#8220;off&#8220; da_has_close=&#8220;on&#8220; da_alt_close=&#8220;off&#8220; da_dark_close=&#8220;off&#8220; da_not_modal=&#8220;on&#8220; da_is_singular=&#8220;off&#8220; da_with_loader=&#8220;off&#8220; da_has_shadow=&#8220;on&#8220;][et_pb_row column_structure=&#8220;1_4,1_4,1_4,1_4&#8243; use_custom_gutter=&#8220;on&#8220; gutter_width=&#8220;1&#8243; custom_padding_last_edited=&#8220;off|tablet&#8220; _builder_version=&#8220;4.25.1&#8243; custom_padding=&#8220;40px||||false|false&#8220; custom_padding_tablet=&#8220;||||false|false&#8220; global_colors_info=&#8220;{}&#8220;][et_pb_column type=&#8220;1_4&#8243; _builder_version=&#8220;4.25.1&#8243; _dynamic_attributes=&#8220;link_option_url&#8220; use_background_color_gradient=&#8220;on&#8220; background_color_gradient_stops=&#8220;rgba(255,255,255,0) 30%|#ffffff 100%&#8220; background_color_gradient_overlays_image=&#8220;on&#8220; background_color_gradient_start=&#8220;rgba(255,255,255,0)&#8220; background_color_gradient_start_position=&#8220;30%&#8220; background_color_gradient_end=&#8220;#ffffff&#8220; background_image=&#8220;https:\/\/eucotton.eu\/wp-content\/uploads\/2022\/09\/campaign_01.jpg&#8220; custom_padding=&#8220;550px|20px|20px|20px|false|true&#8220; custom_padding_tablet=&#8220;240px||40px||false|true&#8220; custom_padding_phone=&#8220;140px||20px||false|true&#8220; custom_padding_last_edited=&#8220;on|phone&#8220; link_option_url=&#8220;@ET-DC@eyJkeW5hbWljIjp0cnVlLCJjb250ZW50IjoicG9zdF9saW5rX3VybF9wYWdlIiwic2V0dGluZ3MiOnsicG9zdF9pZCI6IjIwNSIsImVuYWJsZV9odG1sIjoib2ZmIn19@&#8220; border_radii=&#8220;off|150px|150px||&#8220; border_radii_tablet=&#8220;on|0px|0px|0px|0px&#8220; border_radii_phone=&#8220;&#8220; border_radii_last_edited=&#8220;on|tablet&#8220; box_shadow_style=&#8220;preset7&#8243; box_shadow_horizontal=&#8220;0px&#8220; box_shadow_vertical=&#8220;-1px&#8220; box_shadow_color=&#8220;#ffffff&#8220; global_colors_info=&#8220;{}&#8220;][et_pb_text _builder_version=&#8220;4.27.2&#8243; _dynamic_attributes=&#8220;link_option_url&#8220; header_font=&#8220;|600|||||||&#8220; header_line_height=&#8220;0.8em&#8220; header_2_font=&#8220;Pioggia Com||||||||&#8220; header_2_text_color=&#8220;#369637&#8243; header_2_font_size=&#8220;30px&#8220; header_2_line_height=&#8220;0.8em&#8220; header_3_font=&#8220;Pioggia Com|500|||||||&#8220; header_3_text_color=&#8220;#0c005e&#8220; header_3_font_size=&#8220;32px&#8220; header_3_line_height=&#8220;1.2em&#8220; text_orientation=&#8220;center&#8220; link_option_url=&#8220;@ET-DC@eyJkeW5hbWljIjp0cnVlLCJjb250ZW50IjoicG9zdF9saW5rX3VybF9wYWdlIiwic2V0dGluZ3MiOnsicG9zdF9pZCI6Ijg1MSIsImVuYWJsZV9odG1sIjoib2ZmIn19@&#8220; locked=&#8220;off&#8220; global_colors_info=&#8220;{}&#8220;]<\/p>\n<h3>Baumwollproduktion in Europa<\/h3>\n<p>[\/et_pb_text][\/et_pb_column][et_pb_column type=&#8220;1_4&#8243; _builder_version=&#8220;4.25.1&#8243; _dynamic_attributes=&#8220;link_option_url&#8220; background_color=&#8220;#ffffff&#8220; use_background_color_gradient=&#8220;on&#8220; background_color_gradient_stops=&#8220;#ffffff 30%|rgba(255,255,255,0) 80%&#8220; background_color_gradient_overlays_image=&#8220;on&#8220; background_color_gradient_start=&#8220;#ffffff&#8220; background_color_gradient_start_position=&#8220;30%&#8220; background_color_gradient_end=&#8220;rgba(255,255,255,0)&#8220; background_color_gradient_end_position=&#8220;80%&#8220; background_image=&#8220;https:\/\/eucotton.eu\/wp-content\/uploads\/2024\/07\/quality_sustainability.jpg&#8220; custom_padding=&#8220;220px|20px|450px|20px|false|true&#8220; custom_padding_tablet=&#8220;240px|20px|40px|20px|false|true&#8220; custom_padding_phone=&#8220;220px||20px||false|true&#8220; custom_padding_last_edited=&#8220;on|tablet&#8220; link_option_url=&#8220;@ET-DC@eyJkeW5hbWljIjp0cnVlLCJjb250ZW50IjoicG9zdF9saW5rX3VybF9wYWdlIiwic2V0dGluZ3MiOnsicG9zdF9pZCI6IjE5NyIsImVuYWJsZV9odG1sIjoib2ZmIn19@&#8220; background_last_edited=&#8220;on|desktop&#8220; background_color_gradient_stops_tablet=&#8220;rgba(255,255,255,0) 30%|#ffffff 80%&#8220; background_color_gradient_start_tablet=&#8220;rgba(255,255,255,0)&#8220; background_color_gradient_end_tablet=&#8220;#ffffff&#8220; border_radii=&#8220;off|||150px|150px&#8220; border_radii_tablet=&#8220;on|0px|0px|0px|0px&#8220; border_radii_phone=&#8220;&#8220; border_radii_last_edited=&#8220;on|tablet&#8220; box_shadow_style=&#8220;preset7&#8243; box_shadow_horizontal=&#8220;0px&#8220; box_shadow_vertical=&#8220;1px&#8220; box_shadow_color=&#8220;#ffffff&#8220; global_colors_info=&#8220;{}&#8220;][et_pb_text _builder_version=&#8220;4.27.2&#8243; _dynamic_attributes=&#8220;link_option_url&#8220; header_3_font=&#8220;Pioggia Com|500|||||||&#8220; header_3_text_align=&#8220;center&#8220; header_3_text_color=&#8220;#0c005e&#8220; header_3_font_size=&#8220;32px&#8220; header_3_line_height=&#8220;1.1em&#8220; text_orientation=&#8220;center&#8220; link_option_url=&#8220;@ET-DC@eyJkeW5hbWljIjp0cnVlLCJjb250ZW50IjoicG9zdF9saW5rX3VybF9wYWdlIiwic2V0dGluZ3MiOnsicG9zdF9pZCI6Ijg3NCIsImVuYWJsZV9odG1sIjoib2ZmIn19@&#8220; global_colors_info=&#8220;{}&#8220;]<\/p>\n<h3>Europ\u00e4ische Baumwolle: Qualit\u00e4t und Nachhaltigkeit<\/h3>\n<p>[\/et_pb_text][\/et_pb_column][et_pb_column type=&#8220;1_4&#8243; _builder_version=&#8220;4.25.1&#8243; _dynamic_attributes=&#8220;link_option_url&#8220; use_background_color_gradient=&#8220;on&#8220; background_color_gradient_stops=&#8220;rgba(255,255,255,0) 30%|#ffffff 100%&#8220; background_color_gradient_overlays_image=&#8220;on&#8220; background_color_gradient_start=&#8220;rgba(255,255,255,0)&#8220; background_color_gradient_start_position=&#8220;30%&#8220; background_color_gradient_end=&#8220;#ffffff&#8220; background_image=&#8220;https:\/\/eucotton.eu\/wp-content\/uploads\/2024\/07\/white_gold.jpg&#8220; custom_padding=&#8220;550px|20px|20px|20px|false|true&#8220; custom_padding_tablet=&#8220;240px||40px||false|true&#8220; custom_padding_phone=&#8220;140px||20px||false|true&#8220; custom_padding_last_edited=&#8220;on|phone&#8220; link_option_url=&#8220;@ET-DC@eyJkeW5hbWljIjp0cnVlLCJjb250ZW50IjoicG9zdF9saW5rX3VybF9wYWdlIiwic2V0dGluZ3MiOnsicG9zdF9pZCI6IjIwNSIsImVuYWJsZV9odG1sIjoib2ZmIn19@&#8220; border_radii=&#8220;off|150px|150px||&#8220; border_radii_tablet=&#8220;on|0px|0px|0px|0px&#8220; border_radii_phone=&#8220;&#8220; border_radii_last_edited=&#8220;on|tablet&#8220; box_shadow_style=&#8220;preset7&#8243; box_shadow_horizontal=&#8220;0px&#8220; box_shadow_vertical=&#8220;-1px&#8220; box_shadow_color=&#8220;#ffffff&#8220; global_colors_info=&#8220;{}&#8220;][et_pb_text _builder_version=&#8220;4.27.2&#8243; _dynamic_attributes=&#8220;link_option_url&#8220; header_font=&#8220;|600|||||||&#8220; header_line_height=&#8220;0.8em&#8220; header_2_font=&#8220;Pioggia||||||||&#8220; header_2_text_color=&#8220;#369637&#8243; header_2_font_size=&#8220;30px&#8220; header_2_line_height=&#8220;0.8em&#8220; header_3_font=&#8220;Pioggia Com|500|||||||&#8220; header_3_text_color=&#8220;#0c005e&#8220; header_3_font_size=&#8220;32px&#8220; header_3_line_height=&#8220;1.2em&#8220; text_orientation=&#8220;center&#8220; link_option_url=&#8220;@ET-DC@eyJkeW5hbWljIjp0cnVlLCJjb250ZW50IjoicG9zdF9saW5rX3VybF9wYWdlIiwic2V0dGluZ3MiOnsicG9zdF9pZCI6Ijk0MCIsImVuYWJsZV9odG1sIjoib2ZmIn19@&#8220; locked=&#8220;off&#8220; global_colors_info=&#8220;{}&#8220;]<\/p>\n<h3>Wie unterst\u00fctzt EUCOTTON die Gestaltung einer nachhaltigen Zukunft?<\/h3>\n<p>[\/et_pb_text][\/et_pb_column][et_pb_column type=&#8220;1_4&#8243; _builder_version=&#8220;4.25.1&#8243; _dynamic_attributes=&#8220;link_option_url&#8220; use_background_color_gradient=&#8220;on&#8220; background_color_gradient_stops=&#8220;#ffffff 30%|rgba(255,255,255,0) 80%&#8220; background_color_gradient_overlays_image=&#8220;on&#8220; background_color_gradient_start=&#8220;#ffffff&#8220; background_color_gradient_start_position=&#8220;30%&#8220; background_color_gradient_end=&#8220;rgba(255,255,255,0)&#8220; background_color_gradient_end_position=&#8220;80%&#8220; background_image=&#8220;https:\/\/eucotton.eu\/wp-content\/uploads\/2024\/07\/cotton_design_sustainable_future.jpg&#8220; background_position=&#8220;top_center&#8220; custom_padding=&#8220;150px|20px|640px|20px|false|true&#8220; custom_padding_tablet=&#8220;240px||40px||false|true&#8220; custom_padding_phone=&#8220;196px||20px||false|true&#8220; custom_padding_last_edited=&#8220;on|phone&#8220; link_option_url=&#8220;@ET-DC@eyJkeW5hbWljIjp0cnVlLCJjb250ZW50IjoicG9zdF9saW5rX3VybF9wYWdlIiwic2V0dGluZ3MiOnsicG9zdF9pZCI6IjI5OSIsImVuYWJsZV9odG1sIjoib2ZmIn19@&#8220; background_last_edited=&#8220;on|desktop&#8220; background_color_gradient_stops_tablet=&#8220;rgba(255,255,255,0) 30%|#ffffff 80%&#8220; background_color_gradient_start_tablet=&#8220;rgba(255,255,255,0)&#8220; background_color_gradient_end_tablet=&#8220;#ffffff&#8220; border_radii=&#8220;off|||150px|150px&#8220; border_radii_tablet=&#8220;on|0px|0px|0px|0px&#8220; border_radii_phone=&#8220;&#8220; border_radii_last_edited=&#8220;on|tablet&#8220; box_shadow_style=&#8220;preset7&#8243; box_shadow_horizontal=&#8220;0px&#8220; box_shadow_vertical=&#8220;1px&#8220; box_shadow_color=&#8220;#ffffff&#8220; global_colors_info=&#8220;{}&#8220;][et_pb_text _builder_version=&#8220;4.27.2&#8243; _dynamic_attributes=&#8220;link_option_url&#8220; header_3_font=&#8220;Pioggia Com||||||||&#8220; header_3_text_color=&#8220;#0c005e&#8220; header_3_font_size=&#8220;32px&#8220; header_3_line_height=&#8220;1.2em&#8220; header_4_font_size=&#8220;25px&#8220; text_orientation=&#8220;center&#8220; custom_margin=&#8220;||||false|false&#8220; link_option_url=&#8220;@ET-DC@eyJkeW5hbWljIjp0cnVlLCJjb250ZW50IjoicG9zdF9saW5rX3VybF9wYWdlIiwic2V0dGluZ3MiOnsicG9zdF9pZCI6Ijk0MyIsImVuYWJsZV9odG1sIjoib2ZmIn19@&#8220; locked=&#8220;off&#8220; global_colors_info=&#8220;{}&#8220;]<\/p>\n<h3>Die Zukunft europ\u00e4ischer Baumwolle<\/h3>\n<p>[\/et_pb_text][\/et_pb_column][\/et_pb_row][\/et_pb_section]<\/p>\n","protected":false},"excerpt":{"rendered":"<p>Baumwollproduktion in EuropaEurop\u00e4ische Baumwolle: Qualit\u00e4t und NachhaltigkeitWie unterst\u00fctzt EUCOTTON die Gestaltung einer nachhaltigen Zukunft?Die Zukunft europ\u00e4ischer Baumwolle<\/p>\n","protected":false},"author":2,"featured_media":0,"parent":0,"menu_order":1,"comment_status":"closed","ping_status":"closed","template":"","meta":{"_et_pb_use_builder":"on","_et_pb_old_content":"","_et_gb_content_width":"","footnotes":""},"class_list":["post-2884","page","type-page","status-publish","hentry"],"_links":{"self":[{"href":"https:\/\/eucotton.eu\/de\/wp-json\/wp\/v2\/pages\/2884","targetHints":{"allow":["GET"]}}],"collection":[{"href":"https:\/\/eucotton.eu\/de\/wp-json\/wp\/v2\/pages"}],"about":[{"href":"https:\/\/eucotton.eu\/de\/wp-json\/wp\/v2\/types\/page"}],"author":[{"embeddable":true,"href":"https:\/\/eucotton.eu\/de\/wp-json\/wp\/v2\/users\/2"}],"replies":[{"embeddable":true,"href":"https:\/\/eucotton.eu\/de\/wp-json\/wp\/v2\/comments?post=2884"}],"version-history":[{"count":6,"href":"https:\/\/eucotton.eu\/de\/wp-json\/wp\/v2\/pages\/2884\/revisions"}],"predecessor-version":[{"id":3392,"href":"https:\/\/eucotton.eu\/de\/wp-json\/wp\/v2\/pages\/2884\/revisions\/3392"}],"wp:attachment":[{"href":"https:\/\/eucotton.eu\/de\/wp-json\/wp\/v2\/media?parent=2884"}],"curies":[{"name":"wp","href":"https:\/\/api.w.org\/{rel}","templated":true}]}}