{"id":2888,"date":"2024-07-17T12:05:13","date_gmt":"2024-07-17T12:05:13","guid":{"rendered":"https:\/\/eucotton.eu\/europaeische-baumwolle\/baumwollproduktion-in-europa\/"},"modified":"2024-10-08T17:16:41","modified_gmt":"2024-10-08T17:16:41","slug":"baumwollproduktion-in-europa","status":"publish","type":"page","link":"https:\/\/eucotton.eu\/de\/europaeische-baumwolle\/baumwollproduktion-in-europa\/","title":{"rendered":"Baumwollproduktion in Europa"},"content":{"rendered":"<p>[et_pb_section fb_built=&#8220;1&#8243; specialty=&#8220;on&#8220; disabled_on=&#8220;off|off|off&#8220; admin_label=&#8220;Header&#8220; _builder_version=&#8220;4.16&#8243; da_disable_devices=&#8220;off|off|off&#8220; global_colors_info=&#8220;{}&#8220; da_is_popup=&#8220;off&#8220; da_exit_intent=&#8220;off&#8220; da_has_close=&#8220;on&#8220; da_alt_close=&#8220;off&#8220; da_dark_close=&#8220;off&#8220; da_not_modal=&#8220;on&#8220; da_is_singular=&#8220;off&#8220; da_with_loader=&#8220;off&#8220; da_has_shadow=&#8220;on&#8220;][et_pb_column type=&#8220;2_3&#8243; specialty_columns=&#8220;2&#8243; _builder_version=&#8220;4.16&#8243; custom_padding=&#8220;|||&#8220; global_colors_info=&#8220;{}&#8220; custom_padding__hover=&#8220;|||&#8220;][et_pb_row_inner _builder_version=&#8220;4.16&#8243; locked=&#8220;off&#8220; global_colors_info=&#8220;{}&#8220;][et_pb_column_inner saved_specialty_column_type=&#8220;2_3&#8243; _builder_version=&#8220;4.16&#8243; global_colors_info=&#8220;{}&#8220;][et_pb_text _builder_version=&#8220;4.27.2&#8243; text_font=&#8220;Actor|300|||||||&#8220; text_text_color=&#8220;#0cb4ce&#8220; text_font_size=&#8220;24px&#8220; text_line_height=&#8220;1.4em&#8220; header_font=&#8220;||||||||&#8220; header_text_color=&#8220;#0c005e&#8220; header_font_size=&#8220;70px&#8220; header_letter_spacing=&#8220;2px&#8220; header_line_height=&#8220;0.8em&#8220; custom_margin_tablet=&#8220;-37px||||false|false&#8220; custom_margin_phone=&#8220;-37px||||false|false&#8220; custom_margin_last_edited=&#8220;on|tablet&#8220; text_font_size_tablet=&#8220;&#8220; text_font_size_phone=&#8220;20px&#8220; text_font_size_last_edited=&#8220;on|desktop&#8220; header_font_size_tablet=&#8220;56px&#8220; header_font_size_phone=&#8220;40px&#8220; header_font_size_last_edited=&#8220;on|phone&#8220; text_orientation_tablet=&#8220;left&#8220; text_orientation_last_edited=&#8220;off|phone&#8220; locked=&#8220;off&#8220; global_colors_info=&#8220;{}&#8220;]<\/p>\n<h1>Baumwollproduktion in Europa<\/h1>\n<p>100 % EUROP\u00c4ISCHES DESIGN<\/p>\n<p>[\/et_pb_text][\/et_pb_column_inner][\/et_pb_row_inner][et_pb_row_inner column_structure=&#8220;1_2,1_2&#8243; _builder_version=&#8220;4.16&#8243; locked=&#8220;off&#8220; global_colors_info=&#8220;{}&#8220;][et_pb_column_inner type=&#8220;1_2&#8243; saved_specialty_column_type=&#8220;2_3&#8243; _builder_version=&#8220;4.16&#8243; custom_padding=&#8220;||||false|false&#8220; global_colors_info=&#8220;{}&#8220;][et_pb_image src=&#8220;https:\/\/eucotton.eu\/wp-content\/uploads\/2022\/09\/campaign_01.jpg&#8220; title_text=&#8220;campaign_01&#8243; align_last_edited=&#8220;off|tablet&#8220; _builder_version=&#8220;4.18.0&#8243; height_last_edited=&#8220;off|tablet&#8220; module_alignment_last_edited=&#8220;off|tablet&#8220; border_radii=&#8220;off|||200px|&#8220; locked=&#8220;off&#8220; global_colors_info=&#8220;{}&#8220;][\/et_pb_image][\/et_pb_column_inner][et_pb_column_inner type=&#8220;1_2&#8243; saved_specialty_column_type=&#8220;2_3&#8243; _builder_version=&#8220;4.16&#8243; custom_padding=&#8220;||||false|false&#8220; global_colors_info=&#8220;{}&#8220;][et_pb_text _builder_version=&#8220;4.27.2&#8243; text_text_color=&#8220;rgba(0,0,0,0.44)&#8220; text_font_size=&#8220;18px&#8220; text_line_height=&#8220;1.8em&#8220; header_2_text_color=&#8220;#0c005e&#8220; header_2_font_size=&#8220;45px&#8220; header_5_font=&#8220;Rubik||||||||&#8220; header_5_font_size=&#8220;18px&#8220; header_5_line_height=&#8220;1.8em&#8220; locked=&#8220;off&#8220; global_colors_info=&#8220;{}&#8220;]Die <span style=\"color: #0c005e;\"><strong>Europ\u00e4ische Union<\/strong><\/span> ist <span style=\"color: #0c005e;\"><strong>ein wichtiger Akteur<\/strong><\/span> im <span style=\"color: #0c005e;\"><strong>Baumwollsektor<\/strong><\/span> und geh\u00f6rt zu den <span style=\"color: #0c005e;\"><strong>Top\u00a010 der internationalen Exporteure<\/strong>.<\/span><\/p>\n<p>Europa produziert ungef\u00e4hr <span style=\"color: #0c005e;\"><strong>360.000\u00a0Tonnen Baumwolle<\/strong><\/span>, was <span style=\"color: #0c005e;\"><strong>2\u00a0% der Weltproduktion<\/strong><\/span> entspricht. Europ\u00e4ische Baumwolle wird <span style=\"color: #0c005e;\"><strong>in Griechenland<\/strong><\/span> auf etwa <span style=\"color: #0c005e;\"><strong>200.000\u00a0Hektar <\/strong><\/span>und <span style=\"color: #0c005e;\"><strong>in Spanien<\/strong><\/span> auf \u00fcber <span style=\"color: #0c005e;\"><strong>60.000\u00a0Hektar <\/strong><\/span>angebaut.<\/p>\n<p>Als Grundlage hierf\u00fcr dient die <span style=\"color: #0c005e;\"><strong>lange Tradition der Baumwollproduktion in Griechenland und Spanien<\/strong><\/span>. Griechenland produziert ca. 80\u00a0% EUCOTTON, Spanien 20\u00a0%. Die Baumwollfasern sind bekannt f\u00fcr ihre <span style=\"color: #0c005e;\"><strong>hohe Qualit\u00e4t<\/strong><\/span>, und die Nachfrage <span style=\"color: #0c005e;\"><strong>in textilfertigenden L\u00e4ndern ist hoch<\/strong><\/span>.[\/et_pb_text][\/et_pb_column_inner][\/et_pb_row_inner][\/et_pb_column][et_pb_column type=&#8220;1_3&#8243; _builder_version=&#8220;4.16&#8243; custom_padding=&#8220;|||&#8220; global_colors_info=&#8220;{}&#8220; custom_padding__hover=&#8220;|||&#8220;][et_pb_image src=&#8220;https:\/\/eucotton.eu\/wp-content\/uploads\/2022\/09\/campaign_02.jpg&#8220; title_text=&#8220;campaign_02&#8243; disabled_on=&#8220;on|on|off&#8220; _builder_version=&#8220;4.18.0&#8243; custom_margin=&#8220;|-5vw|||false|false&#8220; border_radii=&#8220;on|200px|200px|200px|200px&#8220; border_radii_last_edited=&#8220;off|tablet&#8220; global_colors_info=&#8220;{}&#8220;][\/et_pb_image][\/et_pb_column][\/et_pb_section][et_pb_section fb_built=&#8220;1&#8243; _builder_version=&#8220;4.25.1&#8243; _module_preset=&#8220;default&#8220; da_disable_devices=&#8220;off|off|off&#8220; global_colors_info=&#8220;{}&#8220; da_is_popup=&#8220;off&#8220; da_exit_intent=&#8220;off&#8220; da_has_close=&#8220;on&#8220; da_alt_close=&#8220;off&#8220; da_dark_close=&#8220;off&#8220; da_not_modal=&#8220;on&#8220; da_is_singular=&#8220;off&#8220; da_with_loader=&#8220;off&#8220; da_has_shadow=&#8220;on&#8220;][et_pb_row column_structure=&#8220;1_3,1_3,1_3&#8243; use_custom_gutter=&#8220;on&#8220; gutter_width=&#8220;2&#8243; _builder_version=&#8220;4.25.1&#8243; _module_preset=&#8220;default&#8220; custom_margin=&#8220;0px||||false|false&#8220; custom_padding=&#8220;0px||||false|false&#8220; global_colors_info=&#8220;{}&#8220;][et_pb_column type=&#8220;1_3&#8243; _builder_version=&#8220;4.25.1&#8243; _module_preset=&#8220;default&#8220; global_colors_info=&#8220;{}&#8220;][et_pb_image src=&#8220;https:\/\/eucotton.eu\/wp-content\/uploads\/2024\/07\/export-2.jpg&#8220; title_text=&#8220;export 2&#8243; _builder_version=&#8220;4.25.1&#8243; _module_preset=&#8220;default&#8220; border_radii=&#8220;off|||60px|&#8220; global_colors_info=&#8220;{}&#8220;][\/et_pb_image][et_pb_text _builder_version=&#8220;4.27.2&#8243; _module_preset=&#8220;3fc5abb1-35dc-424b-b073-9c70a2f7c68a&#8220; header_font=&#8220;||||||||&#8220; header_4_font=&#8220;Actor||||||||&#8220; header_4_text_color=&#8220;#2c2b4c&#8220; header_4_line_height=&#8220;1.5em&#8220; custom_margin=&#8220;||0px||false|false&#8220; header_4_font_size_tablet=&#8220;16px&#8220; header_4_font_size_phone=&#8220;14px&#8220; header_4_font_size_last_edited=&#8220;on|desktop&#8220; global_colors_info=&#8220;{}&#8220;]<\/p>\n<h4>75 % der in Europa produzierten Baumwolle wird in erster Linie in die L\u00e4nder des Mittelmeerraums (T\u00fcrkei, \u00c4gypten, Marokko etc.) und nach S\u00fcdostasien exportiert.<\/h4>\n<p>[\/et_pb_text][\/et_pb_column][et_pb_column type=&#8220;1_3&#8243; _builder_version=&#8220;4.25.1&#8243; _module_preset=&#8220;default&#8220; global_colors_info=&#8220;{}&#8220;][et_pb_image src=&#8220;https:\/\/eucotton.eu\/wp-content\/uploads\/2024\/07\/import-2.jpg&#8220; title_text=&#8220;import 2&#8243; _builder_version=&#8220;4.25.1&#8243; _module_preset=&#8220;default&#8220; border_radii=&#8220;off|||60px|&#8220; global_colors_info=&#8220;{}&#8220;][\/et_pb_image][et_pb_text _builder_version=&#8220;4.27.2&#8243; _module_preset=&#8220;3fc5abb1-35dc-424b-b073-9c70a2f7c68a&#8220; header_font=&#8220;||||||||&#8220; header_4_font=&#8220;Actor||||||||&#8220; header_4_text_color=&#8220;#2c2b4c&#8220; header_4_line_height=&#8220;1.5em&#8220; custom_margin=&#8220;||0px||false|false&#8220; header_4_font_size_tablet=&#8220;16px&#8220; header_4_font_size_phone=&#8220;14px&#8220; header_4_font_size_last_edited=&#8220;on|desktop&#8220; locked=&#8220;off&#8220; global_colors_info=&#8220;{}&#8220;]<\/p>\n<h4>Anschlie\u00dfend wird eine gro\u00dfe Menge der exportierten Baumwolle als fertige Textilprodukte wieder in die europ\u00e4ischen M\u00e4rkte zur\u00fcckgebracht.<\/h4>\n<p>[\/et_pb_text][\/et_pb_column][et_pb_column type=&#8220;1_3&#8243; _builder_version=&#8220;4.25.1&#8243; _module_preset=&#8220;default&#8220; global_colors_info=&#8220;{}&#8220;][et_pb_image src=&#8220;https:\/\/eucotton.eu\/wp-content\/uploads\/2024\/07\/industry.jpg&#8220; title_text=&#8220;industry&#8220; _builder_version=&#8220;4.25.1&#8243; _module_preset=&#8220;default&#8220; border_radii=&#8220;off|||60px|&#8220; global_colors_info=&#8220;{}&#8220;][\/et_pb_image][et_pb_text _builder_version=&#8220;4.27.2&#8243; _module_preset=&#8220;3fc5abb1-35dc-424b-b073-9c70a2f7c68a&#8220; header_font=&#8220;||||||||&#8220; header_4_font=&#8220;Actor||||||||&#8220; header_4_text_color=&#8220;#2c2b4c&#8220; header_4_line_height=&#8220;1.5em&#8220; custom_margin=&#8220;||0px||false|false&#8220; header_4_font_size_tablet=&#8220;16px&#8220; header_4_font_size_phone=&#8220;14px&#8220; header_4_font_size_last_edited=&#8220;on|desktop&#8220; global_colors_info=&#8220;{}&#8220;]<\/p>\n<h4>25 % der in Europa produzierten Baumwolle wird direkt von der europ\u00e4ischen Textilbranche verwendet. Dies entspricht 40 % des Inlandsbedarfs.<\/h4>\n<p>[\/et_pb_text][\/et_pb_column][\/et_pb_row][et_pb_row column_structure=&#8220;1_2,1_2&#8243; _builder_version=&#8220;4.25.1&#8243; _module_preset=&#8220;default&#8220; global_colors_info=&#8220;{}&#8220;][et_pb_column type=&#8220;1_2&#8243; _builder_version=&#8220;4.25.1&#8243; _module_preset=&#8220;default&#8220; global_colors_info=&#8220;{}&#8220;][et_pb_text _builder_version=&#8220;4.27.2&#8243; text_text_color=&#8220;rgba(0,0,0,0.44)&#8220; text_font_size=&#8220;18px&#8220; text_line_height=&#8220;1.8em&#8220; header_2_text_color=&#8220;#0c005e&#8220; header_2_font_size=&#8220;45px&#8220; header_5_font=&#8220;Rubik||||||||&#8220; header_5_font_size=&#8220;18px&#8220; header_5_line_height=&#8220;1.8em&#8220; locked=&#8220;off&#8220; global_colors_info=&#8220;{}&#8220;]<\/p>\n<p>Die wichtigsten Baumwollproduzenten in Europa sind Griechenland und Spanien, die mit ihrem branchenspezifischen Know-how auch auf internationalem Niveau eine bedeutende Rolle spielen.<\/p>\n<p>Das g\u00fcnstige Klima und die fruchtbaren B\u00f6den Griechenlands schaffen perfekte Bedingungen f\u00fcr die Baumwollproduktion, die im Land eine lange Tradition genie\u00dft. Die griechischen Baumwollfarmen befinden sich in erster Linie in Thessalien und in den n\u00f6rdlichen Regionen von Mazedonien und Thrakien.<\/p>\n<p>[\/et_pb_text][\/et_pb_column][et_pb_column type=&#8220;1_2&#8243; _builder_version=&#8220;4.25.1&#8243; _module_preset=&#8220;default&#8220; global_colors_info=&#8220;{}&#8220;][et_pb_image src=&#8220;https:\/\/eucotton.eu\/wp-content\/uploads\/2024\/10\/greece_de.jpg&#8220; title_text=&#8220;greece_de&#8220; _builder_version=&#8220;4.27.2&#8243; _module_preset=&#8220;default&#8220; hover_enabled=&#8220;0&#8243; border_radii=&#8220;off|||60px|&#8220; global_colors_info=&#8220;{}&#8220; sticky_enabled=&#8220;0&#8243;][\/et_pb_image][\/et_pb_column][\/et_pb_row][et_pb_row column_structure=&#8220;1_2,1_2&#8243; _builder_version=&#8220;4.25.1&#8243; _module_preset=&#8220;default&#8220; global_colors_info=&#8220;{}&#8220;][et_pb_column type=&#8220;1_2&#8243; _builder_version=&#8220;4.25.1&#8243; _module_preset=&#8220;default&#8220; global_colors_info=&#8220;{}&#8220;][et_pb_image src=&#8220;https:\/\/eucotton.eu\/wp-content\/uploads\/2024\/10\/spain_de.jpg&#8220; title_text=&#8220;spain_de&#8220; _builder_version=&#8220;4.27.2&#8243; _module_preset=&#8220;default&#8220; hover_enabled=&#8220;0&#8243; border_radii=&#8220;off|||60px|&#8220; global_colors_info=&#8220;{}&#8220; sticky_enabled=&#8220;0&#8243;][\/et_pb_image][\/et_pb_column][et_pb_column type=&#8220;1_2&#8243; _builder_version=&#8220;4.25.1&#8243; _module_preset=&#8220;default&#8220; global_colors_info=&#8220;{}&#8220;][et_pb_text _builder_version=&#8220;4.27.2&#8243; text_text_color=&#8220;rgba(0,0,0,0.44)&#8220; text_font_size=&#8220;18px&#8220; text_line_height=&#8220;1.8em&#8220; header_2_text_color=&#8220;#0c005e&#8220; header_2_font_size=&#8220;45px&#8220; header_5_font=&#8220;Rubik||||||||&#8220; header_5_font_size=&#8220;18px&#8220; header_5_line_height=&#8220;1.8em&#8220; locked=&#8220;off&#8220; global_colors_info=&#8220;{}&#8220;]<\/p>\n<p>Spanien hat sich \u00e4hnlich als zweitgr\u00f6\u00dfter Baumwollproduzent in Europa etabliert. Die s\u00fcdliche Region Andalusien bietet mit ihrem warmen Mittelmeerklima optimale Voraussetzungen f\u00fcr den Anbau von Baumwolle. Die Baumwollproduktion konzentriert sich auf das Tal des Guadalquivir, und hier speziell die Provinzen Sevilla und Cadiz. Ein geringerer Anteil wird auch in Cordoba und Jaen angebaut.<\/p>\n<p>[\/et_pb_text][\/et_pb_column][\/et_pb_row][et_pb_row _builder_version=&#8220;4.25.1&#8243; _module_preset=&#8220;default&#8220; global_colors_info=&#8220;{}&#8220;][et_pb_column type=&#8220;4_4&#8243; _builder_version=&#8220;4.25.1&#8243; _module_preset=&#8220;default&#8220; global_colors_info=&#8220;{}&#8220;][et_pb_text _builder_version=&#8220;4.27.2&#8243; text_text_color=&#8220;rgba(0,0,0,0.44)&#8220; text_font_size=&#8220;18px&#8220; text_line_height=&#8220;1.8em&#8220; header_2_text_color=&#8220;#0c005e&#8220; header_2_font_size=&#8220;45px&#8220; header_5_font=&#8220;Rubik||||||||&#8220; header_5_font_size=&#8220;18px&#8220; header_5_line_height=&#8220;1.8em&#8220; locked=&#8220;off&#8220; global_colors_info=&#8220;{}&#8220;]<\/p>\n<p>Sowohl Griechenland als auch Spanien haben sich der nachhaltigen Baumwollproduktion verschrieben und legen h\u00f6chsten Wert auf verantwortungsbewusstes Wassermanagement, weniger Pestizide und den effizienten Einsatz von Ressourcen. Ihr Engagement f\u00fcr nachhaltige Praktiken gew\u00e4hrleistet den Schutz nat\u00fcrlicher \u00d6kosysteme und das Wohlbefinden der Menschen vor Ort.<\/p>\n<p>[\/et_pb_text][et_pb_image src=&#8220;https:\/\/eucotton.eu\/wp-content\/uploads\/2024\/07\/eu_cotton.jpg&#8220; title_text=&#8220;Cotton Field 2&#8243; _builder_version=&#8220;4.25.1&#8243; _module_preset=&#8220;default&#8220; global_colors_info=&#8220;{}&#8220;][\/et_pb_image][et_pb_text _builder_version=&#8220;4.27.2&#8243; text_text_color=&#8220;rgba(0,0,0,0.44)&#8220; text_font_size=&#8220;18px&#8220; text_line_height=&#8220;1.8em&#8220; header_2_text_color=&#8220;#0c005e&#8220; header_2_font_size=&#8220;45px&#8220; header_5_font=&#8220;Rubik||||||||&#8220; header_5_font_size=&#8220;18px&#8220; header_5_line_height=&#8220;1.8em&#8220; locked=&#8220;off&#8220; global_colors_info=&#8220;{}&#8220;]<\/p>\n<p>In Griechenland und Spanien produzierte Baumwolle spielt nicht nur f\u00fcr die inl\u00e4ndische Textilbranche eine wichtige Rolle, sondern auch f\u00fcr europ\u00e4ische und globale Lieferketten. Die Baumwolle wird zur Herstellung verschiedener Produkte verwendet, darunter Bekleidung, Heimtextilien und f\u00fcr industrielle Zwecke.<\/p>\n<p>Wegen ihrer au\u00dfergew\u00f6hnlichen Qualit\u00e4t genie\u00dft europ\u00e4ische Baumwolle einen hervorragenden Ruf. Deshalb ist die Nachfrage in der Textilbranche gerade f\u00fcr besonders hochwertige Stoffe und Luxuskleidung besonders stark.<\/p>\n<p>Mit ihrer Expertise rund um die Baumwollproduktion und ihrer Verpflichtung zu Nachhaltigkeit positionieren sich Griechenland und Spanien als einflussreiche Akteure auf dem europ\u00e4ischen und globalen Baumwollmarkt. Ihr Engagement f\u00fcr h\u00f6chste Qualit\u00e4t und verantwortungsbewusste Praktiken pr\u00e4gt die Baumwollbranche nachhaltig und unterstreicht die Bedeutung dieser L\u00e4nder im europ\u00e4ischen Sektor.<\/p>\n<p>[\/et_pb_text][\/et_pb_column][\/et_pb_row][\/et_pb_section]<\/p>\n","protected":false},"excerpt":{"rendered":"<p>Baumwollproduktion in Europa 100 % EUROP\u00c4ISCHES DESIGNDie Europ\u00e4ische Union ist ein wichtiger Akteur im Baumwollsektor und geh\u00f6rt zu den Top\u00a010 der internationalen Exporteure. Europa produziert ungef\u00e4hr 360.000\u00a0Tonnen Baumwolle, was 2\u00a0% der Weltproduktion entspricht. Europ\u00e4ische Baumwolle wird in Griechenland auf etwa 200.000\u00a0Hektar und in Spanien auf \u00fcber 60.000\u00a0Hektar angebaut. Als Grundlage hierf\u00fcr dient die lange Tradition [&hellip;]<\/p>\n","protected":false},"author":2,"featured_media":0,"parent":2884,"menu_order":0,"comment_status":"closed","ping_status":"closed","template":"","meta":{"_et_pb_use_builder":"on","_et_pb_old_content":"","_et_gb_content_width":"","footnotes":""},"class_list":["post-2888","page","type-page","status-publish","hentry"],"_links":{"self":[{"href":"https:\/\/eucotton.eu\/de\/wp-json\/wp\/v2\/pages\/2888","targetHints":{"allow":["GET"]}}],"collection":[{"href":"https:\/\/eucotton.eu\/de\/wp-json\/wp\/v2\/pages"}],"about":[{"href":"https:\/\/eucotton.eu\/de\/wp-json\/wp\/v2\/types\/page"}],"author":[{"embeddable":true,"href":"https:\/\/eucotton.eu\/de\/wp-json\/wp\/v2\/users\/2"}],"replies":[{"embeddable":true,"href":"https:\/\/eucotton.eu\/de\/wp-json\/wp\/v2\/comments?post=2888"}],"version-history":[{"count":3,"href":"https:\/\/eucotton.eu\/de\/wp-json\/wp\/v2\/pages\/2888\/revisions"}],"predecessor-version":[{"id":2928,"href":"https:\/\/eucotton.eu\/de\/wp-json\/wp\/v2\/pages\/2888\/revisions\/2928"}],"up":[{"embeddable":true,"href":"https:\/\/eucotton.eu\/de\/wp-json\/wp\/v2\/pages\/2884"}],"wp:attachment":[{"href":"https:\/\/eucotton.eu\/de\/wp-json\/wp\/v2\/media?parent=2888"}],"curies":[{"name":"wp","href":"https:\/\/api.w.org\/{rel}","templated":true}]}}