{"id":2895,"date":"2024-07-17T11:11:06","date_gmt":"2024-07-17T11:11:06","guid":{"rendered":"https:\/\/eucotton.eu\/europaeische-baumwolle\/wie-unterstuetzt-eucotton-die-gestaltung-einer-nachhaltigen-zukunft\/"},"modified":"2024-10-08T17:14:51","modified_gmt":"2024-10-08T17:14:51","slug":"wie-unterstuetzt-eucotton-die-gestaltung-einer-nachhaltigen-zukunft","status":"publish","type":"page","link":"https:\/\/eucotton.eu\/de\/europaeische-baumwolle\/wie-unterstuetzt-eucotton-die-gestaltung-einer-nachhaltigen-zukunft\/","title":{"rendered":"Wie unterst\u00fctzt EUCOTTON die Gestaltung einer nachhaltigen Zukunft?"},"content":{"rendered":"<p>[et_pb_section fb_built=&#8220;1&#8243; specialty=&#8220;on&#8220; disabled_on=&#8220;off|off|off&#8220; admin_label=&#8220;Header&#8220; _builder_version=&#8220;4.16&#8243; custom_padding=&#8220;||3px|||&#8220; da_disable_devices=&#8220;off|off|off&#8220; global_colors_info=&#8220;{}&#8220; da_is_popup=&#8220;off&#8220; da_exit_intent=&#8220;off&#8220; da_has_close=&#8220;on&#8220; da_alt_close=&#8220;off&#8220; da_dark_close=&#8220;off&#8220; da_not_modal=&#8220;on&#8220; da_is_singular=&#8220;off&#8220; da_with_loader=&#8220;off&#8220; da_has_shadow=&#8220;on&#8220;][et_pb_column type=&#8220;2_3&#8243; specialty_columns=&#8220;2&#8243; _builder_version=&#8220;4.16&#8243; custom_padding=&#8220;|||&#8220; global_colors_info=&#8220;{}&#8220; custom_padding__hover=&#8220;|||&#8220;][et_pb_row_inner _builder_version=&#8220;4.16&#8243; locked=&#8220;off&#8220; global_colors_info=&#8220;{}&#8220;][et_pb_column_inner saved_specialty_column_type=&#8220;2_3&#8243; _builder_version=&#8220;4.16&#8243; global_colors_info=&#8220;{}&#8220;][et_pb_text _builder_version=&#8220;4.25.1&#8243; text_font=&#8220;Actor|300|||||||&#8220; text_text_color=&#8220;#0cb4ce&#8220; text_font_size=&#8220;24px&#8220; text_line_height=&#8220;1.4em&#8220; header_font=&#8220;||||||||&#8220; header_text_color=&#8220;#0c005e&#8220; header_font_size=&#8220;70px&#8220; header_letter_spacing=&#8220;2px&#8220; header_line_height=&#8220;0.9em&#8220; custom_margin_tablet=&#8220;-37px||||false|false&#8220; custom_margin_phone=&#8220;-37px||||false|false&#8220; custom_margin_last_edited=&#8220;on|tablet&#8220; text_font_size_tablet=&#8220;&#8220; text_font_size_phone=&#8220;20px&#8220; text_font_size_last_edited=&#8220;on|desktop&#8220; header_font_size_tablet=&#8220;56px&#8220; header_font_size_phone=&#8220;40px&#8220; header_font_size_last_edited=&#8220;on|phone&#8220; text_orientation_tablet=&#8220;left&#8220; text_orientation_last_edited=&#8220;off|phone&#8220; locked=&#8220;off&#8220; global_colors_info=&#8220;{}&#8220;]<\/p>\n<h1>Wie unterst\u00fctzt EUCOTTON die Gestaltung einer nachhaltigen Zukunft?<\/h1>\n<p>[\/et_pb_text][\/et_pb_column_inner][\/et_pb_row_inner][et_pb_row_inner _builder_version=&#8220;4.16&#8243; locked=&#8220;off&#8220; global_colors_info=&#8220;{}&#8220;][et_pb_column_inner saved_specialty_column_type=&#8220;2_3&#8243; _builder_version=&#8220;4.16&#8243; custom_padding=&#8220;||||false|false&#8220; global_colors_info=&#8220;{}&#8220;][et_pb_text _builder_version=&#8220;4.27.2&#8243; text_text_color=&#8220;rgba(0,0,0,0.44)&#8220; text_font_size=&#8220;18px&#8220; text_line_height=&#8220;1.8em&#8220; header_2_text_color=&#8220;#919191&#8243; header_2_font_size=&#8220;45px&#8220; header_2_line_height=&#8220;1.2em&#8220; header_5_font=&#8220;Rubik||||||||&#8220; header_5_font_size=&#8220;18px&#8220; header_5_line_height=&#8220;1.8em&#8220; width=&#8220;80%&#8220; custom_margin=&#8220;-48px||||false|false&#8220; locked=&#8220;off&#8220; global_colors_info=&#8220;{}&#8220;]<\/p>\n<h2>Baumwolle ist die wichtigste Quelle f\u00fcr nat\u00fcrliche Fasern auf der Welt und mit der Lebensgrundlage von Millionen von Menschen verkn\u00fcpft. Deshalb nennt man Baumwolle auch das <span style=\"color: #0c005e;\"><strong>\u201ewei\u00dfe Gold\u201c <\/strong><\/span>der Erde.<\/h2>\n<p>[\/et_pb_text][\/et_pb_column_inner][\/et_pb_row_inner][\/et_pb_column][et_pb_column type=&#8220;1_3&#8243; _builder_version=&#8220;4.16&#8243; custom_padding=&#8220;|||&#8220; global_colors_info=&#8220;{}&#8220; custom_padding__hover=&#8220;|||&#8220;][et_pb_image src=&#8220;https:\/\/eucotton.eu\/wp-content\/uploads\/2024\/07\/white_gold.jpg&#8220; title_text=&#8220;Cotton Boll&#8220; disabled_on=&#8220;on|on|off&#8220; _builder_version=&#8220;4.25.1&#8243; custom_margin=&#8220;|-5vw|||false|false&#8220; border_radii=&#8220;on|200px|200px|200px|200px&#8220; border_radii_last_edited=&#8220;off|tablet&#8220; global_colors_info=&#8220;{}&#8220;][\/et_pb_image][\/et_pb_column][\/et_pb_section][et_pb_section fb_built=&#8220;1&#8243; admin_label=&#8220;How It Works&#8220; _builder_version=&#8220;4.18.0&#8243; _module_preset=&#8220;default&#8220; background_color=&#8220;#E8E8E9&#8243; background_image=&#8220;https:\/\/eucotton.eu\/wp-content\/uploads\/2022\/09\/estate-planning-76.png&#8220; background_size=&#8220;initial&#8220; da_disable_devices=&#8220;off|off|off&#8220; global_colors_info=&#8220;{}&#8220; da_is_popup=&#8220;off&#8220; da_exit_intent=&#8220;off&#8220; da_has_close=&#8220;on&#8220; da_alt_close=&#8220;off&#8220; da_dark_close=&#8220;off&#8220; da_not_modal=&#8220;on&#8220; da_is_singular=&#8220;off&#8220; da_with_loader=&#8220;off&#8220; da_has_shadow=&#8220;on&#8220;][et_pb_row column_structure=&#8220;1_3,2_3&#8243; _builder_version=&#8220;4.25.1&#8243; _module_preset=&#8220;default&#8220; custom_margin=&#8220;0px||0px||false|false&#8220; custom_padding=&#8220;0px||0px||false|false&#8220; global_colors_info=&#8220;{}&#8220;][et_pb_column type=&#8220;1_3&#8243; _builder_version=&#8220;4.16&#8243; _module_preset=&#8220;default&#8220; global_colors_info=&#8220;{}&#8220;][\/et_pb_column][et_pb_column type=&#8220;2_3&#8243; _builder_version=&#8220;4.16&#8243; _module_preset=&#8220;default&#8220; global_colors_info=&#8220;{}&#8220;][et_pb_text _builder_version=&#8220;4.27.2&#8243; _module_preset=&#8220;default&#8220; header_2_text_color=&#8220;#0c005e&#8220; header_2_font_size=&#8220;45px&#8220; hover_enabled=&#8220;0&#8243; global_colors_info=&#8220;{}&#8220; sticky_enabled=&#8220;0&#8243;]<\/p>\n<h2>Vorteile europ\u00e4ischer Baumwolle<\/h2>\n<p>[\/et_pb_text][et_pb_image src=&#8220;https:\/\/eucotton.eu\/wp-content\/uploads\/2022\/09\/flor_algodon.png&#8220; title_text=&#8220;flor_algodon&#8220; _builder_version=&#8220;4.27.2&#8243; _module_preset=&#8220;default&#8220; custom_margin=&#8220;-77px||0px|299px|false|false&#8220; custom_padding=&#8220;0px||0px||false|false&#8220; sticky_position=&#8220;top_bottom&#8220; scroll_horizontal_motion_enable=&#8220;on&#8220; scroll_horizontal_motion=&#8220;0|50|50|100|4|0|-1&#8243; hover_enabled=&#8220;0&#8243; global_colors_info=&#8220;{}&#8220; sticky_enabled=&#8220;0&#8243;][\/et_pb_image][\/et_pb_column][\/et_pb_row][et_pb_row column_structure=&#8220;3_5,2_5&#8243; _builder_version=&#8220;4.18.0&#8243; _module_preset=&#8220;default&#8220; global_colors_info=&#8220;{}&#8220;][et_pb_column type=&#8220;3_5&#8243; _builder_version=&#8220;4.18.0&#8243; _module_preset=&#8220;default&#8220; background_color=&#8220;#0c005e&#8220; custom_padding=&#8220;50px|80px|50px|80px|true|true&#8220; custom_padding_tablet=&#8220;40px|30px|40px|30px|true|true&#8220; custom_padding_phone=&#8220;|20px||20px|true|true&#8220; custom_padding_last_edited=&#8220;on|tablet&#8220; border_radii=&#8220;on|15px|15px|15px|15px&#8220; box_shadow_style=&#8220;preset2&#8243; box_shadow_horizontal=&#8220;15px&#8220; box_shadow_vertical=&#8220;42px&#8220; box_shadow_blur=&#8220;60px&#8220; box_shadow_spread=&#8220;-10px&#8220; box_shadow_color=&#8220;rgba(0,0,0,0.08)&#8220; global_colors_info=&#8220;{}&#8220;][et_pb_text _builder_version=&#8220;4.27.2&#8243; _module_preset=&#8220;default&#8220; text_font=&#8220;Pioggia Com||||||||&#8220; text_text_color=&#8220;#0cb4ce&#8220; text_font_size=&#8220;48px&#8220; text_line_height=&#8220;1.1em&#8220; header_font=&#8220;Pioggia||||||||&#8220; header_text_color=&#8220;#000000&#8243; header_font_size=&#8220;70px&#8220; header_line_height=&#8220;1.1em&#8220; custom_margin=&#8220;||10px||false|false&#8220; hover_enabled=&#8220;0&#8243; header_font_size_tablet=&#8220;40px&#8220; header_font_size_phone=&#8220;24px&#8220; header_font_size_last_edited=&#8220;on|desktop&#8220; global_colors_info=&#8220;{}&#8220; sticky_enabled=&#8220;0&#8243;]<\/p>\n<p>01 Gesundheit<\/p>\n<p>[\/et_pb_text][et_pb_text _builder_version=&#8220;4.27.2&#8243; _module_preset=&#8220;94303537-339d-484d-8204-fdaf972d663a&#8220; header_font=&#8220;||||||||&#8220; header_3_font=&#8220;Actor||||||||&#8220; header_3_text_color=&#8220;#FFFFFF&#8220; header_3_line_height=&#8220;1.3em&#8220; custom_margin=&#8220;||5px||false|false&#8220; custom_padding=&#8220;||||false|false&#8220; hover_enabled=&#8220;0&#8243; header_3_font_size_tablet=&#8220;20px&#8220; header_3_font_size_phone=&#8220;16px&#8220; header_3_font_size_last_edited=&#8220;on|phone&#8220; global_colors_info=&#8220;{}&#8220; sticky_enabled=&#8220;0&#8243;]<\/p>\n<h3>Profitieren Sie von den nat\u00fcrlichen und gesunden Eigenschaften von EUCOTTON! Aus diesem bemerkenswerten Material gefertigtes Gewebe kann Schwei\u00df absorbieren und an die Luft abgeben. So entsteht ein nat\u00fcrliches Ventilationssystem. Im Gegensatz zu synthetischen Fasern kann Haut mit EUCOTTON atmen, damit man sich den ganzen Tag \u00fcber wohlf\u00fchlt.<\/h3>\n<p>[\/et_pb_text][\/et_pb_column][et_pb_column type=&#8220;2_5&#8243; _builder_version=&#8220;4.16&#8243; _module_preset=&#8220;default&#8220; global_colors_info=&#8220;{}&#8220;][\/et_pb_column][\/et_pb_row][et_pb_row column_structure=&#8220;1_5,3_5,1_5&#8243; _builder_version=&#8220;4.18.0&#8243; _module_preset=&#8220;default&#8220; global_colors_info=&#8220;{}&#8220;][et_pb_column type=&#8220;1_5&#8243; _builder_version=&#8220;4.16&#8243; _module_preset=&#8220;default&#8220; global_colors_info=&#8220;{}&#8220;][\/et_pb_column][et_pb_column type=&#8220;3_5&#8243; _builder_version=&#8220;4.18.0&#8243; _module_preset=&#8220;default&#8220; background_color=&#8220;#0cb4ce&#8220; custom_padding=&#8220;50px|80px|50px|80px|true|true&#8220; custom_padding_tablet=&#8220;40px|30px|40px|30px|true|true&#8220; custom_padding_phone=&#8220;|20px||20px|true|true&#8220; custom_padding_last_edited=&#8220;on|tablet&#8220; border_radii=&#8220;on|15px|15px|15px|15px&#8220; box_shadow_style=&#8220;preset2&#8243; box_shadow_horizontal=&#8220;15px&#8220; box_shadow_vertical=&#8220;42px&#8220; box_shadow_blur=&#8220;60px&#8220; box_shadow_spread=&#8220;-10px&#8220; box_shadow_color=&#8220;rgba(0,0,0,0.08)&#8220; global_colors_info=&#8220;{}&#8220;][et_pb_text _builder_version=&#8220;4.27.2&#8243; _module_preset=&#8220;default&#8220; text_font=&#8220;Pioggia Com||||||||&#8220; text_text_color=&#8220;#FFFFFF&#8220; text_font_size=&#8220;44px&#8220; text_line_height=&#8220;1.1em&#8220; header_font=&#8220;DM Serif Display||||||||&#8220; header_text_color=&#8220;#000000&#8243; header_font_size=&#8220;70px&#8220; header_line_height=&#8220;1.1em&#8220; custom_margin=&#8220;||10px||false|false&#8220; hover_enabled=&#8220;0&#8243; header_font_size_tablet=&#8220;40px&#8220; header_font_size_phone=&#8220;24px&#8220; header_font_size_last_edited=&#8220;on|desktop&#8220; locked=&#8220;off&#8220; global_colors_info=&#8220;{}&#8220; sticky_enabled=&#8220;0&#8243;]<\/p>\n<p>02 Verantwortungsbewusstsein<\/p>\n<p>[\/et_pb_text][et_pb_text _builder_version=&#8220;4.27.2&#8243; _module_preset=&#8220;94303537-339d-484d-8204-fdaf972d663a&#8220; header_font=&#8220;||||||||&#8220; header_3_font=&#8220;Actor||||||||&#8220; header_3_text_color=&#8220;#0c005e&#8220; header_3_line_height=&#8220;1.3em&#8220; custom_margin=&#8220;||5px||false|false&#8220; custom_padding=&#8220;||||false|false&#8220; hover_enabled=&#8220;0&#8243; header_3_font_size_tablet=&#8220;20px&#8220; header_3_font_size_phone=&#8220;16px&#8220; header_3_font_size_last_edited=&#8220;on|phone&#8220; locked=&#8220;off&#8220; global_colors_info=&#8220;{}&#8220; sticky_enabled=&#8220;0&#8243;]<\/p>\n<h3>Wer sich f\u00fcr EUCOTTON entscheidet, unterst\u00fctzt die Lebensgrundlage europ\u00e4ischer Landwirte und von mehr als 1,7 Millionen Menschen in Europa, die in die Baumwollbranche und verwandten Branchen eingebunden sind. Dieser nachhaltige Landwirtschaftssektor ist f\u00fcr Europa wirtschaftlich von entscheidender Bedeutung und gew\u00e4hrleistet faire und verantwortungsbewusste Praktiken \u2013 vom Anbau bis zur Verarbeitung.<\/h3>\n<p>[\/et_pb_text][\/et_pb_column][et_pb_column type=&#8220;1_5&#8243; _builder_version=&#8220;4.16&#8243; _module_preset=&#8220;default&#8220; global_colors_info=&#8220;{}&#8220;][\/et_pb_column][\/et_pb_row][et_pb_row column_structure=&#8220;2_5,3_5&#8243; _builder_version=&#8220;4.16&#8243; _module_preset=&#8220;default&#8220; global_colors_info=&#8220;{}&#8220;][et_pb_column type=&#8220;2_5&#8243; _builder_version=&#8220;4.16&#8243; _module_preset=&#8220;default&#8220; global_colors_info=&#8220;{}&#8220;][\/et_pb_column][et_pb_column type=&#8220;3_5&#8243; _builder_version=&#8220;4.16&#8243; _module_preset=&#8220;default&#8220; background_color=&#8220;#FFFFFF&#8220; custom_padding=&#8220;50px|80px|50px|80px|true|true&#8220; custom_padding_tablet=&#8220;40px|30px|40px|30px|true|true&#8220; custom_padding_phone=&#8220;|20px||20px|true|true&#8220; custom_padding_last_edited=&#8220;on|tablet&#8220; border_radii=&#8220;on|15px|15px|15px|15px&#8220; box_shadow_style=&#8220;preset2&#8243; box_shadow_horizontal=&#8220;15px&#8220; box_shadow_vertical=&#8220;42px&#8220; box_shadow_blur=&#8220;60px&#8220; box_shadow_spread=&#8220;-10px&#8220; box_shadow_color=&#8220;rgba(0,0,0,0.08)&#8220; global_colors_info=&#8220;{}&#8220;][et_pb_text _builder_version=&#8220;4.27.2&#8243; _module_preset=&#8220;default&#8220; text_font=&#8220;Pioggia||||||||&#8220; text_text_color=&#8220;#0cb4ce&#8220; text_font_size=&#8220;48px&#8220; text_line_height=&#8220;1.1em&#8220; header_font=&#8220;DM Serif Display||||||||&#8220; header_text_color=&#8220;#000000&#8243; header_font_size=&#8220;70px&#8220; header_line_height=&#8220;1.1em&#8220; custom_margin=&#8220;||10px||false|false&#8220; hover_enabled=&#8220;0&#8243; header_font_size_tablet=&#8220;40px&#8220; header_font_size_phone=&#8220;24px&#8220; header_font_size_last_edited=&#8220;on|desktop&#8220; global_colors_info=&#8220;{}&#8220; sticky_enabled=&#8220;0&#8243;]<\/p>\n<p>03 Nachhaltigkeit<\/p>\n<p>[\/et_pb_text][et_pb_text _builder_version=&#8220;4.27.2&#8243; _module_preset=&#8220;94303537-339d-484d-8204-fdaf972d663a&#8220; header_font=&#8220;||||||||&#8220; header_3_font=&#8220;Actor||||||||&#8220; header_3_text_color=&#8220;#0c005e&#8220; header_3_line_height=&#8220;1.3em&#8220; custom_margin=&#8220;||5px||false|false&#8220; custom_padding=&#8220;||||false|false&#8220; hover_enabled=&#8220;0&#8243; header_3_font_size_tablet=&#8220;20px&#8220; header_3_font_size_phone=&#8220;16px&#8220; header_3_font_size_last_edited=&#8220;on|phone&#8220; global_colors_info=&#8220;{}&#8220; sticky_enabled=&#8220;0&#8243;]<\/p>\n<h3>Bei nat\u00fcrlichen Fasern wie europ\u00e4ischer Baumwolle handelt es sich um erneuerbare Ressourcen, die zudem kohlenstoffneutral sind, also dieselbe Menge Kohlenstoffdioxid absorbieren wie sie produzieren. Dar\u00fcber hinaus ist Baumwolle vollst\u00e4ndig biologisch abbaubar und somit die perfekte umweltfreundliche Wahl!<\/h3>\n<p>[\/et_pb_text][\/et_pb_column][\/et_pb_row][et_pb_row column_structure=&#8220;1_5,3_5,1_5&#8243; _builder_version=&#8220;4.18.0&#8243; _module_preset=&#8220;default&#8220; global_colors_info=&#8220;{}&#8220;][et_pb_column type=&#8220;1_5&#8243; _builder_version=&#8220;4.16&#8243; _module_preset=&#8220;default&#8220; global_colors_info=&#8220;{}&#8220;][\/et_pb_column][et_pb_column type=&#8220;3_5&#8243; _builder_version=&#8220;4.18.0&#8243; _module_preset=&#8220;default&#8220; background_color=&#8220;#0cbece&#8220; custom_padding=&#8220;50px|80px|50px|80px|true|true&#8220; custom_padding_tablet=&#8220;40px|30px|40px|30px|true|true&#8220; custom_padding_phone=&#8220;|20px||20px|true|true&#8220; custom_padding_last_edited=&#8220;on|tablet&#8220; border_radii=&#8220;on|15px|15px|15px|15px&#8220; box_shadow_style=&#8220;preset2&#8243; box_shadow_horizontal=&#8220;15px&#8220; box_shadow_vertical=&#8220;42px&#8220; box_shadow_blur=&#8220;60px&#8220; box_shadow_spread=&#8220;-10px&#8220; box_shadow_color=&#8220;rgba(0,0,0,0.08)&#8220; global_colors_info=&#8220;{}&#8220;][et_pb_text _builder_version=&#8220;4.27.2&#8243; _module_preset=&#8220;default&#8220; text_font=&#8220;Pioggia||||||||&#8220; text_text_color=&#8220;#FFFFFF&#8220; text_font_size=&#8220;48px&#8220; text_line_height=&#8220;1.1em&#8220; header_font=&#8220;DM Serif Display||||||||&#8220; header_text_color=&#8220;#000000&#8243; header_font_size=&#8220;70px&#8220; header_line_height=&#8220;1.1em&#8220; custom_margin=&#8220;||10px||false|false&#8220; hover_enabled=&#8220;0&#8243; header_font_size_tablet=&#8220;40px&#8220; header_font_size_phone=&#8220;24px&#8220; header_font_size_last_edited=&#8220;on|desktop&#8220; locked=&#8220;off&#8220; global_colors_info=&#8220;{}&#8220; sticky_enabled=&#8220;0&#8243;]<\/p>\n<p>04 Hohe Qualit\u00e4t<\/p>\n<p>[\/et_pb_text][et_pb_text _builder_version=&#8220;4.27.2&#8243; _module_preset=&#8220;94303537-339d-484d-8204-fdaf972d663a&#8220; header_font=&#8220;||||||||&#8220; header_3_font=&#8220;Actor||||||||&#8220; header_3_text_color=&#8220;#0c005e&#8220; header_3_line_height=&#8220;1.3em&#8220; custom_margin=&#8220;||5px||false|false&#8220; custom_padding=&#8220;||||false|false&#8220; hover_enabled=&#8220;0&#8243; header_3_font_size_tablet=&#8220;20px&#8220; header_3_font_size_phone=&#8220;16px&#8220; header_3_font_size_last_edited=&#8220;on|phone&#8220; locked=&#8220;off&#8220; global_colors_info=&#8220;{}&#8220; sticky_enabled=&#8220;0&#8243;]<\/p>\n<h3>Diese nat\u00fcrliche Faser punktet mit herausragender St\u00e4rke, niedrigem Gewicht und Kosteneffizienz. Entsprechend hoch ist die Nachfrage aus verschiedenen Branchen. Profitieren Sie bei Ihren Produkten von der Vielseitigkeit und der Zuverl\u00e4ssigkeit europ\u00e4ischer Baumwolle.<\/h3>\n<p>[\/et_pb_text][\/et_pb_column][et_pb_column type=&#8220;1_5&#8243; _builder_version=&#8220;4.16&#8243; _module_preset=&#8220;default&#8220; global_colors_info=&#8220;{}&#8220;][\/et_pb_column][\/et_pb_row][et_pb_row column_structure=&#8220;3_5,2_5&#8243; _builder_version=&#8220;4.18.0&#8243; _module_preset=&#8220;default&#8220; global_colors_info=&#8220;{}&#8220;][et_pb_column type=&#8220;3_5&#8243; _builder_version=&#8220;4.18.0&#8243; _module_preset=&#8220;default&#8220; background_color=&#8220;#0c005e&#8220; custom_padding=&#8220;50px|80px|50px|80px|true|true&#8220; custom_padding_tablet=&#8220;40px|30px|40px|30px|true|true&#8220; custom_padding_phone=&#8220;|20px||20px|true|true&#8220; custom_padding_last_edited=&#8220;on|tablet&#8220; border_radii=&#8220;on|15px|15px|15px|15px&#8220; box_shadow_style=&#8220;preset2&#8243; box_shadow_horizontal=&#8220;15px&#8220; box_shadow_vertical=&#8220;42px&#8220; box_shadow_blur=&#8220;60px&#8220; box_shadow_spread=&#8220;-10px&#8220; box_shadow_color=&#8220;rgba(0,0,0,0.08)&#8220; global_colors_info=&#8220;{}&#8220;][et_pb_text _builder_version=&#8220;4.27.2&#8243; _module_preset=&#8220;default&#8220; text_font=&#8220;Pioggia||||||||&#8220; text_text_color=&#8220;#0cb4ce&#8220; text_font_size=&#8220;48px&#8220; text_line_height=&#8220;1.1em&#8220; header_font=&#8220;Pioggia||||||||&#8220; header_text_color=&#8220;#000000&#8243; header_font_size=&#8220;70px&#8220; header_line_height=&#8220;1.1em&#8220; custom_margin=&#8220;||10px||false|false&#8220; hover_enabled=&#8220;0&#8243; header_font_size_tablet=&#8220;40px&#8220; header_font_size_phone=&#8220;24px&#8220; header_font_size_last_edited=&#8220;on|desktop&#8220; global_colors_info=&#8220;{}&#8220; sticky_enabled=&#8220;0&#8243;]<\/p>\n<p>05 Zukunftsperspektive<\/p>\n<p>[\/et_pb_text][et_pb_text _builder_version=&#8220;4.27.2&#8243; _module_preset=&#8220;94303537-339d-484d-8204-fdaf972d663a&#8220; header_font=&#8220;||||||||&#8220; header_3_font=&#8220;Actor||||||||&#8220; header_3_text_color=&#8220;#FFFFFF&#8220; header_3_line_height=&#8220;1.3em&#8220; custom_margin=&#8220;||5px||false|false&#8220; custom_padding=&#8220;||||false|false&#8220; hover_enabled=&#8220;0&#8243; header_3_font_size_tablet=&#8220;20px&#8220; header_3_font_size_phone=&#8220;16px&#8220; header_3_font_size_last_edited=&#8220;on|phone&#8220; global_colors_info=&#8220;{}&#8220; sticky_enabled=&#8220;0&#8243;]<\/p>\n<h3>Europ\u00e4ische Baumwolle gilt als Wegbereiter f\u00fcr die nachhaltige und ethische Zukunft von Textilien. Wer auf nat\u00fcrliche Fasern wie europ\u00e4ische Baumwolle setzt, leistet einen Beitrag f\u00fcr eine umweltfreundlichere und umweltbewusstere Welt. Machen Sie mit und engagieren Sie sich f\u00fcr eine Zukunft, die das Wohlergehen von Faserproduzenten und Verbrauchern priorisiert.<\/h3>\n<p>[\/et_pb_text][\/et_pb_column][et_pb_column type=&#8220;2_5&#8243; _builder_version=&#8220;4.16&#8243; _module_preset=&#8220;default&#8220; global_colors_info=&#8220;{}&#8220;][\/et_pb_column][\/et_pb_row][et_pb_row _builder_version=&#8220;4.25.1&#8243; _module_preset=&#8220;default&#8220; global_colors_info=&#8220;{}&#8220;][et_pb_column type=&#8220;4_4&#8243; _builder_version=&#8220;4.25.1&#8243; _module_preset=&#8220;default&#8220; global_colors_info=&#8220;{}&#8220;][et_pb_text _builder_version=&#8220;4.27.2&#8243; _module_preset=&#8220;c3c1179e-80e4-4396-b700-51b845e1c46f&#8220; header_2_font=&#8220;Pioggia||||||||&#8220; header_2_text_color=&#8220;#919191&#8243; header_2_font_size=&#8220;30px&#8220; header_2_line_height=&#8220;1.2em&#8220; custom_margin=&#8220;||||false|false&#8220; custom_margin_tablet=&#8220;||||false|false&#8220; custom_margin_phone=&#8220;||||false|false&#8220; custom_margin_last_edited=&#8220;on|phone&#8220; hover_enabled=&#8220;0&#8243; header_2_font_size_tablet=&#8220;32px&#8220; header_2_font_size_phone=&#8220;30px&#8220; header_2_font_size_last_edited=&#8220;on|phone&#8220; header_2_line_height_tablet=&#8220;&#8220; header_2_line_height_phone=&#8220;1em&#8220; header_2_line_height_last_edited=&#8220;on|phone&#8220; locked=&#8220;off&#8220; global_colors_info=&#8220;{}&#8220; sticky_enabled=&#8220;0&#8243;]<\/p>\n<h2>Erleben Sie noch heute die Vorteile europ\u00e4ischer Baumwolle und werden Sie Teil einer Initiative, die sich f\u00fcr eine ges\u00fcndere, verantwortungsbewusste und nachhaltige Zukunft engagiert!<\/h2>\n<p>[\/et_pb_text][\/et_pb_column][\/et_pb_row][\/et_pb_section]<\/p>\n","protected":false},"excerpt":{"rendered":"<p>Wie unterst\u00fctzt EUCOTTON die Gestaltung einer nachhaltigen Zukunft?Baumwolle ist die wichtigste Quelle f\u00fcr nat\u00fcrliche Fasern auf der Welt und mit der Lebensgrundlage von Millionen von Menschen verkn\u00fcpft. Deshalb nennt man Baumwolle auch das \u201ewei\u00dfe Gold\u201c der Erde.Vorteile europ\u00e4ischer Baumwolle01 GesundheitProfitieren Sie von den nat\u00fcrlichen und gesunden Eigenschaften von EUCOTTON! Aus diesem bemerkenswerten Material gefertigtes Gewebe [&hellip;]<\/p>\n","protected":false},"author":2,"featured_media":0,"parent":2884,"menu_order":0,"comment_status":"closed","ping_status":"closed","template":"","meta":{"_et_pb_use_builder":"on","_et_pb_old_content":"","_et_gb_content_width":"","footnotes":""},"class_list":["post-2895","page","type-page","status-publish","hentry"],"_links":{"self":[{"href":"https:\/\/eucotton.eu\/de\/wp-json\/wp\/v2\/pages\/2895","targetHints":{"allow":["GET"]}}],"collection":[{"href":"https:\/\/eucotton.eu\/de\/wp-json\/wp\/v2\/pages"}],"about":[{"href":"https:\/\/eucotton.eu\/de\/wp-json\/wp\/v2\/types\/page"}],"author":[{"embeddable":true,"href":"https:\/\/eucotton.eu\/de\/wp-json\/wp\/v2\/users\/2"}],"replies":[{"embeddable":true,"href":"https:\/\/eucotton.eu\/de\/wp-json\/wp\/v2\/comments?post=2895"}],"version-history":[{"count":3,"href":"https:\/\/eucotton.eu\/de\/wp-json\/wp\/v2\/pages\/2895\/revisions"}],"predecessor-version":[{"id":2908,"href":"https:\/\/eucotton.eu\/de\/wp-json\/wp\/v2\/pages\/2895\/revisions\/2908"}],"up":[{"embeddable":true,"href":"https:\/\/eucotton.eu\/de\/wp-json\/wp\/v2\/pages\/2884"}],"wp:attachment":[{"href":"https:\/\/eucotton.eu\/de\/wp-json\/wp\/v2\/media?parent=2895"}],"curies":[{"name":"wp","href":"https:\/\/api.w.org\/{rel}","templated":true}]}}