{"id":2932,"date":"2024-07-17T12:48:29","date_gmt":"2024-07-17T12:48:29","guid":{"rendered":"https:\/\/eucotton.eu\/vorteile-von-europaeischer-baumwolle-im-vergleich-zu-anderen-textilien\/"},"modified":"2024-10-11T07:37:41","modified_gmt":"2024-10-11T07:37:41","slug":"vorteile-von-europaeischer-baumwolle-im-vergleich-zu-anderen-textilien","status":"publish","type":"page","link":"https:\/\/eucotton.eu\/de\/vorteile-von-europaeischer-baumwolle-im-vergleich-zu-anderen-textilien\/","title":{"rendered":"Vorteile von europ\u00e4ischer Baumwolle im Vergleich zu anderen Textilien"},"content":{"rendered":"<p>[et_pb_section fb_built=&#8220;1&#8243; specialty=&#8220;on&#8220; disabled_on=&#8220;off|off|off&#8220; admin_label=&#8220;Header&#8220; _builder_version=&#8220;4.16&#8243; da_disable_devices=&#8220;off|off|off&#8220; global_colors_info=&#8220;{}&#8220; da_is_popup=&#8220;off&#8220; da_exit_intent=&#8220;off&#8220; da_has_close=&#8220;on&#8220; da_alt_close=&#8220;off&#8220; da_dark_close=&#8220;off&#8220; da_not_modal=&#8220;on&#8220; da_is_singular=&#8220;off&#8220; da_with_loader=&#8220;off&#8220; da_has_shadow=&#8220;on&#8220;][et_pb_column type=&#8220;2_3&#8243; specialty_columns=&#8220;2&#8243; _builder_version=&#8220;4.16&#8243; custom_padding=&#8220;|||&#8220; global_colors_info=&#8220;{}&#8220; custom_padding__hover=&#8220;|||&#8220;][et_pb_row_inner _builder_version=&#8220;4.16&#8243; locked=&#8220;off&#8220; global_colors_info=&#8220;{}&#8220;][et_pb_column_inner saved_specialty_column_type=&#8220;2_3&#8243; _builder_version=&#8220;4.16&#8243; global_colors_info=&#8220;{}&#8220;][et_pb_text _builder_version=&#8220;4.27.2&#8243; text_font=&#8220;Actor|300|||||||&#8220; text_text_color=&#8220;#0cb4ce&#8220; text_font_size=&#8220;24px&#8220; text_line_height=&#8220;1.4em&#8220; header_font=&#8220;||||||||&#8220; header_text_color=&#8220;#0c005e&#8220; header_font_size=&#8220;70px&#8220; header_letter_spacing=&#8220;2px&#8220; header_line_height=&#8220;0.8em&#8220; custom_margin_tablet=&#8220;-46px||||false|false&#8220; custom_margin_phone=&#8220;-40px||||false|false&#8220; custom_margin_last_edited=&#8220;on|phone&#8220; hover_enabled=&#8220;0&#8243; text_font_size_tablet=&#8220;&#8220; text_font_size_phone=&#8220;20px&#8220; text_font_size_last_edited=&#8220;on|desktop&#8220; header_font_size_tablet=&#8220;56px&#8220; header_font_size_phone=&#8220;40px&#8220; header_font_size_last_edited=&#8220;on|phone&#8220; text_orientation_tablet=&#8220;left&#8220; text_orientation_last_edited=&#8220;off|phone&#8220; locked=&#8220;off&#8220; global_colors_info=&#8220;{}&#8220; sticky_enabled=&#8220;0&#8243;]<\/p>\n<h1>Vorteile von europ\u00e4ischer Baumwolle im Vergleich zu anderen Textilien<\/h1>\n<p>VORTEILE VON EUCOTTON<\/p>\n<p>[\/et_pb_text][\/et_pb_column_inner][\/et_pb_row_inner][et_pb_row_inner column_structure=&#8220;1_2,1_2&#8243; _builder_version=&#8220;4.18.0&#8243; custom_margin_tablet=&#8220;-63px||||false|false&#8220; custom_margin_phone=&#8220;-51px||||false|false&#8220; custom_margin_last_edited=&#8220;on|phone&#8220; locked=&#8220;off&#8220; global_colors_info=&#8220;{}&#8220;][et_pb_column_inner type=&#8220;1_2&#8243; saved_specialty_column_type=&#8220;2_3&#8243; _builder_version=&#8220;4.16&#8243; custom_padding=&#8220;||||false|false&#8220; global_colors_info=&#8220;{}&#8220;][et_pb_image src=&#8220;https:\/\/eucotton.eu\/wp-content\/uploads\/2024\/07\/textile_industry.jpg&#8220; title_text=&#8220;textile_industry&#8220; _builder_version=&#8220;4.25.1&#8243; border_radii=&#8220;off|||200px|&#8220; locked=&#8220;off&#8220; global_colors_info=&#8220;{}&#8220;][\/et_pb_image][\/et_pb_column_inner][et_pb_column_inner type=&#8220;1_2&#8243; saved_specialty_column_type=&#8220;2_3&#8243; _builder_version=&#8220;4.16&#8243; custom_padding=&#8220;||||false|false&#8220; global_colors_info=&#8220;{}&#8220;][et_pb_text _builder_version=&#8220;4.27.2&#8243; text_text_color=&#8220;rgba(0,0,0,0.44)&#8220; text_font_size=&#8220;18px&#8220; text_line_height=&#8220;1.8em&#8220; header_2_text_color=&#8220;#0c005e&#8220; header_2_font_size=&#8220;45px&#8220; header_5_font=&#8220;Rubik||||||||&#8220; header_5_font_size=&#8220;18px&#8220; header_5_line_height=&#8220;1.8em&#8220; hover_enabled=&#8220;0&#8243; locked=&#8220;off&#8220; global_colors_info=&#8220;{}&#8220; sticky_enabled=&#8220;0&#8243;]<\/p>\n<h2>Entdecken Sie die Vorteile europ\u00e4ischer Baumwolle: St\u00e4rkung von Lieferketten und nachhaltigen Praktiken<\/h2>\n<p>Europ\u00e4ische Baumwolle bietet der europ\u00e4ischen Textilindustrie und dem Einzelhandel die einmalige Gelegenheit, r\u00fcckverfolgbare und transparente regionale Lieferketten aufzubauen. <span style=\"color: #0c005e;\"><strong>EUCOTTON wird ausschlie\u00dflich in EU-L\u00e4ndern produziert und verarbeitet<\/strong><\/span>. Durch die Beschaffung von Baumwolle aus der Region l\u00e4sst sich eine direkte Verbindung zwischen Erzeugern und Verbrauchern herstellen. Das schafft Vertrauen beim Tragen der Produkte.[\/et_pb_text][\/et_pb_column_inner][\/et_pb_row_inner][\/et_pb_column][et_pb_column type=&#8220;1_3&#8243; _builder_version=&#8220;4.16&#8243; custom_padding=&#8220;|||&#8220; global_colors_info=&#8220;{}&#8220; custom_padding__hover=&#8220;|||&#8220;][et_pb_image src=&#8220;https:\/\/eucotton.eu\/wp-content\/uploads\/2024\/07\/european_cotton.jpg&#8220; title_text=&#8220;Cotton flower and material&#8220; _builder_version=&#8220;4.25.1&#8243; custom_margin=&#8220;|-5vw|||false|false&#8220; border_radii=&#8220;on|200px|200px|200px|200px&#8220; border_radii_last_edited=&#8220;off|tablet&#8220; global_colors_info=&#8220;{}&#8220;][\/et_pb_image][\/et_pb_column][\/et_pb_section][et_pb_section fb_built=&#8220;1&#8243; admin_label=&#8220;FAQ&#8220; _builder_version=&#8220;4.25.1&#8243; _module_preset=&#8220;default&#8220; background_enable_color=&#8220;off&#8220; custom_margin=&#8220;0px||0px||false|false&#8220; custom_margin_tablet=&#8220;&#8220; custom_margin_phone=&#8220;49px||||false|false&#8220; custom_margin_last_edited=&#8220;on|phone&#8220; custom_padding=&#8220;0px||0px||false|false&#8220; da_disable_devices=&#8220;off|off|off&#8220; locked=&#8220;off&#8220; global_colors_info=&#8220;{}&#8220; da_is_popup=&#8220;off&#8220; da_exit_intent=&#8220;off&#8220; da_has_close=&#8220;on&#8220; da_alt_close=&#8220;off&#8220; da_dark_close=&#8220;off&#8220; da_not_modal=&#8220;on&#8220; da_is_singular=&#8220;off&#8220; da_with_loader=&#8220;off&#8220; da_has_shadow=&#8220;on&#8220;][et_pb_row _builder_version=&#8220;4.18.0&#8243; _module_preset=&#8220;default&#8220; width=&#8220;60%&#8220; global_colors_info=&#8220;{}&#8220;][et_pb_column type=&#8220;4_4&#8243; _builder_version=&#8220;4.18.0&#8243; _module_preset=&#8220;default&#8220; global_colors_info=&#8220;{}&#8220;][et_pb_text _builder_version=&#8220;4.27.2&#8243; _module_preset=&#8220;default&#8220; text_font=&#8220;Actor||||||||&#8220; text_font_size=&#8220;18px&#8220; hover_enabled=&#8220;0&#8243; global_colors_info=&#8220;{}&#8220; sticky_enabled=&#8220;0&#8243;]<\/p>\n<p>Die \u00fcberragende Qualit\u00e4t lokal erzeugter Baumwollfasern reduziert nicht nur den CO2-Fu\u00dfabdruck, sondern erm\u00f6glicht Verbrauchern auch, die un\u00fcbertroffene Qualit\u00e4t und Handwerkskunst von EUCOTTON f\u00fcr sich zu entdecken.<\/p>\n<p>Mit EUCOTTON k\u00f6nnen wir langlebige Textilprodukte herstellen, an denen man lange Freude hat. Dank ihrer herausragenden Qualit\u00e4t lassen sich diese Bekleidungsst\u00fccke flicken, recyclen und wiederverwenden. Das unterst\u00fctzt die Kreislaufwirtschaft und reduziert Abfall. Wer sich f\u00fcr EUCOTTON entscheidet, leistet einen Beitrag zu einer nachhaltigeren Zukunft, die Ressourcen schont und die Umwelt weniger belastet.<\/p>\n<p>Des Weiteren ist europ\u00e4ische Baumwolle auf der n\u00f6rdlichen Halbkugel als erstes Produkt erntereif. Das erm\u00f6glicht der Textilbranche eine zeitnahe Produktion, um die Nachfrage von Verbrauchern effizient und schnell zu erf\u00fcllen, damit sie die Vorteile dieser bemerkenswerten Faser noch fr\u00fcher genie\u00dfen k\u00f6nnen.<\/p>\n<p>EUCOTTON wird aus gentechnikfreiem Saatgut hergestellt, d. h. unsere Textilien sind nicht genetisch modifiziert. Dieses Engagement f\u00fcr nat\u00fcrliche und traditionelle Anbaumethoden steht in Einklang mit unseren Werten der Nachhaltigkeit und ethischen Produktion<\/p>\n<p>Au\u00dferdem zeichnet sich europ\u00e4ische Baumwolle als recyclingf\u00e4higes Rohmaterial mit erheblich niedrigeren Emissionen aus: Im Vergleich zur Produktion synthetischer Fasern wie Polyester erzeugt europ\u00e4ische Baumwolle dreimal weniger Treibhausgase. Mit der Entscheidung f\u00fcr EUCOTTON leisten wir einen aktiven Beitrag zur Reduzierung unseres CO2-Fu\u00dfabdrucks und f\u00fcr einen umweltfreundlicheren Ansatz in der Modewelt.<\/p>\n<p>Wir sollten das enorme Potenzial europ\u00e4ischer Baumwolle nutzen \u2013 zur Unterst\u00fctzung lokaler Industrien, f\u00fcr mehr Transparenz und f\u00fcr eine nachhaltige Zukunft, in der Qualit\u00e4t, R\u00fcckverfolgbarkeit und Umweltbewusstsein eine wichtige Rolle spielen!<\/p>\n<p>[\/et_pb_text][\/et_pb_column][\/et_pb_row][\/et_pb_section]<\/p>\n","protected":false},"excerpt":{"rendered":"<p>Vorteile von europ\u00e4ischer Baumwolle im Vergleich zu anderen Textilien VORTEILE VON EUCOTTONEntdecken Sie die Vorteile europ\u00e4ischer Baumwolle: St\u00e4rkung von Lieferketten und nachhaltigen Praktiken Europ\u00e4ische Baumwolle bietet der europ\u00e4ischen Textilindustrie und dem Einzelhandel die einmalige Gelegenheit, r\u00fcckverfolgbare und transparente regionale Lieferketten aufzubauen. EUCOTTON wird ausschlie\u00dflich in EU-L\u00e4ndern produziert und verarbeitet. Durch die Beschaffung von Baumwolle aus [&hellip;]<\/p>\n","protected":false},"author":2,"featured_media":0,"parent":0,"menu_order":2,"comment_status":"closed","ping_status":"closed","template":"","meta":{"_et_pb_use_builder":"on","_et_pb_old_content":"","_et_gb_content_width":"","footnotes":""},"class_list":["post-2932","page","type-page","status-publish","hentry"],"_links":{"self":[{"href":"https:\/\/eucotton.eu\/de\/wp-json\/wp\/v2\/pages\/2932","targetHints":{"allow":["GET"]}}],"collection":[{"href":"https:\/\/eucotton.eu\/de\/wp-json\/wp\/v2\/pages"}],"about":[{"href":"https:\/\/eucotton.eu\/de\/wp-json\/wp\/v2\/types\/page"}],"author":[{"embeddable":true,"href":"https:\/\/eucotton.eu\/de\/wp-json\/wp\/v2\/users\/2"}],"replies":[{"embeddable":true,"href":"https:\/\/eucotton.eu\/de\/wp-json\/wp\/v2\/comments?post=2932"}],"version-history":[{"count":5,"href":"https:\/\/eucotton.eu\/de\/wp-json\/wp\/v2\/pages\/2932\/revisions"}],"predecessor-version":[{"id":3394,"href":"https:\/\/eucotton.eu\/de\/wp-json\/wp\/v2\/pages\/2932\/revisions\/3394"}],"wp:attachment":[{"href":"https:\/\/eucotton.eu\/de\/wp-json\/wp\/v2\/media?parent=2932"}],"curies":[{"name":"wp","href":"https:\/\/api.w.org\/{rel}","templated":true}]}}