{"id":2940,"date":"2024-07-17T13:00:21","date_gmt":"2024-07-17T13:00:21","guid":{"rendered":"https:\/\/eucotton.eu\/nachhaltigkeit-rueckverfolgbarkeit\/oekologische-nachhaltigkeit\/"},"modified":"2024-10-09T11:02:29","modified_gmt":"2024-10-09T11:02:29","slug":"oekologische-nachhaltigkeit","status":"publish","type":"page","link":"https:\/\/eucotton.eu\/de\/nachhaltigkeit-rueckverfolgbarkeit\/oekologische-nachhaltigkeit\/","title":{"rendered":"\u00d6kologische Nachhaltigkeit"},"content":{"rendered":"<p>[et_pb_section fb_built=&#8220;1&#8243; specialty=&#8220;on&#8220; disabled_on=&#8220;off|off|off&#8220; admin_label=&#8220;Header&#8220; _builder_version=&#8220;4.16&#8243; custom_padding=&#8220;||1px|||&#8220; da_disable_devices=&#8220;off|off|off&#8220; global_colors_info=&#8220;{}&#8220; da_is_popup=&#8220;off&#8220; da_exit_intent=&#8220;off&#8220; da_has_close=&#8220;on&#8220; da_alt_close=&#8220;off&#8220; da_dark_close=&#8220;off&#8220; da_not_modal=&#8220;on&#8220; da_is_singular=&#8220;off&#8220; da_with_loader=&#8220;off&#8220; da_has_shadow=&#8220;on&#8220;][et_pb_column type=&#8220;2_3&#8243; specialty_columns=&#8220;2&#8243; _builder_version=&#8220;4.16&#8243; custom_padding=&#8220;|||&#8220; global_colors_info=&#8220;{}&#8220; custom_padding__hover=&#8220;|||&#8220;][et_pb_row_inner _builder_version=&#8220;4.18.0&#8243; custom_margin_tablet=&#8220;-60px||||false|false&#8220; custom_margin_phone=&#8220;-34px||||false|false&#8220; custom_margin_last_edited=&#8220;on|phone&#8220; locked=&#8220;off&#8220; global_colors_info=&#8220;{}&#8220;][et_pb_column_inner saved_specialty_column_type=&#8220;2_3&#8243; _builder_version=&#8220;4.16&#8243; global_colors_info=&#8220;{}&#8220;][et_pb_text _builder_version=&#8220;4.25.1&#8243; text_font=&#8220;Actor|300|||||||&#8220; text_text_color=&#8220;#0cb4ce&#8220; text_font_size=&#8220;20px&#8220; text_line_height=&#8220;1.4em&#8220; header_font=&#8220;||||||||&#8220; header_text_color=&#8220;#0c005e&#8220; header_font_size=&#8220;70px&#8220; header_letter_spacing=&#8220;2px&#8220; header_line_height=&#8220;0.8em&#8220; custom_padding=&#8220;||1px|||&#8220; text_font_size_tablet=&#8220;&#8220; text_font_size_phone=&#8220;20px&#8220; text_font_size_last_edited=&#8220;on|desktop&#8220; header_font_size_tablet=&#8220;56px&#8220; header_font_size_phone=&#8220;40px&#8220; header_font_size_last_edited=&#8220;on|phone&#8220; text_orientation_tablet=&#8220;left&#8220; text_orientation_last_edited=&#8220;off|phone&#8220; locked=&#8220;off&#8220; global_colors_info=&#8220;{}&#8220;]<\/p>\n<h1>\u00d6kologische Nachhaltigkeit<\/h1>\n<p>EUROPEAN COTTON DESIGNS A SUSTAINABLE WORLD<\/p>\n<p>[\/et_pb_text][\/et_pb_column_inner][\/et_pb_row_inner][et_pb_row_inner column_structure=&#8220;1_2,1_2&#8243; _builder_version=&#8220;4.18.0&#8243; custom_margin_tablet=&#8220;-19px||||false|false&#8220; custom_margin_phone=&#8220;-19px||||false|false&#8220; custom_margin_last_edited=&#8220;on|tablet&#8220; locked=&#8220;off&#8220; global_colors_info=&#8220;{}&#8220;][et_pb_column_inner type=&#8220;1_2&#8243; saved_specialty_column_type=&#8220;2_3&#8243; _builder_version=&#8220;4.16&#8243; custom_padding=&#8220;||||false|false&#8220; global_colors_info=&#8220;{}&#8220;][et_pb_image src=&#8220;https:\/\/eucotton.eu\/wp-content\/uploads\/2022\/09\/enviromental_sustainability_01.jpg&#8220; title_text=&#8220;enviromental_sustainability_01&#8243; _builder_version=&#8220;4.18.0&#8243; border_radii=&#8220;off|||200px|&#8220; locked=&#8220;off&#8220; global_colors_info=&#8220;{}&#8220;][\/et_pb_image][\/et_pb_column_inner][et_pb_column_inner type=&#8220;1_2&#8243; saved_specialty_column_type=&#8220;2_3&#8243; _builder_version=&#8220;4.16&#8243; custom_padding=&#8220;||||false|false&#8220; global_colors_info=&#8220;{}&#8220;][et_pb_text _builder_version=&#8220;4.27.2&#8243; text_text_color=&#8220;rgba(0,0,0,0.44)&#8220; text_font_size=&#8220;18px&#8220; text_line_height=&#8220;1.8em&#8220; header_2_text_color=&#8220;#369637&#8243; header_2_font_size=&#8220;45px&#8220; header_5_font=&#8220;Rubik||||||||&#8220; header_5_font_size=&#8220;18px&#8220; header_5_line_height=&#8220;1.8em&#8220; locked=&#8220;off&#8220; global_colors_info=&#8220;{}&#8220;]Einer der Grundpfeiler der <span style=\"color: #0c005e;\"><strong>Baumwollproduktion in Griechenland<\/strong><\/span> und <span style=\"color: #0c005e;\"><strong>Spanien<\/strong> ist <strong>Nachhaltigkeit<\/strong><\/span>. Dabei werden <span style=\"color: #0c005e;\"><strong>nat\u00fcrliche Ressourcen verantwortungsbewusst genutzt<\/strong><\/span> und <span style=\"color: #0c005e;\"><strong>wird der Einsatz von Chemikalien reduziert<\/strong>, <strong>damit nat\u00fcrliche \u00d6kosysteme und das Wohlbefinden der Menschen vor Ort keinen Schaden nehmen<\/strong><\/span>.<\/p>\n<p><span style=\"color: #0c005e;\"><strong>Europ\u00e4ische Baumwolle<\/strong><\/span> wird in \u00dcbereinstimmung mit den Vorschriften und <span style=\"color: #0c005e;\"><strong>Richtlinien der gemeinsamen Agrarpolitik<\/strong> <strong>der EU<\/strong><\/span> (GAP) produziert, die zu den strengsten der Welt geh\u00f6ren. Diese Richtlinien gew\u00e4hrleisten<strong>, <span style=\"color: #0c005e;\">dass Baumwolle nachhaltig angebaut wird,<\/span><\/strong><span style=\"color: #0c005e;\"> <strong>die Auswirkungen auf die Umwelt m\u00f6glichst niedrig gehalten werden<\/strong> <strong>und verantwortungsbewusste Landwirtschaftspraktiken gef\u00f6rdert werden<\/strong>.<\/span>[\/et_pb_text][\/et_pb_column_inner][\/et_pb_row_inner][\/et_pb_column][et_pb_column type=&#8220;1_3&#8243; _builder_version=&#8220;4.16&#8243; custom_padding=&#8220;|||&#8220; global_colors_info=&#8220;{}&#8220; custom_padding__hover=&#8220;|||&#8220;][et_pb_image src=&#8220;https:\/\/eucotton.eu\/wp-content\/uploads\/2024\/10\/enviromental_sustainability_02_de.jpg&#8220; title_text=&#8220;enviromental_sustainability_02_de&#8220; _builder_version=&#8220;4.27.2&#8243; custom_margin=&#8220;|-5vw|||false|false&#8220; hover_enabled=&#8220;0&#8243; border_radii=&#8220;on|200px|200px|200px|200px&#8220; border_radii_last_edited=&#8220;off|tablet&#8220; global_colors_info=&#8220;{}&#8220; sticky_enabled=&#8220;0&#8243;][\/et_pb_image][\/et_pb_column][\/et_pb_section][et_pb_section fb_built=&#8220;1&#8243; admin_label=&#8220;FAQ&#8220; _builder_version=&#8220;4.25.1&#8243; _module_preset=&#8220;default&#8220; background_enable_color=&#8220;off&#8220; custom_margin=&#8220;0px||0px||false|false&#8220; custom_margin_tablet=&#8220;-138px||||false|false&#8220; custom_margin_phone=&#8220;-100px||||false|false&#8220; custom_margin_last_edited=&#8220;on|phone&#8220; custom_padding=&#8220;0px||0px||false|false&#8220; da_disable_devices=&#8220;off|off|off&#8220; locked=&#8220;off&#8220; global_colors_info=&#8220;{}&#8220; da_is_popup=&#8220;off&#8220; da_exit_intent=&#8220;off&#8220; da_has_close=&#8220;on&#8220; da_alt_close=&#8220;off&#8220; da_dark_close=&#8220;off&#8220; da_not_modal=&#8220;on&#8220; da_is_singular=&#8220;off&#8220; da_with_loader=&#8220;off&#8220; da_has_shadow=&#8220;on&#8220;][et_pb_row _builder_version=&#8220;4.18.0&#8243; _module_preset=&#8220;default&#8220; width=&#8220;60%&#8220; global_colors_info=&#8220;{}&#8220;][et_pb_column type=&#8220;4_4&#8243; _builder_version=&#8220;4.18.0&#8243; _module_preset=&#8220;default&#8220; global_colors_info=&#8220;{}&#8220;][et_pb_text _builder_version=&#8220;4.27.2&#8243; _module_preset=&#8220;default&#8220; text_font=&#8220;Actor||||||||&#8220; text_font_size=&#8220;18px&#8220; global_colors_info=&#8220;{}&#8220;]<\/p>\n<p>Dieses <strong>intensive Engagement<\/strong> des <strong>europ\u00e4ischen Baumwollsektors<\/strong> in puncto <strong>Nachhaltigkeit<\/strong> tr\u00e4gt nicht nur der wachsenden Sorge auf der ganzen Welt im Hinblick auf <strong>Umweltauswirkungen aus Menschenhand <\/strong>Rechnung und auch nicht nur der <strong>Verbrauchernachfrage nach umweltfreundlichen Produkten<\/strong>. Der Grund daf\u00fcr ist <strong>die unersch\u00fctterliche \u00dcberzeugung der Branche, dass die Welt nachhaltiger werden kann<\/strong>.<\/p>\n<p>Aber <strong>wie gelingt uns das<\/strong>? Zus\u00e4tzlich zu einem verantwortungsvolleren Umgang mit nat\u00fcrlichen Ressourcen und dem reduzierten Einsatz von Chemikalien <strong>leistet europ\u00e4ische Baumwolle vielf\u00e4ltige Beitr\u00e4ge f\u00fcr eine nachhaltigere Welt<\/strong>:<\/p>\n<p>[\/et_pb_text][\/et_pb_column][\/et_pb_row][\/et_pb_section][et_pb_section fb_built=&#8220;1&#8243; _builder_version=&#8220;4.18.0&#8243; _module_preset=&#8220;default&#8220; custom_margin_tablet=&#8220;-100px||||false|false&#8220; custom_margin_phone=&#8220;-149px||||false|false&#8220; custom_margin_last_edited=&#8220;on|phone&#8220; custom_padding=&#8220;2px|||||&#8220; da_disable_devices=&#8220;off|off|off&#8220; global_colors_info=&#8220;{}&#8220; da_is_popup=&#8220;off&#8220; da_exit_intent=&#8220;off&#8220; da_has_close=&#8220;on&#8220; da_alt_close=&#8220;off&#8220; da_dark_close=&#8220;off&#8220; da_not_modal=&#8220;on&#8220; da_is_singular=&#8220;off&#8220; da_with_loader=&#8220;off&#8220; da_has_shadow=&#8220;on&#8220;][et_pb_row column_structure=&#8220;1_4,1_4,1_4,1_4&#8243; use_custom_gutter=&#8220;on&#8220; gutter_width=&#8220;2&#8243; _builder_version=&#8220;4.18.0&#8243; _module_preset=&#8220;default&#8220; width=&#8220;60%&#8220; global_colors_info=&#8220;{}&#8220;][et_pb_column type=&#8220;1_4&#8243; _builder_version=&#8220;4.18.0&#8243; _module_preset=&#8220;default&#8220; global_colors_info=&#8220;{}&#8220;][et_pb_blurb title=&#8220;Europ\u00e4ische Baumwolle enth\u00e4lt keine Gentechnik&#8220; image=&#8220;https:\/\/eucotton.eu\/wp-content\/uploads\/2024\/07\/icon_non_gm_cotton_tonnes_b.jpg&#8220; content_max_width_tablet=&#8220;150px&#8220; content_max_width_phone=&#8220;150px&#8220; content_max_width_last_edited=&#8220;on|phone&#8220; _builder_version=&#8220;4.27.2&#8243; header_font=&#8220;&#8211;et_global_heading_font|500|||||||&#8220; header_text_color=&#8220;#0c005e&#8220; header_font_size=&#8220;38px&#8220; body_font=&#8220;Actor||||||||&#8220; body_text_color=&#8220;#686868&#8243; body_font_size=&#8220;18px&#8220; body_line_height=&#8220;1.8em&#8220; text_orientation=&#8220;center&#8220; animation=&#8220;off&#8220; locked=&#8220;off&#8220; global_colors_info=&#8220;{}&#8220;]<\/p>\n<p>f\u00fcr den Anbau verwenden wir gentechnikfreies Saatgut und nachhaltige landwirtschaftliche Methoden.<\/p>\n<p>[\/et_pb_blurb][\/et_pb_column][et_pb_column type=&#8220;1_4&#8243; _builder_version=&#8220;4.18.0&#8243; _module_preset=&#8220;default&#8220; global_colors_info=&#8220;{}&#8220;][et_pb_blurb title=&#8220;Da Baumwolle eine gro\u00dfe Laubfl\u00e4che bietet&#8220; image=&#8220;https:\/\/eucotton.eu\/wp-content\/uploads\/2024\/07\/icon_non_gm_cotton_businesses_b.jpg&#8220; content_max_width_tablet=&#8220;150px&#8220; content_max_width_phone=&#8220;150px&#8220; content_max_width_last_edited=&#8220;on|phone&#8220; _builder_version=&#8220;4.27.2&#8243; header_font=&#8220;&#8211;et_global_heading_font|500|||||||&#8220; header_text_color=&#8220;#0c005e&#8220; header_font_size=&#8220;38px&#8220; body_font=&#8220;Actor||||||||&#8220; body_text_color=&#8220;#686868&#8243; body_font_size=&#8220;18px&#8220; body_line_height=&#8220;1.8em&#8220; text_orientation=&#8220;center&#8220; animation=&#8220;off&#8220; locked=&#8220;off&#8220; global_colors_info=&#8220;{}&#8220;]<\/p>\n<p>leistet der Baumwollanbau einen Beitrag zur Reduzierung der Erderw\u00e4rmung w\u00e4hrend der hei\u00dfesten Monate des Jahres.<\/p>\n<p>[\/et_pb_blurb][\/et_pb_column][et_pb_column type=&#8220;1_4&#8243; _builder_version=&#8220;4.18.0&#8243; _module_preset=&#8220;default&#8220; global_colors_info=&#8220;{}&#8220;][et_pb_blurb title=&#8220;Der Baumwollanbau reichert die Atmosph\u00e4re mit Sauerstoff an&#8220; image=&#8220;https:\/\/eucotton.eu\/wp-content\/uploads\/2024\/07\/icon_non_gm_cotton_export_b.jpg&#8220; content_max_width_tablet=&#8220;150px&#8220; content_max_width_phone=&#8220;150px&#8220; content_max_width_last_edited=&#8220;on|phone&#8220; _builder_version=&#8220;4.27.2&#8243; header_font=&#8220;&#8211;et_global_heading_font|500|||||||&#8220; header_text_color=&#8220;#0c005e&#8220; header_font_size=&#8220;38px&#8220; body_font=&#8220;Actor||||||||&#8220; body_text_color=&#8220;#686868&#8243; body_font_size=&#8220;18px&#8220; body_line_height=&#8220;1.8em&#8220; text_orientation=&#8220;center&#8220; animation=&#8220;off&#8220; locked=&#8220;off&#8220; global_colors_info=&#8220;{}&#8220;]<\/p>\n<p>und erzeugt dreimal weniger Treibhausgase als die Herstellung synthetischer Fasern wie Polyester.<\/p>\n<p>[\/et_pb_blurb][\/et_pb_column][et_pb_column type=&#8220;1_4&#8243; _builder_version=&#8220;4.18.0&#8243; _module_preset=&#8220;default&#8220; global_colors_info=&#8220;{}&#8220;][et_pb_blurb title=&#8220;Nat\u00fcrliche Fasern wie europ\u00e4ische Baumwolle sind vollst\u00e4ndig biologisch abbaubar&#8220; image=&#8220;https:\/\/eucotton.eu\/wp-content\/uploads\/2024\/07\/icon_non_gm_cotton_natural_fibers_b.jpg&#8220; content_max_width_tablet=&#8220;150px&#8220; content_max_width_phone=&#8220;150px&#8220; content_max_width_last_edited=&#8220;on|phone&#8220; _builder_version=&#8220;4.27.2&#8243; header_font=&#8220;&#8211;et_global_heading_font|500|||||||&#8220; header_text_color=&#8220;#0c005e&#8220; header_font_size=&#8220;38px&#8220; body_font=&#8220;Actor||||||||&#8220; body_text_color=&#8220;#686868&#8243; body_font_size=&#8220;18px&#8220; body_line_height=&#8220;1.8em&#8220; text_orientation=&#8220;center&#8220; animation=&#8220;off&#8220; locked=&#8220;off&#8220; global_colors_info=&#8220;{}&#8220;]<\/p>\n<p>und somit die perfekte umweltfreundliche Wahl.<\/p>\n<p>[\/et_pb_blurb][\/et_pb_column][\/et_pb_row][et_pb_row _builder_version=&#8220;4.18.0&#8243; _module_preset=&#8220;default&#8220; width=&#8220;60%&#8220; global_colors_info=&#8220;{}&#8220;][et_pb_column type=&#8220;4_4&#8243; _builder_version=&#8220;4.18.0&#8243; _module_preset=&#8220;default&#8220; global_colors_info=&#8220;{}&#8220;][et_pb_text _builder_version=&#8220;4.27.2&#8243; _module_preset=&#8220;default&#8220; text_font=&#8220;Actor||||||||&#8220; text_font_size=&#8220;18px&#8220; global_colors_info=&#8220;{}&#8220;]<\/p>\n<p>Damit setzt europ\u00e4ische Baumwolle griechischen und spanischen Ursprungs <strong>globale Standards in puncto Nachhaltigkeit<\/strong>.<\/p>\n<p><strong>Wenn Sie sich f\u00fcr europ\u00e4ische Baumwolle entscheiden, unterst\u00fctzen Sie also ein nachhaltiges Produktionsmodell, das auf h\u00f6chsten ethischen und umweltfreundlichen Praktiken basiert<\/strong>.<\/p>\n<p>[\/et_pb_text][\/et_pb_column][\/et_pb_row][\/et_pb_section]<\/p>\n","protected":false},"excerpt":{"rendered":"<p>\u00d6kologische Nachhaltigkeit EUROPEAN COTTON DESIGNS A SUSTAINABLE WORLDEiner der Grundpfeiler der Baumwollproduktion in Griechenland und Spanien ist Nachhaltigkeit. Dabei werden nat\u00fcrliche Ressourcen verantwortungsbewusst genutzt und wird der Einsatz von Chemikalien reduziert, damit nat\u00fcrliche \u00d6kosysteme und das Wohlbefinden der Menschen vor Ort keinen Schaden nehmen. Europ\u00e4ische Baumwolle wird in \u00dcbereinstimmung mit den Vorschriften und Richtlinien der [&hellip;]<\/p>\n","protected":false},"author":2,"featured_media":0,"parent":2936,"menu_order":0,"comment_status":"closed","ping_status":"closed","template":"","meta":{"_et_pb_use_builder":"on","_et_pb_old_content":"","_et_gb_content_width":"","footnotes":""},"class_list":["post-2940","page","type-page","status-publish","hentry"],"_links":{"self":[{"href":"https:\/\/eucotton.eu\/de\/wp-json\/wp\/v2\/pages\/2940","targetHints":{"allow":["GET"]}}],"collection":[{"href":"https:\/\/eucotton.eu\/de\/wp-json\/wp\/v2\/pages"}],"about":[{"href":"https:\/\/eucotton.eu\/de\/wp-json\/wp\/v2\/types\/page"}],"author":[{"embeddable":true,"href":"https:\/\/eucotton.eu\/de\/wp-json\/wp\/v2\/users\/2"}],"replies":[{"embeddable":true,"href":"https:\/\/eucotton.eu\/de\/wp-json\/wp\/v2\/comments?post=2940"}],"version-history":[{"count":5,"href":"https:\/\/eucotton.eu\/de\/wp-json\/wp\/v2\/pages\/2940\/revisions"}],"predecessor-version":[{"id":3022,"href":"https:\/\/eucotton.eu\/de\/wp-json\/wp\/v2\/pages\/2940\/revisions\/3022"}],"up":[{"embeddable":true,"href":"https:\/\/eucotton.eu\/de\/wp-json\/wp\/v2\/pages\/2936"}],"wp:attachment":[{"href":"https:\/\/eucotton.eu\/de\/wp-json\/wp\/v2\/media?parent=2940"}],"curies":[{"name":"wp","href":"https:\/\/api.w.org\/{rel}","templated":true}]}}