{"id":2961,"date":"2024-07-18T08:40:04","date_gmt":"2024-07-18T08:40:04","guid":{"rendered":"https:\/\/eucotton.eu\/nachhaltigkeit-rueckverfolgbarkeit\/soziale-nachhaltigkeit\/"},"modified":"2024-10-09T08:28:32","modified_gmt":"2024-10-09T08:28:32","slug":"soziale-nachhaltigkeit","status":"publish","type":"page","link":"https:\/\/eucotton.eu\/de\/nachhaltigkeit-rueckverfolgbarkeit\/soziale-nachhaltigkeit\/","title":{"rendered":"Soziale Nachhaltigkeit"},"content":{"rendered":"<p>[et_pb_section fb_built=&#8220;1&#8243; specialty=&#8220;on&#8220; disabled_on=&#8220;off|off|off&#8220; admin_label=&#8220;Header&#8220; _builder_version=&#8220;4.16&#8243; custom_padding=&#8220;||1px|||&#8220; da_disable_devices=&#8220;off|off|off&#8220; global_colors_info=&#8220;{}&#8220; da_is_popup=&#8220;off&#8220; da_exit_intent=&#8220;off&#8220; da_has_close=&#8220;on&#8220; da_alt_close=&#8220;off&#8220; da_dark_close=&#8220;off&#8220; da_not_modal=&#8220;on&#8220; da_is_singular=&#8220;off&#8220; da_with_loader=&#8220;off&#8220; da_has_shadow=&#8220;on&#8220;][et_pb_column type=&#8220;2_3&#8243; specialty_columns=&#8220;2&#8243; _builder_version=&#8220;4.16&#8243; custom_padding=&#8220;|||&#8220; global_colors_info=&#8220;{}&#8220; custom_padding__hover=&#8220;|||&#8220;][et_pb_row_inner _builder_version=&#8220;4.18.0&#8243; custom_margin_tablet=&#8220;-60px||||false|false&#8220; custom_margin_phone=&#8220;-34px||||false|false&#8220; custom_margin_last_edited=&#8220;on|phone&#8220; locked=&#8220;off&#8220; global_colors_info=&#8220;{}&#8220;][et_pb_column_inner saved_specialty_column_type=&#8220;2_3&#8243; _builder_version=&#8220;4.16&#8243; global_colors_info=&#8220;{}&#8220;][et_pb_text _builder_version=&#8220;4.25.1&#8243; text_font=&#8220;Actor|300|||||||&#8220; text_text_color=&#8220;#0cb4ce&#8220; text_font_size=&#8220;20px&#8220; text_line_height=&#8220;1.4em&#8220; header_font=&#8220;||||||||&#8220; header_text_color=&#8220;#0c005e&#8220; header_font_size=&#8220;70px&#8220; header_letter_spacing=&#8220;2px&#8220; header_line_height=&#8220;0.8em&#8220; custom_padding=&#8220;||1px|||&#8220; text_font_size_tablet=&#8220;&#8220; text_font_size_phone=&#8220;20px&#8220; text_font_size_last_edited=&#8220;on|desktop&#8220; header_font_size_tablet=&#8220;56px&#8220; header_font_size_phone=&#8220;40px&#8220; header_font_size_last_edited=&#8220;on|phone&#8220; text_orientation_tablet=&#8220;left&#8220; text_orientation_last_edited=&#8220;off|phone&#8220; locked=&#8220;off&#8220; global_colors_info=&#8220;{}&#8220;]<\/p>\n<h1>Soziale Nachhaltigkeit<\/h1>\n<p>MIT EUROP\u00c4ISCHER BAUMWOLLE F\u00dcR EINE NACHHALTIGE GESELLSCHAFT<\/p>\n<p>[\/et_pb_text][\/et_pb_column_inner][\/et_pb_row_inner][et_pb_row_inner _builder_version=&#8220;4.18.0&#8243; custom_margin_tablet=&#8220;-19px||||false|false&#8220; custom_margin_phone=&#8220;-19px||||false|false&#8220; custom_margin_last_edited=&#8220;on|tablet&#8220; locked=&#8220;off&#8220; global_colors_info=&#8220;{}&#8220;][et_pb_column_inner saved_specialty_column_type=&#8220;2_3&#8243; _builder_version=&#8220;4.16&#8243; custom_padding=&#8220;||||false|false&#8220; global_colors_info=&#8220;{}&#8220;][et_pb_text _builder_version=&#8220;4.27.2&#8243; text_text_color=&#8220;rgba(0,0,0,0.44)&#8220; text_font_size=&#8220;18px&#8220; text_line_height=&#8220;1.8em&#8220; header_2_text_color=&#8220;#919191&#8243; header_2_font_size=&#8220;45px&#8220; header_2_line_height=&#8220;1.2em&#8220; header_5_font=&#8220;Rubik||||||||&#8220; header_5_font_size=&#8220;18px&#8220; header_5_line_height=&#8220;1.8em&#8220; width=&#8220;80%&#8220; custom_margin=&#8220;-36px||||false|false&#8220; hover_enabled=&#8220;0&#8243; locked=&#8220;off&#8220; global_colors_info=&#8220;{}&#8220; sticky_enabled=&#8220;0&#8243;]<\/p>\n<h2>Das <span style=\"color: #0c005e;\">europ\u00e4ische Produktionsmodell<\/span> gew\u00e4hrleistet nicht nur die \u00f6kologische Nachhaltigkeit von Baumwolle, sondern auch <span style=\"color: #0c005e;\">soziale Nachhaltigkeit<\/span>, die angefangen bei der Ernte des Rohmaterials \u00fcber die Verarbeitung, Umwandlung, Herstellung bis hin zur abschlie\u00dfenden Bearbeitung <span style=\"color: #0c005e;\">Best Practices<\/span> f\u00fcr Produkte und Kleidungsst\u00fccke garantiert. <span style=\"color: #0c005e;\">Sicherheit und das Wohlergehen von Landwirten, Verbrauchern und der Umwelt sind von zentraler Bedeutung.<\/span><\/h2>\n<p>[\/et_pb_text][\/et_pb_column_inner][\/et_pb_row_inner][\/et_pb_column][et_pb_column type=&#8220;1_3&#8243; _builder_version=&#8220;4.16&#8243; custom_padding=&#8220;|||&#8220; global_colors_info=&#8220;{}&#8220; custom_padding__hover=&#8220;|||&#8220;][et_pb_image src=&#8220;https:\/\/eucotton.eu\/wp-content\/uploads\/2024\/07\/social_sustainability.jpg&#8220; title_text=&#8220;Rear View Of Expert Female Textile Worker Unrolling Material Rolls For Cutting&#8220; _builder_version=&#8220;4.25.1&#8243; custom_margin=&#8220;|-5vw|||false|false&#8220; border_radii=&#8220;on|200px|200px|200px|200px&#8220; border_radii_last_edited=&#8220;off|tablet&#8220; global_colors_info=&#8220;{}&#8220;][\/et_pb_image][\/et_pb_column][\/et_pb_section][et_pb_section fb_built=&#8220;1&#8243; admin_label=&#8220;FAQ&#8220; _builder_version=&#8220;4.25.1&#8243; _module_preset=&#8220;default&#8220; background_enable_color=&#8220;off&#8220; custom_margin=&#8220;0px||0px||false|false&#8220; custom_margin_tablet=&#8220;-138px||||false|false&#8220; custom_margin_phone=&#8220;-100px||||false|false&#8220; custom_margin_last_edited=&#8220;on|phone&#8220; custom_padding=&#8220;0px||0px||false|false&#8220; da_disable_devices=&#8220;off|off|off&#8220; locked=&#8220;off&#8220; global_colors_info=&#8220;{}&#8220; da_is_popup=&#8220;off&#8220; da_exit_intent=&#8220;off&#8220; da_has_close=&#8220;on&#8220; da_alt_close=&#8220;off&#8220; da_dark_close=&#8220;off&#8220; da_not_modal=&#8220;on&#8220; da_is_singular=&#8220;off&#8220; da_with_loader=&#8220;off&#8220; da_has_shadow=&#8220;on&#8220;][et_pb_row _builder_version=&#8220;4.18.0&#8243; _module_preset=&#8220;default&#8220; width=&#8220;60%&#8220; global_colors_info=&#8220;{}&#8220;][et_pb_column type=&#8220;4_4&#8243; _builder_version=&#8220;4.18.0&#8243; _module_preset=&#8220;default&#8220; global_colors_info=&#8220;{}&#8220;][et_pb_image src=&#8220;https:\/\/eucotton.eu\/wp-content\/uploads\/2024\/07\/social_sustainability_colors.jpg&#8220; title_text=&#8220;Stack of clothes&#8220; _builder_version=&#8220;4.25.1&#8243; _module_preset=&#8220;default&#8220; global_colors_info=&#8220;{}&#8220;][\/et_pb_image][\/et_pb_column][\/et_pb_row][\/et_pb_section]<\/p>\n","protected":false},"excerpt":{"rendered":"<p>Soziale Nachhaltigkeit MIT EUROP\u00c4ISCHER BAUMWOLLE F\u00dcR EINE NACHHALTIGE GESELLSCHAFTDas europ\u00e4ische Produktionsmodell gew\u00e4hrleistet nicht nur die \u00f6kologische Nachhaltigkeit von Baumwolle, sondern auch soziale Nachhaltigkeit, die angefangen bei der Ernte des Rohmaterials \u00fcber die Verarbeitung, Umwandlung, Herstellung bis hin zur abschlie\u00dfenden Bearbeitung Best Practices f\u00fcr Produkte und Kleidungsst\u00fccke garantiert. Sicherheit und das Wohlergehen von Landwirten, Verbrauchern und [&hellip;]<\/p>\n","protected":false},"author":2,"featured_media":0,"parent":2936,"menu_order":2,"comment_status":"closed","ping_status":"closed","template":"","meta":{"_et_pb_use_builder":"on","_et_pb_old_content":"","_et_gb_content_width":"","footnotes":""},"class_list":["post-2961","page","type-page","status-publish","hentry"],"_links":{"self":[{"href":"https:\/\/eucotton.eu\/de\/wp-json\/wp\/v2\/pages\/2961","targetHints":{"allow":["GET"]}}],"collection":[{"href":"https:\/\/eucotton.eu\/de\/wp-json\/wp\/v2\/pages"}],"about":[{"href":"https:\/\/eucotton.eu\/de\/wp-json\/wp\/v2\/types\/page"}],"author":[{"embeddable":true,"href":"https:\/\/eucotton.eu\/de\/wp-json\/wp\/v2\/users\/2"}],"replies":[{"embeddable":true,"href":"https:\/\/eucotton.eu\/de\/wp-json\/wp\/v2\/comments?post=2961"}],"version-history":[{"count":2,"href":"https:\/\/eucotton.eu\/de\/wp-json\/wp\/v2\/pages\/2961\/revisions"}],"predecessor-version":[{"id":2964,"href":"https:\/\/eucotton.eu\/de\/wp-json\/wp\/v2\/pages\/2961\/revisions\/2964"}],"up":[{"embeddable":true,"href":"https:\/\/eucotton.eu\/de\/wp-json\/wp\/v2\/pages\/2936"}],"wp:attachment":[{"href":"https:\/\/eucotton.eu\/de\/wp-json\/wp\/v2\/media?parent=2961"}],"curies":[{"name":"wp","href":"https:\/\/api.w.org\/{rel}","templated":true}]}}