{"id":3633,"date":"2022-09-21T16:23:13","date_gmt":"2022-09-21T16:23:13","guid":{"rendered":"https:\/\/eucotton.eu\/datenschutzpolitik\/"},"modified":"2024-11-12T16:51:33","modified_gmt":"2024-11-12T16:51:33","slug":"datenschutzpolitik","status":"publish","type":"page","link":"https:\/\/eucotton.eu\/de\/datenschutzpolitik\/","title":{"rendered":"Datenschutzpolitik"},"content":{"rendered":"<p>[et_pb_section fb_built=&#8220;1&#8243; admin_label=&#8220;FAQ&#8220; _builder_version=&#8220;4.18.0&#8243; _module_preset=&#8220;default&#8220; background_enable_color=&#8220;off&#8220; locked=&#8220;off&#8220; global_colors_info=&#8220;{}&#8220; da_is_popup=&#8220;off&#8220; da_exit_intent=&#8220;off&#8220; da_has_close=&#8220;on&#8220; da_alt_close=&#8220;off&#8220; da_dark_close=&#8220;off&#8220; da_not_modal=&#8220;on&#8220; da_is_singular=&#8220;off&#8220; da_with_loader=&#8220;off&#8220; da_has_shadow=&#8220;on&#8220; da_disable_devices=&#8220;off|off|off&#8220;][et_pb_row _builder_version=&#8220;4.16&#8243; locked=&#8220;off&#8220; global_colors_info=&#8220;{}&#8220;][et_pb_column type=&#8220;4_4&#8243; _builder_version=&#8220;4.16&#8243; global_colors_info=&#8220;{}&#8220;][et_pb_text _builder_version=&#8220;4.27.2&#8243; text_font=&#8220;Actor|300|||||||&#8220; text_text_color=&#8220;#0cb4ce&#8220; text_font_size=&#8220;24px&#8220; text_line_height=&#8220;1.4em&#8220; header_font=&#8220;||||||||&#8220; header_text_color=&#8220;#0c005e&#8220; header_font_size=&#8220;70px&#8220; header_letter_spacing=&#8220;2px&#8220; header_line_height=&#8220;0.8em&#8220; custom_margin_tablet=&#8220;&#8220; custom_margin_phone=&#8220;-40px||||false|false&#8220; custom_margin_last_edited=&#8220;on|phone&#8220; hover_enabled=&#8220;0&#8243; text_font_size_tablet=&#8220;&#8220; text_font_size_phone=&#8220;20px&#8220; text_font_size_last_edited=&#8220;on|desktop&#8220; header_font_size_tablet=&#8220;56px&#8220; header_font_size_phone=&#8220;40px&#8220; header_font_size_last_edited=&#8220;on|phone&#8220; text_orientation_tablet=&#8220;left&#8220; text_orientation_last_edited=&#8220;off|phone&#8220; locked=&#8220;off&#8220; global_colors_info=&#8220;{}&#8220; sticky_enabled=&#8220;0&#8243;]<\/p>\n<h1>Datenschutz-richtlinie<\/h1>\n<p>[\/et_pb_text][et_pb_text _builder_version=&#8220;4.27.2&#8243; _module_preset=&#8220;default&#8220; text_font_size=&#8220;16px&#8220; header_2_font=&#8220;|700|||||||&#8220; header_2_font_size=&#8220;30px&#8220; hover_enabled=&#8220;0&#8243; global_colors_info=&#8220;{}&#8220; sticky_enabled=&#8220;0&#8243;]<\/p>\n<h2>Wer ist f\u00fcr die Verarbeitung Ihrer personenbezogenen Daten verantwortlich?\u00a0<\/h2>\n<p>EUCOTTON.EU (EUCOTTON) ist der Datenverantwortliche f\u00fcr die personenbezogenen Daten des BENUTZERS und informiert Sie hiermit, dass diese Daten in \u00dcbereinstimmung mit der EU-Verordnung 2016\/679 vom 27. April (GDPR) und dem Organgesetz (ES) 3\/2018 vom 5. Dezember (LOPDGDD) verarbeitet werden.<\/p>\n<h2>Wozu verarbeiten wir Ihre personenbezogenen Daten?<\/h2>\n<p>EUCOTTON.EU verwendet Ihre pers\u00f6nlichen Daten, um eine Gesch\u00e4ftsbeziehung mit Ihnen zu unterhalten.<\/p>\n<p>Die gesetzlich vorgesehenen Zwecke f\u00fcr die Verarbeitung der Daten umfassen:\u00a0\u00a0<\/p>\n<ul>\n<li>die Bearbeitung von Bestellungen und Anfragen durch den Benutzer,<\/li>\n<\/ul>\n<ul>\n<li>das Versenden von kommerziellen Mitteilungen und Werbung per E-Mail, Fax, SMS, MMS, soziale Medien oder andere aktuelle oder zuk\u00fcnftige Online- oder Offline-Mittel, die kommerzielle Mitteilungen erm\u00f6glichen (diese Mitteilungen werden von EUCOTTON.EU gemacht und beziehen sich auf ihre Produkte und Dienstleistungen oder auf die ihrer Mitarbeiter oder Anbieter, die eine Werbevereinbarung mit ihnen getroffen haben; in diesem Fall werden Dritte niemals Zugang zu pers\u00f6nlichen Daten erhalten) und<\/li>\n<\/ul>\n<ul>\n<li>die Durchf\u00fchrung von Marktforschung und statistischen Analysen.\u00a0<\/li>\n<\/ul>\n<h2>Was ist die Rechtsgrundlage f\u00fcr die Verarbeitung Ihrer personenbezogenen Daten?<\/h2>\n<p>Die Rechtsgrundlage f\u00fcr die Verarbeitung Ihrer personenbezogenen Daten durch EUCOTTON.EU ist in Artikel 6 der allgemeinen Datenschutzgrundverordnung (DSGVO) wie folgt festgelegt:<\/p>\n<ul>\n<li>Im Hinblick auf die Zustimmung des Benutzers: das Versenden von kommerziellen Mitteilungen und des Newsletters sowie die Bearbeitung von Bestellungen, Anfragen usw. des Benutzers.<\/li>\n<li>Im Hinblick auf die berechtigten Interessen von EUCOTTON.EU: die Durchf\u00fchrung von Marktforschung usw.<\/li>\n<\/ul>\n<h2>Wie lange werden Ihre pers\u00f6nlichen Daten aufbewahrt?<\/h2>\n<p>Ihre pers\u00f6nlichen Daten werden nur so lange aufbewahrt, wie es f\u00fcr die Erreichung der Datenverarbeitungszwecke erforderlich ist oder wie es gesetzliche Vorschriften vorschreiben. Wenn die Aufbewahrung nicht mehr erforderlich ist, werden die Daten unter Anwendung geeigneter Sicherheitsma\u00dfnahmen gel\u00f6scht, um die vollst\u00e4ndige Anonymisierung der personenbezogenen Daten und ihre vollst\u00e4ndige Vernichtung zu gew\u00e4hrleisten.<\/p>\n<h2>An wen werden Ihre personenbezogenen Daten weitergeleitet?<\/h2>\n<p>Ihre personenbezogenen Daten werden nicht an Dritte weitergeleitet. Unsere Dienstanbieter haben im Auftrag von EUCOTTON.EU Zugang zu personenbezogenen Daten, die mit der Kommunikation zusammenh\u00e4ngen. Sie unterliegen jedoch den entsprechenden Geheimhaltungsvereinbarungen und den gesetzlich vorgeschriebenen Vertr\u00e4gen mit Datenverantwortlichen. Ebenso erfolgt keine internationale Daten\u00fcbermittlung au\u00dferhalb des Europ\u00e4ischen Wirtschaftsraums.<\/p>\n<h2>Welche Rechte haben Sie?<\/h2>\n<p>Sie haben als Benutzer folgende Rechte:<\/p>\n<ul>\n<li>Das Recht, die Einwilligung jederzeit zu widerrufen.<\/li>\n<li>Das Recht auf Zugang, Berichtigung, L\u00f6schung und Sperrung ihrer Daten sowie die Einschr\u00e4nkung oder den Widerspruch gegen ihre Verarbeitung.<\/li>\n<li>Das Recht, bei der Aufsichtsbeh\u00f6rde (www.aepd.es) Beschwerde einzulegen, wenn sie der Ansicht sind, dass die Verarbeitung der Daten nicht den geltenden Vorschriften entspricht.<\/li>\n<\/ul>\n<p>Sie k\u00f6nnen die oben genannten Rechte aus\u00fcben, indem Sie eine Anfrage per E-Mail unter Angabe des Rechts, das Sie aus\u00fcben m\u00f6chten, an <a href=\"mailto:info@eucotton.eu\">info@eucotton.eu<\/a> senden.<\/p>\n<h2>Sind Sie verpflichtet, Ihre personenbezogenen Daten anzugeben?<\/h2>\n<p>EUCOTTON.EU informiert Sie dar\u00fcber, dass alle von der Website angeforderten Daten obligatorisch sind, da sie notwendig sind, um dem BENUTZER einen qualitativ hochwertigen Dienst zu bieten. Werden nicht alle Daten angegeben, kann nicht garantiert werden, dass die bereitgestellten Informationen und Dienste vollst\u00e4ndig an Ihre Bed\u00fcrfnisse angepasst sind.<\/p>\n<h2>Welche Sicherheitsma\u00dfnahmen werden von EUCOTTON.EU getroffen?<\/h2>\n<p>EUCOTTON.EU h\u00e4lt sich gem\u00e4\u00df der geltenden Gesetzgebung zu personenbezogenen Daten an alle Bestimmungen der DSGVO und der LOPDGDD \u00fcber die Verarbeitung personenbezogener Daten in seiner Obhut und nat\u00fcrlich an die in Artikel 5 der DSGVO dargelegten Grunds\u00e4tze, wonach die Daten rechtm\u00e4\u00dfig nach Treu und Glauben und in einer gegen\u00fcber der betroffenen Person transparenten Weise sowie angemessen, sachdienlich und auf das f\u00fcr die Zwecke, f\u00fcr die sie verarbeitet werden, erforderliche Ma\u00df beschr\u00e4nkt verarbeitet werden m\u00fcssen.<\/p>\n<p>EUCOTTON.EU garantiert, dass technische und administrative Ma\u00dfnahmen ergriffen wurden, um die von der DSGVO und der LOPDGDD festgelegten Sicherheitsma\u00dfnahmen anzuwenden, um die Rechte und Freiheiten der Benutzer zu sch\u00fctzen, und dass ihnen die zur Aus\u00fcbung dieser Rechte und Freiheiten erforderlichen Informationen mitgeteilt wurden.<\/p>\n<p>F\u00fcr weitere Informationen \u00fcber den Schutz der Privatsph\u00e4re k\u00f6nnen Sie sich \u00fcber eine E-Mail an <a href=\"mailto:info@eucotton.eu\">info@eucotton.eu<\/a> an den DATENSAMMLER wenden.<\/p>\n<p>[\/et_pb_text][\/et_pb_column][\/et_pb_row][\/et_pb_section]<\/p>\n","protected":false},"excerpt":{"rendered":"<p>Datenschutz-richtlinieWer ist f\u00fcr die Verarbeitung Ihrer personenbezogenen Daten verantwortlich?\u00a0 EUCOTTON.EU (EUCOTTON) ist der Datenverantwortliche f\u00fcr die personenbezogenen Daten des BENUTZERS und informiert Sie hiermit, dass diese Daten in \u00dcbereinstimmung mit der EU-Verordnung 2016\/679 vom 27. April (GDPR) und dem Organgesetz (ES) 3\/2018 vom 5. Dezember (LOPDGDD) verarbeitet werden. Wozu verarbeiten wir Ihre personenbezogenen Daten? EUCOTTON.EU [&hellip;]<\/p>\n","protected":false},"author":2,"featured_media":0,"parent":0,"menu_order":11,"comment_status":"closed","ping_status":"closed","template":"","meta":{"_et_pb_use_builder":"on","_et_pb_old_content":"","_et_gb_content_width":"","footnotes":""},"class_list":["post-3633","page","type-page","status-publish","hentry"],"_links":{"self":[{"href":"https:\/\/eucotton.eu\/de\/wp-json\/wp\/v2\/pages\/3633","targetHints":{"allow":["GET"]}}],"collection":[{"href":"https:\/\/eucotton.eu\/de\/wp-json\/wp\/v2\/pages"}],"about":[{"href":"https:\/\/eucotton.eu\/de\/wp-json\/wp\/v2\/types\/page"}],"author":[{"embeddable":true,"href":"https:\/\/eucotton.eu\/de\/wp-json\/wp\/v2\/users\/2"}],"replies":[{"embeddable":true,"href":"https:\/\/eucotton.eu\/de\/wp-json\/wp\/v2\/comments?post=3633"}],"version-history":[{"count":3,"href":"https:\/\/eucotton.eu\/de\/wp-json\/wp\/v2\/pages\/3633\/revisions"}],"predecessor-version":[{"id":3939,"href":"https:\/\/eucotton.eu\/de\/wp-json\/wp\/v2\/pages\/3633\/revisions\/3939"}],"wp:attachment":[{"href":"https:\/\/eucotton.eu\/de\/wp-json\/wp\/v2\/media?parent=3633"}],"curies":[{"name":"wp","href":"https:\/\/api.w.org\/{rel}","templated":true}]}}