{"id":2385,"date":"2024-07-17T12:48:29","date_gmt":"2024-07-17T12:48:29","guid":{"rendered":"https:\/\/eucotton.eu\/ventajas-de-algodon-europeo-frente-a-otros-textiles\/"},"modified":"2024-10-11T07:45:04","modified_gmt":"2024-10-11T07:45:04","slug":"ventajas-de-algodon-europeo-frente-a-otros-textiles","status":"publish","type":"page","link":"https:\/\/eucotton.eu\/es\/ventajas-de-algodon-europeo-frente-a-otros-textiles\/","title":{"rendered":"Ventajas de algod\u00f3n europeo frente a otros textiles"},"content":{"rendered":"<p>[et_pb_section fb_built=\u00bb1&#8243; specialty=\u00bbon\u00bb disabled_on=\u00bboff|off|off\u00bb admin_label=\u00bbHeader\u00bb _builder_version=\u00bb4.16&#8243; da_disable_devices=\u00bboff|off|off\u00bb global_colors_info=\u00bb{}\u00bb da_is_popup=\u00bboff\u00bb da_exit_intent=\u00bboff\u00bb da_has_close=\u00bbon\u00bb da_alt_close=\u00bboff\u00bb da_dark_close=\u00bboff\u00bb da_not_modal=\u00bbon\u00bb da_is_singular=\u00bboff\u00bb da_with_loader=\u00bboff\u00bb da_has_shadow=\u00bbon\u00bb][et_pb_column type=\u00bb2_3&#8243; specialty_columns=\u00bb2&#8243; _builder_version=\u00bb4.16&#8243; custom_padding=\u00bb|||\u00bb global_colors_info=\u00bb{}\u00bb custom_padding__hover=\u00bb|||\u00bb][et_pb_row_inner _builder_version=\u00bb4.16&#8243; locked=\u00bboff\u00bb global_colors_info=\u00bb{}\u00bb][et_pb_column_inner saved_specialty_column_type=\u00bb2_3&#8243; _builder_version=\u00bb4.16&#8243; global_colors_info=\u00bb{}\u00bb][et_pb_text _builder_version=\u00bb4.27.2&#8243; text_font=\u00bbActor|300|||||||\u00bb text_text_color=\u00bb#0cb4ce\u00bb text_font_size=\u00bb24px\u00bb text_line_height=\u00bb1.4em\u00bb header_font=\u00bbPioggia Com||||||||\u00bb header_text_color=\u00bb#0c005e\u00bb header_font_size=\u00bb70px\u00bb header_letter_spacing=\u00bb2px\u00bb custom_margin_tablet=\u00bb-46px||||false|false\u00bb custom_margin_phone=\u00bb-40px||||false|false\u00bb custom_margin_last_edited=\u00bbon|phone\u00bb hover_enabled=\u00bb0&#8243; text_font_size_tablet=\u00bb\u00bb text_font_size_phone=\u00bb20px\u00bb text_font_size_last_edited=\u00bbon|desktop\u00bb header_font_size_tablet=\u00bb56px\u00bb header_font_size_phone=\u00bb40px\u00bb header_font_size_last_edited=\u00bbon|phone\u00bb text_orientation_tablet=\u00bbleft\u00bb text_orientation_last_edited=\u00bboff|phone\u00bb locked=\u00bboff\u00bb global_colors_info=\u00bb{}\u00bb sticky_enabled=\u00bb0&#8243;]<\/p>\n<h1>Ventajas de algod\u00f3n europeo frente a otros textiles<\/h1>\n<p>VENTAJAS DE EUCOTTON<\/p>\n<p>[\/et_pb_text][\/et_pb_column_inner][\/et_pb_row_inner][et_pb_row_inner column_structure=\u00bb1_2,1_2&#8243; _builder_version=\u00bb4.18.0&#8243; custom_margin_tablet=\u00bb-63px||||false|false\u00bb custom_margin_phone=\u00bb-51px||||false|false\u00bb custom_margin_last_edited=\u00bbon|phone\u00bb locked=\u00bboff\u00bb global_colors_info=\u00bb{}\u00bb][et_pb_column_inner type=\u00bb1_2&#8243; saved_specialty_column_type=\u00bb2_3&#8243; _builder_version=\u00bb4.16&#8243; custom_padding=\u00bb||||false|false\u00bb global_colors_info=\u00bb{}\u00bb][et_pb_image src=\u00bbhttps:\/\/eucotton.eu\/wp-content\/uploads\/2024\/07\/textile_industry.jpg\u00bb title_text=\u00bbtextile_industry\u00bb _builder_version=\u00bb4.25.1&#8243; border_radii=\u00bboff|||200px|\u00bb locked=\u00bboff\u00bb global_colors_info=\u00bb{}\u00bb][\/et_pb_image][\/et_pb_column_inner][et_pb_column_inner type=\u00bb1_2&#8243; saved_specialty_column_type=\u00bb2_3&#8243; _builder_version=\u00bb4.16&#8243; custom_padding=\u00bb||||false|false\u00bb global_colors_info=\u00bb{}\u00bb][et_pb_text _builder_version=\u00bb4.27.2&#8243; text_text_color=\u00bbrgba(0,0,0,0.44)\u00bb text_font_size=\u00bb18px\u00bb text_line_height=\u00bb1.8em\u00bb header_2_font=\u00bbPioggia Com||||||||\u00bb header_2_text_color=\u00bb#0c005e\u00bb header_2_font_size=\u00bb45px\u00bb header_5_font=\u00bbRubik||||||||\u00bb header_5_font_size=\u00bb18px\u00bb header_5_line_height=\u00bb1.8em\u00bb locked=\u00bboff\u00bb global_colors_info=\u00bb{}\u00bb]<\/p>\n<h2>Liberar el potencial del algod\u00f3n europeo: Potenciar las cadenas de suministro y las pr\u00e1cticas sostenibles<\/h2>\n<p>El algod\u00f3n europeo representa una oportunidad de oro para que la industria textil y el comercio minorista europeos establezcan cadenas de suministro regionales trazables y transparentes. <span style=\"color: #0c005e;\"><strong>EUCOTTON se produce y procesa \u00fanicamente en pa\u00edses de la UE.<\/strong><\/span> Al abastecerse de algod\u00f3n m\u00e1s cerca de casa, se puede crear una conexi\u00f3n directa entre productores y consumidores, fomentando un sentimiento de confianza en los productos que vestimos.<\/p>\n<p>[\/et_pb_text][\/et_pb_column_inner][\/et_pb_row_inner][\/et_pb_column][et_pb_column type=\u00bb1_3&#8243; _builder_version=\u00bb4.16&#8243; custom_padding=\u00bb|||\u00bb global_colors_info=\u00bb{}\u00bb custom_padding__hover=\u00bb|||\u00bb][et_pb_image src=\u00bbhttps:\/\/eucotton.eu\/wp-content\/uploads\/2024\/07\/european_cotton.jpg\u00bb title_text=\u00bbCotton flower and material\u00bb _builder_version=\u00bb4.25.1&#8243; custom_margin=\u00bb|-5vw|||false|false\u00bb border_radii=\u00bbon|200px|200px|200px|200px\u00bb border_radii_last_edited=\u00bboff|tablet\u00bb global_colors_info=\u00bb{}\u00bb][\/et_pb_image][\/et_pb_column][\/et_pb_section][et_pb_section fb_built=\u00bb1&#8243; admin_label=\u00bbFAQ\u00bb _builder_version=\u00bb4.25.1&#8243; _module_preset=\u00bbdefault\u00bb background_enable_color=\u00bboff\u00bb custom_margin=\u00bb0px||0px||false|false\u00bb custom_margin_tablet=\u00bb\u00bb custom_margin_phone=\u00bb49px||||false|false\u00bb custom_margin_last_edited=\u00bbon|phone\u00bb custom_padding=\u00bb0px||0px||false|false\u00bb da_disable_devices=\u00bboff|off|off\u00bb locked=\u00bboff\u00bb global_colors_info=\u00bb{}\u00bb da_is_popup=\u00bboff\u00bb da_exit_intent=\u00bboff\u00bb da_has_close=\u00bbon\u00bb da_alt_close=\u00bboff\u00bb da_dark_close=\u00bboff\u00bb da_not_modal=\u00bbon\u00bb da_is_singular=\u00bboff\u00bb da_with_loader=\u00bboff\u00bb da_has_shadow=\u00bbon\u00bb][et_pb_row _builder_version=\u00bb4.18.0&#8243; _module_preset=\u00bbdefault\u00bb width=\u00bb60%\u00bb global_colors_info=\u00bb{}\u00bb][et_pb_column type=\u00bb4_4&#8243; _builder_version=\u00bb4.18.0&#8243; _module_preset=\u00bbdefault\u00bb global_colors_info=\u00bb{}\u00bb][et_pb_text _builder_version=\u00bb4.27.2&#8243; _module_preset=\u00bbdefault\u00bb text_font=\u00bbActor||||||||\u00bb text_font_size=\u00bb18px\u00bb global_colors_info=\u00bb{}\u00bb]<\/p>\n<p>Adoptar la calidad superior de las fibras de algod\u00f3n producidas localmente no s\u00f3lo garantiza una huella de carbono reducida, sino que tambi\u00e9n permite a los consumidores experimentar plenamente la excelencia y la artesan\u00eda inigualables de EUCOTTON.<\/p>\n<p>Con EUCOTTON, podemos fabricar productos textiles duraderos que superan la prueba del tiempo. Gracias a su excepcional calidad, estas prendas pueden ser reparadas, recicladas y reutilizadas, promoviendo una econom\u00eda circular y minimizando los residuos. Al elegir EUCOTTON, contribuimos a un futuro m\u00e1s sostenible, en el que se conservan los recursos y se reduce el impacto medioambiental.<\/p>\n<p>Adem\u00e1s, el algod\u00f3n europeo, al ser el cultivo m\u00e1s temprano del hemisferio norte, apoya la producci\u00f3n oportuna de la industria textil para satisfacer las demandas de los consumidores con eficiencia y rapidez, de modo que podamos disfrutar antes de los beneficios de esta extraordinaria fibra.<br \/>EUCOTTON se fabrica con orgullo a partir de semillas no modificadas gen\u00e9ticamente, lo que garantiza que nuestros tejidos est\u00e1n libres de modificaciones gen\u00e9ticas. Este compromiso con los m\u00e9todos de cultivo naturales y tradicionales se alinea con nuestros valores de sostenibilidad y pr\u00e1cticas \u00e9ticas.<\/p>\n<p>Adem\u00e1s, el algod\u00f3n europeo destaca por ser una materia prima reciclable con emisiones significativamente m\u00e1s bajas. En comparaci\u00f3n con la producci\u00f3n de fibras sint\u00e9ticas como el poli\u00e9ster, el algod\u00f3n europeo genera tres veces menos gases de efecto invernadero. Al elegir EUCOTTON, contribuimos activamente a reducir nuestra huella de carbono y a adoptar un enfoque de la moda m\u00e1s respetuoso con el medio ambiente.<\/p>\n<p>Aprovechemos el inmenso potencial del algod\u00f3n europeo, apoyando a las industrias locales, fomentando la transparencia y creando un futuro sostenible en el que prosperen la calidad, la trazabilidad y la conciencia medioambiental.<\/p>\n<p>[\/et_pb_text][\/et_pb_column][\/et_pb_row][\/et_pb_section]<\/p>\n","protected":false},"excerpt":{"rendered":"<p>Ventajas de algod\u00f3n europeo frente a otros textiles VENTAJAS DE EUCOTTONLiberar el potencial del algod\u00f3n europeo: Potenciar las cadenas de suministro y las pr\u00e1cticas sostenibles El algod\u00f3n europeo representa una oportunidad de oro para que la industria textil y el comercio minorista europeos establezcan cadenas de suministro regionales trazables y transparentes. EUCOTTON se produce y [&hellip;]<\/p>\n","protected":false},"author":2,"featured_media":0,"parent":0,"menu_order":2,"comment_status":"closed","ping_status":"closed","template":"","meta":{"_et_pb_use_builder":"on","_et_pb_old_content":"","_et_gb_content_width":"","footnotes":""},"class_list":["post-2385","page","type-page","status-publish","hentry"],"_links":{"self":[{"href":"https:\/\/eucotton.eu\/es\/wp-json\/wp\/v2\/pages\/2385","targetHints":{"allow":["GET"]}}],"collection":[{"href":"https:\/\/eucotton.eu\/es\/wp-json\/wp\/v2\/pages"}],"about":[{"href":"https:\/\/eucotton.eu\/es\/wp-json\/wp\/v2\/types\/page"}],"author":[{"embeddable":true,"href":"https:\/\/eucotton.eu\/es\/wp-json\/wp\/v2\/users\/2"}],"replies":[{"embeddable":true,"href":"https:\/\/eucotton.eu\/es\/wp-json\/wp\/v2\/comments?post=2385"}],"version-history":[{"count":7,"href":"https:\/\/eucotton.eu\/es\/wp-json\/wp\/v2\/pages\/2385\/revisions"}],"predecessor-version":[{"id":3430,"href":"https:\/\/eucotton.eu\/es\/wp-json\/wp\/v2\/pages\/2385\/revisions\/3430"}],"wp:attachment":[{"href":"https:\/\/eucotton.eu\/es\/wp-json\/wp\/v2\/media?parent=2385"}],"curies":[{"name":"wp","href":"https:\/\/api.w.org\/{rel}","templated":true}]}}