{"id":2390,"date":"2024-07-17T12:05:13","date_gmt":"2024-07-17T12:05:13","guid":{"rendered":"https:\/\/eucotton.eu\/produccion-de-algodon-en-europa\/"},"modified":"2024-10-04T10:46:24","modified_gmt":"2024-10-04T10:46:24","slug":"produccion-de-algodon-en-europa","status":"publish","type":"page","link":"https:\/\/eucotton.eu\/es\/algodon-europeo\/produccion-de-algodon-en-europa\/","title":{"rendered":"Producci\u00f3n de algod\u00f3n en Europa"},"content":{"rendered":"<p>[et_pb_section fb_built=\u00bb1&#8243; specialty=\u00bbon\u00bb disabled_on=\u00bboff|off|off\u00bb admin_label=\u00bbHeader\u00bb _builder_version=\u00bb4.16&#8243; da_disable_devices=\u00bboff|off|off\u00bb global_colors_info=\u00bb{}\u00bb da_is_popup=\u00bboff\u00bb da_exit_intent=\u00bboff\u00bb da_has_close=\u00bbon\u00bb da_alt_close=\u00bboff\u00bb da_dark_close=\u00bboff\u00bb da_not_modal=\u00bbon\u00bb da_is_singular=\u00bboff\u00bb da_with_loader=\u00bboff\u00bb da_has_shadow=\u00bbon\u00bb][et_pb_column type=\u00bb2_3&#8243; specialty_columns=\u00bb2&#8243; _builder_version=\u00bb4.16&#8243; custom_padding=\u00bb|||\u00bb global_colors_info=\u00bb{}\u00bb custom_padding__hover=\u00bb|||\u00bb][et_pb_row_inner _builder_version=\u00bb4.16&#8243; locked=\u00bboff\u00bb global_colors_info=\u00bb{}\u00bb][et_pb_column_inner saved_specialty_column_type=\u00bb2_3&#8243; _builder_version=\u00bb4.16&#8243; global_colors_info=\u00bb{}\u00bb][et_pb_text _builder_version=\u00bb4.27.2&#8243; text_font=\u00bbActor|300|||||||\u00bb text_text_color=\u00bb#0cb4ce\u00bb text_font_size=\u00bb24px\u00bb text_line_height=\u00bb1.4em\u00bb header_font=\u00bbPioggia Com||||||||\u00bb header_text_color=\u00bb#0c005e\u00bb header_font_size=\u00bb70px\u00bb header_letter_spacing=\u00bb2px\u00bb header_line_height=\u00bb0.8em\u00bb custom_margin_tablet=\u00bb-37px||||false|false\u00bb custom_margin_phone=\u00bb-37px||||false|false\u00bb custom_margin_last_edited=\u00bbon|tablet\u00bb text_font_size_tablet=\u00bb\u00bb text_font_size_phone=\u00bb20px\u00bb text_font_size_last_edited=\u00bbon|desktop\u00bb header_font_size_tablet=\u00bb56px\u00bb header_font_size_phone=\u00bb40px\u00bb header_font_size_last_edited=\u00bbon|phone\u00bb text_orientation_tablet=\u00bbleft\u00bb text_orientation_last_edited=\u00bboff|phone\u00bb locked=\u00bboff\u00bb global_colors_info=\u00bb{}\u00bb]<\/p>\n<h1>Producci\u00f3n de algod\u00f3n en Europa<\/h1>\n<p>100% DISE\u00d1ADO EN EUROPA<\/p>\n<p>[\/et_pb_text][\/et_pb_column_inner][\/et_pb_row_inner][et_pb_row_inner column_structure=\u00bb1_2,1_2&#8243; _builder_version=\u00bb4.16&#8243; locked=\u00bboff\u00bb global_colors_info=\u00bb{}\u00bb][et_pb_column_inner type=\u00bb1_2&#8243; saved_specialty_column_type=\u00bb2_3&#8243; _builder_version=\u00bb4.16&#8243; custom_padding=\u00bb||||false|false\u00bb global_colors_info=\u00bb{}\u00bb][et_pb_image src=\u00bbhttps:\/\/eucotton.eu\/wp-content\/uploads\/2022\/09\/campaign_01.jpg\u00bb title_text=\u00bbcampaign_01&#8243; align_last_edited=\u00bboff|tablet\u00bb _builder_version=\u00bb4.18.0&#8243; height_last_edited=\u00bboff|tablet\u00bb module_alignment_last_edited=\u00bboff|tablet\u00bb border_radii=\u00bboff|||200px|\u00bb locked=\u00bboff\u00bb global_colors_info=\u00bb{}\u00bb][\/et_pb_image][\/et_pb_column_inner][et_pb_column_inner type=\u00bb1_2&#8243; saved_specialty_column_type=\u00bb2_3&#8243; _builder_version=\u00bb4.16&#8243; custom_padding=\u00bb||||false|false\u00bb global_colors_info=\u00bb{}\u00bb][et_pb_text _builder_version=\u00bb4.27.2&#8243; text_text_color=\u00bbrgba(0,0,0,0.44)\u00bb text_font_size=\u00bb18px\u00bb text_line_height=\u00bb1.8em\u00bb header_2_text_color=\u00bb#0c005e\u00bb header_2_font_size=\u00bb45px\u00bb header_5_font=\u00bbRubik||||||||\u00bb header_5_font_size=\u00bb18px\u00bb header_5_line_height=\u00bb1.8em\u00bb locked=\u00bboff\u00bb global_colors_info=\u00bb{}\u00bb]La <span style=\"color: #0c005e;\"><strong>Uni\u00f3n Europea<\/strong><\/span> es un actor clave en el sector del algod\u00f3n y figura entre los <span style=\"color: #0c005e;\"><strong>10 primeros exportadores mundiales. <\/strong><\/span><\/p>\n<p>En Europa se producen unas <span style=\"color: #0c005e;\"><strong>360.000 toneladas de algod\u00f3n<\/strong><\/span>, lo que representa el <span style=\"color: #0c005e;\"><strong>2% de la producci\u00f3n mundial<\/strong><\/span>, que se cultiva en unas <span style=\"color: #0c005e;\"><strong>200.000 hect\u00e1reas en Grecia<\/strong><\/span> y m\u00e1s de <span style=\"color: #0c005e;\"><strong>60.000 hect\u00e1reas en Espa\u00f1a.<\/strong><\/span><\/p>\n<p>Todo ello tiene su origen en la <span style=\"color: #0c005e;\"><strong>larga tradici\u00f3n algodonera de Grecia y Espa\u00f1a<\/strong><\/span>. Grecia produce aproximadamente el 80% de EUCOTTON y Espa\u00f1a el 20%. Una fibra conocida por su <span style=\"color: #0c005e;\"><strong>alta calidad<\/strong><\/span> y su <span style=\"color: #0c005e;\"><strong>gran demandada en los pa\u00edses fabricantes de textiles.<\/strong><\/span>[\/et_pb_text][\/et_pb_column_inner][\/et_pb_row_inner][\/et_pb_column][et_pb_column type=\u00bb1_3&#8243; _builder_version=\u00bb4.16&#8243; custom_padding=\u00bb|||\u00bb global_colors_info=\u00bb{}\u00bb custom_padding__hover=\u00bb|||\u00bb][et_pb_image src=\u00bbhttps:\/\/eucotton.eu\/wp-content\/uploads\/2022\/09\/campaign_02.jpg\u00bb title_text=\u00bbcampaign_02&#8243; disabled_on=\u00bbon|on|off\u00bb _builder_version=\u00bb4.18.0&#8243; custom_margin=\u00bb|-5vw|||false|false\u00bb border_radii=\u00bbon|200px|200px|200px|200px\u00bb border_radii_last_edited=\u00bboff|tablet\u00bb global_colors_info=\u00bb{}\u00bb][\/et_pb_image][\/et_pb_column][\/et_pb_section][et_pb_section fb_built=\u00bb1&#8243; _builder_version=\u00bb4.25.1&#8243; _module_preset=\u00bbdefault\u00bb da_disable_devices=\u00bboff|off|off\u00bb global_colors_info=\u00bb{}\u00bb da_is_popup=\u00bboff\u00bb da_exit_intent=\u00bboff\u00bb da_has_close=\u00bbon\u00bb da_alt_close=\u00bboff\u00bb da_dark_close=\u00bboff\u00bb da_not_modal=\u00bbon\u00bb da_is_singular=\u00bboff\u00bb da_with_loader=\u00bboff\u00bb da_has_shadow=\u00bbon\u00bb][et_pb_row column_structure=\u00bb1_3,1_3,1_3&#8243; use_custom_gutter=\u00bbon\u00bb gutter_width=\u00bb2&#8243; _builder_version=\u00bb4.25.1&#8243; _module_preset=\u00bbdefault\u00bb custom_margin=\u00bb0px||||false|false\u00bb custom_padding=\u00bb0px||||false|false\u00bb global_colors_info=\u00bb{}\u00bb][et_pb_column type=\u00bb1_3&#8243; _builder_version=\u00bb4.25.1&#8243; _module_preset=\u00bbdefault\u00bb global_colors_info=\u00bb{}\u00bb][et_pb_image src=\u00bbhttps:\/\/eucotton.eu\/wp-content\/uploads\/2024\/07\/export-2.jpg\u00bb title_text=\u00bbexport 2&#8243; _builder_version=\u00bb4.25.1&#8243; _module_preset=\u00bbdefault\u00bb border_radii=\u00bboff|||60px|\u00bb global_colors_info=\u00bb{}\u00bb][\/et_pb_image][et_pb_text _builder_version=\u00bb4.27.2&#8243; _module_preset=\u00bb3fc5abb1-35dc-424b-b073-9c70a2f7c68a\u00bb header_font=\u00bb||||||||\u00bb header_4_font=\u00bbActor||||||||\u00bb header_4_text_color=\u00bb#2c2b4c\u00bb header_4_line_height=\u00bb1.5em\u00bb custom_margin=\u00bb||0px||false|false\u00bb header_4_font_size_tablet=\u00bb16px\u00bb header_4_font_size_phone=\u00bb14px\u00bb header_4_font_size_last_edited=\u00bbon|desktop\u00bb global_colors_info=\u00bb{}\u00bb]<\/p>\n<h4>El 75% del algod\u00f3n producido en Europa se exporta a pa\u00edses principalmente de la cuenca mediterr\u00e1nea (Turqu\u00eda, Egipto, Marruecos, etc.), as\u00ed como al sudeste asi\u00e1tico.<\/h4>\n<p>[\/et_pb_text][\/et_pb_column][et_pb_column type=\u00bb1_3&#8243; _builder_version=\u00bb4.25.1&#8243; _module_preset=\u00bbdefault\u00bb global_colors_info=\u00bb{}\u00bb][et_pb_image src=\u00bbhttps:\/\/eucotton.eu\/wp-content\/uploads\/2024\/07\/import-2.jpg\u00bb title_text=\u00bbimport 2&#8243; _builder_version=\u00bb4.25.1&#8243; _module_preset=\u00bbdefault\u00bb border_radii=\u00bboff|||60px|\u00bb global_colors_info=\u00bb{}\u00bb][\/et_pb_image][et_pb_text _builder_version=\u00bb4.27.2&#8243; _module_preset=\u00bb3fc5abb1-35dc-424b-b073-9c70a2f7c68a\u00bb header_font=\u00bb||||||||\u00bb header_4_font=\u00bbActor||||||||\u00bb header_4_text_color=\u00bb#2c2b4c\u00bb header_4_line_height=\u00bb1.5em\u00bb custom_margin=\u00bb||0px||false|false\u00bb header_4_font_size_tablet=\u00bb16px\u00bb header_4_font_size_phone=\u00bb14px\u00bb header_4_font_size_last_edited=\u00bbon|desktop\u00bb locked=\u00bboff\u00bb global_colors_info=\u00bb{}\u00bb]<\/p>\n<h4>Una gran cantidad del algod\u00f3n exportado se reintroduce en los mercados europeos en forma de productos textiles confeccionados.<\/h4>\n<p>[\/et_pb_text][\/et_pb_column][et_pb_column type=\u00bb1_3&#8243; _builder_version=\u00bb4.25.1&#8243; _module_preset=\u00bbdefault\u00bb global_colors_info=\u00bb{}\u00bb][et_pb_image src=\u00bbhttps:\/\/eucotton.eu\/wp-content\/uploads\/2024\/07\/industry.jpg\u00bb title_text=\u00bbindustry\u00bb _builder_version=\u00bb4.25.1&#8243; _module_preset=\u00bbdefault\u00bb border_radii=\u00bboff|||60px|\u00bb global_colors_info=\u00bb{}\u00bb][\/et_pb_image][et_pb_text _builder_version=\u00bb4.27.2&#8243; _module_preset=\u00bb3fc5abb1-35dc-424b-b073-9c70a2f7c68a\u00bb header_font=\u00bb||||||||\u00bb header_4_font=\u00bbActor||||||||\u00bb header_4_text_color=\u00bb#2c2b4c\u00bb header_4_line_height=\u00bb1.5em\u00bb custom_margin=\u00bb||0px||false|false\u00bb header_4_font_size_tablet=\u00bb16px\u00bb header_4_font_size_phone=\u00bb14px\u00bb header_4_font_size_last_edited=\u00bbon|desktop\u00bb global_colors_info=\u00bb{}\u00bb]<\/p>\n<h4>El 25% del algod\u00f3n producido en Europa es utilizado directamente por la industria textil europea, que cubre el 40% de las necesidades nacionales.<\/h4>\n<p>[\/et_pb_text][\/et_pb_column][\/et_pb_row][et_pb_row column_structure=\u00bb1_2,1_2&#8243; _builder_version=\u00bb4.25.1&#8243; _module_preset=\u00bbdefault\u00bb global_colors_info=\u00bb{}\u00bb][et_pb_column type=\u00bb1_2&#8243; _builder_version=\u00bb4.25.1&#8243; _module_preset=\u00bbdefault\u00bb global_colors_info=\u00bb{}\u00bb][et_pb_text _builder_version=\u00bb4.27.2&#8243; text_text_color=\u00bbrgba(0,0,0,0.44)\u00bb text_font_size=\u00bb18px\u00bb text_line_height=\u00bb1.8em\u00bb header_2_text_color=\u00bb#0c005e\u00bb header_2_font_size=\u00bb45px\u00bb header_5_font=\u00bbRubik||||||||\u00bb header_5_font_size=\u00bb18px\u00bb header_5_line_height=\u00bb1.8em\u00bb locked=\u00bboff\u00bb global_colors_info=\u00bb{}\u00bb]<\/p>\n<p>Grecia y Espa\u00f1a son actores clave en la producci\u00f3n de algod\u00f3n dentro de Europa, demostrando su experiencia y contribuci\u00f3n a la industria algodonera mundial.<\/p>\n<p>Grecia, con su clima favorable y su suelo f\u00e9rtil, tiene una larga tradici\u00f3n en la producci\u00f3n de algod\u00f3n. Las explotaciones algodoneras del pa\u00eds se encuentran principalmente en Tesalia y en la regi\u00f3n septentrional de Macedonia y Tracia.<\/p>\n<p>[\/et_pb_text][\/et_pb_column][et_pb_column type=\u00bb1_2&#8243; _builder_version=\u00bb4.25.1&#8243; _module_preset=\u00bbdefault\u00bb global_colors_info=\u00bb{}\u00bb][et_pb_image src=\u00bbhttps:\/\/eucotton.eu\/wp-content\/uploads\/2024\/10\/greece_es-scaled.jpg\u00bb title_text=\u00bbgreece_es\u00bb _builder_version=\u00bb4.27.2&#8243; _module_preset=\u00bbdefault\u00bb hover_enabled=\u00bb0&#8243; border_radii=\u00bboff|||60px|\u00bb global_colors_info=\u00bb{}\u00bb sticky_enabled=\u00bb0&#8243;][\/et_pb_image][\/et_pb_column][\/et_pb_row][et_pb_row column_structure=\u00bb1_2,1_2&#8243; _builder_version=\u00bb4.25.1&#8243; _module_preset=\u00bbdefault\u00bb global_colors_info=\u00bb{}\u00bb][et_pb_column type=\u00bb1_2&#8243; _builder_version=\u00bb4.25.1&#8243; _module_preset=\u00bbdefault\u00bb global_colors_info=\u00bb{}\u00bb][et_pb_image src=\u00bbhttps:\/\/eucotton.eu\/wp-content\/uploads\/2024\/10\/spain_es-scaled.jpg\u00bb title_text=\u00bbspain_es\u00bb _builder_version=\u00bb4.27.2&#8243; _module_preset=\u00bbdefault\u00bb hover_enabled=\u00bb0&#8243; border_radii=\u00bboff|||60px|\u00bb global_colors_info=\u00bb{}\u00bb sticky_enabled=\u00bb0&#8243;][\/et_pb_image][\/et_pb_column][et_pb_column type=\u00bb1_2&#8243; _builder_version=\u00bb4.25.1&#8243; _module_preset=\u00bbdefault\u00bb global_colors_info=\u00bb{}\u00bb][et_pb_text _builder_version=\u00bb4.27.2&#8243; text_text_color=\u00bbrgba(0,0,0,0.44)\u00bb text_font_size=\u00bb18px\u00bb text_line_height=\u00bb1.8em\u00bb header_2_text_color=\u00bb#0c005e\u00bb header_2_font_size=\u00bb45px\u00bb header_5_font=\u00bbRubik||||||||\u00bb header_5_font_size=\u00bb18px\u00bb header_5_line_height=\u00bb1.8em\u00bb locked=\u00bboff\u00bb global_colors_info=\u00bb{}\u00bb]<\/p>\n<p>Del mismo modo, Espa\u00f1a se ha consolidado como el segundo mayor productor de algod\u00f3n de Europa. La regi\u00f3n meridional de Andaluc\u00eda, con su c\u00e1lido clima mediterr\u00e1neo, ofrece un entorno ideal para el cultivo del algod\u00f3n. La producci\u00f3n de algod\u00f3n se concentra en el Valle del Guadalquivir, concretamente en las provincias de Sevilla y C\u00e1diz; y, en menor medida, en C\u00f3rdoba y Ja\u00e9n.<\/p>\n<p>[\/et_pb_text][\/et_pb_column][\/et_pb_row][et_pb_row _builder_version=\u00bb4.25.1&#8243; _module_preset=\u00bbdefault\u00bb global_colors_info=\u00bb{}\u00bb][et_pb_column type=\u00bb4_4&#8243; _builder_version=\u00bb4.25.1&#8243; _module_preset=\u00bbdefault\u00bb global_colors_info=\u00bb{}\u00bb][et_pb_text _builder_version=\u00bb4.27.2&#8243; text_text_color=\u00bbrgba(0,0,0,0.44)\u00bb text_font_size=\u00bb18px\u00bb text_line_height=\u00bb1.8em\u00bb header_2_text_color=\u00bb#0c005e\u00bb header_2_font_size=\u00bb45px\u00bb header_5_font=\u00bbRubik||||||||\u00bb header_5_font_size=\u00bb18px\u00bb header_5_line_height=\u00bb1.8em\u00bb locked=\u00bboff\u00bb global_colors_info=\u00bb{}\u00bb]<\/p>\n<p>Tanto Grecia como Espa\u00f1a han adoptado la producci\u00f3n sostenible de algod\u00f3n, dando prioridad a la gesti\u00f3n responsable del agua, la reducci\u00f3n del uso de pesticidas y la utilizaci\u00f3n eficiente de los recursos. Su compromiso con las pr\u00e1cticas sostenibles garantiza la conservaci\u00f3n de los ecosistemas naturales y el bienestar de las comunidades locales.<\/p>\n<p>[\/et_pb_text][et_pb_image src=\u00bbhttps:\/\/eucotton.eu\/wp-content\/uploads\/2024\/07\/eu_cotton.jpg\u00bb title_text=\u00bbCotton Field 2&#8243; _builder_version=\u00bb4.25.1&#8243; _module_preset=\u00bbdefault\u00bb global_colors_info=\u00bb{}\u00bb][\/et_pb_image][et_pb_text _builder_version=\u00bb4.27.2&#8243; text_text_color=\u00bbrgba(0,0,0,0.44)\u00bb text_font_size=\u00bb18px\u00bb text_line_height=\u00bb1.8em\u00bb header_2_text_color=\u00bb#0c005e\u00bb header_2_font_size=\u00bb45px\u00bb header_5_font=\u00bbRubik||||||||\u00bb header_5_font_size=\u00bb18px\u00bb header_5_line_height=\u00bb1.8em\u00bb locked=\u00bboff\u00bb global_colors_info=\u00bb{}\u00bb]<\/p>\n<p>El algod\u00f3n producido en Grecia y Espa\u00f1a contribuye no s\u00f3lo a la industria textil nacional, sino tambi\u00e9n a la cadena de suministro europea y mundial. Se utiliza ampliamente en la producci\u00f3n de diversos productos, como prendas de vestir, textiles para el hogar y aplicaciones industriales.<\/p>\n<p>El algod\u00f3n europeo es famoso por su excepcional calidad, que lo hace muy apreciado en la industria textil, sobre todo para tejidos de primera calidad y prendas de lujo.<\/p>\n<p>La experiencia de Grecia y Espa\u00f1a en la producci\u00f3n de algod\u00f3n, unida a su compromiso con la sostenibilidad, los sit\u00faa como actores influyentes en el mercado algodonero europeo y mundial. Su dedicaci\u00f3n a la calidad y a las pr\u00e1cticas responsables sigue dando forma a la industria algodonera, subrayando la importancia de estos pa\u00edses en el panorama algodonero europeo.<\/p>\n<p>[\/et_pb_text][\/et_pb_column][\/et_pb_row][\/et_pb_section]<\/p>\n","protected":false},"excerpt":{"rendered":"<p>Producci\u00f3n de algod\u00f3n en Europa 100% DISE\u00d1ADO EN EUROPALa Uni\u00f3n Europea es un actor clave en el sector del algod\u00f3n y figura entre los 10 primeros exportadores mundiales. En Europa se producen unas 360.000 toneladas de algod\u00f3n, lo que representa el 2% de la producci\u00f3n mundial, que se cultiva en unas 200.000 hect\u00e1reas en Grecia [&hellip;]<\/p>\n","protected":false},"author":2,"featured_media":0,"parent":2408,"menu_order":2,"comment_status":"closed","ping_status":"closed","template":"","meta":{"_et_pb_use_builder":"on","_et_pb_old_content":"","_et_gb_content_width":"","footnotes":""},"class_list":["post-2390","page","type-page","status-publish","hentry"],"_links":{"self":[{"href":"https:\/\/eucotton.eu\/es\/wp-json\/wp\/v2\/pages\/2390","targetHints":{"allow":["GET"]}}],"collection":[{"href":"https:\/\/eucotton.eu\/es\/wp-json\/wp\/v2\/pages"}],"about":[{"href":"https:\/\/eucotton.eu\/es\/wp-json\/wp\/v2\/types\/page"}],"author":[{"embeddable":true,"href":"https:\/\/eucotton.eu\/es\/wp-json\/wp\/v2\/users\/2"}],"replies":[{"embeddable":true,"href":"https:\/\/eucotton.eu\/es\/wp-json\/wp\/v2\/comments?post=2390"}],"version-history":[{"count":5,"href":"https:\/\/eucotton.eu\/es\/wp-json\/wp\/v2\/pages\/2390\/revisions"}],"predecessor-version":[{"id":2438,"href":"https:\/\/eucotton.eu\/es\/wp-json\/wp\/v2\/pages\/2390\/revisions\/2438"}],"up":[{"embeddable":true,"href":"https:\/\/eucotton.eu\/es\/wp-json\/wp\/v2\/pages\/2408"}],"wp:attachment":[{"href":"https:\/\/eucotton.eu\/es\/wp-json\/wp\/v2\/media?parent=2390"}],"curies":[{"name":"wp","href":"https:\/\/api.w.org\/{rel}","templated":true}]}}