{"id":2405,"date":"2024-07-17T11:15:49","date_gmt":"2024-07-17T11:15:49","guid":{"rendered":"https:\/\/eucotton.eu\/el-futuro-del-algodon-europeo\/"},"modified":"2024-10-04T10:42:39","modified_gmt":"2024-10-04T10:42:39","slug":"el-futuro-del-algodon-europeo","status":"publish","type":"page","link":"https:\/\/eucotton.eu\/es\/algodon-europeo\/el-futuro-del-algodon-europeo\/","title":{"rendered":"El futuro del algod\u00f3n europeo"},"content":{"rendered":"<p>[et_pb_section fb_built=\u00bb1&#8243; specialty=\u00bbon\u00bb disabled_on=\u00bboff|off|off\u00bb admin_label=\u00bbHeader\u00bb _builder_version=\u00bb4.16&#8243; da_disable_devices=\u00bboff|off|off\u00bb global_colors_info=\u00bb{}\u00bb da_is_popup=\u00bboff\u00bb da_exit_intent=\u00bboff\u00bb da_has_close=\u00bbon\u00bb da_alt_close=\u00bboff\u00bb da_dark_close=\u00bboff\u00bb da_not_modal=\u00bbon\u00bb da_is_singular=\u00bboff\u00bb da_with_loader=\u00bboff\u00bb da_has_shadow=\u00bbon\u00bb][et_pb_column type=\u00bb2_3&#8243; specialty_columns=\u00bb2&#8243; _builder_version=\u00bb4.16&#8243; custom_padding=\u00bb|||\u00bb global_colors_info=\u00bb{}\u00bb custom_padding__hover=\u00bb|||\u00bb][et_pb_row_inner _builder_version=\u00bb4.16&#8243; locked=\u00bboff\u00bb global_colors_info=\u00bb{}\u00bb][et_pb_column_inner saved_specialty_column_type=\u00bb2_3&#8243; _builder_version=\u00bb4.16&#8243; global_colors_info=\u00bb{}\u00bb][et_pb_text _builder_version=\u00bb4.25.1&#8243; text_font=\u00bbActor|300|||||||\u00bb text_text_color=\u00bb#0cb4ce\u00bb text_font_size=\u00bb24px\u00bb text_line_height=\u00bb1.4em\u00bb header_font=\u00bb||||||||\u00bb header_text_color=\u00bb#0c005e\u00bb header_font_size=\u00bb70px\u00bb header_letter_spacing=\u00bb2px\u00bb header_line_height=\u00bb0.8em\u00bb custom_margin_tablet=\u00bb-37px||||false|false\u00bb custom_margin_phone=\u00bb-37px||||false|false\u00bb custom_margin_last_edited=\u00bbon|tablet\u00bb text_font_size_tablet=\u00bb\u00bb text_font_size_phone=\u00bb20px\u00bb text_font_size_last_edited=\u00bbon|desktop\u00bb header_font_size_tablet=\u00bb56px\u00bb header_font_size_phone=\u00bb40px\u00bb header_font_size_last_edited=\u00bbon|phone\u00bb text_orientation_tablet=\u00bbleft\u00bb text_orientation_last_edited=\u00bboff|phone\u00bb locked=\u00bboff\u00bb global_colors_info=\u00bb{}\u00bb]<\/p>\n<h1>El futuro del algod\u00f3n europeo<\/h1>\n<p>[\/et_pb_text][\/et_pb_column_inner][\/et_pb_row_inner][et_pb_row_inner _builder_version=\u00bb4.16&#8243; locked=\u00bboff\u00bb global_colors_info=\u00bb{}\u00bb][et_pb_column_inner saved_specialty_column_type=\u00bb2_3&#8243; _builder_version=\u00bb4.16&#8243; custom_padding=\u00bb||||false|false\u00bb global_colors_info=\u00bb{}\u00bb][et_pb_text _builder_version=\u00bb4.27.2&#8243; text_text_color=\u00bbrgba(0,0,0,0.44)\u00bb text_font_size=\u00bb18px\u00bb text_line_height=\u00bb1.8em\u00bb header_2_text_color=\u00bb#919191&#8243; header_2_font_size=\u00bb45px\u00bb header_2_line_height=\u00bb1.2em\u00bb header_5_font=\u00bbRubik||||||||\u00bb header_5_font_size=\u00bb18px\u00bb header_5_line_height=\u00bb1.8em\u00bb width=\u00bb80%\u00bb custom_margin=\u00bb-48px||||false|false\u00bb hover_enabled=\u00bb0&#8243; locked=\u00bboff\u00bb global_colors_info=\u00bb{}\u00bb sticky_enabled=\u00bb0&#8243;]<\/p>\n<h2>En la actualidad y de cara al futuro, la producci\u00f3n europea de algod\u00f3n sigue teniendo importancia en el panorama algodonero mundial.<\/h2>\n<p>[\/et_pb_text][\/et_pb_column_inner][\/et_pb_row_inner][\/et_pb_column][et_pb_column type=\u00bb1_3&#8243; _builder_version=\u00bb4.16&#8243; custom_padding=\u00bb|||\u00bb global_colors_info=\u00bb{}\u00bb custom_padding__hover=\u00bb|||\u00bb][et_pb_image src=\u00bbhttps:\/\/eucotton.eu\/wp-content\/uploads\/2024\/07\/cotton_design_sustainable_future.jpg\u00bb title_text=\u00bbCotton Crop Detail\u00bb disabled_on=\u00bbon|on|off\u00bb _builder_version=\u00bb4.25.1&#8243; custom_margin=\u00bb|-5vw|||false|false\u00bb border_radii=\u00bbon|200px|200px|200px|200px\u00bb border_radii_last_edited=\u00bboff|tablet\u00bb global_colors_info=\u00bb{}\u00bb][\/et_pb_image][\/et_pb_column][\/et_pb_section][et_pb_section fb_built=\u00bb1&#8243; admin_label=\u00bbHow It Works\u00bb _builder_version=\u00bb4.18.0&#8243; _module_preset=\u00bbdefault\u00bb background_color=\u00bb#E8E8E9&#8243; background_image=\u00bbhttps:\/\/eucotton.eu\/wp-content\/uploads\/2022\/09\/estate-planning-76.png\u00bb background_size=\u00bbinitial\u00bb da_disable_devices=\u00bboff|off|off\u00bb global_colors_info=\u00bb{}\u00bb da_is_popup=\u00bboff\u00bb da_exit_intent=\u00bboff\u00bb da_has_close=\u00bbon\u00bb da_alt_close=\u00bboff\u00bb da_dark_close=\u00bboff\u00bb da_not_modal=\u00bbon\u00bb da_is_singular=\u00bboff\u00bb da_with_loader=\u00bboff\u00bb da_has_shadow=\u00bbon\u00bb][et_pb_row column_structure=\u00bb3_5,2_5&#8243; _builder_version=\u00bb4.16&#8243; _module_preset=\u00bbdefault\u00bb global_colors_info=\u00bb{}\u00bb][et_pb_column type=\u00bb3_5&#8243; _builder_version=\u00bb4.16&#8243; _module_preset=\u00bbdefault\u00bb global_colors_info=\u00bb{}\u00bb][\/et_pb_column][et_pb_column type=\u00bb2_5&#8243; _builder_version=\u00bb4.16&#8243; _module_preset=\u00bbdefault\u00bb global_colors_info=\u00bb{}\u00bb][et_pb_text _builder_version=\u00bb4.25.1&#8243; _module_preset=\u00bbdefault\u00bb header_2_text_color=\u00bb#0c005e\u00bb header_2_font_size=\u00bb45px\u00bb global_colors_info=\u00bb{}\u00bb]<\/p>\n<h2>El Futuro<\/h2>\n<p>[\/et_pb_text][et_pb_image src=\u00bbhttps:\/\/eucotton.eu\/wp-content\/uploads\/2022\/09\/flor_algodon.png\u00bb title_text=\u00bbflor_algodon\u00bb _builder_version=\u00bb4.18.0&#8243; _module_preset=\u00bbdefault\u00bb custom_margin=\u00bb-77px||0px||false|false\u00bb custom_padding=\u00bb0px||0px||false|false\u00bb sticky_position=\u00bbtop_bottom\u00bb scroll_horizontal_motion_enable=\u00bbon\u00bb scroll_horizontal_motion=\u00bb0|50|50|100|4|0|-1&#8243; global_colors_info=\u00bb{}\u00bb][\/et_pb_image][\/et_pb_column][\/et_pb_row][et_pb_row column_structure=\u00bb3_5,2_5&#8243; _builder_version=\u00bb4.18.0&#8243; _module_preset=\u00bbdefault\u00bb global_colors_info=\u00bb{}\u00bb][et_pb_column type=\u00bb3_5&#8243; _builder_version=\u00bb4.18.0&#8243; _module_preset=\u00bbdefault\u00bb background_color=\u00bb#0c005e\u00bb custom_padding=\u00bb50px|80px|50px|80px|true|true\u00bb custom_padding_tablet=\u00bb40px|30px|40px|30px|true|true\u00bb custom_padding_phone=\u00bb|20px||20px|true|true\u00bb custom_padding_last_edited=\u00bbon|tablet\u00bb border_radii=\u00bbon|15px|15px|15px|15px\u00bb box_shadow_style=\u00bbpreset2&#8243; box_shadow_horizontal=\u00bb15px\u00bb box_shadow_vertical=\u00bb42px\u00bb box_shadow_blur=\u00bb60px\u00bb box_shadow_spread=\u00bb-10px\u00bb box_shadow_color=\u00bbrgba(0,0,0,0.08)\u00bb global_colors_info=\u00bb{}\u00bb][et_pb_text _builder_version=\u00bb4.27.2&#8243; _module_preset=\u00bbdefault\u00bb text_font=\u00bbPioggia Com||||||||\u00bb text_text_color=\u00bb#0cb4ce\u00bb text_font_size=\u00bb48px\u00bb text_line_height=\u00bb1.1em\u00bb header_font=\u00bb&#8211;et_global_heading_font||||||||\u00bb header_text_color=\u00bb#000000&#8243; header_font_size=\u00bb70px\u00bb header_line_height=\u00bb1.1em\u00bb custom_margin=\u00bb||10px||false|false\u00bb hover_enabled=\u00bb0&#8243; header_font_size_tablet=\u00bb40px\u00bb header_font_size_phone=\u00bb24px\u00bb header_font_size_last_edited=\u00bbon|desktop\u00bb global_colors_info=\u00bb{}\u00bb sticky_enabled=\u00bb0&#8243;]<\/p>\n<p>01 Calidad y reputaci\u00f3n<\/p>\n<p>[\/et_pb_text][et_pb_text _builder_version=\u00bb4.27.2&#8243; _module_preset=\u00bb94303537-339d-484d-8204-fdaf972d663a\u00bb header_font=\u00bb||||||||\u00bb header_3_font=\u00bbActor||||||||\u00bb header_3_text_color=\u00bb#FFFFFF\u00bb header_3_line_height=\u00bb1.3em\u00bb custom_margin=\u00bb||5px||false|false\u00bb custom_padding=\u00bb||||false|false\u00bb hover_enabled=\u00bb0&#8243; header_3_font_size_tablet=\u00bb20px\u00bb header_3_font_size_phone=\u00bb16px\u00bb header_3_font_size_last_edited=\u00bbon|phone\u00bb global_colors_info=\u00bb{}\u00bb sticky_enabled=\u00bb0&#8243;]<\/p>\n<h3>El algod\u00f3n europeo es famoso por su calidad excepcional y sus caracter\u00edsticas \u00fanicas. Grecia y Espa\u00f1a producen algod\u00f3n de primera calidad con atributos deseables que garantizan un nicho de mercado y mantienen la reputaci\u00f3n de Europa como fuente fiable de fibras de algod\u00f3n de calidad superior.<\/h3>\n<p>[\/et_pb_text][\/et_pb_column][et_pb_column type=\u00bb2_5&#8243; _builder_version=\u00bb4.16&#8243; _module_preset=\u00bbdefault\u00bb global_colors_info=\u00bb{}\u00bb][\/et_pb_column][\/et_pb_row][et_pb_row column_structure=\u00bb1_5,3_5,1_5&#8243; _builder_version=\u00bb4.18.0&#8243; _module_preset=\u00bbdefault\u00bb global_colors_info=\u00bb{}\u00bb][et_pb_column type=\u00bb1_5&#8243; _builder_version=\u00bb4.16&#8243; _module_preset=\u00bbdefault\u00bb global_colors_info=\u00bb{}\u00bb][\/et_pb_column][et_pb_column type=\u00bb3_5&#8243; _builder_version=\u00bb4.18.0&#8243; _module_preset=\u00bbdefault\u00bb background_color=\u00bb#0cb4ce\u00bb custom_padding=\u00bb50px|80px|50px|80px|true|true\u00bb custom_padding_tablet=\u00bb40px|30px|40px|30px|true|true\u00bb custom_padding_phone=\u00bb|20px||20px|true|true\u00bb custom_padding_last_edited=\u00bbon|tablet\u00bb border_radii=\u00bbon|15px|15px|15px|15px\u00bb box_shadow_style=\u00bbpreset2&#8243; box_shadow_horizontal=\u00bb15px\u00bb box_shadow_vertical=\u00bb42px\u00bb box_shadow_blur=\u00bb60px\u00bb box_shadow_spread=\u00bb-10px\u00bb box_shadow_color=\u00bbrgba(0,0,0,0.08)\u00bb global_colors_info=\u00bb{}\u00bb][et_pb_text _builder_version=\u00bb4.27.2&#8243; _module_preset=\u00bbdefault\u00bb text_font=\u00bbPioggia Com||||||||\u00bb text_text_color=\u00bb#FFFFFF\u00bb text_font_size=\u00bb48px\u00bb text_line_height=\u00bb1.1em\u00bb header_font=\u00bbDM Serif Display||||||||\u00bb header_text_color=\u00bb#000000&#8243; header_font_size=\u00bb70px\u00bb header_line_height=\u00bb1.1em\u00bb custom_margin=\u00bb||10px||false|false\u00bb hover_enabled=\u00bb0&#8243; header_font_size_tablet=\u00bb40px\u00bb header_font_size_phone=\u00bb24px\u00bb header_font_size_last_edited=\u00bbon|desktop\u00bb locked=\u00bboff\u00bb global_colors_info=\u00bb{}\u00bb sticky_enabled=\u00bb0&#8243;]<\/p>\n<p>02 Pr\u00e1cticas sostenibles<\/p>\n<p>[\/et_pb_text][et_pb_text _builder_version=\u00bb4.27.2&#8243; _module_preset=\u00bb94303537-339d-484d-8204-fdaf972d663a\u00bb header_font=\u00bb||||||||\u00bb header_3_font=\u00bbActor||||||||\u00bb header_3_text_color=\u00bb#0c005e\u00bb header_3_line_height=\u00bb1.3em\u00bb custom_margin=\u00bb||5px||false|false\u00bb custom_padding=\u00bb||||false|false\u00bb hover_enabled=\u00bb0&#8243; header_3_font_size_tablet=\u00bb20px\u00bb header_3_font_size_phone=\u00bb16px\u00bb header_3_font_size_last_edited=\u00bbon|phone\u00bb locked=\u00bboff\u00bb global_colors_info=\u00bb{}\u00bb sticky_enabled=\u00bb0&#8243;]<\/p>\n<h3>La producci\u00f3n europea de algod\u00f3n hace especial hincapi\u00e9 en la sostenibilidad y las pr\u00e1cticas agr\u00edcolas responsables. Ante la creciente preocupaci\u00f3n mundial por el impacto medioambiental y la demanda de productos ecol\u00f3gicos por parte de los consumidores, los productores europeos de algod\u00f3n han adoptado m\u00e9todos de cultivo sostenibles, han reducido el uso de productos qu\u00edmicos y han implantado sistemas eficientes de gesti\u00f3n del agua. Este compromiso con la sostenibilidad sit\u00faa al algod\u00f3n europeo como una opci\u00f3n responsable y respetuosa con el medio ambiente para la industria textil.<\/h3>\n<p>[\/et_pb_text][\/et_pb_column][et_pb_column type=\u00bb1_5&#8243; _builder_version=\u00bb4.16&#8243; _module_preset=\u00bbdefault\u00bb global_colors_info=\u00bb{}\u00bb][\/et_pb_column][\/et_pb_row][et_pb_row column_structure=\u00bb1_3,2_3&#8243; _builder_version=\u00bb4.16&#8243; _module_preset=\u00bbdefault\u00bb global_colors_info=\u00bb{}\u00bb][et_pb_column type=\u00bb1_3&#8243; _builder_version=\u00bb4.16&#8243; _module_preset=\u00bbdefault\u00bb global_colors_info=\u00bb{}\u00bb][\/et_pb_column][et_pb_column type=\u00bb2_3&#8243; _builder_version=\u00bb4.16&#8243; _module_preset=\u00bbdefault\u00bb background_color=\u00bb#FFFFFF\u00bb custom_padding=\u00bb50px|80px|50px|80px|true|true\u00bb custom_padding_tablet=\u00bb40px|30px|40px|30px|true|true\u00bb custom_padding_phone=\u00bb|20px||20px|true|true\u00bb custom_padding_last_edited=\u00bbon|tablet\u00bb border_radii=\u00bbon|15px|15px|15px|15px\u00bb box_shadow_style=\u00bbpreset2&#8243; box_shadow_horizontal=\u00bb15px\u00bb box_shadow_vertical=\u00bb42px\u00bb box_shadow_blur=\u00bb60px\u00bb box_shadow_spread=\u00bb-10px\u00bb box_shadow_color=\u00bbrgba(0,0,0,0.08)\u00bb global_colors_info=\u00bb{}\u00bb][et_pb_text _builder_version=\u00bb4.27.2&#8243; _module_preset=\u00bbdefault\u00bb text_font=\u00bbPioggia Com||||||||\u00bb text_text_color=\u00bb#0cb4ce\u00bb text_font_size=\u00bb48px\u00bb text_line_height=\u00bb1.1em\u00bb header_font=\u00bbDM Serif Display||||||||\u00bb header_text_color=\u00bb#000000&#8243; header_font_size=\u00bb70px\u00bb header_line_height=\u00bb1.1em\u00bb custom_margin=\u00bb||10px||false|false\u00bb hover_enabled=\u00bb0&#8243; header_font_size_tablet=\u00bb40px\u00bb header_font_size_phone=\u00bb24px\u00bb header_font_size_last_edited=\u00bbon|desktop\u00bb global_colors_info=\u00bb{}\u00bb sticky_enabled=\u00bb0&#8243;]<\/p>\n<p>03 Avances tecnol\u00f3gicos<\/p>\n<p>[\/et_pb_text][et_pb_text _builder_version=\u00bb4.27.2&#8243; _module_preset=\u00bb94303537-339d-484d-8204-fdaf972d663a\u00bb header_font=\u00bb||||||||\u00bb header_3_font=\u00bbActor||||||||\u00bb header_3_text_color=\u00bb#0c005e\u00bb header_3_line_height=\u00bb1.3em\u00bb custom_margin=\u00bb||5px||false|false\u00bb custom_padding=\u00bb||||false|false\u00bb hover_enabled=\u00bb0&#8243; header_3_font_size_tablet=\u00bb20px\u00bb header_3_font_size_phone=\u00bb16px\u00bb header_3_font_size_last_edited=\u00bbon|phone\u00bb global_colors_info=\u00bb{}\u00bb sticky_enabled=\u00bb0&#8243;]<\/p>\n<h3>La industria europea del algod\u00f3n sigue adoptando avances tecnol\u00f3gicos para mejorar la eficiencia de la producci\u00f3n, el control de calidad y la sostenibilidad. La maquinaria avanzada, las t\u00e9cnicas de agricultura de precisi\u00f3n y las innovaciones digitales se est\u00e1n integrando en la producci\u00f3n de algod\u00f3n. Estos avances no solo mejoran la productividad, sino que tambi\u00e9n contribuyen a reducir el impacto medioambiental y a optimizar la utilizaci\u00f3n de los recursos.<\/h3>\n<p>[\/et_pb_text][\/et_pb_column][\/et_pb_row][et_pb_row column_structure=\u00bb1_4,3_4&#8243; _builder_version=\u00bb4.18.0&#8243; _module_preset=\u00bbdefault\u00bb global_colors_info=\u00bb{}\u00bb][et_pb_column type=\u00bb1_4&#8243; _builder_version=\u00bb4.16&#8243; _module_preset=\u00bbdefault\u00bb global_colors_info=\u00bb{}\u00bb][\/et_pb_column][et_pb_column type=\u00bb3_4&#8243; _builder_version=\u00bb4.18.0&#8243; _module_preset=\u00bbdefault\u00bb background_color=\u00bb#0cbece\u00bb custom_padding=\u00bb50px|80px|50px|80px|true|true\u00bb custom_padding_tablet=\u00bb40px|30px|40px|30px|true|true\u00bb custom_padding_phone=\u00bb|20px||20px|true|true\u00bb custom_padding_last_edited=\u00bbon|tablet\u00bb border_radii=\u00bbon|15px|15px|15px|15px\u00bb box_shadow_style=\u00bbpreset2&#8243; box_shadow_horizontal=\u00bb15px\u00bb box_shadow_vertical=\u00bb42px\u00bb box_shadow_blur=\u00bb60px\u00bb box_shadow_spread=\u00bb-10px\u00bb box_shadow_color=\u00bbrgba(0,0,0,0.08)\u00bb global_colors_info=\u00bb{}\u00bb][et_pb_text _builder_version=\u00bb4.27.2&#8243; _module_preset=\u00bbdefault\u00bb text_font=\u00bbPioggia||||||||\u00bb text_text_color=\u00bb#FFFFFF\u00bb text_font_size=\u00bb48px\u00bb text_line_height=\u00bb1.1em\u00bb header_font=\u00bbDM Serif Display||||||||\u00bb header_text_color=\u00bb#000000&#8243; header_font_size=\u00bb70px\u00bb header_line_height=\u00bb1.1em\u00bb custom_margin=\u00bb||10px||false|false\u00bb hover_enabled=\u00bb0&#8243; header_font_size_tablet=\u00bb40px\u00bb header_font_size_phone=\u00bb24px\u00bb header_font_size_last_edited=\u00bbon|desktop\u00bb locked=\u00bboff\u00bb global_colors_info=\u00bb{}\u00bb sticky_enabled=\u00bb0&#8243;]<\/p>\n<p>04 Trazabilidad y transparencia<\/p>\n<p>[\/et_pb_text][et_pb_text _builder_version=\u00bb4.27.2&#8243; _module_preset=\u00bb94303537-339d-484d-8204-fdaf972d663a\u00bb header_font=\u00bb||||||||\u00bb header_3_font=\u00bbActor||||||||\u00bb header_3_text_color=\u00bb#0c005e\u00bb header_3_line_height=\u00bb1.3em\u00bb custom_margin=\u00bb||5px||false|false\u00bb custom_padding=\u00bb||||false|false\u00bb hover_enabled=\u00bb0&#8243; header_3_font_size_tablet=\u00bb20px\u00bb header_3_font_size_phone=\u00bb16px\u00bb header_3_font_size_last_edited=\u00bbon|phone\u00bb locked=\u00bboff\u00bb global_colors_info=\u00bb{}\u00bb sticky_enabled=\u00bb0&#8243;]<\/p>\n<h3>La producci\u00f3n europea de algod\u00f3n hace especial hincapi\u00e9 en la trazabilidad y la transparencia. Ante la creciente demanda de los consumidores de cadenas de suministro transparentes y de origen \u00e9tico, los productores europeos de algod\u00f3n dan prioridad a los sistemas de trazabilidad que garanticen el origen y la autenticidad de su algod\u00f3n. Esto ofrece garant\u00edas a los consumidores y a las marcas de que el algod\u00f3n europeo se produce bajo estrictas normas de calidad y pr\u00e1cticas de responsabilidad social.<\/h3>\n<p>[\/et_pb_text][\/et_pb_column][\/et_pb_row][et_pb_row column_structure=\u00bb2_3,1_3&#8243; _builder_version=\u00bb4.18.0&#8243; _module_preset=\u00bbdefault\u00bb global_colors_info=\u00bb{}\u00bb][et_pb_column type=\u00bb2_3&#8243; _builder_version=\u00bb4.18.0&#8243; _module_preset=\u00bbdefault\u00bb background_color=\u00bb#0c005e\u00bb custom_padding=\u00bb50px|80px|50px|80px|true|true\u00bb custom_padding_tablet=\u00bb40px|30px|40px|30px|true|true\u00bb custom_padding_phone=\u00bb|20px||20px|true|true\u00bb custom_padding_last_edited=\u00bbon|tablet\u00bb border_radii=\u00bbon|15px|15px|15px|15px\u00bb box_shadow_style=\u00bbpreset2&#8243; box_shadow_horizontal=\u00bb15px\u00bb box_shadow_vertical=\u00bb42px\u00bb box_shadow_blur=\u00bb60px\u00bb box_shadow_spread=\u00bb-10px\u00bb box_shadow_color=\u00bbrgba(0,0,0,0.08)\u00bb global_colors_info=\u00bb{}\u00bb][et_pb_text _builder_version=\u00bb4.27.2&#8243; _module_preset=\u00bbdefault\u00bb text_font=\u00bbPioggia Com||||||||\u00bb text_text_color=\u00bb#0cb4ce\u00bb text_font_size=\u00bb48px\u00bb text_line_height=\u00bb1.1em\u00bb header_font=\u00bbPioggia||||||||\u00bb header_text_color=\u00bb#000000&#8243; header_font_size=\u00bb70px\u00bb header_line_height=\u00bb1.1em\u00bb custom_margin=\u00bb||10px||false|false\u00bb hover_enabled=\u00bb0&#8243; header_font_size_tablet=\u00bb40px\u00bb header_font_size_phone=\u00bb24px\u00bb header_font_size_last_edited=\u00bbon|desktop\u00bb global_colors_info=\u00bb{}\u00bb sticky_enabled=\u00bb0&#8243;]<\/p>\n<p>05 Investigaci\u00f3n y desarrollo<\/p>\n<p>[\/et_pb_text][et_pb_text _builder_version=\u00bb4.27.2&#8243; _module_preset=\u00bb94303537-339d-484d-8204-fdaf972d663a\u00bb header_font=\u00bb||||||||\u00bb header_3_font=\u00bbActor||||||||\u00bb header_3_text_color=\u00bb#FFFFFF\u00bb header_3_line_height=\u00bb1.3em\u00bb custom_margin=\u00bb||5px||false|false\u00bb custom_padding=\u00bb||||false|false\u00bb hover_enabled=\u00bb0&#8243; header_3_font_size_tablet=\u00bb20px\u00bb header_3_font_size_phone=\u00bb16px\u00bb header_3_font_size_last_edited=\u00bbon|phone\u00bb global_colors_info=\u00bb{}\u00bb sticky_enabled=\u00bb0&#8243;]<\/p>\n<h3>Las partes interesadas de la industria algodonera europea invierten en investigaci\u00f3n y desarrollo para mejorar las t\u00e9cnicas de producci\u00f3n de algod\u00f3n y abordar retos como el control de plagas y la resistencia al cambio clim\u00e1tico. Este compromiso con la innovaci\u00f3n garantiza la mejora continua del algod\u00f3n europeo, haci\u00e9ndolo adaptable a las cambiantes demandas del mercado y a las condiciones medioambientales.<\/h3>\n<p>[\/et_pb_text][\/et_pb_column][et_pb_column type=\u00bb1_3&#8243; _builder_version=\u00bb4.16&#8243; _module_preset=\u00bbdefault\u00bb global_colors_info=\u00bb{}\u00bb][\/et_pb_column][\/et_pb_row][\/et_pb_section]<\/p>\n","protected":false},"excerpt":{"rendered":"<p>El futuro del algod\u00f3n europeoEn la actualidad y de cara al futuro, la producci\u00f3n europea de algod\u00f3n sigue teniendo importancia en el panorama algodonero mundial.El Futuro01 Calidad y reputaci\u00f3nEl algod\u00f3n europeo es famoso por su calidad excepcional y sus caracter\u00edsticas \u00fanicas. Grecia y Espa\u00f1a producen algod\u00f3n de primera calidad con atributos deseables que garantizan un [&hellip;]<\/p>\n","protected":false},"author":2,"featured_media":0,"parent":2408,"menu_order":5,"comment_status":"closed","ping_status":"closed","template":"","meta":{"_et_pb_use_builder":"on","_et_pb_old_content":"","_et_gb_content_width":"","footnotes":""},"class_list":["post-2405","page","type-page","status-publish","hentry"],"_links":{"self":[{"href":"https:\/\/eucotton.eu\/es\/wp-json\/wp\/v2\/pages\/2405","targetHints":{"allow":["GET"]}}],"collection":[{"href":"https:\/\/eucotton.eu\/es\/wp-json\/wp\/v2\/pages"}],"about":[{"href":"https:\/\/eucotton.eu\/es\/wp-json\/wp\/v2\/types\/page"}],"author":[{"embeddable":true,"href":"https:\/\/eucotton.eu\/es\/wp-json\/wp\/v2\/users\/2"}],"replies":[{"embeddable":true,"href":"https:\/\/eucotton.eu\/es\/wp-json\/wp\/v2\/comments?post=2405"}],"version-history":[{"count":6,"href":"https:\/\/eucotton.eu\/es\/wp-json\/wp\/v2\/pages\/2405\/revisions"}],"predecessor-version":[{"id":2425,"href":"https:\/\/eucotton.eu\/es\/wp-json\/wp\/v2\/pages\/2405\/revisions\/2425"}],"up":[{"embeddable":true,"href":"https:\/\/eucotton.eu\/es\/wp-json\/wp\/v2\/pages\/2408"}],"wp:attachment":[{"href":"https:\/\/eucotton.eu\/es\/wp-json\/wp\/v2\/media?parent=2405"}],"curies":[{"name":"wp","href":"https:\/\/api.w.org\/{rel}","templated":true}]}}