{"id":2460,"date":"2024-07-17T13:00:21","date_gmt":"2024-07-17T13:00:21","guid":{"rendered":"https:\/\/eucotton.eu\/sostenibilidad-y-trazabilidad\/sostenibilidad-medioambiental\/"},"modified":"2024-10-07T17:45:12","modified_gmt":"2024-10-07T17:45:12","slug":"sostenibilidad-medioambiental","status":"publish","type":"page","link":"https:\/\/eucotton.eu\/es\/sostenibilidad-y-trazabilidad\/sostenibilidad-medioambiental\/","title":{"rendered":"Sostenibilidad medioambiental"},"content":{"rendered":"<p>[et_pb_section fb_built=\u00bb1&#8243; specialty=\u00bbon\u00bb disabled_on=\u00bboff|off|off\u00bb admin_label=\u00bbHeader\u00bb _builder_version=\u00bb4.16&#8243; custom_padding=\u00bb||1px|||\u00bb da_disable_devices=\u00bboff|off|off\u00bb global_colors_info=\u00bb{}\u00bb da_is_popup=\u00bboff\u00bb da_exit_intent=\u00bboff\u00bb da_has_close=\u00bbon\u00bb da_alt_close=\u00bboff\u00bb da_dark_close=\u00bboff\u00bb da_not_modal=\u00bbon\u00bb da_is_singular=\u00bboff\u00bb da_with_loader=\u00bboff\u00bb da_has_shadow=\u00bbon\u00bb][et_pb_column type=\u00bb2_3&#8243; specialty_columns=\u00bb2&#8243; _builder_version=\u00bb4.16&#8243; custom_padding=\u00bb|||\u00bb global_colors_info=\u00bb{}\u00bb custom_padding__hover=\u00bb|||\u00bb][et_pb_row_inner _builder_version=\u00bb4.18.0&#8243; custom_margin_tablet=\u00bb-60px||||false|false\u00bb custom_margin_phone=\u00bb-34px||||false|false\u00bb custom_margin_last_edited=\u00bbon|phone\u00bb locked=\u00bboff\u00bb global_colors_info=\u00bb{}\u00bb][et_pb_column_inner saved_specialty_column_type=\u00bb2_3&#8243; _builder_version=\u00bb4.16&#8243; global_colors_info=\u00bb{}\u00bb][et_pb_text _builder_version=\u00bb4.27.2&#8243; text_font=\u00bbActor|300|||||||\u00bb text_text_color=\u00bb#0cb4ce\u00bb text_font_size=\u00bb20px\u00bb text_line_height=\u00bb1.4em\u00bb header_font=\u00bb||||||||\u00bb header_text_color=\u00bb#0c005e\u00bb header_font_size=\u00bb70px\u00bb header_letter_spacing=\u00bb2px\u00bb header_line_height=\u00bb0.8em\u00bb custom_padding=\u00bb||1px|||\u00bb hover_enabled=\u00bb0&#8243; text_font_size_tablet=\u00bb\u00bb text_font_size_phone=\u00bb20px\u00bb text_font_size_last_edited=\u00bbon|desktop\u00bb header_font_size_tablet=\u00bb56px\u00bb header_font_size_phone=\u00bb40px\u00bb header_font_size_last_edited=\u00bbon|phone\u00bb text_orientation_tablet=\u00bbleft\u00bb text_orientation_last_edited=\u00bboff|phone\u00bb locked=\u00bboff\u00bb global_colors_info=\u00bb{}\u00bb sticky_enabled=\u00bb0&#8243;]<\/p>\n<h1>Sostenibilidad medioambiental<\/h1>\n<p>EL ALGOD\u00d3N EUROPEO DISE\u00d1A UN MUNDO SOSTENIBLE<\/p>\n<p>[\/et_pb_text][\/et_pb_column_inner][\/et_pb_row_inner][et_pb_row_inner column_structure=\u00bb1_2,1_2&#8243; _builder_version=\u00bb4.18.0&#8243; custom_margin_tablet=\u00bb-19px||||false|false\u00bb custom_margin_phone=\u00bb-19px||||false|false\u00bb custom_margin_last_edited=\u00bbon|tablet\u00bb locked=\u00bboff\u00bb global_colors_info=\u00bb{}\u00bb][et_pb_column_inner type=\u00bb1_2&#8243; saved_specialty_column_type=\u00bb2_3&#8243; _builder_version=\u00bb4.16&#8243; custom_padding=\u00bb||||false|false\u00bb global_colors_info=\u00bb{}\u00bb][et_pb_image src=\u00bbhttps:\/\/eucotton.eu\/wp-content\/uploads\/2022\/09\/enviromental_sustainability_01.jpg\u00bb title_text=\u00bbenviromental_sustainability_01&#8243; _builder_version=\u00bb4.18.0&#8243; border_radii=\u00bboff|||200px|\u00bb locked=\u00bboff\u00bb global_colors_info=\u00bb{}\u00bb][\/et_pb_image][\/et_pb_column_inner][et_pb_column_inner type=\u00bb1_2&#8243; saved_specialty_column_type=\u00bb2_3&#8243; _builder_version=\u00bb4.16&#8243; custom_padding=\u00bb||||false|false\u00bb global_colors_info=\u00bb{}\u00bb][et_pb_text _builder_version=\u00bb4.27.2&#8243; text_text_color=\u00bbrgba(0,0,0,0.44)\u00bb text_font_size=\u00bb18px\u00bb text_line_height=\u00bb1.8em\u00bb header_2_text_color=\u00bb#369637&#8243; header_2_font_size=\u00bb45px\u00bb header_5_font=\u00bbRubik||||||||\u00bb header_5_font_size=\u00bb18px\u00bb header_5_line_height=\u00bb1.8em\u00bb locked=\u00bboff\u00bb global_colors_info=\u00bb{}\u00bb]<span style=\"color: #0c005e;\"><strong>La producci\u00f3n de algod\u00f3n en Grecia y Espa\u00f1a<\/strong><\/span> se basa en la <span style=\"color: #0c005e;\"><strong>sostenibilidad<\/strong><\/span> como pilar fundamental, haciendo un uso responsable de los recursos naturales y reduciendo <span style=\"color: #0c005e;\"><strong>el uso de productos qu\u00edmicos, preservando los ecosistemas naturales y el bienestar de las comunidades locales.<\/strong><\/span><\/p>\n<p>El algod\u00f3n europeo se produce de acuerdo con los Reglamentos y Directivas de la Pol\u00edtica Agr\u00edcola Com\u00fan (PAC) de la UE, que se encuentran entre los m\u00e1s estrictos del mundo. Estas directrices garantizan que el algod\u00f3n se cultive de forma sostenible, minimizando el impacto ambiental y promoviendo pr\u00e1cticas agr\u00edcolas responsables.[\/et_pb_text][\/et_pb_column_inner][\/et_pb_row_inner][\/et_pb_column][et_pb_column type=\u00bb1_3&#8243; _builder_version=\u00bb4.16&#8243; custom_padding=\u00bb|||\u00bb global_colors_info=\u00bb{}\u00bb custom_padding__hover=\u00bb|||\u00bb][et_pb_image src=\u00bbhttps:\/\/eucotton.eu\/wp-content\/uploads\/2024\/10\/enviromental_sustainability_es.jpg\u00bb title_text=\u00bbenviromental_sustainability_es\u00bb _builder_version=\u00bb4.27.2&#8243; custom_margin=\u00bb|-5vw|||false|false\u00bb border_radii=\u00bbon|200px|200px|200px|200px\u00bb border_radii_last_edited=\u00bboff|tablet\u00bb global_colors_info=\u00bb{}\u00bb][\/et_pb_image][\/et_pb_column][\/et_pb_section][et_pb_section fb_built=\u00bb1&#8243; admin_label=\u00bbFAQ\u00bb _builder_version=\u00bb4.25.1&#8243; _module_preset=\u00bbdefault\u00bb background_enable_color=\u00bboff\u00bb custom_margin=\u00bb0px||0px||false|false\u00bb custom_margin_tablet=\u00bb-138px||||false|false\u00bb custom_margin_phone=\u00bb-100px||||false|false\u00bb custom_margin_last_edited=\u00bbon|phone\u00bb custom_padding=\u00bb0px||0px||false|false\u00bb da_disable_devices=\u00bboff|off|off\u00bb locked=\u00bboff\u00bb global_colors_info=\u00bb{}\u00bb da_is_popup=\u00bboff\u00bb da_exit_intent=\u00bboff\u00bb da_has_close=\u00bbon\u00bb da_alt_close=\u00bboff\u00bb da_dark_close=\u00bboff\u00bb da_not_modal=\u00bbon\u00bb da_is_singular=\u00bboff\u00bb da_with_loader=\u00bboff\u00bb da_has_shadow=\u00bbon\u00bb][et_pb_row _builder_version=\u00bb4.18.0&#8243; _module_preset=\u00bbdefault\u00bb width=\u00bb60%\u00bb global_colors_info=\u00bb{}\u00bb][et_pb_column type=\u00bb4_4&#8243; _builder_version=\u00bb4.18.0&#8243; _module_preset=\u00bbdefault\u00bb global_colors_info=\u00bb{}\u00bb][et_pb_text _builder_version=\u00bb4.27.2&#8243; _module_preset=\u00bbdefault\u00bb text_font=\u00bbActor||||||||\u00bb text_font_size=\u00bb18px\u00bb global_colors_info=\u00bb{}\u00bb]<\/p>\n<p>Este firme compromiso del sector algodonero europeo con la sostenibilidad responde no s\u00f3lo a la creciente preocupaci\u00f3n mundial por el impacto medioambiental de todas las acciones humanas, ni s\u00f3lo a la demanda de los consumidores de productos respetuosos con el medio ambiente. Responde a la firme creencia y convicci\u00f3n del sector de que dise\u00f1ar un mundo m\u00e1s sostenible es posible.<\/p>\n<p>Pero, \u00bfc\u00f3mo hacerlo? Adem\u00e1s de hacer un uso m\u00e1s responsable de los recursos naturales y reducir el uso de productos qu\u00edmicos, el algod\u00f3n europeo contribuye a dise\u00f1ar un mundo m\u00e1s sostenible de muchas maneras:<\/p>\n<p>[\/et_pb_text][\/et_pb_column][\/et_pb_row][\/et_pb_section][et_pb_section fb_built=\u00bb1&#8243; _builder_version=\u00bb4.18.0&#8243; _module_preset=\u00bbdefault\u00bb custom_margin_tablet=\u00bb-100px||||false|false\u00bb custom_margin_phone=\u00bb-149px||||false|false\u00bb custom_margin_last_edited=\u00bbon|phone\u00bb custom_padding=\u00bb2px|||||\u00bb da_disable_devices=\u00bboff|off|off\u00bb global_colors_info=\u00bb{}\u00bb da_is_popup=\u00bboff\u00bb da_exit_intent=\u00bboff\u00bb da_has_close=\u00bbon\u00bb da_alt_close=\u00bboff\u00bb da_dark_close=\u00bboff\u00bb da_not_modal=\u00bbon\u00bb da_is_singular=\u00bboff\u00bb da_with_loader=\u00bboff\u00bb da_has_shadow=\u00bbon\u00bb][et_pb_row column_structure=\u00bb1_4,1_4,1_4,1_4&#8243; use_custom_gutter=\u00bbon\u00bb gutter_width=\u00bb2&#8243; _builder_version=\u00bb4.18.0&#8243; _module_preset=\u00bbdefault\u00bb width=\u00bb60%\u00bb global_colors_info=\u00bb{}\u00bb][et_pb_column type=\u00bb1_4&#8243; _builder_version=\u00bb4.18.0&#8243; _module_preset=\u00bbdefault\u00bb global_colors_info=\u00bb{}\u00bb][et_pb_blurb title=\u00bbEl algod\u00f3n europeo no contiene OMG\u00bb image=\u00bbhttps:\/\/eucotton.eu\/wp-content\/uploads\/2024\/07\/icon_non_gm_cotton_tonnes_b.jpg\u00bb content_max_width_tablet=\u00bb150px\u00bb content_max_width_phone=\u00bb150px\u00bb content_max_width_last_edited=\u00bbon|phone\u00bb _builder_version=\u00bb4.27.2&#8243; header_font=\u00bb&#8211;et_global_heading_font|500|||||||\u00bb header_text_color=\u00bb#0c005e\u00bb header_font_size=\u00bb38px\u00bb body_font=\u00bbActor||||||||\u00bb body_text_color=\u00bb#686868&#8243; body_font_size=\u00bb18px\u00bb body_line_height=\u00bb1.8em\u00bb text_orientation=\u00bbcenter\u00bb animation=\u00bboff\u00bb locked=\u00bboff\u00bb global_colors_info=\u00bb{}\u00bb]<\/p>\n<p>Se cultiva a partir de semillas no modificadas gen\u00e9ticamente mediante pr\u00e1cticas agr\u00edcolas sostenibles.<\/p>\n<p>[\/et_pb_blurb][\/et_pb_column][et_pb_column type=\u00bb1_4&#8243; _builder_version=\u00bb4.18.0&#8243; _module_preset=\u00bbdefault\u00bb global_colors_info=\u00bb{}\u00bb][et_pb_blurb title=\u00bbEl cultivo del algod\u00f3n contribuye a reducir el calentamiento global\u00bb image=\u00bbhttps:\/\/eucotton.eu\/wp-content\/uploads\/2024\/07\/icon_non_gm_cotton_businesses_b.jpg\u00bb content_max_width_tablet=\u00bb150px\u00bb content_max_width_phone=\u00bb150px\u00bb content_max_width_last_edited=\u00bbon|phone\u00bb _builder_version=\u00bb4.27.2&#8243; header_font=\u00bb&#8211;et_global_heading_font|500|||||||\u00bb header_text_color=\u00bb#0c005e\u00bb header_font_size=\u00bb38px\u00bb body_font=\u00bbActor||||||||\u00bb body_text_color=\u00bb#686868&#8243; body_font_size=\u00bb18px\u00bb body_line_height=\u00bb1.8em\u00bb text_orientation=\u00bbcenter\u00bb animation=\u00bboff\u00bb locked=\u00bboff\u00bb global_colors_info=\u00bb{}\u00bb]<\/p>\n<p>Durante los meses m\u00e1s calurosos del a\u00f1o, gracias a su gran superficie foliar.<\/p>\n<p>[\/et_pb_blurb][\/et_pb_column][et_pb_column type=\u00bb1_4&#8243; _builder_version=\u00bb4.18.0&#8243; _module_preset=\u00bbdefault\u00bb global_colors_info=\u00bb{}\u00bb][et_pb_blurb title=\u00bbEl cultivo del algod\u00f3n aporta ox\u00edgeno a la atm\u00f3sfera\u00bb image=\u00bbhttps:\/\/eucotton.eu\/wp-content\/uploads\/2024\/07\/icon_non_gm_cotton_export_b.jpg\u00bb content_max_width_tablet=\u00bb150px\u00bb content_max_width_phone=\u00bb150px\u00bb content_max_width_last_edited=\u00bbon|phone\u00bb _builder_version=\u00bb4.27.2&#8243; header_font=\u00bb&#8211;et_global_heading_font|500|||||||\u00bb header_text_color=\u00bb#0c005e\u00bb header_font_size=\u00bb38px\u00bb body_font=\u00bbActor||||||||\u00bb body_text_color=\u00bb#686868&#8243; body_font_size=\u00bb18px\u00bb body_line_height=\u00bb1.8em\u00bb text_orientation=\u00bbcenter\u00bb animation=\u00bboff\u00bb locked=\u00bboff\u00bb global_colors_info=\u00bb{}\u00bb]<\/p>\n<p>Y produce tres veces menos gases de efecto invernadero que la producci\u00f3n de fibras sint\u00e9ticas como el poli\u00e9ster.<\/p>\n<p>[\/et_pb_blurb][\/et_pb_column][et_pb_column type=\u00bb1_4&#8243; _builder_version=\u00bb4.18.0&#8243; _module_preset=\u00bbdefault\u00bb global_colors_info=\u00bb{}\u00bb][et_pb_blurb title=\u00bbLas fibras naturales, como el algod\u00f3n europeo, son 100% biodegradables\u00bb image=\u00bbhttps:\/\/eucotton.eu\/wp-content\/uploads\/2024\/07\/icon_non_gm_cotton_natural_fibers_b.jpg\u00bb content_max_width_tablet=\u00bb150px\u00bb content_max_width_phone=\u00bb150px\u00bb content_max_width_last_edited=\u00bbon|phone\u00bb _builder_version=\u00bb4.27.2&#8243; header_font=\u00bb&#8211;et_global_heading_font|500|||||||\u00bb header_text_color=\u00bb#0c005e\u00bb header_font_size=\u00bb38px\u00bb body_font=\u00bbActor||||||||\u00bb body_text_color=\u00bb#686868&#8243; body_font_size=\u00bb18px\u00bb body_line_height=\u00bb1.8em\u00bb text_orientation=\u00bbcenter\u00bb animation=\u00bboff\u00bb locked=\u00bboff\u00bb global_colors_info=\u00bb{}\u00bb]<\/p>\n<p>Lo que las convierte en la opci\u00f3n ecol\u00f3gica perfecta.<\/p>\n<p>[\/et_pb_blurb][\/et_pb_column][\/et_pb_row][et_pb_row _builder_version=\u00bb4.18.0&#8243; _module_preset=\u00bbdefault\u00bb width=\u00bb60%\u00bb global_colors_info=\u00bb{}\u00bb][et_pb_column type=\u00bb4_4&#8243; _builder_version=\u00bb4.18.0&#8243; _module_preset=\u00bbdefault\u00bb global_colors_info=\u00bb{}\u00bb][et_pb_text _builder_version=\u00bb4.27.2&#8243; _module_preset=\u00bbdefault\u00bb text_font=\u00bbActor||||||||\u00bb text_font_size=\u00bb18px\u00bb global_colors_info=\u00bb{}\u00bb]<\/p>\n<p>Todo ello sit\u00faa al algod\u00f3n europeo, de origen griego y espa\u00f1ol, como un referente mundial en t\u00e9rminos de sostenibilidad.<\/p>\n<p>Por lo tanto, al elegir algod\u00f3n europeo, est\u00e1 apoyando un modelo de producci\u00f3n sostenible, basado en las pr\u00e1cticas m\u00e1s \u00e9ticas y respetuosas con el medio ambiente.<\/p>\n<p>[\/et_pb_text][\/et_pb_column][\/et_pb_row][\/et_pb_section]<\/p>\n","protected":false},"excerpt":{"rendered":"<p>Sostenibilidad medioambiental EL ALGOD\u00d3N EUROPEO DISE\u00d1A UN MUNDO SOSTENIBLELa producci\u00f3n de algod\u00f3n en Grecia y Espa\u00f1a se basa en la sostenibilidad como pilar fundamental, haciendo un uso responsable de los recursos naturales y reduciendo el uso de productos qu\u00edmicos, preservando los ecosistemas naturales y el bienestar de las comunidades locales. El algod\u00f3n europeo se produce [&hellip;]<\/p>\n","protected":false},"author":2,"featured_media":0,"parent":2449,"menu_order":0,"comment_status":"closed","ping_status":"closed","template":"","meta":{"_et_pb_use_builder":"on","_et_pb_old_content":"","_et_gb_content_width":"","footnotes":""},"class_list":["post-2460","page","type-page","status-publish","hentry"],"_links":{"self":[{"href":"https:\/\/eucotton.eu\/es\/wp-json\/wp\/v2\/pages\/2460","targetHints":{"allow":["GET"]}}],"collection":[{"href":"https:\/\/eucotton.eu\/es\/wp-json\/wp\/v2\/pages"}],"about":[{"href":"https:\/\/eucotton.eu\/es\/wp-json\/wp\/v2\/types\/page"}],"author":[{"embeddable":true,"href":"https:\/\/eucotton.eu\/es\/wp-json\/wp\/v2\/users\/2"}],"replies":[{"embeddable":true,"href":"https:\/\/eucotton.eu\/es\/wp-json\/wp\/v2\/comments?post=2460"}],"version-history":[{"count":3,"href":"https:\/\/eucotton.eu\/es\/wp-json\/wp\/v2\/pages\/2460\/revisions"}],"predecessor-version":[{"id":2630,"href":"https:\/\/eucotton.eu\/es\/wp-json\/wp\/v2\/pages\/2460\/revisions\/2630"}],"up":[{"embeddable":true,"href":"https:\/\/eucotton.eu\/es\/wp-json\/wp\/v2\/pages\/2449"}],"wp:attachment":[{"href":"https:\/\/eucotton.eu\/es\/wp-json\/wp\/v2\/media?parent=2460"}],"curies":[{"name":"wp","href":"https:\/\/api.w.org\/{rel}","templated":true}]}}