{"id":2477,"date":"2024-07-18T09:53:52","date_gmt":"2024-07-18T09:53:52","guid":{"rendered":"https:\/\/eucotton.eu\/sostenibilidad-y-trazabilidad\/trazabilidad-la-iniciativa-eucotton\/"},"modified":"2024-10-04T12:10:05","modified_gmt":"2024-10-04T12:10:05","slug":"trazabilidad-la-iniciativa-eucotton","status":"publish","type":"page","link":"https:\/\/eucotton.eu\/es\/sostenibilidad-y-trazabilidad\/trazabilidad-la-iniciativa-eucotton\/","title":{"rendered":"Trazabilidad &#8211; la iniciativa EUCOTTON"},"content":{"rendered":"<p>[et_pb_section fb_built=\u00bb1&#8243; specialty=\u00bbon\u00bb disabled_on=\u00bboff|off|off\u00bb admin_label=\u00bbHeader\u00bb _builder_version=\u00bb4.16&#8243; custom_padding=\u00bb||1px|||\u00bb da_disable_devices=\u00bboff|off|off\u00bb global_colors_info=\u00bb{}\u00bb da_is_popup=\u00bboff\u00bb da_exit_intent=\u00bboff\u00bb da_has_close=\u00bbon\u00bb da_alt_close=\u00bboff\u00bb da_dark_close=\u00bboff\u00bb da_not_modal=\u00bbon\u00bb da_is_singular=\u00bboff\u00bb da_with_loader=\u00bboff\u00bb da_has_shadow=\u00bbon\u00bb][et_pb_column type=\u00bb2_3&#8243; specialty_columns=\u00bb2&#8243; _builder_version=\u00bb4.16&#8243; custom_padding=\u00bb|||\u00bb global_colors_info=\u00bb{}\u00bb custom_padding__hover=\u00bb|||\u00bb][et_pb_row_inner _builder_version=\u00bb4.18.0&#8243; custom_margin_tablet=\u00bb-60px||||false|false\u00bb custom_margin_phone=\u00bb-34px||||false|false\u00bb custom_margin_last_edited=\u00bbon|phone\u00bb locked=\u00bboff\u00bb global_colors_info=\u00bb{}\u00bb][et_pb_column_inner saved_specialty_column_type=\u00bb2_3&#8243; _builder_version=\u00bb4.16&#8243; global_colors_info=\u00bb{}\u00bb][et_pb_text _builder_version=\u00bb4.25.1&#8243; text_font=\u00bbActor|300|||||||\u00bb text_text_color=\u00bb#0cb4ce\u00bb text_font_size=\u00bb20px\u00bb text_line_height=\u00bb1.4em\u00bb header_font=\u00bb||||||||\u00bb header_text_color=\u00bb#0c005e\u00bb header_font_size=\u00bb70px\u00bb header_letter_spacing=\u00bb2px\u00bb header_line_height=\u00bb0.8em\u00bb custom_padding=\u00bb||1px|||\u00bb text_font_size_tablet=\u00bb\u00bb text_font_size_phone=\u00bb20px\u00bb text_font_size_last_edited=\u00bbon|desktop\u00bb header_font_size_tablet=\u00bb56px\u00bb header_font_size_phone=\u00bb40px\u00bb header_font_size_last_edited=\u00bbon|phone\u00bb text_orientation_tablet=\u00bbleft\u00bb text_orientation_last_edited=\u00bboff|phone\u00bb locked=\u00bboff\u00bb global_colors_info=\u00bb{}\u00bb]<\/p>\n<h1>Trazabilidad<\/h1>\n<p>La iniciativa EUCOTTON<\/p>\n<p>[\/et_pb_text][\/et_pb_column_inner][\/et_pb_row_inner][et_pb_row_inner _builder_version=\u00bb4.18.0&#8243; custom_margin_tablet=\u00bb-19px||||false|false\u00bb custom_margin_phone=\u00bb-19px||||false|false\u00bb custom_margin_last_edited=\u00bbon|tablet\u00bb locked=\u00bboff\u00bb global_colors_info=\u00bb{}\u00bb][et_pb_column_inner saved_specialty_column_type=\u00bb2_3&#8243; _builder_version=\u00bb4.16&#8243; custom_padding=\u00bb||||false|false\u00bb global_colors_info=\u00bb{}\u00bb][et_pb_text _builder_version=\u00bb4.27.2&#8243; text_text_color=\u00bbrgba(0,0,0,0.44)\u00bb text_font_size=\u00bb18px\u00bb text_line_height=\u00bb1.8em\u00bb header_2_text_color=\u00bb#919191&#8243; header_2_font_size=\u00bb35px\u00bb header_2_line_height=\u00bb1.2em\u00bb header_5_font=\u00bbRubik||||||||\u00bb header_5_font_size=\u00bb18px\u00bb header_5_line_height=\u00bb1.8em\u00bb width=\u00bb80%\u00bb custom_margin=\u00bb-36px||||false|false\u00bb locked=\u00bboff\u00bb global_colors_info=\u00bb{}\u00bb]<\/p>\n<h2>EUCOTTON es una <span style=\"color: #0c005e;\">\u00abMarca Colectiva Europea\u00bb<\/span> registrada que se atribuye a los miembros de la Alianza que consiguen producir y transformar el algod\u00f3n de conformidad con los criterios establecidos en su reglamento de uso. Los criterios se ajustan a la legislaci\u00f3n de la UE que refuerza la aplicaci\u00f3n de t\u00e9cnicas de producci\u00f3n sostenibles beneficiosas para el clima y el medio ambiente, respetando al mismo tiempo la seguridad de los agricultores y consumidores, as\u00ed como los derechos de los trabajadores del campo.<\/h2>\n<p>[\/et_pb_text][\/et_pb_column_inner][\/et_pb_row_inner][\/et_pb_column][et_pb_column type=\u00bb1_3&#8243; _builder_version=\u00bb4.16&#8243; custom_padding=\u00bb|||\u00bb global_colors_info=\u00bb{}\u00bb custom_padding__hover=\u00bb|||\u00bb][et_pb_image src=\u00bbhttps:\/\/eucotton.eu\/wp-content\/uploads\/2024\/07\/trazability_cotton.jpg\u00bb title_text=\u00bbInside a Modern Textile Factory\u00bb _builder_version=\u00bb4.25.1&#8243; custom_margin=\u00bb33px|-5vw|||false|false\u00bb border_radii=\u00bbon|200px|200px|200px|200px\u00bb border_radii_last_edited=\u00bboff|tablet\u00bb global_colors_info=\u00bb{}\u00bb][\/et_pb_image][\/et_pb_column][\/et_pb_section][et_pb_section fb_built=\u00bb1&#8243; _builder_version=\u00bb4.25.1&#8243; _module_preset=\u00bbdefault\u00bb da_disable_devices=\u00bboff|off|off\u00bb global_colors_info=\u00bb{}\u00bb da_is_popup=\u00bboff\u00bb da_exit_intent=\u00bboff\u00bb da_has_close=\u00bbon\u00bb da_alt_close=\u00bboff\u00bb da_dark_close=\u00bboff\u00bb da_not_modal=\u00bbon\u00bb da_is_singular=\u00bboff\u00bb da_with_loader=\u00bboff\u00bb da_has_shadow=\u00bbon\u00bb][et_pb_row _builder_version=\u00bb4.25.1&#8243; _module_preset=\u00bbdefault\u00bb global_colors_info=\u00bb{}\u00bb][et_pb_column type=\u00bb4_4&#8243; _builder_version=\u00bb4.25.1&#8243; _module_preset=\u00bbdefault\u00bb global_colors_info=\u00bb{}\u00bb][et_pb_image src=\u00bbhttps:\/\/eucotton.eu\/wp-content\/uploads\/2024\/10\/infographic_trazability-es.jpg\u00bb title_text=\u00bbinfographic_trazability es\u00bb _builder_version=\u00bb4.27.2&#8243; _module_preset=\u00bbdefault\u00bb hover_enabled=\u00bb0&#8243; global_colors_info=\u00bb{}\u00bb sticky_enabled=\u00bb0&#8243;][\/et_pb_image][\/et_pb_column][\/et_pb_row][\/et_pb_section][et_pb_section fb_built=\u00bb1&#8243; admin_label=\u00bbFAQ\u00bb _builder_version=\u00bb4.25.1&#8243; _module_preset=\u00bbdefault\u00bb background_enable_color=\u00bboff\u00bb custom_margin=\u00bb0px||0px||false|false\u00bb custom_margin_tablet=\u00bb-138px||||false|false\u00bb custom_margin_phone=\u00bb-100px||||false|false\u00bb custom_margin_last_edited=\u00bbon|phone\u00bb custom_padding=\u00bb0px||0px||false|false\u00bb da_disable_devices=\u00bboff|off|off\u00bb locked=\u00bboff\u00bb global_colors_info=\u00bb{}\u00bb da_is_popup=\u00bboff\u00bb da_exit_intent=\u00bboff\u00bb da_has_close=\u00bbon\u00bb da_alt_close=\u00bboff\u00bb da_dark_close=\u00bboff\u00bb da_not_modal=\u00bbon\u00bb da_is_singular=\u00bboff\u00bb da_with_loader=\u00bboff\u00bb da_has_shadow=\u00bbon\u00bb][et_pb_row column_structure=\u00bb1_3,2_3&#8243; _builder_version=\u00bb4.25.1&#8243; _module_preset=\u00bbdefault\u00bb custom_margin=\u00bb||0px||false|false\u00bb custom_padding=\u00bb||0px||false|false\u00bb global_colors_info=\u00bb{}\u00bb][et_pb_column type=\u00bb1_3&#8243; _builder_version=\u00bb4.16&#8243; _module_preset=\u00bbdefault\u00bb global_colors_info=\u00bb{}\u00bb][\/et_pb_column][et_pb_column type=\u00bb2_3&#8243; _builder_version=\u00bb4.16&#8243; _module_preset=\u00bbdefault\u00bb global_colors_info=\u00bb{}\u00bb][et_pb_text _builder_version=\u00bb4.27.2&#8243; _module_preset=\u00bbdefault\u00bb header_2_text_color=\u00bb#0c005e\u00bb header_2_font_size=\u00bb45px\u00bb global_colors_info=\u00bb{}\u00bb]<\/p>\n<h2>El programa de licencias EUCOTTON<\/h2>\n<p>[\/et_pb_text][et_pb_image src=\u00bbhttps:\/\/eucotton.eu\/wp-content\/uploads\/2022\/09\/flor_algodon.png\u00bb title_text=\u00bbflor_algodon\u00bb _builder_version=\u00bb4.25.1&#8243; _module_preset=\u00bbdefault\u00bb custom_margin=\u00bb-77px||0px|321px|false|false\u00bb custom_padding=\u00bb0px||0px||false|false\u00bb sticky_position=\u00bbtop_bottom\u00bb scroll_horizontal_motion_enable=\u00bbon\u00bb scroll_horizontal_motion=\u00bb0|50|50|100|4|0|-1&#8243; global_colors_info=\u00bb{}\u00bb][\/et_pb_image][\/et_pb_column][\/et_pb_row][et_pb_row column_structure=\u00bb1_3,2_3&#8243; _builder_version=\u00bb4.18.0&#8243; _module_preset=\u00bbdefault\u00bb width=\u00bb60%\u00bb global_colors_info=\u00bb{}\u00bb][et_pb_column type=\u00bb1_3&#8243; _builder_version=\u00bb4.18.0&#8243; _module_preset=\u00bbdefault\u00bb global_colors_info=\u00bb{}\u00bb][et_pb_image src=\u00bbhttps:\/\/eucotton.eu\/wp-content\/uploads\/2024\/07\/icon_sostenibility_label.jpg\u00bb title_text=\u00bbicon_sostenibility_label\u00bb _builder_version=\u00bb4.25.1&#8243; _module_preset=\u00bbdefault\u00bb global_colors_info=\u00bb{}\u00bb][\/et_pb_image][\/et_pb_column][et_pb_column type=\u00bb2_3&#8243; _builder_version=\u00bb4.18.0&#8243; _module_preset=\u00bbdefault\u00bb global_colors_info=\u00bb{}\u00bb][et_pb_text _builder_version=\u00bb4.27.2&#8243; _module_preset=\u00bbdefault\u00bb text_font=\u00bbActor||||||||\u00bb text_font_size=\u00bb18px\u00bb global_colors_info=\u00bb{}\u00bb]<\/p>\n<p>El programa de licencias EUCOTTON es el sistema de licencias que gestiona el uso de la etiqueta EUCOTTON en toda la cadena de suministro hasta los productos textiles finales dentro de la UE. Todos los participantes en la cadena textil; desde desmotadores, hilanderos, tejedores, tejedores y fabricantes hasta marcas y minoristas pueden utilizar la marca EUCOTTON para sus productos siempre que cumplan los criterios del protocolo EUCOTTON.<\/p>\n<p>El Protocolo proporciona el marco para la implantaci\u00f3n de un sistema de gesti\u00f3n integral \u00abde la granja a la moda\u00bb en la cadena de suministro del algod\u00f3n, con el objetivo de satisfacer las exigencias actuales del mercado en cuanto a pr\u00e1cticas de producci\u00f3n y procedimientos de la cadena de custodia. Se presta especial atenci\u00f3n al factor de proximidad y a las pr\u00e1cticas de producci\u00f3n seguidas que garantizan la plena trazabilidad de la cadena de suministro. El protocolo se centra en la cadena de suministro en el mercado interior de la UE y exige un 100% de fibras EUCOTTON en los productos textiles de algod\u00f3n finales, permitiendo un porcentaje m\u00e1ximo del 50% de algod\u00f3n en caso de textiles mezclados.<\/p>\n<p>Mediante la concesi\u00f3n de licencias a toda la cadena de suministro, en combinaci\u00f3n con la aplicaci\u00f3n de la cadena de custodia verificada y los controles de laboratorio, se garantizar\u00e1 a los clientes finales que los productos de la marca EUCOTTON est\u00e1n fabricados con algod\u00f3n 100% europeo producido y procesado en la UE. Esto permitir\u00e1 a EUCOTTON tener visibilidad en toda la cadena de suministro del uso de su marca, as\u00ed como controlar la calidad y la integridad de los productos que llevan el logotipo EUCOTTON. La plena trazabilidad y transparencia de la cadena de suministro dar\u00e1 valor a\u00f1adido a las marcas y diferenciar\u00e1 nuestra oferta.<\/p>\n<p>Adem\u00e1s, la huella de carbono de EUCOTTON se controla eficazmente, ya que la producci\u00f3n de materias primas y la fabricaci\u00f3n de los productos textiles finales tienen lugar en el mercado interior de la UE, lo que maximiza la eficiencia energ\u00e9tica de la cadena de suministro.<\/p>\n<p>La Alianza Europea del Algod\u00f3n supervisa el reglamento de uso de la marca y concede la certificaci\u00f3n pertinente a los miembros para poder hacer uso de la marca. Un proceso de verificaci\u00f3n por terceros con un auditor externo garantiza la credibilidad de la certificaci\u00f3n.<\/p>\n<p>[\/et_pb_text][\/et_pb_column][\/et_pb_row][\/et_pb_section][et_pb_section fb_built=\u00bb1&#8243; admin_label=\u00bbFAQ\u00bb _builder_version=\u00bb4.25.1&#8243; _module_preset=\u00bbdefault\u00bb background_enable_color=\u00bboff\u00bb custom_margin=\u00bb0px||0px||false|false\u00bb custom_margin_tablet=\u00bb-138px||||false|false\u00bb custom_margin_phone=\u00bb-100px||||false|false\u00bb custom_margin_last_edited=\u00bbon|phone\u00bb custom_padding=\u00bb0px||0px||false|false\u00bb da_disable_devices=\u00bboff|off|off\u00bb locked=\u00bboff\u00bb global_colors_info=\u00bb{}\u00bb da_is_popup=\u00bboff\u00bb da_exit_intent=\u00bboff\u00bb da_has_close=\u00bbon\u00bb da_alt_close=\u00bboff\u00bb da_dark_close=\u00bboff\u00bb da_not_modal=\u00bbon\u00bb da_is_singular=\u00bboff\u00bb da_with_loader=\u00bboff\u00bb da_has_shadow=\u00bbon\u00bb][et_pb_row column_structure=\u00bb1_3,2_3&#8243; _builder_version=\u00bb4.25.1&#8243; _module_preset=\u00bbdefault\u00bb custom_margin=\u00bb||0px||false|false\u00bb custom_padding=\u00bb||0px||false|false\u00bb global_colors_info=\u00bb{}\u00bb][et_pb_column type=\u00bb1_3&#8243; _builder_version=\u00bb4.16&#8243; _module_preset=\u00bbdefault\u00bb global_colors_info=\u00bb{}\u00bb][\/et_pb_column][et_pb_column type=\u00bb2_3&#8243; _builder_version=\u00bb4.16&#8243; _module_preset=\u00bbdefault\u00bb global_colors_info=\u00bb{}\u00bb][et_pb_text _builder_version=\u00bb4.27.2&#8243; _module_preset=\u00bbdefault\u00bb header_2_text_color=\u00bb#0c005e\u00bb header_2_font_size=\u00bb45px\u00bb global_colors_info=\u00bb{}\u00bb]<\/p>\n<h2>EUCOTTON, una declaraci\u00f3n integral<\/h2>\n<p>[\/et_pb_text][et_pb_image src=\u00bbhttps:\/\/eucotton.eu\/wp-content\/uploads\/2022\/09\/flor_algodon.png\u00bb title_text=\u00bbflor_algodon\u00bb _builder_version=\u00bb4.25.1&#8243; _module_preset=\u00bbdefault\u00bb custom_margin=\u00bb-77px||0px|321px|false|false\u00bb custom_padding=\u00bb0px||0px||false|false\u00bb sticky_position=\u00bbtop_bottom\u00bb scroll_horizontal_motion_enable=\u00bbon\u00bb scroll_horizontal_motion=\u00bb0|50|50|100|4|0|-1&#8243; global_colors_info=\u00bb{}\u00bb][\/et_pb_image][\/et_pb_column][\/et_pb_row][et_pb_row column_structure=\u00bb1_3,2_3&#8243; _builder_version=\u00bb4.18.0&#8243; _module_preset=\u00bbdefault\u00bb width=\u00bb60%\u00bb global_colors_info=\u00bb{}\u00bb][et_pb_column type=\u00bb1_3&#8243; _builder_version=\u00bb4.18.0&#8243; _module_preset=\u00bbdefault\u00bb global_colors_info=\u00bb{}\u00bb][et_pb_image src=\u00bbhttps:\/\/eucotton.eu\/wp-content\/uploads\/2024\/07\/icon_sostenibility_seeds.jpg\u00bb title_text=\u00bbicon_sostenibility_seeds\u00bb _builder_version=\u00bb4.25.1&#8243; _module_preset=\u00bbdefault\u00bb global_colors_info=\u00bb{}\u00bb][\/et_pb_image][\/et_pb_column][et_pb_column type=\u00bb2_3&#8243; _builder_version=\u00bb4.18.0&#8243; _module_preset=\u00bbdefault\u00bb global_colors_info=\u00bb{}\u00bb][et_pb_text _builder_version=\u00bb4.27.2&#8243; _module_preset=\u00bbdefault\u00bb text_font=\u00bbActor||||||||\u00bb text_font_size=\u00bb18px\u00bb global_colors_info=\u00bb{}\u00bb]<\/p>\n<p>EUCOTTON is a quality mark that incorporates the identity features of cotton processed in Europe as it concerns its high quality and the responsible and sustainable way it is produced.<\/p>\n<p>It is grown from non-GMO seeds achieving high level of environmental and social performance. Farming practices used for its production are highly regulated ensuring safety for the farmers, the consumers, and the environment.<\/p>\n<p>EUCOTTON is protected by the provisions of the EU Trademark Regulation (EUTMR) and is registered to the European Union Intellectual Property Office (EUIPO).<\/p>\n<p>[\/et_pb_text][\/et_pb_column][\/et_pb_row][\/et_pb_section][et_pb_section fb_built=\u00bb1&#8243; admin_label=\u00bbFAQ\u00bb _builder_version=\u00bb4.25.1&#8243; _module_preset=\u00bbdefault\u00bb background_enable_color=\u00bboff\u00bb custom_margin=\u00bb0px||0px||false|false\u00bb custom_margin_tablet=\u00bb-138px||||false|false\u00bb custom_margin_phone=\u00bb-100px||||false|false\u00bb custom_margin_last_edited=\u00bbon|phone\u00bb custom_padding=\u00bb0px||0px||false|false\u00bb da_disable_devices=\u00bboff|off|off\u00bb locked=\u00bboff\u00bb global_colors_info=\u00bb{}\u00bb da_is_popup=\u00bboff\u00bb da_exit_intent=\u00bboff\u00bb da_has_close=\u00bbon\u00bb da_alt_close=\u00bboff\u00bb da_dark_close=\u00bboff\u00bb da_not_modal=\u00bbon\u00bb da_is_singular=\u00bboff\u00bb da_with_loader=\u00bboff\u00bb da_has_shadow=\u00bbon\u00bb][et_pb_row column_structure=\u00bb1_3,2_3&#8243; _builder_version=\u00bb4.25.1&#8243; _module_preset=\u00bbdefault\u00bb custom_margin=\u00bb||0px||false|false\u00bb custom_padding=\u00bb||0px||false|false\u00bb global_colors_info=\u00bb{}\u00bb][et_pb_column type=\u00bb1_3&#8243; _builder_version=\u00bb4.16&#8243; _module_preset=\u00bbdefault\u00bb global_colors_info=\u00bb{}\u00bb][\/et_pb_column][et_pb_column type=\u00bb2_3&#8243; _builder_version=\u00bb4.16&#8243; _module_preset=\u00bbdefault\u00bb global_colors_info=\u00bb{}\u00bb][et_pb_text _builder_version=\u00bb4.27.2&#8243; _module_preset=\u00bbdefault\u00bb header_2_text_color=\u00bb#0c005e\u00bb header_2_font_size=\u00bb45px\u00bb global_colors_info=\u00bb{}\u00bb]<\/p>\n<h2>Caracter\u00edsticas \u00fanicas de EUCOTTON<\/h2>\n<p>[\/et_pb_text][et_pb_image src=\u00bbhttps:\/\/eucotton.eu\/wp-content\/uploads\/2022\/09\/flor_algodon.png\u00bb title_text=\u00bbflor_algodon\u00bb _builder_version=\u00bb4.25.1&#8243; _module_preset=\u00bbdefault\u00bb custom_margin=\u00bb-77px||0px|321px|false|false\u00bb custom_padding=\u00bb0px||0px||false|false\u00bb sticky_position=\u00bbtop_bottom\u00bb scroll_horizontal_motion_enable=\u00bbon\u00bb scroll_horizontal_motion=\u00bb0|50|50|100|4|0|-1&#8243; global_colors_info=\u00bb{}\u00bb][\/et_pb_image][\/et_pb_column][\/et_pb_row][et_pb_row column_structure=\u00bb1_3,2_3&#8243; _builder_version=\u00bb4.18.0&#8243; _module_preset=\u00bbdefault\u00bb width=\u00bb60%\u00bb global_colors_info=\u00bb{}\u00bb][et_pb_column type=\u00bb1_3&#8243; _builder_version=\u00bb4.18.0&#8243; _module_preset=\u00bbdefault\u00bb global_colors_info=\u00bb{}\u00bb][et_pb_image src=\u00bbhttps:\/\/eucotton.eu\/wp-content\/uploads\/2024\/07\/icon_sostenibility_quality.jpg\u00bb title_text=\u00bbicon_sostenibility_quality\u00bb _builder_version=\u00bb4.25.1&#8243; _module_preset=\u00bbdefault\u00bb global_colors_info=\u00bb{}\u00bb][\/et_pb_image][\/et_pb_column][et_pb_column type=\u00bb2_3&#8243; _builder_version=\u00bb4.18.0&#8243; _module_preset=\u00bbdefault\u00bb global_colors_info=\u00bb{}\u00bb][et_pb_text _builder_version=\u00bb4.27.2&#8243; _module_preset=\u00bbdefault\u00bb text_font=\u00bbActor||||||||\u00bb text_font_size=\u00bb18px\u00bb global_colors_info=\u00bb{}\u00bb]<\/p>\n<p>EUCOTTON es de alta calidad, logrando una alta hilabilidad, excelente uniformidad, versatilidad de las Fibras. Es un cultivo pr\u00e1cticamente libre de contaminaci\u00f3n, recolectado a m\u00e1quina y con una buena log\u00edstica. Todo esto es el resultado del trabajo realizado en los pa\u00edses productores gracias a los amplios conocimientos de los agricultores, el uso de semillas no modificadas gen\u00e9ticamente de alta calidad, los m\u00e9todos de producci\u00f3n avanzados, los equipos modernos, la gran profesionalidad del sector privado y la industria, el buen apoyo de las autoridades y las instituciones de investigaci\u00f3n, la coordinaci\u00f3n eficaz de las organizaciones interprofesionales de los pa\u00edses.<\/p>\n<p>[\/et_pb_text][\/et_pb_column][\/et_pb_row][\/et_pb_section][et_pb_section fb_built=\u00bb1&#8243; admin_label=\u00bbFAQ\u00bb _builder_version=\u00bb4.25.1&#8243; _module_preset=\u00bbdefault\u00bb background_enable_color=\u00bboff\u00bb custom_margin=\u00bb0px||0px||false|false\u00bb custom_margin_tablet=\u00bb-138px||||false|false\u00bb custom_margin_phone=\u00bb-100px||||false|false\u00bb custom_margin_last_edited=\u00bbon|phone\u00bb custom_padding=\u00bb0px||0px||false|false\u00bb da_disable_devices=\u00bboff|off|off\u00bb locked=\u00bboff\u00bb global_colors_info=\u00bb{}\u00bb da_is_popup=\u00bboff\u00bb da_exit_intent=\u00bboff\u00bb da_has_close=\u00bbon\u00bb da_alt_close=\u00bboff\u00bb da_dark_close=\u00bboff\u00bb da_not_modal=\u00bbon\u00bb da_is_singular=\u00bboff\u00bb da_with_loader=\u00bboff\u00bb da_has_shadow=\u00bbon\u00bb][et_pb_row _builder_version=\u00bb4.25.1&#8243; _module_preset=\u00bbdefault\u00bb custom_margin=\u00bb||0px||false|false\u00bb custom_padding=\u00bb||0px||false|false\u00bb global_colors_info=\u00bb{}\u00bb][et_pb_column type=\u00bb4_4&#8243; _builder_version=\u00bb4.16&#8243; _module_preset=\u00bbdefault\u00bb global_colors_info=\u00bb{}\u00bb][et_pb_text _builder_version=\u00bb4.27.2&#8243; _module_preset=\u00bbdefault\u00bb header_2_text_color=\u00bb#0c005e\u00bb header_2_font_size=\u00bb45px\u00bb global_colors_info=\u00bb{}\u00bb]<\/p>\n<h2>EUCOTTON para la industria textil y los minoristas<\/h2>\n<p>[\/et_pb_text][et_pb_image src=\u00bbhttps:\/\/eucotton.eu\/wp-content\/uploads\/2022\/09\/flor_algodon.png\u00bb title_text=\u00bbflor_algodon\u00bb _builder_version=\u00bb4.25.1&#8243; _module_preset=\u00bbdefault\u00bb custom_margin=\u00bb-77px||0px|321px|false|false\u00bb custom_padding=\u00bb0px||0px||false|false\u00bb sticky_position=\u00bbtop_bottom\u00bb scroll_horizontal_motion_enable=\u00bbon\u00bb scroll_horizontal_motion=\u00bb0|50|50|100|4|0|-1&#8243; global_colors_info=\u00bb{}\u00bb][\/et_pb_image][\/et_pb_column][\/et_pb_row][et_pb_row column_structure=\u00bb1_3,2_3&#8243; _builder_version=\u00bb4.18.0&#8243; _module_preset=\u00bbdefault\u00bb width=\u00bb60%\u00bb global_colors_info=\u00bb{}\u00bb][et_pb_column type=\u00bb1_3&#8243; _builder_version=\u00bb4.18.0&#8243; _module_preset=\u00bbdefault\u00bb global_colors_info=\u00bb{}\u00bb][et_pb_image src=\u00bbhttps:\/\/eucotton.eu\/wp-content\/uploads\/2024\/07\/icon_sostenibility_industry.jpg\u00bb title_text=\u00bbicon_sostenibility_industry\u00bb _builder_version=\u00bb4.25.1&#8243; _module_preset=\u00bbdefault\u00bb global_colors_info=\u00bb{}\u00bb][\/et_pb_image][\/et_pb_column][et_pb_column type=\u00bb2_3&#8243; _builder_version=\u00bb4.18.0&#8243; _module_preset=\u00bbdefault\u00bb global_colors_info=\u00bb{}\u00bb][et_pb_text _builder_version=\u00bb4.27.2&#8243; _module_preset=\u00bbdefault\u00bb text_font=\u00bbActor||||||||\u00bb text_font_size=\u00bb18px\u00bb global_colors_info=\u00bb{}\u00bb]<\/p>\n<p>EUCOTTON es una herramienta importante para las marcas y los minoristas que se dirigen a consumidores que exigen altos est\u00e1ndares medioambientales y sociales junto con la moda que consumen. El beneficio para las marcas y los minoristas por utilizar EUCOTTON ser\u00e1 la garant\u00eda cr\u00edtica para sus clientes de que el algod\u00f3n utilizado en sus productos est\u00e1 certificado, es de alta calidad, se cultiva de forma sostenible y tiene altos valores medioambientales y sociales.<\/p>\n<p>[\/et_pb_text][\/et_pb_column][\/et_pb_row][\/et_pb_section]<\/p>\n","protected":false},"excerpt":{"rendered":"<p>Trazabilidad La iniciativa EUCOTTONEUCOTTON es una \u00abMarca Colectiva Europea\u00bb registrada que se atribuye a los miembros de la Alianza que consiguen producir y transformar el algod\u00f3n de conformidad con los criterios establecidos en su reglamento de uso. Los criterios se ajustan a la legislaci\u00f3n de la UE que refuerza la aplicaci\u00f3n de t\u00e9cnicas de producci\u00f3n [&hellip;]<\/p>\n","protected":false},"author":2,"featured_media":0,"parent":2449,"menu_order":3,"comment_status":"closed","ping_status":"closed","template":"","meta":{"_et_pb_use_builder":"on","_et_pb_old_content":"","_et_gb_content_width":"","footnotes":""},"class_list":["post-2477","page","type-page","status-publish","hentry"],"_links":{"self":[{"href":"https:\/\/eucotton.eu\/es\/wp-json\/wp\/v2\/pages\/2477","targetHints":{"allow":["GET"]}}],"collection":[{"href":"https:\/\/eucotton.eu\/es\/wp-json\/wp\/v2\/pages"}],"about":[{"href":"https:\/\/eucotton.eu\/es\/wp-json\/wp\/v2\/types\/page"}],"author":[{"embeddable":true,"href":"https:\/\/eucotton.eu\/es\/wp-json\/wp\/v2\/users\/2"}],"replies":[{"embeddable":true,"href":"https:\/\/eucotton.eu\/es\/wp-json\/wp\/v2\/comments?post=2477"}],"version-history":[{"count":4,"href":"https:\/\/eucotton.eu\/es\/wp-json\/wp\/v2\/pages\/2477\/revisions"}],"predecessor-version":[{"id":2499,"href":"https:\/\/eucotton.eu\/es\/wp-json\/wp\/v2\/pages\/2477\/revisions\/2499"}],"up":[{"embeddable":true,"href":"https:\/\/eucotton.eu\/es\/wp-json\/wp\/v2\/pages\/2449"}],"wp:attachment":[{"href":"https:\/\/eucotton.eu\/es\/wp-json\/wp\/v2\/media?parent=2477"}],"curies":[{"name":"wp","href":"https:\/\/api.w.org\/{rel}","templated":true}]}}