{"id":2502,"date":"2024-07-18T11:06:52","date_gmt":"2024-07-18T11:06:52","guid":{"rendered":"https:\/\/eucotton.eu\/sobre-la-campana\/"},"modified":"2024-10-11T08:05:58","modified_gmt":"2024-10-11T08:05:58","slug":"sobre-la-campana","status":"publish","type":"page","link":"https:\/\/eucotton.eu\/es\/sobre-la-campana\/","title":{"rendered":"Sobre la campa\u00f1a"},"content":{"rendered":"<p>[et_pb_section fb_built=\u00bb1&#8243; specialty=\u00bbon\u00bb disabled_on=\u00bboff|off|off\u00bb admin_label=\u00bbHeader\u00bb _builder_version=\u00bb4.16&#8243; da_disable_devices=\u00bboff|off|off\u00bb global_colors_info=\u00bb{}\u00bb da_is_popup=\u00bboff\u00bb da_exit_intent=\u00bboff\u00bb da_has_close=\u00bbon\u00bb da_alt_close=\u00bboff\u00bb da_dark_close=\u00bboff\u00bb da_not_modal=\u00bbon\u00bb da_is_singular=\u00bboff\u00bb da_with_loader=\u00bboff\u00bb da_has_shadow=\u00bbon\u00bb][et_pb_column type=\u00bb2_3&#8243; specialty_columns=\u00bb2&#8243; _builder_version=\u00bb4.16&#8243; custom_padding=\u00bb|||\u00bb global_colors_info=\u00bb{}\u00bb custom_padding__hover=\u00bb|||\u00bb][et_pb_row_inner _builder_version=\u00bb4.16&#8243; locked=\u00bboff\u00bb global_colors_info=\u00bb{}\u00bb][et_pb_column_inner saved_specialty_column_type=\u00bb2_3&#8243; _builder_version=\u00bb4.16&#8243; global_colors_info=\u00bb{}\u00bb][et_pb_text _builder_version=\u00bb4.25.1&#8243; text_font=\u00bbActor|300|||||||\u00bb text_text_color=\u00bb#0cb4ce\u00bb text_font_size=\u00bb24px\u00bb text_line_height=\u00bb1.4em\u00bb header_font=\u00bb||||||||\u00bb header_text_color=\u00bb#0c005e\u00bb header_font_size=\u00bb70px\u00bb header_letter_spacing=\u00bb2px\u00bb header_line_height=\u00bb0.8em\u00bb custom_margin_tablet=\u00bb-37px||||false|false\u00bb custom_margin_phone=\u00bb-37px||||false|false\u00bb custom_margin_last_edited=\u00bbon|tablet\u00bb text_font_size_tablet=\u00bb\u00bb text_font_size_phone=\u00bb20px\u00bb text_font_size_last_edited=\u00bbon|desktop\u00bb header_font_size_tablet=\u00bb56px\u00bb header_font_size_phone=\u00bb40px\u00bb header_font_size_last_edited=\u00bbon|phone\u00bb text_orientation_tablet=\u00bbleft\u00bb text_orientation_last_edited=\u00bboff|phone\u00bb locked=\u00bboff\u00bb global_colors_info=\u00bb{}\u00bb]<\/p>\n<h1>Sobre la campa\u00f1a<\/h1>\n<p>[\/et_pb_text][\/et_pb_column_inner][\/et_pb_row_inner][et_pb_row_inner _builder_version=\u00bb4.16&#8243; locked=\u00bboff\u00bb global_colors_info=\u00bb{}\u00bb][et_pb_column_inner saved_specialty_column_type=\u00bb2_3&#8243; _builder_version=\u00bb4.16&#8243; custom_padding=\u00bb||||false|false\u00bb global_colors_info=\u00bb{}\u00bb][et_pb_text _builder_version=\u00bb4.27.2&#8243; text_text_color=\u00bbrgba(0,0,0,0.44)\u00bb text_font_size=\u00bb18px\u00bb text_line_height=\u00bb1.8em\u00bb header_2_text_color=\u00bb#919191&#8243; header_2_font_size=\u00bb35px\u00bb header_2_line_height=\u00bb1.2em\u00bb header_5_font=\u00bbRubik||||||||\u00bb header_5_font_size=\u00bb18px\u00bb header_5_line_height=\u00bb1.8em\u00bb width=\u00bb80%\u00bb custom_margin=\u00bb-36px||||false|false\u00bb locked=\u00bboff\u00bb global_colors_info=\u00bb{}\u00bb]<\/p>\n<h2><span style=\"color: #0c005e;\">EUCOTTON<\/span> es una ambiciosa iniciativa para la promoci\u00f3n de la producci\u00f3n europea de algod\u00f3n liderada por la <span style=\"color: #0c005e;\">Alianza Europea del Algod\u00f3n (ECA)<\/span> y financiada por la Uni\u00f3n Europea.<br \/>Bajo el lema: <span style=\"color: #0c005e;\">\u00abEuropa dise\u00f1a un futuro sostenible con algod\u00f3n de Europa\u00bb<\/span>, esta campa\u00f1a europea de 3 a\u00f1os de duraci\u00f3n se centra en concienciar a los consumidores, l\u00edderes de opini\u00f3n y actores clave de la industria textil y afines sobre las caracter\u00edsticas de calidad del algod\u00f3n europeo, su modelo de producci\u00f3n sostenible y su trazabilidad.<\/h2>\n<p>[\/et_pb_text][\/et_pb_column_inner][\/et_pb_row_inner][\/et_pb_column][et_pb_column type=\u00bb1_3&#8243; _builder_version=\u00bb4.16&#8243; custom_padding=\u00bb|||\u00bb global_colors_info=\u00bb{}\u00bb custom_padding__hover=\u00bb|||\u00bb][et_pb_image src=\u00bbhttps:\/\/eucotton.eu\/wp-content\/uploads\/2024\/10\/Grafica_cotton_web_es.jpg\u00bb title_text=\u00bbGrafica_cotton_web_es\u00bb disabled_on=\u00bbon|on|off\u00bb _builder_version=\u00bb4.27.2&#8243; custom_margin=\u00bb|-5vw|||false|false\u00bb border_radii=\u00bbon|200px|200px|200px|200px\u00bb border_radii_last_edited=\u00bboff|tablet\u00bb global_colors_info=\u00bb{}\u00bb][\/et_pb_image][\/et_pb_column][\/et_pb_section][et_pb_section fb_built=\u00bb1&#8243; admin_label=\u00bbHow It Works\u00bb _builder_version=\u00bb4.18.0&#8243; _module_preset=\u00bbdefault\u00bb background_color=\u00bb#E8E8E9&#8243; background_image=\u00bbhttps:\/\/eucotton.eu\/wp-content\/uploads\/2022\/09\/estate-planning-76.png\u00bb background_size=\u00bbinitial\u00bb da_disable_devices=\u00bboff|off|off\u00bb global_colors_info=\u00bb{}\u00bb da_is_popup=\u00bboff\u00bb da_exit_intent=\u00bboff\u00bb da_has_close=\u00bbon\u00bb da_alt_close=\u00bboff\u00bb da_dark_close=\u00bboff\u00bb da_not_modal=\u00bbon\u00bb da_is_singular=\u00bboff\u00bb da_with_loader=\u00bboff\u00bb da_has_shadow=\u00bbon\u00bb][et_pb_row column_structure=\u00bb3_5,2_5&#8243; _builder_version=\u00bb4.16&#8243; _module_preset=\u00bbdefault\u00bb global_colors_info=\u00bb{}\u00bb][et_pb_column type=\u00bb3_5&#8243; _builder_version=\u00bb4.16&#8243; _module_preset=\u00bbdefault\u00bb global_colors_info=\u00bb{}\u00bb][\/et_pb_column][et_pb_column type=\u00bb2_5&#8243; _builder_version=\u00bb4.16&#8243; _module_preset=\u00bbdefault\u00bb global_colors_info=\u00bb{}\u00bb][et_pb_text _builder_version=\u00bb4.27.2&#8243; _module_preset=\u00bbdefault\u00bb header_2_text_color=\u00bb#0c005e\u00bb header_2_font_size=\u00bb45px\u00bb global_colors_info=\u00bb{}\u00bb]<\/p>\n<h2>Objectivos<\/h2>\n<p>[\/et_pb_text][et_pb_image src=\u00bbhttps:\/\/eucotton.eu\/wp-content\/uploads\/2022\/09\/flor_algodon.png\u00bb title_text=\u00bbflor_algodon\u00bb _builder_version=\u00bb4.18.0&#8243; _module_preset=\u00bbdefault\u00bb custom_margin=\u00bb-77px||0px||false|false\u00bb custom_padding=\u00bb0px||0px||false|false\u00bb sticky_position=\u00bbtop_bottom\u00bb scroll_horizontal_motion_enable=\u00bbon\u00bb scroll_horizontal_motion=\u00bb0|50|50|100|4|0|-1&#8243; global_colors_info=\u00bb{}\u00bb][\/et_pb_image][\/et_pb_column][\/et_pb_row][et_pb_row column_structure=\u00bb3_5,2_5&#8243; _builder_version=\u00bb4.18.0&#8243; _module_preset=\u00bbdefault\u00bb global_colors_info=\u00bb{}\u00bb][et_pb_column type=\u00bb3_5&#8243; _builder_version=\u00bb4.18.0&#8243; _module_preset=\u00bbdefault\u00bb background_color=\u00bb#0c005e\u00bb custom_padding=\u00bb50px|80px|50px|80px|true|true\u00bb custom_padding_tablet=\u00bb40px|30px|40px|30px|true|true\u00bb custom_padding_phone=\u00bb|20px||20px|true|true\u00bb custom_padding_last_edited=\u00bbon|tablet\u00bb border_radii=\u00bbon|15px|15px|15px|15px\u00bb box_shadow_style=\u00bbpreset2&#8243; box_shadow_horizontal=\u00bb15px\u00bb box_shadow_vertical=\u00bb42px\u00bb box_shadow_blur=\u00bb60px\u00bb box_shadow_spread=\u00bb-10px\u00bb box_shadow_color=\u00bbrgba(0,0,0,0.08)\u00bb global_colors_info=\u00bb{}\u00bb][et_pb_text _builder_version=\u00bb4.18.0&#8243; _module_preset=\u00bbdefault\u00bb text_font=\u00bbPioggia||||||||\u00bb text_text_color=\u00bb#0cb4ce\u00bb text_font_size=\u00bb48px\u00bb text_line_height=\u00bb1.1em\u00bb header_font=\u00bbPioggia||||||||\u00bb header_text_color=\u00bb#000000&#8243; header_font_size=\u00bb70px\u00bb header_line_height=\u00bb1.1em\u00bb custom_margin=\u00bb||10px||false|false\u00bb header_font_size_tablet=\u00bb40px\u00bb header_font_size_phone=\u00bb24px\u00bb header_font_size_last_edited=\u00bbon|desktop\u00bb global_colors_info=\u00bb{}\u00bb]<\/p>\n<p>01<\/p>\n<p>[\/et_pb_text][et_pb_text _builder_version=\u00bb4.27.2&#8243; _module_preset=\u00bb94303537-339d-484d-8204-fdaf972d663a\u00bb header_font=\u00bb||||||||\u00bb header_3_font=\u00bbActor||||||||\u00bb header_3_text_color=\u00bb#FFFFFF\u00bb header_3_line_height=\u00bb1.3em\u00bb custom_margin=\u00bb||5px||false|false\u00bb custom_padding=\u00bb||||false|false\u00bb header_3_font_size_tablet=\u00bb20px\u00bb header_3_font_size_phone=\u00bb16px\u00bb header_3_font_size_last_edited=\u00bbon|phone\u00bb global_colors_info=\u00bb{}\u00bb]<\/p>\n<h3>Desarrollar y reforzar la percepci\u00f3n positiva de la producci\u00f3n europea de algod\u00f3n entre los grupos destinatarios.<\/h3>\n<p>[\/et_pb_text][\/et_pb_column][et_pb_column type=\u00bb2_5&#8243; _builder_version=\u00bb4.16&#8243; _module_preset=\u00bbdefault\u00bb global_colors_info=\u00bb{}\u00bb][\/et_pb_column][\/et_pb_row][et_pb_row column_structure=\u00bb1_5,3_5,1_5&#8243; _builder_version=\u00bb4.18.0&#8243; _module_preset=\u00bbdefault\u00bb global_colors_info=\u00bb{}\u00bb][et_pb_column type=\u00bb1_5&#8243; _builder_version=\u00bb4.16&#8243; _module_preset=\u00bbdefault\u00bb global_colors_info=\u00bb{}\u00bb][\/et_pb_column][et_pb_column type=\u00bb3_5&#8243; _builder_version=\u00bb4.18.0&#8243; _module_preset=\u00bbdefault\u00bb background_color=\u00bb#0cb4ce\u00bb custom_padding=\u00bb50px|80px|50px|80px|true|true\u00bb custom_padding_tablet=\u00bb40px|30px|40px|30px|true|true\u00bb custom_padding_phone=\u00bb|20px||20px|true|true\u00bb custom_padding_last_edited=\u00bbon|tablet\u00bb border_radii=\u00bbon|15px|15px|15px|15px\u00bb box_shadow_style=\u00bbpreset2&#8243; box_shadow_horizontal=\u00bb15px\u00bb box_shadow_vertical=\u00bb42px\u00bb box_shadow_blur=\u00bb60px\u00bb box_shadow_spread=\u00bb-10px\u00bb box_shadow_color=\u00bbrgba(0,0,0,0.08)\u00bb global_colors_info=\u00bb{}\u00bb][et_pb_text _builder_version=\u00bb4.18.0&#8243; _module_preset=\u00bbdefault\u00bb text_font=\u00bbPioggia||||||||\u00bb text_text_color=\u00bb#FFFFFF\u00bb text_font_size=\u00bb48px\u00bb text_line_height=\u00bb1.1em\u00bb header_font=\u00bbDM Serif Display||||||||\u00bb header_text_color=\u00bb#000000&#8243; header_font_size=\u00bb70px\u00bb header_line_height=\u00bb1.1em\u00bb custom_margin=\u00bb||10px||false|false\u00bb header_font_size_tablet=\u00bb40px\u00bb header_font_size_phone=\u00bb24px\u00bb header_font_size_last_edited=\u00bbon|desktop\u00bb locked=\u00bboff\u00bb global_colors_info=\u00bb{}\u00bb]<\/p>\n<p>02<\/p>\n<p>[\/et_pb_text][et_pb_text _builder_version=\u00bb4.27.2&#8243; _module_preset=\u00bb94303537-339d-484d-8204-fdaf972d663a\u00bb header_font=\u00bb||||||||\u00bb header_3_font=\u00bbActor||||||||\u00bb header_3_text_color=\u00bb#0c005e\u00bb header_3_line_height=\u00bb1.3em\u00bb custom_margin=\u00bb||5px||false|false\u00bb custom_padding=\u00bb||||false|false\u00bb header_3_font_size_tablet=\u00bb20px\u00bb header_3_font_size_phone=\u00bb16px\u00bb header_3_font_size_last_edited=\u00bbon|phone\u00bb locked=\u00bboff\u00bb global_colors_info=\u00bb{}\u00bb]<\/p>\n<h3>Aumentar la demanda de algod\u00f3n europeo entre profesionales, consumidores e industrias textiles de la Uni\u00f3n Europea.<\/h3>\n<p>[\/et_pb_text][\/et_pb_column][et_pb_column type=\u00bb1_5&#8243; _builder_version=\u00bb4.16&#8243; _module_preset=\u00bbdefault\u00bb global_colors_info=\u00bb{}\u00bb][\/et_pb_column][\/et_pb_row][et_pb_row column_structure=\u00bb2_5,3_5&#8243; _builder_version=\u00bb4.16&#8243; _module_preset=\u00bbdefault\u00bb global_colors_info=\u00bb{}\u00bb][et_pb_column type=\u00bb2_5&#8243; _builder_version=\u00bb4.16&#8243; _module_preset=\u00bbdefault\u00bb global_colors_info=\u00bb{}\u00bb][\/et_pb_column][et_pb_column type=\u00bb3_5&#8243; _builder_version=\u00bb4.16&#8243; _module_preset=\u00bbdefault\u00bb background_color=\u00bb#FFFFFF\u00bb custom_padding=\u00bb50px|80px|50px|80px|true|true\u00bb custom_padding_tablet=\u00bb40px|30px|40px|30px|true|true\u00bb custom_padding_phone=\u00bb|20px||20px|true|true\u00bb custom_padding_last_edited=\u00bbon|tablet\u00bb border_radii=\u00bbon|15px|15px|15px|15px\u00bb box_shadow_style=\u00bbpreset2&#8243; box_shadow_horizontal=\u00bb15px\u00bb box_shadow_vertical=\u00bb42px\u00bb box_shadow_blur=\u00bb60px\u00bb box_shadow_spread=\u00bb-10px\u00bb box_shadow_color=\u00bbrgba(0,0,0,0.08)\u00bb global_colors_info=\u00bb{}\u00bb][et_pb_text _builder_version=\u00bb4.18.0&#8243; _module_preset=\u00bbdefault\u00bb text_font=\u00bbPioggia||||||||\u00bb text_text_color=\u00bb#0cb4ce\u00bb text_font_size=\u00bb48px\u00bb text_line_height=\u00bb1.1em\u00bb header_font=\u00bbDM Serif Display||||||||\u00bb header_text_color=\u00bb#000000&#8243; header_font_size=\u00bb70px\u00bb header_line_height=\u00bb1.1em\u00bb custom_margin=\u00bb||10px||false|false\u00bb header_font_size_tablet=\u00bb40px\u00bb header_font_size_phone=\u00bb24px\u00bb header_font_size_last_edited=\u00bbon|desktop\u00bb global_colors_info=\u00bb{}\u00bb]<\/p>\n<p>03<\/p>\n<p>[\/et_pb_text][et_pb_text _builder_version=\u00bb4.27.2&#8243; _module_preset=\u00bb94303537-339d-484d-8204-fdaf972d663a\u00bb header_font=\u00bb||||||||\u00bb header_3_font=\u00bbActor||||||||\u00bb header_3_text_color=\u00bb#0c005e\u00bb header_3_line_height=\u00bb1.3em\u00bb custom_margin=\u00bb||5px||false|false\u00bb custom_padding=\u00bb||||false|false\u00bb header_3_font_size_tablet=\u00bb20px\u00bb header_3_font_size_phone=\u00bb16px\u00bb header_3_font_size_last_edited=\u00bbon|phone\u00bb global_colors_info=\u00bb{}\u00bb]<\/p>\n<h3>Concienciar sobre el hecho de que la producci\u00f3n de algod\u00f3n en la Uni\u00f3n Europea es un cultivo responsable y sostenible, que aplica pr\u00e1cticas respetuosas con el medio ambiente de acuerdo con el Pacto Verde Europeo (estrategia de biodiversidad, pol\u00edticas de protecci\u00f3n forestal y contaminaci\u00f3n cero).<\/h3>\n<p>[\/et_pb_text][\/et_pb_column][\/et_pb_row][et_pb_row column_structure=\u00bb1_5,3_5,1_5&#8243; _builder_version=\u00bb4.18.0&#8243; _module_preset=\u00bbdefault\u00bb global_colors_info=\u00bb{}\u00bb][et_pb_column type=\u00bb1_5&#8243; _builder_version=\u00bb4.16&#8243; _module_preset=\u00bbdefault\u00bb global_colors_info=\u00bb{}\u00bb][\/et_pb_column][et_pb_column type=\u00bb3_5&#8243; _builder_version=\u00bb4.18.0&#8243; _module_preset=\u00bbdefault\u00bb background_color=\u00bb#0cbece\u00bb custom_padding=\u00bb50px|80px|50px|80px|true|true\u00bb custom_padding_tablet=\u00bb40px|30px|40px|30px|true|true\u00bb custom_padding_phone=\u00bb|20px||20px|true|true\u00bb custom_padding_last_edited=\u00bbon|tablet\u00bb border_radii=\u00bbon|15px|15px|15px|15px\u00bb box_shadow_style=\u00bbpreset2&#8243; box_shadow_horizontal=\u00bb15px\u00bb box_shadow_vertical=\u00bb42px\u00bb box_shadow_blur=\u00bb60px\u00bb box_shadow_spread=\u00bb-10px\u00bb box_shadow_color=\u00bbrgba(0,0,0,0.08)\u00bb global_colors_info=\u00bb{}\u00bb][et_pb_text _builder_version=\u00bb4.18.0&#8243; _module_preset=\u00bbdefault\u00bb text_font=\u00bbPioggia||||||||\u00bb text_text_color=\u00bb#FFFFFF\u00bb text_font_size=\u00bb48px\u00bb text_line_height=\u00bb1.1em\u00bb header_font=\u00bbDM Serif Display||||||||\u00bb header_text_color=\u00bb#000000&#8243; header_font_size=\u00bb70px\u00bb header_line_height=\u00bb1.1em\u00bb custom_margin=\u00bb||10px||false|false\u00bb header_font_size_tablet=\u00bb40px\u00bb header_font_size_phone=\u00bb24px\u00bb header_font_size_last_edited=\u00bbon|desktop\u00bb locked=\u00bboff\u00bb global_colors_info=\u00bb{}\u00bb]<\/p>\n<p>04<\/p>\n<p>[\/et_pb_text][et_pb_text _builder_version=\u00bb4.27.2&#8243; _module_preset=\u00bb94303537-339d-484d-8204-fdaf972d663a\u00bb header_font=\u00bb||||||||\u00bb header_3_font=\u00bbActor||||||||\u00bb header_3_text_color=\u00bb#0c005e\u00bb header_3_line_height=\u00bb1.3em\u00bb custom_margin=\u00bb||5px||false|false\u00bb custom_padding=\u00bb||||false|false\u00bb header_3_font_size_tablet=\u00bb20px\u00bb header_3_font_size_phone=\u00bb16px\u00bb header_3_font_size_last_edited=\u00bbon|phone\u00bb locked=\u00bboff\u00bb global_colors_info=\u00bb{}\u00bb]<\/p>\n<h3>Informar a los grupos destinatarios de que el algod\u00f3n europeo es un material natural sostenible de gran valor, utilizado para la fabricaci\u00f3n de productos textiles de alta calidad.<\/h3>\n<p>[\/et_pb_text][\/et_pb_column][et_pb_column type=\u00bb1_5&#8243; _builder_version=\u00bb4.16&#8243; _module_preset=\u00bbdefault\u00bb global_colors_info=\u00bb{}\u00bb][\/et_pb_column][\/et_pb_row][et_pb_row column_structure=\u00bb3_5,2_5&#8243; _builder_version=\u00bb4.18.0&#8243; _module_preset=\u00bbdefault\u00bb global_colors_info=\u00bb{}\u00bb][et_pb_column type=\u00bb3_5&#8243; _builder_version=\u00bb4.18.0&#8243; _module_preset=\u00bbdefault\u00bb background_color=\u00bb#0c005e\u00bb custom_padding=\u00bb50px|80px|50px|80px|true|true\u00bb custom_padding_tablet=\u00bb40px|30px|40px|30px|true|true\u00bb custom_padding_phone=\u00bb|20px||20px|true|true\u00bb custom_padding_last_edited=\u00bbon|tablet\u00bb border_radii=\u00bbon|15px|15px|15px|15px\u00bb box_shadow_style=\u00bbpreset2&#8243; box_shadow_horizontal=\u00bb15px\u00bb box_shadow_vertical=\u00bb42px\u00bb box_shadow_blur=\u00bb60px\u00bb box_shadow_spread=\u00bb-10px\u00bb box_shadow_color=\u00bbrgba(0,0,0,0.08)\u00bb global_colors_info=\u00bb{}\u00bb][et_pb_text _builder_version=\u00bb4.18.0&#8243; _module_preset=\u00bbdefault\u00bb text_font=\u00bbPioggia||||||||\u00bb text_text_color=\u00bb#0cb4ce\u00bb text_font_size=\u00bb48px\u00bb text_line_height=\u00bb1.1em\u00bb header_font=\u00bbPioggia||||||||\u00bb header_text_color=\u00bb#000000&#8243; header_font_size=\u00bb70px\u00bb header_line_height=\u00bb1.1em\u00bb custom_margin=\u00bb||10px||false|false\u00bb header_font_size_tablet=\u00bb40px\u00bb header_font_size_phone=\u00bb24px\u00bb header_font_size_last_edited=\u00bbon|desktop\u00bb global_colors_info=\u00bb{}\u00bb]<\/p>\n<p>05<\/p>\n<p>[\/et_pb_text][et_pb_text _builder_version=\u00bb4.27.2&#8243; _module_preset=\u00bb94303537-339d-484d-8204-fdaf972d663a\u00bb header_font=\u00bb||||||||\u00bb header_3_font=\u00bbActor||||||||\u00bb header_3_text_color=\u00bb#FFFFFF\u00bb header_3_line_height=\u00bb1.3em\u00bb custom_margin=\u00bb||5px||false|false\u00bb custom_padding=\u00bb||||false|false\u00bb header_3_font_size_tablet=\u00bb20px\u00bb header_3_font_size_phone=\u00bb16px\u00bb header_3_font_size_last_edited=\u00bbon|phone\u00bb global_colors_info=\u00bb{}\u00bb]<\/p>\n<h3>Concienciar a las principales partes interesadas y a los profesionales del comercio de que el algod\u00f3n europeo se cultiva a partir de semillas no modificadas gen\u00e9ticamente y tiene un alto rendimiento medioambiental, social y econ\u00f3mico.<\/h3>\n<p>[\/et_pb_text][\/et_pb_column][et_pb_column type=\u00bb2_5&#8243; _builder_version=\u00bb4.16&#8243; _module_preset=\u00bbdefault\u00bb global_colors_info=\u00bb{}\u00bb][\/et_pb_column][\/et_pb_row][\/et_pb_section][et_pb_section fb_built=\u00bb1&#8243; _builder_version=\u00bb4.18.0&#8243; _module_preset=\u00bbdefault\u00bb custom_margin_tablet=\u00bb\u00bb custom_margin_phone=\u00bb-100px||||false|false\u00bb custom_margin_last_edited=\u00bbon|phone\u00bb custom_padding=\u00bb0px||||false|false\u00bb da_disable_devices=\u00bboff|off|off\u00bb global_colors_info=\u00bb{}\u00bb da_is_popup=\u00bboff\u00bb da_exit_intent=\u00bboff\u00bb da_has_close=\u00bbon\u00bb da_alt_close=\u00bboff\u00bb da_dark_close=\u00bboff\u00bb da_not_modal=\u00bbon\u00bb da_is_singular=\u00bboff\u00bb da_with_loader=\u00bboff\u00bb da_has_shadow=\u00bbon\u00bb][et_pb_row column_structure=\u00bb1_2,1_2&#8243; _builder_version=\u00bb4.18.0&#8243; _module_preset=\u00bbdefault\u00bb width=\u00bb60%\u00bb global_colors_info=\u00bb{}\u00bb][et_pb_column type=\u00bb1_2&#8243; _builder_version=\u00bb4.18.0&#8243; _module_preset=\u00bbdefault\u00bb global_colors_info=\u00bb{}\u00bb][et_pb_image src=\u00bbhttps:\/\/eucotton.eu\/wp-content\/uploads\/2024\/10\/grafica_es_01.jpg\u00bb title_text=\u00bbgrafica_es_01&#8243; _builder_version=\u00bb4.27.2&#8243; _module_preset=\u00bbdefault\u00bb hover_enabled=\u00bb0&#8243; global_colors_info=\u00bb{}\u00bb sticky_enabled=\u00bb0&#8243;][\/et_pb_image][\/et_pb_column][et_pb_column type=\u00bb1_2&#8243; _builder_version=\u00bb4.18.0&#8243; _module_preset=\u00bbdefault\u00bb global_colors_info=\u00bb{}\u00bb][et_pb_image src=\u00bbhttps:\/\/eucotton.eu\/wp-content\/uploads\/2024\/10\/grafica_es_02.jpg\u00bb title_text=\u00bbgrafica_es_02&#8243; _builder_version=\u00bb4.27.2&#8243; _module_preset=\u00bbdefault\u00bb hover_enabled=\u00bb0&#8243; global_colors_info=\u00bb{}\u00bb sticky_enabled=\u00bb0&#8243;][\/et_pb_image][\/et_pb_column][\/et_pb_row][\/et_pb_section]<\/p>\n","protected":false},"excerpt":{"rendered":"<p>Sobre la campa\u00f1aEUCOTTON es una ambiciosa iniciativa para la promoci\u00f3n de la producci\u00f3n europea de algod\u00f3n liderada por la Alianza Europea del Algod\u00f3n (ECA) y financiada por la Uni\u00f3n Europea.Bajo el lema: \u00abEuropa dise\u00f1a un futuro sostenible con algod\u00f3n de Europa\u00bb, esta campa\u00f1a europea de 3 a\u00f1os de duraci\u00f3n se centra en concienciar a los [&hellip;]<\/p>\n","protected":false},"author":2,"featured_media":0,"parent":0,"menu_order":4,"comment_status":"closed","ping_status":"closed","template":"","meta":{"_et_pb_use_builder":"on","_et_pb_old_content":"","_et_gb_content_width":"","footnotes":""},"class_list":["post-2502","page","type-page","status-publish","hentry"],"_links":{"self":[{"href":"https:\/\/eucotton.eu\/es\/wp-json\/wp\/v2\/pages\/2502","targetHints":{"allow":["GET"]}}],"collection":[{"href":"https:\/\/eucotton.eu\/es\/wp-json\/wp\/v2\/pages"}],"about":[{"href":"https:\/\/eucotton.eu\/es\/wp-json\/wp\/v2\/types\/page"}],"author":[{"embeddable":true,"href":"https:\/\/eucotton.eu\/es\/wp-json\/wp\/v2\/users\/2"}],"replies":[{"embeddable":true,"href":"https:\/\/eucotton.eu\/es\/wp-json\/wp\/v2\/comments?post=2502"}],"version-history":[{"count":7,"href":"https:\/\/eucotton.eu\/es\/wp-json\/wp\/v2\/pages\/2502\/revisions"}],"predecessor-version":[{"id":3434,"href":"https:\/\/eucotton.eu\/es\/wp-json\/wp\/v2\/pages\/2502\/revisions\/3434"}],"wp:attachment":[{"href":"https:\/\/eucotton.eu\/es\/wp-json\/wp\/v2\/media?parent=2502"}],"curies":[{"name":"wp","href":"https:\/\/api.w.org\/{rel}","templated":true}]}}