{"id":2549,"date":"2024-07-18T12:20:15","date_gmt":"2024-07-18T12:20:15","guid":{"rendered":"https:\/\/eucotton.eu\/materiales\/"},"modified":"2025-03-14T13:43:40","modified_gmt":"2025-03-14T13:43:40","slug":"materiales","status":"publish","type":"page","link":"https:\/\/eucotton.eu\/es\/materiales\/","title":{"rendered":"Materiales"},"content":{"rendered":"<p>[et_pb_section fb_built=\u00bb1&#8243; fullwidth=\u00bbon\u00bb _builder_version=\u00bb4.18.0&#8243; _module_preset=\u00bbdefault\u00bb da_disable_devices=\u00bboff|off|off\u00bb global_colors_info=\u00bb{}\u00bb da_is_popup=\u00bboff\u00bb da_exit_intent=\u00bboff\u00bb da_has_close=\u00bbon\u00bb da_alt_close=\u00bboff\u00bb da_dark_close=\u00bboff\u00bb da_not_modal=\u00bbon\u00bb da_is_singular=\u00bboff\u00bb da_with_loader=\u00bboff\u00bb da_has_shadow=\u00bbon\u00bb][et_pb_fullwidth_image src=\u00bbhttps:\/\/eucotton.eu\/wp-content\/uploads\/2024\/10\/header_materials_cotton_es.jpg\u00bb title_text=\u00bbheader_materials_cotton_es\u00bb _builder_version=\u00bb4.27.2&#8243; _module_preset=\u00bbdefault\u00bb global_colors_info=\u00bb{}\u00bb][\/et_pb_fullwidth_image][\/et_pb_section][et_pb_section fb_built=\u00bb1&#8243; _builder_version=\u00bb4.27.2&#8243; _module_preset=\u00bbdefault\u00bb custom_padding=\u00bb||2px|||\u00bb da_disable_devices=\u00bboff|off|off\u00bb global_colors_info=\u00bb{}\u00bb theme_builder_area=\u00bbpost_content\u00bb da_is_popup=\u00bboff\u00bb da_exit_intent=\u00bboff\u00bb da_has_close=\u00bbon\u00bb da_alt_close=\u00bboff\u00bb da_dark_close=\u00bboff\u00bb da_not_modal=\u00bbon\u00bb da_is_singular=\u00bboff\u00bb da_with_loader=\u00bboff\u00bb da_has_shadow=\u00bbon\u00bb][et_pb_row _builder_version=\u00bb4.24.3&#8243; _module_preset=\u00bbdefault\u00bb global_colors_info=\u00bb{}\u00bb theme_builder_area=\u00bbpost_content\u00bb][et_pb_column type=\u00bb4_4&#8243; _builder_version=\u00bb4.24.3&#8243; _module_preset=\u00bbdefault\u00bb global_colors_info=\u00bb{}\u00bb theme_builder_area=\u00bbpost_content\u00bb][et_pb_text _builder_version=\u00bb4.27.2&#8243; text_text_color=\u00bbrgba(0,0,0,0.44)\u00bb text_font_size=\u00bb16px\u00bb text_line_height=\u00bb1.8em\u00bb header_2_text_color=\u00bb#0c005e\u00bb header_2_font_size=\u00bb45px\u00bb header_5_font=\u00bbRubik||||||||\u00bb header_5_font_size=\u00bb18px\u00bb header_5_line_height=\u00bb1.8em\u00bb locked=\u00bboff\u00bb global_colors_info=\u00bb{}\u00bb theme_builder_area=\u00bbpost_content\u00bb]<\/p>\n<h2>V\u00eddeos de la campa\u00f1a<\/h2>\n<p>[\/et_pb_text][\/et_pb_column][\/et_pb_row][et_pb_row column_structure=\u00bb1_2,1_2&#8243; _builder_version=\u00bb4.27.2&#8243; _module_preset=\u00bbdefault\u00bb global_colors_info=\u00bb{}\u00bb theme_builder_area=\u00bbpost_content\u00bb][et_pb_column type=\u00bb1_2&#8243; _builder_version=\u00bb4.27.2&#8243; _module_preset=\u00bbdefault\u00bb global_colors_info=\u00bb{}\u00bb theme_builder_area=\u00bbpost_content\u00bb][et_pb_text _builder_version=\u00bb4.27.2&#8243; _module_preset=\u00bbdefault\u00bb global_colors_info=\u00bb{}\u00bb theme_builder_area=\u00bbpost_content\u00bb]<a class=\"vp-a vp-dr\" href=\"https:\/\/youtu.be\/KO3mzJcNaCE\" rel=\"nofollow\" data-width=\"1280\" data-height=\"720\" data-dwrap=\"1\" data-iv=\"1\"><img decoding=\"async\" class=\"vp-img\" src=\"https:\/\/eucotton.eu\/wp-content\/uploads\/2025\/03\/campaign-video-1.jpg\"><\/a>[\/et_pb_text][et_pb_text _builder_version=\u00bb4.27.2&#8243; _module_preset=\u00bbdefault\u00bb text_text_color=\u00bbrgba(0,0,0,0.44)\u00bb text_font_size=\u00bb16px\u00bb text_line_height=\u00bb1.8em\u00bb header_2_text_color=\u00bb#0c005e\u00bb header_2_font_size=\u00bb45px\u00bb header_3_text_color=\u00bb#0c005e\u00bb header_3_font_size=\u00bb30px\u00bb header_5_font=\u00bbRubik||||||||\u00bb header_5_font_size=\u00bb18px\u00bb header_5_line_height=\u00bb1.8em\u00bb global_colors_info=\u00bb{}\u00bb theme_builder_area=\u00bbpost_content\u00bb]<\/p>\n<h3 style=\"text-align: center;\">Campa\u00f1a V\u00eddeo 1<\/h3>\n<p>[\/et_pb_text][\/et_pb_column][et_pb_column type=\u00bb1_2&#8243; _builder_version=\u00bb4.27.2&#8243; _module_preset=\u00bbdefault\u00bb global_colors_info=\u00bb{}\u00bb theme_builder_area=\u00bbpost_content\u00bb][et_pb_text _builder_version=\u00bb4.27.2&#8243; _module_preset=\u00bbdefault\u00bb global_colors_info=\u00bb{}\u00bb theme_builder_area=\u00bbpost_content\u00bb]<a class=\"vp-a vp-dr\" href=\"https:\/\/youtu.be\/TyvL3H8LjJ8\" rel=\"nofollow\" data-width=\"1280\" data-height=\"720\" data-dwrap=\"1\" data-iv=\"1\"><img decoding=\"async\" class=\"vp-img\" src=\"https:\/\/eucotton.eu\/wp-content\/uploads\/2025\/03\/campaign-video-2.jpg\"><\/a>[\/et_pb_text][et_pb_text _builder_version=\u00bb4.27.2&#8243; _module_preset=\u00bbdefault\u00bb text_text_color=\u00bbrgba(0,0,0,0.44)\u00bb text_font_size=\u00bb16px\u00bb text_line_height=\u00bb1.8em\u00bb header_2_text_color=\u00bb#0c005e\u00bb header_2_font_size=\u00bb45px\u00bb header_3_text_color=\u00bb#0c005e\u00bb header_3_font_size=\u00bb30px\u00bb header_5_font=\u00bbRubik||||||||\u00bb header_5_font_size=\u00bb18px\u00bb header_5_line_height=\u00bb1.8em\u00bb global_colors_info=\u00bb{}\u00bb theme_builder_area=\u00bbpost_content\u00bb]<\/p>\n<h3 style=\"text-align: center;\">V\u00eddeo de la Campa\u00f1a 2<\/h3>\n<p>[\/et_pb_text][\/et_pb_column][\/et_pb_row][\/et_pb_section][et_pb_section fb_built=\u00bb1&#8243; _builder_version=\u00bb4.18.0&#8243; _module_preset=\u00bbdefault\u00bb da_disable_devices=\u00bboff|off|off\u00bb global_colors_info=\u00bb{}\u00bb da_is_popup=\u00bboff\u00bb da_exit_intent=\u00bboff\u00bb da_has_close=\u00bbon\u00bb da_alt_close=\u00bboff\u00bb da_dark_close=\u00bboff\u00bb da_not_modal=\u00bbon\u00bb da_is_singular=\u00bboff\u00bb da_with_loader=\u00bboff\u00bb da_has_shadow=\u00bbon\u00bb][et_pb_row _builder_version=\u00bb4.24.3&#8243; _module_preset=\u00bbdefault\u00bb global_colors_info=\u00bb{}\u00bb][et_pb_column type=\u00bb4_4&#8243; _builder_version=\u00bb4.24.3&#8243; _module_preset=\u00bbdefault\u00bb global_colors_info=\u00bb{}\u00bb][et_pb_text _builder_version=\u00bb4.25.1&#8243; text_text_color=\u00bbrgba(0,0,0,0.44)\u00bb text_font_size=\u00bb16px\u00bb text_line_height=\u00bb1.8em\u00bb header_2_text_color=\u00bb#0c005e\u00bb header_2_font_size=\u00bb45px\u00bb header_5_font=\u00bbRubik||||||||\u00bb header_5_font_size=\u00bb18px\u00bb header_5_line_height=\u00bb1.8em\u00bb locked=\u00bboff\u00bb global_colors_info=\u00bb{}\u00bb]<\/p>\n<h2>Dossier de Prensa<\/h2>\n<p>[\/et_pb_text][\/et_pb_column][\/et_pb_row][et_pb_row column_structure=\u00bb1_3,1_3,1_3&#8243; _builder_version=\u00bb4.18.0&#8243; _module_preset=\u00bbdefault\u00bb custom_margin_tablet=\u00bb\u00bb custom_margin_phone=\u00bb-40px||||false|false\u00bb custom_margin_last_edited=\u00bbon|phone\u00bb global_colors_info=\u00bb{}\u00bb][et_pb_column type=\u00bb1_3&#8243; _builder_version=\u00bb4.18.0&#8243; _module_preset=\u00bbdefault\u00bb global_colors_info=\u00bb{}\u00bb][et_pb_image src=\u00bbhttps:\/\/eucotton.eu\/wp-content\/uploads\/2024\/07\/dossier-algodon2023-EN.jpg\u00bb title_text=\u00bbdossier algodon2023 EN\u00bb url=\u00bbhttps:\/\/eucotton.eu\/wp-content\/uploads\/2024\/09\/EU_Cotton_media-kit_2024_EN.pdf\u00bb url_new_window=\u00bbon\u00bb _builder_version=\u00bb4.27.0&#8243; _module_preset=\u00bbdefault\u00bb global_colors_info=\u00bb{}\u00bb][\/et_pb_image][et_pb_text _builder_version=\u00bb4.27.2&#8243; text_text_color=\u00bbrgba(0,0,0,0.44)\u00bb text_font_size=\u00bb16px\u00bb text_line_height=\u00bb1.8em\u00bb header_2_text_color=\u00bb#0c005e\u00bb header_2_font_size=\u00bb45px\u00bb header_3_text_color=\u00bb#0c005e\u00bb header_3_font_size=\u00bb30px\u00bb header_5_font=\u00bbRubik||||||||\u00bb header_5_font_size=\u00bb18px\u00bb header_5_line_height=\u00bb1.8em\u00bb locked=\u00bboff\u00bb global_colors_info=\u00bb{}\u00bb]<\/p>\n<h3 style=\"text-align: center;\">INGL\u00c9S<\/h3>\n<p>[\/et_pb_text][\/et_pb_column][et_pb_column type=\u00bb1_3&#8243; _builder_version=\u00bb4.18.0&#8243; _module_preset=\u00bbdefault\u00bb global_colors_info=\u00bb{}\u00bb][et_pb_image src=\u00bbhttps:\/\/eucotton.eu\/wp-content\/uploads\/2024\/07\/dossier-algodon2023-ES.jpg\u00bb title_text=\u00bbdossier algodon2023 ES\u00bb url=\u00bbhttps:\/\/eucotton.eu\/wp-content\/uploads\/2024\/09\/EU_Cotton_media-kit_2024_ES.pdf\u00bb url_new_window=\u00bbon\u00bb _builder_version=\u00bb4.27.0&#8243; _module_preset=\u00bbdefault\u00bb global_colors_info=\u00bb{}\u00bb][\/et_pb_image][et_pb_text _builder_version=\u00bb4.27.2&#8243; text_text_color=\u00bbrgba(0,0,0,0.44)\u00bb text_font_size=\u00bb16px\u00bb text_line_height=\u00bb1.8em\u00bb header_2_text_color=\u00bb#0c005e\u00bb header_2_font_size=\u00bb45px\u00bb header_3_text_color=\u00bb#0c005e\u00bb header_3_font_size=\u00bb30px\u00bb header_5_font=\u00bbRubik||||||||\u00bb header_5_font_size=\u00bb18px\u00bb header_5_line_height=\u00bb1.8em\u00bb locked=\u00bboff\u00bb global_colors_info=\u00bb{}\u00bb]<\/p>\n<h3 style=\"text-align: center;\">ESPA\u00d1OL<\/h3>\n<p>[\/et_pb_text][\/et_pb_column][et_pb_column type=\u00bb1_3&#8243; _builder_version=\u00bb4.18.0&#8243; _module_preset=\u00bbdefault\u00bb global_colors_info=\u00bb{}\u00bb][et_pb_image src=\u00bbhttps:\/\/eucotton.eu\/wp-content\/uploads\/2024\/07\/dossier-algodon2023-FR.jpg\u00bb title_text=\u00bbdossier algodon2023 FR\u00bb url=\u00bbhttps:\/\/eucotton.eu\/wp-content\/uploads\/2024\/09\/EU_Cotton_media-kit_2024_FR.pdf\u00bb url_new_window=\u00bbon\u00bb _builder_version=\u00bb4.27.0&#8243; _module_preset=\u00bbdefault\u00bb global_colors_info=\u00bb{}\u00bb][\/et_pb_image][et_pb_text _builder_version=\u00bb4.27.2&#8243; text_text_color=\u00bbrgba(0,0,0,0.44)\u00bb text_font_size=\u00bb16px\u00bb text_line_height=\u00bb1.8em\u00bb header_2_text_color=\u00bb#0c005e\u00bb header_2_font_size=\u00bb45px\u00bb header_3_text_color=\u00bb#0c005e\u00bb header_3_font_size=\u00bb30px\u00bb header_5_font=\u00bbRubik||||||||\u00bb header_5_font_size=\u00bb18px\u00bb header_5_line_height=\u00bb1.8em\u00bb locked=\u00bboff\u00bb global_colors_info=\u00bb{}\u00bb]<\/p>\n<h3 style=\"text-align: center;\">FRANC\u00c9S<\/h3>\n<p>[\/et_pb_text][\/et_pb_column][\/et_pb_row][et_pb_row column_structure=\u00bb1_3,1_3,1_3&#8243; _builder_version=\u00bb4.18.0&#8243; _module_preset=\u00bbdefault\u00bb custom_margin_tablet=\u00bb\u00bb custom_margin_phone=\u00bb-40px||||false|false\u00bb custom_margin_last_edited=\u00bbon|phone\u00bb global_colors_info=\u00bb{}\u00bb][et_pb_column type=\u00bb1_3&#8243; _builder_version=\u00bb4.18.0&#8243; _module_preset=\u00bbdefault\u00bb global_colors_info=\u00bb{}\u00bb][et_pb_image src=\u00bbhttps:\/\/eucotton.eu\/wp-content\/uploads\/2024\/07\/dossier-algodon2023-DE.jpg\u00bb title_text=\u00bbdossier algodon2023 DE\u00bb url=\u00bbhttps:\/\/eucotton.eu\/wp-content\/uploads\/2024\/09\/EU_Cotton_media-kit_2024_DE.pdf\u00bb url_new_window=\u00bbon\u00bb _builder_version=\u00bb4.27.0&#8243; _module_preset=\u00bbdefault\u00bb global_colors_info=\u00bb{}\u00bb][\/et_pb_image][et_pb_text _builder_version=\u00bb4.27.2&#8243; text_text_color=\u00bbrgba(0,0,0,0.44)\u00bb text_font_size=\u00bb16px\u00bb text_line_height=\u00bb1.8em\u00bb header_2_text_color=\u00bb#0c005e\u00bb header_2_font_size=\u00bb45px\u00bb header_3_text_color=\u00bb#0c005e\u00bb header_3_font_size=\u00bb30px\u00bb header_5_font=\u00bbRubik||||||||\u00bb header_5_font_size=\u00bb18px\u00bb header_5_line_height=\u00bb1.8em\u00bb locked=\u00bboff\u00bb global_colors_info=\u00bb{}\u00bb]<\/p>\n<h3 style=\"text-align: center;\">ALEM\u00c1N<\/h3>\n<p>[\/et_pb_text][\/et_pb_column][et_pb_column type=\u00bb1_3&#8243; _builder_version=\u00bb4.18.0&#8243; _module_preset=\u00bbdefault\u00bb global_colors_info=\u00bb{}\u00bb][et_pb_image src=\u00bbhttps:\/\/eucotton.eu\/wp-content\/uploads\/2024\/07\/dossier-algodon2023-IT.jpg\u00bb title_text=\u00bbdossier algodon2023 IT\u00bb url=\u00bbhttps:\/\/eucotton.eu\/wp-content\/uploads\/2024\/09\/EU_Cotton_media-kit_2024_IT.pdf\u00bb url_new_window=\u00bbon\u00bb _builder_version=\u00bb4.27.0&#8243; _module_preset=\u00bbdefault\u00bb global_colors_info=\u00bb{}\u00bb][\/et_pb_image][et_pb_text _builder_version=\u00bb4.27.2&#8243; text_text_color=\u00bbrgba(0,0,0,0.44)\u00bb text_font_size=\u00bb16px\u00bb text_line_height=\u00bb1.8em\u00bb header_2_text_color=\u00bb#0c005e\u00bb header_2_font_size=\u00bb45px\u00bb header_3_text_color=\u00bb#0c005e\u00bb header_3_font_size=\u00bb30px\u00bb header_5_font=\u00bbRubik||||||||\u00bb header_5_font_size=\u00bb18px\u00bb header_5_line_height=\u00bb1.8em\u00bb locked=\u00bboff\u00bb global_colors_info=\u00bb{}\u00bb]<\/p>\n<h3 style=\"text-align: center;\">ITALIANO<\/h3>\n<p>[\/et_pb_text][\/et_pb_column][et_pb_column type=\u00bb1_3&#8243; _builder_version=\u00bb4.18.0&#8243; _module_preset=\u00bbdefault\u00bb global_colors_info=\u00bb{}\u00bb][et_pb_image src=\u00bbhttps:\/\/eucotton.eu\/wp-content\/uploads\/2024\/09\/Dossier_2024_GR.jpg\u00bb title_text=\u00bbDossier_2024_GR\u00bb url=\u00bbhttps:\/\/eucotton.eu\/wp-content\/uploads\/2024\/09\/EU_Cotton_media-kit_2024_GR.pdf\u00bb url_new_window=\u00bbon\u00bb _builder_version=\u00bb4.27.0&#8243; _module_preset=\u00bbdefault\u00bb global_colors_info=\u00bb{}\u00bb][\/et_pb_image][et_pb_text _builder_version=\u00bb4.27.2&#8243; text_text_color=\u00bbrgba(0,0,0,0.44)\u00bb text_font_size=\u00bb16px\u00bb text_line_height=\u00bb1.8em\u00bb header_2_text_color=\u00bb#0c005e\u00bb header_2_font_size=\u00bb45px\u00bb header_3_text_color=\u00bb#0c005e\u00bb header_3_font_size=\u00bb30px\u00bb header_5_font=\u00bbRubik||||||||\u00bb header_5_font_size=\u00bb18px\u00bb header_5_line_height=\u00bb1.8em\u00bb locked=\u00bboff\u00bb global_colors_info=\u00bb{}\u00bb]<\/p>\n<h3 style=\"text-align: center;\">GRIEGO<\/h3>\n<p>[\/et_pb_text][\/et_pb_column][\/et_pb_row][\/et_pb_section]<\/p>\n","protected":false},"excerpt":{"rendered":"<p>V\u00eddeos de la campa\u00f1a<a class=\"vp-a vp-dr\" href=\"https:\/\/youtu.be\/KO3mzJcNaCE\" rel=\"nofollow\" data-width=\"1280\" data-height=\"720\" data-dwrap=\"1\" data-iv=\"1\"><img decoding=\"async\" class=\"vp-img\" src=\"https:\/\/eucotton.eu\/wp-content\/uploads\/2025\/03\/campaign-video-1.jpg\"><\/a>Campa\u00f1a V\u00eddeo 1<a class=\"vp-a vp-dr\" href=\"https:\/\/youtu.be\/TyvL3H8LjJ8\" rel=\"nofollow\" data-width=\"1280\" data-height=\"720\" data-dwrap=\"1\" data-iv=\"1\"><img decoding=\"async\" class=\"vp-img\" src=\"https:\/\/eucotton.eu\/wp-content\/uploads\/2025\/03\/campaign-video-2.jpg\"><\/a>V\u00eddeo de la Campa\u00f1a 2Dossier de PrensaINGL\u00c9SESPA\u00d1OLFRANC\u00c9SALEM\u00c1NITALIANOGRIEGO<\/p>\n","protected":false},"author":2,"featured_media":0,"parent":0,"menu_order":8,"comment_status":"closed","ping_status":"closed","template":"","meta":{"_et_pb_use_builder":"on","_et_pb_old_content":"","_et_gb_content_width":"","footnotes":""},"class_list":["post-2549","page","type-page","status-publish","hentry"],"_links":{"self":[{"href":"https:\/\/eucotton.eu\/es\/wp-json\/wp\/v2\/pages\/2549","targetHints":{"allow":["GET"]}}],"collection":[{"href":"https:\/\/eucotton.eu\/es\/wp-json\/wp\/v2\/pages"}],"about":[{"href":"https:\/\/eucotton.eu\/es\/wp-json\/wp\/v2\/types\/page"}],"author":[{"embeddable":true,"href":"https:\/\/eucotton.eu\/es\/wp-json\/wp\/v2\/users\/2"}],"replies":[{"embeddable":true,"href":"https:\/\/eucotton.eu\/es\/wp-json\/wp\/v2\/comments?post=2549"}],"version-history":[{"count":6,"href":"https:\/\/eucotton.eu\/es\/wp-json\/wp\/v2\/pages\/2549\/revisions"}],"predecessor-version":[{"id":4212,"href":"https:\/\/eucotton.eu\/es\/wp-json\/wp\/v2\/pages\/2549\/revisions\/4212"}],"wp:attachment":[{"href":"https:\/\/eucotton.eu\/es\/wp-json\/wp\/v2\/media?parent=2549"}],"curies":[{"name":"wp","href":"https:\/\/api.w.org\/{rel}","templated":true}]}}