{"id":2625,"date":"2022-09-21T16:23:13","date_gmt":"2022-09-21T16:23:13","guid":{"rendered":"https:\/\/eucotton.eu\/politica-de-privacidad\/"},"modified":"2024-11-12T15:45:29","modified_gmt":"2024-11-12T15:45:29","slug":"politica-de-privacidad","status":"publish","type":"page","link":"https:\/\/eucotton.eu\/es\/politica-de-privacidad\/","title":{"rendered":"Pol\u00edtica de Privacidad"},"content":{"rendered":"<p>[et_pb_section fb_built=\u00bb1&#8243; admin_label=\u00bbFAQ\u00bb _builder_version=\u00bb4.18.0&#8243; _module_preset=\u00bbdefault\u00bb background_enable_color=\u00bboff\u00bb locked=\u00bboff\u00bb global_colors_info=\u00bb{}\u00bb da_is_popup=\u00bboff\u00bb da_exit_intent=\u00bboff\u00bb da_has_close=\u00bbon\u00bb da_alt_close=\u00bboff\u00bb da_dark_close=\u00bboff\u00bb da_not_modal=\u00bbon\u00bb da_is_singular=\u00bboff\u00bb da_with_loader=\u00bboff\u00bb da_has_shadow=\u00bbon\u00bb da_disable_devices=\u00bboff|off|off\u00bb][et_pb_row _builder_version=\u00bb4.16&#8243; locked=\u00bboff\u00bb global_colors_info=\u00bb{}\u00bb][et_pb_column type=\u00bb4_4&#8243; _builder_version=\u00bb4.16&#8243; global_colors_info=\u00bb{}\u00bb][et_pb_text _builder_version=\u00bb4.27.2&#8243; text_font=\u00bbActor|300|||||||\u00bb text_text_color=\u00bb#0cb4ce\u00bb text_font_size=\u00bb24px\u00bb text_line_height=\u00bb1.4em\u00bb header_font=\u00bb||||||||\u00bb header_text_color=\u00bb#0c005e\u00bb header_font_size=\u00bb70px\u00bb header_letter_spacing=\u00bb2px\u00bb header_line_height=\u00bb0.8em\u00bb custom_margin_tablet=\u00bb\u00bb custom_margin_phone=\u00bb-40px||||false|false\u00bb custom_margin_last_edited=\u00bbon|phone\u00bb hover_enabled=\u00bb0&#8243; text_font_size_tablet=\u00bb\u00bb text_font_size_phone=\u00bb20px\u00bb text_font_size_last_edited=\u00bbon|desktop\u00bb header_font_size_tablet=\u00bb56px\u00bb header_font_size_phone=\u00bb40px\u00bb header_font_size_last_edited=\u00bbon|phone\u00bb text_orientation_tablet=\u00bbleft\u00bb text_orientation_last_edited=\u00bboff|phone\u00bb locked=\u00bboff\u00bb global_colors_info=\u00bb{}\u00bb sticky_enabled=\u00bb0&#8243;]<\/p>\n<h1>Pol\u00edtica de privacidad<\/h1>\n<p>[\/et_pb_text][et_pb_text _builder_version=\u00bb4.27.2&#8243; _module_preset=\u00bbdefault\u00bb text_font_size=\u00bb16px\u00bb header_2_font=\u00bb|700|||||||\u00bb header_2_font_size=\u00bb30px\u00bb hover_enabled=\u00bb0&#8243; global_colors_info=\u00bb{}\u00bb sticky_enabled=\u00bb0&#8243;]<\/p>\n<h2>\u00bfQui\u00e9n es responsable del tratamiento de sus datos personales?<\/h2>\n<p>EUCOTTON.EU (EUCOTTON) es el Responsable del Tratamiento de los datos personales del USUARIO y le informa de que dichos datos ser\u00e1n tratados de conformidad con el Reglamento (UE) 2016\/679, de 27 de abril (RGPD) y la Ley Org\u00e1nica (ES) 3\/2018, de 5 de diciembre (LOPDGDD).\u00a0<\/p>\n<h2>\u00bfPara qu\u00e9 tratamos sus datos personales?<\/h2>\n<p>EUCOTTON.EU utiliza sus datos personales para mantener una relaci\u00f3n comercial con usted.<\/p>\n<p>Los fines previstos por la legislaci\u00f3n para el tratamiento de los datos son:<\/p>\n<ul>\n<li>Tramitaci\u00f3n de pedidos y solicitudes por parte del usuario.<\/li>\n<li>Env\u00edo de comunicaciones comerciales y publicidad a trav\u00e9s de correo electr\u00f3nico, fax, SMS, MMS, redes sociales, o cualquier otro medio online u offline, actual o futuro, que permita realizar comunicaciones comerciales. Dichas comunicaciones ser\u00e1n realizadas por parte de EUCOTTON.EU y estar\u00e1n relacionadas con sus productos o servicios o los de sus colaboradores o proveedores con los que haya alcanzado alg\u00fan acuerdo publicitario. En este caso, los terceros nunca tendr\u00e1n acceso a datos personales.<\/li>\n<\/ul>\n<ul>\n<li>Realizaci\u00f3n de estudios de mercado y an\u00e1lisis estad\u00edsticos.<\/li>\n<\/ul>\n<h2>\u00bfCu\u00e1l es la base jur\u00eddica para el tratamiento de sus datos personales?<\/h2>\n<p>Las bases leg\u00edtimas para el tratamiento de sus datos personales por parte de EUCOTTON.EU se establecen en el art\u00edculo 6 del RGPD de la siguiente manera:<\/p>\n<ul>\n<li>En relaci\u00f3n con el consentimiento del Usuario: el env\u00edo de comunicaciones comerciales y el bolet\u00edn de noticias, as\u00ed como la tramitaci\u00f3n de pedidos, solicitudes, etc. por parte del Usuario.<\/li>\n<li>En relaci\u00f3n con los intereses leg\u00edtimos de EUCOTTON.EU: realizaci\u00f3n de estudios de mercado, etc.<\/li>\n<\/ul>\n<h2>\u00bfDurante cu\u00e1nto tiempo conservaremos sus datos personales?<\/h2>\n<p>Solo se conservar\u00e1n durante el tiempo que sea necesario para lograr la finalidad del tratamiento de los datos, o mientras existan normas legales que exijan su conservaci\u00f3n continuada. Cuando ya no sea necesario, se suprimir\u00e1n utilizando las medidas de seguridad adecuadas para garantizar la anonimizaci\u00f3n completa de los datos personales y su destrucci\u00f3n total.<\/p>\n<h2>\u00bfA qui\u00e9n facilitamos sus datos personales?<\/h2>\n<p>Sus datos personales no se transmitir\u00e1n a terceros. Nuestros proveedores de servicios tendr\u00e1n acceso a los datos personales relacionados con las comunicaciones, siguiendo instrucciones de EUCOTTON.EU. No obstante, estar\u00e1n sujetos a los correspondientes contratos de confidencialidad y de tratamiento de datos exigidos por la legislaci\u00f3n.<\/p>\n<p>Asimismo, no se realizar\u00e1 ninguna transferencia internacional de datos fuera del Espacio Econ\u00f3mico Europeo.<\/p>\n<h2>\u00bfCu\u00e1les son sus derechos?<\/h2>\n<p>Los derechos reconocidos al Usuario son:<\/p>\n<ul>\n<li>Derecho a retirar su consentimiento en cualquier momento.<\/li>\n<li>Derecho de acceso, rectificaci\u00f3n, supresi\u00f3n y bloqueo de sus datos y la limitaci\u00f3n u oposici\u00f3n a su tratamiento.<\/li>\n<li>Derecho a presentar una reclamaci\u00f3n ante la autoridad de control (www.aepd.es) si considera que el tratamiento de los datos no se ajusta a la normativa vigente.<\/li>\n<\/ul>\n<p>Puede ejercer los derechos mencionados enviando una solicitud por correo electr\u00f3nico a la direcci\u00f3n <a href=\"mailto:info@eucotton.eu\">info@eucotton.eu<\/a> detallando el derecho que desea ejercitar.<\/p>\n<h2>\u00bfDebe facilitar sus datos personales?<\/h2>\n<p>EUCOTTON.EU le informa de que todos los datos solicitados por el Sitio Web son obligatorios, ya que se necesitan para prestar al USUARIO un servicio de calidad. En el caso de que no se faciliten todos los datos, no se garantiza que la informaci\u00f3n facilitada ni los servicios prestados se ajusten por completo a sus necesidades.<\/p>\n<h2>\u00bfQu\u00e9 medidas de seguridad aplica EUCOTTON.EU?<\/h2>\n<p>En virtud de lo dispuesto en la legislaci\u00f3n vigente en materia de datos personales, EUCOTTON.EU cumple todas las disposiciones del RGPD y la LOPDGDD sobre el tratamiento de los datos personales a su cargo, as\u00ed como, por supuesto, los principios establecidos en el art\u00edculo 5 del RGPD, seg\u00fan los cuales los datos deben ser tratados de manera l\u00edcita, leal y transparente en relaci\u00f3n con el interesado y ser adecuados, pertinentes y limitados a lo necesario en relaci\u00f3n con los fines para los que son tratados.<\/p>\n<p>EUCOTTON.EU garantiza que ha implementado pol\u00edticas t\u00e9cnicas y administrativas adecuadas para aplicar las medidas de seguridad establecidas en el RGPD y la LOPDGDD, con el fin de proteger los derechos y libertades de los Usuarios y les ha comunicado la informaci\u00f3n necesaria para el ejercicio de los mismos.<\/p>\n<p>Para obtener m\u00e1s informaci\u00f3n acerca de las garant\u00edas de privacidad, puede ponerse en contacto con el RECOLECTOR DE DATOS a trav\u00e9s de la direcci\u00f3n de correo electr\u00f3nico <a href=\"mailto:info@eucotton.eu\">info@eucotton.eu.<\/a><\/p>\n<p>&nbsp;<\/p>\n<p>[\/et_pb_text][\/et_pb_column][\/et_pb_row][\/et_pb_section]<\/p>\n","protected":false},"excerpt":{"rendered":"<p>Pol\u00edtica de privacidad\u00bfQui\u00e9n es responsable del tratamiento de sus datos personales? EUCOTTON.EU (EUCOTTON) es el Responsable del Tratamiento de los datos personales del USUARIO y le informa de que dichos datos ser\u00e1n tratados de conformidad con el Reglamento (UE) 2016\/679, de 27 de abril (RGPD) y la Ley Org\u00e1nica (ES) 3\/2018, de 5 de diciembre [&hellip;]<\/p>\n","protected":false},"author":2,"featured_media":0,"parent":0,"menu_order":11,"comment_status":"closed","ping_status":"closed","template":"","meta":{"_et_pb_use_builder":"on","_et_pb_old_content":"","_et_gb_content_width":"","footnotes":""},"class_list":["post-2625","page","type-page","status-publish","hentry"],"_links":{"self":[{"href":"https:\/\/eucotton.eu\/es\/wp-json\/wp\/v2\/pages\/2625","targetHints":{"allow":["GET"]}}],"collection":[{"href":"https:\/\/eucotton.eu\/es\/wp-json\/wp\/v2\/pages"}],"about":[{"href":"https:\/\/eucotton.eu\/es\/wp-json\/wp\/v2\/types\/page"}],"author":[{"embeddable":true,"href":"https:\/\/eucotton.eu\/es\/wp-json\/wp\/v2\/users\/2"}],"replies":[{"embeddable":true,"href":"https:\/\/eucotton.eu\/es\/wp-json\/wp\/v2\/comments?post=2625"}],"version-history":[{"count":5,"href":"https:\/\/eucotton.eu\/es\/wp-json\/wp\/v2\/pages\/2625\/revisions"}],"predecessor-version":[{"id":3932,"href":"https:\/\/eucotton.eu\/es\/wp-json\/wp\/v2\/pages\/2625\/revisions\/3932"}],"wp:attachment":[{"href":"https:\/\/eucotton.eu\/es\/wp-json\/wp\/v2\/media?parent=2625"}],"curies":[{"name":"wp","href":"https:\/\/api.w.org\/{rel}","templated":true}]}}