{"id":3147,"date":"2024-07-17T12:05:13","date_gmt":"2024-07-17T12:05:13","guid":{"rendered":"https:\/\/eucotton.eu\/le-coton-europeen\/la-production-de-coton-en-europe\/"},"modified":"2024-10-10T15:48:10","modified_gmt":"2024-10-10T15:48:10","slug":"la-production-de-coton-en-europe","status":"publish","type":"page","link":"https:\/\/eucotton.eu\/fr\/le-coton-europeen\/la-production-de-coton-en-europe\/","title":{"rendered":"La production de coton en Europe"},"content":{"rendered":"<p>[et_pb_section fb_built=\u00a0\u00bb1&Prime; specialty=\u00a0\u00bbon\u00a0\u00bb disabled_on=\u00a0\u00bboff|off|off\u00a0\u00bb admin_label=\u00a0\u00bbHeader\u00a0\u00bb _builder_version=\u00a0\u00bb4.16&Prime; da_disable_devices=\u00a0\u00bboff|off|off\u00a0\u00bb global_colors_info=\u00a0\u00bb{}\u00a0\u00bb da_is_popup=\u00a0\u00bboff\u00a0\u00bb da_exit_intent=\u00a0\u00bboff\u00a0\u00bb da_has_close=\u00a0\u00bbon\u00a0\u00bb da_alt_close=\u00a0\u00bboff\u00a0\u00bb da_dark_close=\u00a0\u00bboff\u00a0\u00bb da_not_modal=\u00a0\u00bbon\u00a0\u00bb da_is_singular=\u00a0\u00bboff\u00a0\u00bb da_with_loader=\u00a0\u00bboff\u00a0\u00bb da_has_shadow=\u00a0\u00bbon\u00a0\u00bb][et_pb_column type=\u00a0\u00bb2_3&Prime; specialty_columns=\u00a0\u00bb2&Prime; _builder_version=\u00a0\u00bb4.16&Prime; custom_padding=\u00a0\u00bb|||\u00a0\u00bb global_colors_info=\u00a0\u00bb{}\u00a0\u00bb custom_padding__hover=\u00a0\u00bb|||\u00a0\u00bb][et_pb_row_inner _builder_version=\u00a0\u00bb4.16&Prime; locked=\u00a0\u00bboff\u00a0\u00bb global_colors_info=\u00a0\u00bb{}\u00a0\u00bb][et_pb_column_inner saved_specialty_column_type=\u00a0\u00bb2_3&Prime; _builder_version=\u00a0\u00bb4.16&Prime; global_colors_info=\u00a0\u00bb{}\u00a0\u00bb][et_pb_text _builder_version=\u00a0\u00bb4.25.1&Prime; text_font=\u00a0\u00bbActor|300|||||||\u00a0\u00bb text_text_color=\u00a0\u00bb#0cb4ce\u00a0\u00bb text_font_size=\u00a0\u00bb24px\u00a0\u00bb text_line_height=\u00a0\u00bb1.4em\u00a0\u00bb header_font=\u00a0\u00bb||||||||\u00a0\u00bb header_text_color=\u00a0\u00bb#0c005e\u00a0\u00bb header_font_size=\u00a0\u00bb70px\u00a0\u00bb header_letter_spacing=\u00a0\u00bb2px\u00a0\u00bb header_line_height=\u00a0\u00bb0.8em\u00a0\u00bb custom_margin_tablet=\u00a0\u00bb-37px||||false|false\u00a0\u00bb custom_margin_phone=\u00a0\u00bb-37px||||false|false\u00a0\u00bb custom_margin_last_edited=\u00a0\u00bbon|tablet\u00a0\u00bb text_font_size_tablet=\u00a0\u00bb\u00a0\u00bb text_font_size_phone=\u00a0\u00bb20px\u00a0\u00bb text_font_size_last_edited=\u00a0\u00bbon|desktop\u00a0\u00bb header_font_size_tablet=\u00a0\u00bb56px\u00a0\u00bb header_font_size_phone=\u00a0\u00bb40px\u00a0\u00bb header_font_size_last_edited=\u00a0\u00bbon|phone\u00a0\u00bb text_orientation_tablet=\u00a0\u00bbleft\u00a0\u00bb text_orientation_last_edited=\u00a0\u00bboff|phone\u00a0\u00bb locked=\u00a0\u00bboff\u00a0\u00bb global_colors_info=\u00a0\u00bb{}\u00a0\u00bb]<\/p>\n<h1>La production de coton en Europe<\/h1>\n<p>100 % CON\u00c7U EN EUROPE<\/p>\n<p>[\/et_pb_text][\/et_pb_column_inner][\/et_pb_row_inner][et_pb_row_inner column_structure=\u00a0\u00bb1_2,1_2&Prime; _builder_version=\u00a0\u00bb4.16&Prime; locked=\u00a0\u00bboff\u00a0\u00bb global_colors_info=\u00a0\u00bb{}\u00a0\u00bb][et_pb_column_inner type=\u00a0\u00bb1_2&Prime; saved_specialty_column_type=\u00a0\u00bb2_3&Prime; _builder_version=\u00a0\u00bb4.16&Prime; custom_padding=\u00a0\u00bb||||false|false\u00a0\u00bb global_colors_info=\u00a0\u00bb{}\u00a0\u00bb][et_pb_image src=\u00a0\u00bbhttps:\/\/eucotton.eu\/wp-content\/uploads\/2022\/09\/campaign_01.jpg\u00a0\u00bb title_text=\u00a0\u00bbcampaign_01&Prime; align_last_edited=\u00a0\u00bboff|tablet\u00a0\u00bb _builder_version=\u00a0\u00bb4.18.0&Prime; height_last_edited=\u00a0\u00bboff|tablet\u00a0\u00bb module_alignment_last_edited=\u00a0\u00bboff|tablet\u00a0\u00bb border_radii=\u00a0\u00bboff|||200px|\u00a0\u00bb locked=\u00a0\u00bboff\u00a0\u00bb global_colors_info=\u00a0\u00bb{}\u00a0\u00bb][\/et_pb_image][\/et_pb_column_inner][et_pb_column_inner type=\u00a0\u00bb1_2&Prime; saved_specialty_column_type=\u00a0\u00bb2_3&Prime; _builder_version=\u00a0\u00bb4.16&Prime; custom_padding=\u00a0\u00bb||||false|false\u00a0\u00bb global_colors_info=\u00a0\u00bb{}\u00a0\u00bb][et_pb_text _builder_version=\u00a0\u00bb4.27.2&Prime; text_text_color=\u00a0\u00bbrgba(0,0,0,0.44)\u00a0\u00bb text_font_size=\u00a0\u00bb18px\u00a0\u00bb text_line_height=\u00a0\u00bb1.8em\u00a0\u00bb header_2_text_color=\u00a0\u00bb#0c005e\u00a0\u00bb header_2_font_size=\u00a0\u00bb45px\u00a0\u00bb header_5_font=\u00a0\u00bbRubik||||||||\u00a0\u00bb header_5_font_size=\u00a0\u00bb18px\u00a0\u00bb header_5_line_height=\u00a0\u00bb1.8em\u00a0\u00bb locked=\u00a0\u00bboff\u00a0\u00bb global_colors_info=\u00a0\u00bb{}\u00a0\u00bb]L\u2019<span style=\"color: #0c005e;\"><strong>Union europ\u00e9enne<\/strong><\/span> est <span style=\"color: #0c005e;\"><strong>un acteur majeur<\/strong><\/span> du secteur du coton et figure parmi les <span style=\"color: #0c005e;\"><strong>dix premiers exportateurs mondiaux<\/strong><\/span>.<\/p>\n<p>Quelque <span style=\"color: #0c005e;\"><strong>360 000 tonnes de coton<\/strong><\/span> sont produites en Europe, soit <span style=\"color: #0c005e;\"><strong>2 % de la production mondiale<\/strong><\/span>, sur environ <span style=\"color: #0c005e;\"><strong>200.000 hectares en Gr\u00e8ce<\/strong><\/span> et plus de <span style=\"color: #0c005e;\"><strong>60.000 hectares en Espagne<\/strong><\/span>.<\/p>\n<p>Tout cela trouve son origine dans la <span style=\"color: #0c005e;\"><strong>longue tradition de production de coton de la Gr\u00e8ce et de l\u2019Espagne<\/strong><\/span>. La Gr\u00e8ce produit environ 80 % du label EUCOTTON et l\u2019Espagne 20 %. Cette fibre est connue pour sa <span style=\"color: #0c005e;\"><strong>haute qualit\u00e9<\/strong><\/span> et <span style=\"color: #0c005e;\"><strong>tr\u00e8s demand\u00e9e dans les pays producteurs de textiles<\/strong><\/span>.[\/et_pb_text][\/et_pb_column_inner][\/et_pb_row_inner][\/et_pb_column][et_pb_column type=\u00a0\u00bb1_3&Prime; _builder_version=\u00a0\u00bb4.16&Prime; custom_padding=\u00a0\u00bb|||\u00a0\u00bb global_colors_info=\u00a0\u00bb{}\u00a0\u00bb custom_padding__hover=\u00a0\u00bb|||\u00a0\u00bb][et_pb_image src=\u00a0\u00bbhttps:\/\/eucotton.eu\/wp-content\/uploads\/2022\/09\/campaign_02.jpg\u00a0\u00bb title_text=\u00a0\u00bbcampaign_02&Prime; disabled_on=\u00a0\u00bbon|on|off\u00a0\u00bb _builder_version=\u00a0\u00bb4.18.0&Prime; custom_margin=\u00a0\u00bb|-5vw|||false|false\u00a0\u00bb border_radii=\u00a0\u00bbon|200px|200px|200px|200px\u00a0\u00bb border_radii_last_edited=\u00a0\u00bboff|tablet\u00a0\u00bb global_colors_info=\u00a0\u00bb{}\u00a0\u00bb][\/et_pb_image][\/et_pb_column][\/et_pb_section][et_pb_section fb_built=\u00a0\u00bb1&Prime; _builder_version=\u00a0\u00bb4.25.1&Prime; _module_preset=\u00a0\u00bbdefault\u00a0\u00bb da_disable_devices=\u00a0\u00bboff|off|off\u00a0\u00bb global_colors_info=\u00a0\u00bb{}\u00a0\u00bb da_is_popup=\u00a0\u00bboff\u00a0\u00bb da_exit_intent=\u00a0\u00bboff\u00a0\u00bb da_has_close=\u00a0\u00bbon\u00a0\u00bb da_alt_close=\u00a0\u00bboff\u00a0\u00bb da_dark_close=\u00a0\u00bboff\u00a0\u00bb da_not_modal=\u00a0\u00bbon\u00a0\u00bb da_is_singular=\u00a0\u00bboff\u00a0\u00bb da_with_loader=\u00a0\u00bboff\u00a0\u00bb da_has_shadow=\u00a0\u00bbon\u00a0\u00bb][et_pb_row column_structure=\u00a0\u00bb1_3,1_3,1_3&Prime; use_custom_gutter=\u00a0\u00bbon\u00a0\u00bb gutter_width=\u00a0\u00bb2&Prime; _builder_version=\u00a0\u00bb4.25.1&Prime; _module_preset=\u00a0\u00bbdefault\u00a0\u00bb custom_margin=\u00a0\u00bb0px||||false|false\u00a0\u00bb custom_padding=\u00a0\u00bb0px||||false|false\u00a0\u00bb global_colors_info=\u00a0\u00bb{}\u00a0\u00bb][et_pb_column type=\u00a0\u00bb1_3&Prime; _builder_version=\u00a0\u00bb4.25.1&Prime; _module_preset=\u00a0\u00bbdefault\u00a0\u00bb global_colors_info=\u00a0\u00bb{}\u00a0\u00bb][et_pb_image src=\u00a0\u00bbhttps:\/\/eucotton.eu\/wp-content\/uploads\/2024\/07\/export-2.jpg\u00a0\u00bb title_text=\u00a0\u00bbexport 2&Prime; _builder_version=\u00a0\u00bb4.25.1&Prime; _module_preset=\u00a0\u00bbdefault\u00a0\u00bb border_radii=\u00a0\u00bboff|||60px|\u00a0\u00bb global_colors_info=\u00a0\u00bb{}\u00a0\u00bb][\/et_pb_image][et_pb_text _builder_version=\u00a0\u00bb4.27.2&Prime; _module_preset=\u00a0\u00bb3fc5abb1-35dc-424b-b073-9c70a2f7c68a\u00a0\u00bb header_font=\u00a0\u00bb||||||||\u00a0\u00bb header_4_font=\u00a0\u00bbActor||||||||\u00a0\u00bb header_4_text_color=\u00a0\u00bb#2c2b4c\u00a0\u00bb header_4_line_height=\u00a0\u00bb1.5em\u00a0\u00bb custom_margin=\u00a0\u00bb||0px||false|false\u00a0\u00bb header_4_font_size_tablet=\u00a0\u00bb16px\u00a0\u00bb header_4_font_size_phone=\u00a0\u00bb14px\u00a0\u00bb header_4_font_size_last_edited=\u00a0\u00bbon|desktop\u00a0\u00bb global_colors_info=\u00a0\u00bb{}\u00a0\u00bb]<\/p>\n<h4>75 % du coton produit en Europe est export\u00e9 vers des pays situ\u00e9s principalement dans le bassin m\u00e9diterran\u00e9en (Turquie, \u00c9gypte, Maroc etc.) ainsi que vers l\u2019Asie du Sud-Est.<\/h4>\n<p>[\/et_pb_text][\/et_pb_column][et_pb_column type=\u00a0\u00bb1_3&Prime; _builder_version=\u00a0\u00bb4.25.1&Prime; _module_preset=\u00a0\u00bbdefault\u00a0\u00bb global_colors_info=\u00a0\u00bb{}\u00a0\u00bb][et_pb_image src=\u00a0\u00bbhttps:\/\/eucotton.eu\/wp-content\/uploads\/2024\/07\/import-2.jpg\u00a0\u00bb title_text=\u00a0\u00bbimport 2&Prime; _builder_version=\u00a0\u00bb4.25.1&Prime; _module_preset=\u00a0\u00bbdefault\u00a0\u00bb border_radii=\u00a0\u00bboff|||60px|\u00a0\u00bb global_colors_info=\u00a0\u00bb{}\u00a0\u00bb][\/et_pb_image][et_pb_text _builder_version=\u00a0\u00bb4.27.2&Prime; _module_preset=\u00a0\u00bb3fc5abb1-35dc-424b-b073-9c70a2f7c68a\u00a0\u00bb header_font=\u00a0\u00bb||||||||\u00a0\u00bb header_4_font=\u00a0\u00bbActor||||||||\u00a0\u00bb header_4_text_color=\u00a0\u00bb#2c2b4c\u00a0\u00bb header_4_line_height=\u00a0\u00bb1.5em\u00a0\u00bb custom_margin=\u00a0\u00bb||0px||false|false\u00a0\u00bb header_4_font_size_tablet=\u00a0\u00bb16px\u00a0\u00bb header_4_font_size_phone=\u00a0\u00bb14px\u00a0\u00bb header_4_font_size_last_edited=\u00a0\u00bbon|desktop\u00a0\u00bb locked=\u00a0\u00bboff\u00a0\u00bb global_colors_info=\u00a0\u00bb{}\u00a0\u00bb]<\/p>\n<h4>Une grande partie du coton export\u00e9 est ensuite r\u00e9introduite sur les march\u00e9s europ\u00e9ens sous la forme de produits textiles pr\u00eats \u00e0 porter.<\/h4>\n<p>[\/et_pb_text][\/et_pb_column][et_pb_column type=\u00a0\u00bb1_3&Prime; _builder_version=\u00a0\u00bb4.25.1&Prime; _module_preset=\u00a0\u00bbdefault\u00a0\u00bb global_colors_info=\u00a0\u00bb{}\u00a0\u00bb][et_pb_image src=\u00a0\u00bbhttps:\/\/eucotton.eu\/wp-content\/uploads\/2024\/07\/industry.jpg\u00a0\u00bb title_text=\u00a0\u00bbindustry\u00a0\u00bb _builder_version=\u00a0\u00bb4.25.1&Prime; _module_preset=\u00a0\u00bbdefault\u00a0\u00bb border_radii=\u00a0\u00bboff|||60px|\u00a0\u00bb global_colors_info=\u00a0\u00bb{}\u00a0\u00bb][\/et_pb_image][et_pb_text _builder_version=\u00a0\u00bb4.27.2&Prime; _module_preset=\u00a0\u00bb3fc5abb1-35dc-424b-b073-9c70a2f7c68a\u00a0\u00bb header_font=\u00a0\u00bb||||||||\u00a0\u00bb header_4_font=\u00a0\u00bbActor||||||||\u00a0\u00bb header_4_text_color=\u00a0\u00bb#2c2b4c\u00a0\u00bb header_4_line_height=\u00a0\u00bb1.5em\u00a0\u00bb custom_margin=\u00a0\u00bb||0px||false|false\u00a0\u00bb header_4_font_size_tablet=\u00a0\u00bb16px\u00a0\u00bb header_4_font_size_phone=\u00a0\u00bb14px\u00a0\u00bb header_4_font_size_last_edited=\u00a0\u00bbon|desktop\u00a0\u00bb global_colors_info=\u00a0\u00bb{}\u00a0\u00bb]<\/p>\n<h4>25 % du coton produit en Europe est directement utilis\u00e9 par l\u2019industrie textile europ\u00e9enne, ce qui couvre 40 % des besoins int\u00e9rieurs.<\/h4>\n<p>[\/et_pb_text][\/et_pb_column][\/et_pb_row][et_pb_row column_structure=\u00a0\u00bb1_2,1_2&Prime; _builder_version=\u00a0\u00bb4.25.1&Prime; _module_preset=\u00a0\u00bbdefault\u00a0\u00bb global_colors_info=\u00a0\u00bb{}\u00a0\u00bb][et_pb_column type=\u00a0\u00bb1_2&Prime; _builder_version=\u00a0\u00bb4.25.1&Prime; _module_preset=\u00a0\u00bbdefault\u00a0\u00bb global_colors_info=\u00a0\u00bb{}\u00a0\u00bb][et_pb_text _builder_version=\u00a0\u00bb4.27.2&Prime; text_text_color=\u00a0\u00bbrgba(0,0,0,0.44)\u00a0\u00bb text_font_size=\u00a0\u00bb18px\u00a0\u00bb text_line_height=\u00a0\u00bb1.8em\u00a0\u00bb header_2_text_color=\u00a0\u00bb#0c005e\u00a0\u00bb header_2_font_size=\u00a0\u00bb45px\u00a0\u00bb header_5_font=\u00a0\u00bbRubik||||||||\u00a0\u00bb header_5_font_size=\u00a0\u00bb18px\u00a0\u00bb header_5_line_height=\u00a0\u00bb1.8em\u00a0\u00bb locked=\u00a0\u00bboff\u00a0\u00bb global_colors_info=\u00a0\u00bb{}\u00a0\u00bb]<\/p>\n<p>La Gr\u00e8ce et l\u2019Espagne sont des acteurs majeurs de la production de coton en Europe, mettant en avant leur expertise et leur contribution \u00e0 l\u2019industrie mondiale du coton.<\/p>\n<p>Avec son climat favorable et son sol fertile, la Gr\u00e8ce a une longue tradition de production de coton. Les exploitations de coton du pays sont principalement situ\u00e9es en Thessalie et dans la r\u00e9gion nord de la Mac\u00e9doine et de la Thrace.<\/p>\n<p>[\/et_pb_text][\/et_pb_column][et_pb_column type=\u00a0\u00bb1_2&Prime; _builder_version=\u00a0\u00bb4.25.1&Prime; _module_preset=\u00a0\u00bbdefault\u00a0\u00bb global_colors_info=\u00a0\u00bb{}\u00a0\u00bb][et_pb_image src=\u00a0\u00bbhttps:\/\/eucotton.eu\/wp-content\/uploads\/2024\/10\/greece_fr.jpg\u00a0\u00bb title_text=\u00a0\u00bbgreece_fr\u00a0\u00bb _builder_version=\u00a0\u00bb4.27.2&Prime; _module_preset=\u00a0\u00bbdefault\u00a0\u00bb hover_enabled=\u00a0\u00bb0&Prime; border_radii=\u00a0\u00bboff|||60px|\u00a0\u00bb global_colors_info=\u00a0\u00bb{}\u00a0\u00bb sticky_enabled=\u00a0\u00bb0&Prime;][\/et_pb_image][\/et_pb_column][\/et_pb_row][et_pb_row column_structure=\u00a0\u00bb1_2,1_2&Prime; _builder_version=\u00a0\u00bb4.25.1&Prime; _module_preset=\u00a0\u00bbdefault\u00a0\u00bb global_colors_info=\u00a0\u00bb{}\u00a0\u00bb][et_pb_column type=\u00a0\u00bb1_2&Prime; _builder_version=\u00a0\u00bb4.25.1&Prime; _module_preset=\u00a0\u00bbdefault\u00a0\u00bb global_colors_info=\u00a0\u00bb{}\u00a0\u00bb][et_pb_image src=\u00a0\u00bbhttps:\/\/eucotton.eu\/wp-content\/uploads\/2024\/10\/spain_fr.jpg\u00a0\u00bb title_text=\u00a0\u00bbspain_fr\u00a0\u00bb _builder_version=\u00a0\u00bb4.27.2&Prime; _module_preset=\u00a0\u00bbdefault\u00a0\u00bb hover_enabled=\u00a0\u00bb0&Prime; border_radii=\u00a0\u00bboff|||60px|\u00a0\u00bb global_colors_info=\u00a0\u00bb{}\u00a0\u00bb sticky_enabled=\u00a0\u00bb0&Prime;][\/et_pb_image][\/et_pb_column][et_pb_column type=\u00a0\u00bb1_2&Prime; _builder_version=\u00a0\u00bb4.25.1&Prime; _module_preset=\u00a0\u00bbdefault\u00a0\u00bb global_colors_info=\u00a0\u00bb{}\u00a0\u00bb][et_pb_text _builder_version=\u00a0\u00bb4.27.2&Prime; text_text_color=\u00a0\u00bbrgba(0,0,0,0.44)\u00a0\u00bb text_font_size=\u00a0\u00bb18px\u00a0\u00bb text_line_height=\u00a0\u00bb1.8em\u00a0\u00bb header_2_text_color=\u00a0\u00bb#0c005e\u00a0\u00bb header_2_font_size=\u00a0\u00bb45px\u00a0\u00bb header_5_font=\u00a0\u00bbRubik||||||||\u00a0\u00bb header_5_font_size=\u00a0\u00bb18px\u00a0\u00bb header_5_line_height=\u00a0\u00bb1.8em\u00a0\u00bb locked=\u00a0\u00bboff\u00a0\u00bb global_colors_info=\u00a0\u00bb{}\u00a0\u00bb]<\/p>\n<p>De m\u00eame, l\u2019Espagne s\u2019est impos\u00e9e comme le deuxi\u00e8me producteur de coton en Europe. La r\u00e9gion m\u00e9ridionale de l\u2019Andalousie, avec son climat m\u00e9diterran\u00e9en chaud, offre un environnement id\u00e9al pour la culture du coton. La production de coton est concentr\u00e9e dans la vall\u00e9e du Guadalquivir, plus pr\u00e9cis\u00e9ment dans les provinces de S\u00e9ville et de Cadix et, dans une moindre mesure, \u00e0 Cordoue et \u00e0 Ja\u00e9n.<\/p>\n<p>[\/et_pb_text][\/et_pb_column][\/et_pb_row][et_pb_row _builder_version=\u00a0\u00bb4.25.1&Prime; _module_preset=\u00a0\u00bbdefault\u00a0\u00bb global_colors_info=\u00a0\u00bb{}\u00a0\u00bb][et_pb_column type=\u00a0\u00bb4_4&Prime; _builder_version=\u00a0\u00bb4.25.1&Prime; _module_preset=\u00a0\u00bbdefault\u00a0\u00bb global_colors_info=\u00a0\u00bb{}\u00a0\u00bb][et_pb_text _builder_version=\u00a0\u00bb4.27.2&Prime; text_text_color=\u00a0\u00bbrgba(0,0,0,0.44)\u00a0\u00bb text_font_size=\u00a0\u00bb18px\u00a0\u00bb text_line_height=\u00a0\u00bb1.8em\u00a0\u00bb header_2_text_color=\u00a0\u00bb#0c005e\u00a0\u00bb header_2_font_size=\u00a0\u00bb45px\u00a0\u00bb header_5_font=\u00a0\u00bbRubik||||||||\u00a0\u00bb header_5_font_size=\u00a0\u00bb18px\u00a0\u00bb header_5_line_height=\u00a0\u00bb1.8em\u00a0\u00bb locked=\u00a0\u00bboff\u00a0\u00bb global_colors_info=\u00a0\u00bb{}\u00a0\u00bb]<\/p>\n<p>La Gr\u00e8ce et l\u2019Espagne ont toutes deux adopt\u00e9 une production durable de coton, en donnant la priorit\u00e9 \u00e0 une gestion responsable de l\u2019eau, \u00e0 une utilisation r\u00e9duite des pesticides et \u00e0 une utilisation efficace des ressources. Leur engagement en faveur de pratiques durables garantit la pr\u00e9servation des \u00e9cosyst\u00e8mes naturels et le bien-\u00eatre des communaut\u00e9s locales.<\/p>\n<p>[\/et_pb_text][et_pb_image src=\u00a0\u00bbhttps:\/\/eucotton.eu\/wp-content\/uploads\/2024\/07\/eu_cotton.jpg\u00a0\u00bb title_text=\u00a0\u00bbCotton Field 2&Prime; _builder_version=\u00a0\u00bb4.25.1&Prime; _module_preset=\u00a0\u00bbdefault\u00a0\u00bb global_colors_info=\u00a0\u00bb{}\u00a0\u00bb][\/et_pb_image][et_pb_text _builder_version=\u00a0\u00bb4.27.2&Prime; text_text_color=\u00a0\u00bbrgba(0,0,0,0.44)\u00a0\u00bb text_font_size=\u00a0\u00bb18px\u00a0\u00bb text_line_height=\u00a0\u00bb1.8em\u00a0\u00bb header_2_text_color=\u00a0\u00bb#0c005e\u00a0\u00bb header_2_font_size=\u00a0\u00bb45px\u00a0\u00bb header_5_font=\u00a0\u00bbRubik||||||||\u00a0\u00bb header_5_font_size=\u00a0\u00bb18px\u00a0\u00bb header_5_line_height=\u00a0\u00bb1.8em\u00a0\u00bb locked=\u00a0\u00bboff\u00a0\u00bb global_colors_info=\u00a0\u00bb{}\u00a0\u00bb]<\/p>\n<p>Le coton produit en Gr\u00e8ce et en Espagne contribue non seulement \u00e0 l\u2019industrie textile nationale, mais aussi \u00e0 la cha\u00eene d\u2019approvisionnement europ\u00e9enne et mondiale. Il est largement utilis\u00e9 dans la production de diff\u00e9rents types de produits, y compris les v\u00eatements, les textiles de maison et les applications industrielles.<\/p>\n<p>Le coton europ\u00e9en est r\u00e9put\u00e9 pour sa qualit\u00e9 exceptionnelle, ce qui le rend tr\u00e8s recherch\u00e9 dans l\u2019industrie textile, en particulier pour les tissus haut de gamme et les v\u00eatements de luxe.<\/p>\n<p>L\u2019expertise de la Gr\u00e8ce et de l\u2019Espagne en mati\u00e8re de production de coton, associ\u00e9e \u00e0 leur engagement en faveur de la durabilit\u00e9, les positionne comme des acteurs influents sur le march\u00e9 europ\u00e9en et mondial du coton. Leur attachement \u00e0 la qualit\u00e9 et aux pratiques responsables continue de fa\u00e7onner l\u2019industrie du coton, soulignant l\u2019importance de ces pays dans le paysage du coton europ\u00e9en.<\/p>\n<p>[\/et_pb_text][\/et_pb_column][\/et_pb_row][\/et_pb_section]<\/p>\n","protected":false},"excerpt":{"rendered":"<p>La production de coton en Europe 100 % CON\u00c7U EN EUROPEL\u2019Union europ\u00e9enne est un acteur majeur du secteur du coton et figure parmi les dix premiers exportateurs mondiaux. Quelque 360 000 tonnes de coton sont produites en Europe, soit 2 % de la production mondiale, sur environ 200.000 hectares en Gr\u00e8ce et plus de 60.000 [&hellip;]<\/p>\n","protected":false},"author":2,"featured_media":0,"parent":3142,"menu_order":0,"comment_status":"closed","ping_status":"closed","template":"","meta":{"_et_pb_use_builder":"on","_et_pb_old_content":"","_et_gb_content_width":"","footnotes":""},"class_list":["post-3147","page","type-page","status-publish","hentry"],"_links":{"self":[{"href":"https:\/\/eucotton.eu\/fr\/wp-json\/wp\/v2\/pages\/3147","targetHints":{"allow":["GET"]}}],"collection":[{"href":"https:\/\/eucotton.eu\/fr\/wp-json\/wp\/v2\/pages"}],"about":[{"href":"https:\/\/eucotton.eu\/fr\/wp-json\/wp\/v2\/types\/page"}],"author":[{"embeddable":true,"href":"https:\/\/eucotton.eu\/fr\/wp-json\/wp\/v2\/users\/2"}],"replies":[{"embeddable":true,"href":"https:\/\/eucotton.eu\/fr\/wp-json\/wp\/v2\/comments?post=3147"}],"version-history":[{"count":5,"href":"https:\/\/eucotton.eu\/fr\/wp-json\/wp\/v2\/pages\/3147\/revisions"}],"predecessor-version":[{"id":3199,"href":"https:\/\/eucotton.eu\/fr\/wp-json\/wp\/v2\/pages\/3147\/revisions\/3199"}],"up":[{"embeddable":true,"href":"https:\/\/eucotton.eu\/fr\/wp-json\/wp\/v2\/pages\/3142"}],"wp:attachment":[{"href":"https:\/\/eucotton.eu\/fr\/wp-json\/wp\/v2\/media?parent=3147"}],"curies":[{"name":"wp","href":"https:\/\/api.w.org\/{rel}","templated":true}]}}