{"id":3164,"date":"2024-07-17T12:48:29","date_gmt":"2024-07-17T12:48:29","guid":{"rendered":"https:\/\/eucotton.eu\/les-avantages-du-coton-europeen-par-rapport-aux-autres-textiles\/"},"modified":"2024-10-10T16:29:00","modified_gmt":"2024-10-10T16:29:00","slug":"les-avantages-du-coton-europeen-par-rapport-aux-autres-textiles","status":"publish","type":"page","link":"https:\/\/eucotton.eu\/fr\/les-avantages-du-coton-europeen-par-rapport-aux-autres-textiles\/","title":{"rendered":"Les avantages du coton europ\u00e9en par rapport aux autres textiles"},"content":{"rendered":"<p>[et_pb_section fb_built=\u00a0\u00bb1&Prime; specialty=\u00a0\u00bbon\u00a0\u00bb disabled_on=\u00a0\u00bboff|off|off\u00a0\u00bb admin_label=\u00a0\u00bbHeader\u00a0\u00bb _builder_version=\u00a0\u00bb4.16&Prime; da_disable_devices=\u00a0\u00bboff|off|off\u00a0\u00bb global_colors_info=\u00a0\u00bb{}\u00a0\u00bb da_is_popup=\u00a0\u00bboff\u00a0\u00bb da_exit_intent=\u00a0\u00bboff\u00a0\u00bb da_has_close=\u00a0\u00bbon\u00a0\u00bb da_alt_close=\u00a0\u00bboff\u00a0\u00bb da_dark_close=\u00a0\u00bboff\u00a0\u00bb da_not_modal=\u00a0\u00bbon\u00a0\u00bb da_is_singular=\u00a0\u00bboff\u00a0\u00bb da_with_loader=\u00a0\u00bboff\u00a0\u00bb da_has_shadow=\u00a0\u00bbon\u00a0\u00bb][et_pb_column type=\u00a0\u00bb2_3&Prime; specialty_columns=\u00a0\u00bb2&Prime; _builder_version=\u00a0\u00bb4.16&Prime; custom_padding=\u00a0\u00bb|||\u00a0\u00bb global_colors_info=\u00a0\u00bb{}\u00a0\u00bb custom_padding__hover=\u00a0\u00bb|||\u00a0\u00bb][et_pb_row_inner _builder_version=\u00a0\u00bb4.16&Prime; locked=\u00a0\u00bboff\u00a0\u00bb global_colors_info=\u00a0\u00bb{}\u00a0\u00bb][et_pb_column_inner saved_specialty_column_type=\u00a0\u00bb2_3&Prime; _builder_version=\u00a0\u00bb4.16&Prime; global_colors_info=\u00a0\u00bb{}\u00a0\u00bb][et_pb_text _builder_version=\u00a0\u00bb4.25.1&Prime; text_font=\u00a0\u00bbActor|300|||||||\u00a0\u00bb text_text_color=\u00a0\u00bb#0cb4ce\u00a0\u00bb text_font_size=\u00a0\u00bb24px\u00a0\u00bb text_line_height=\u00a0\u00bb1.4em\u00a0\u00bb header_font=\u00a0\u00bb||||||||\u00a0\u00bb header_text_color=\u00a0\u00bb#0c005e\u00a0\u00bb header_font_size=\u00a0\u00bb70px\u00a0\u00bb header_letter_spacing=\u00a0\u00bb2px\u00a0\u00bb header_line_height=\u00a0\u00bb0.8em\u00a0\u00bb custom_margin_tablet=\u00a0\u00bb-46px||||false|false\u00a0\u00bb custom_margin_phone=\u00a0\u00bb-40px||||false|false\u00a0\u00bb custom_margin_last_edited=\u00a0\u00bbon|phone\u00a0\u00bb text_font_size_tablet=\u00a0\u00bb\u00a0\u00bb text_font_size_phone=\u00a0\u00bb20px\u00a0\u00bb text_font_size_last_edited=\u00a0\u00bbon|desktop\u00a0\u00bb header_font_size_tablet=\u00a0\u00bb56px\u00a0\u00bb header_font_size_phone=\u00a0\u00bb40px\u00a0\u00bb header_font_size_last_edited=\u00a0\u00bbon|phone\u00a0\u00bb text_orientation_tablet=\u00a0\u00bbleft\u00a0\u00bb text_orientation_last_edited=\u00a0\u00bboff|phone\u00a0\u00bb locked=\u00a0\u00bboff\u00a0\u00bb global_colors_info=\u00a0\u00bb{}\u00a0\u00bb]<\/p>\n<h1>Les avantages du coton europ\u00e9en par rapport aux autres textiles<\/h1>\n<p>LES AVANTAGES D\u2019EUCOTTON<\/p>\n<p>[\/et_pb_text][\/et_pb_column_inner][\/et_pb_row_inner][et_pb_row_inner column_structure=\u00a0\u00bb1_2,1_2&Prime; _builder_version=\u00a0\u00bb4.18.0&Prime; custom_margin_tablet=\u00a0\u00bb-63px||||false|false\u00a0\u00bb custom_margin_phone=\u00a0\u00bb-51px||||false|false\u00a0\u00bb custom_margin_last_edited=\u00a0\u00bbon|phone\u00a0\u00bb locked=\u00a0\u00bboff\u00a0\u00bb global_colors_info=\u00a0\u00bb{}\u00a0\u00bb][et_pb_column_inner type=\u00a0\u00bb1_2&Prime; saved_specialty_column_type=\u00a0\u00bb2_3&Prime; _builder_version=\u00a0\u00bb4.16&Prime; custom_padding=\u00a0\u00bb||||false|false\u00a0\u00bb global_colors_info=\u00a0\u00bb{}\u00a0\u00bb][et_pb_image src=\u00a0\u00bbhttps:\/\/eucotton.eu\/wp-content\/uploads\/2024\/07\/textile_industry.jpg\u00a0\u00bb title_text=\u00a0\u00bbtextile_industry\u00a0\u00bb _builder_version=\u00a0\u00bb4.25.1&Prime; border_radii=\u00a0\u00bboff|||200px|\u00a0\u00bb locked=\u00a0\u00bboff\u00a0\u00bb global_colors_info=\u00a0\u00bb{}\u00a0\u00bb][\/et_pb_image][\/et_pb_column_inner][et_pb_column_inner type=\u00a0\u00bb1_2&Prime; saved_specialty_column_type=\u00a0\u00bb2_3&Prime; _builder_version=\u00a0\u00bb4.16&Prime; custom_padding=\u00a0\u00bb||||false|false\u00a0\u00bb global_colors_info=\u00a0\u00bb{}\u00a0\u00bb][et_pb_text _builder_version=\u00a0\u00bb4.27.2&Prime; text_text_color=\u00a0\u00bbrgba(0,0,0,0.44)\u00a0\u00bb text_font_size=\u00a0\u00bb18px\u00a0\u00bb text_line_height=\u00a0\u00bb1.8em\u00a0\u00bb header_2_text_color=\u00a0\u00bb#0c005e\u00a0\u00bb header_2_font_size=\u00a0\u00bb45px\u00a0\u00bb header_5_font=\u00a0\u00bbRubik||||||||\u00a0\u00bb header_5_font_size=\u00a0\u00bb18px\u00a0\u00bb header_5_line_height=\u00a0\u00bb1.8em\u00a0\u00bb hover_enabled=\u00a0\u00bb0&Prime; locked=\u00a0\u00bboff\u00a0\u00bb global_colors_info=\u00a0\u00bb{}\u00a0\u00bb sticky_enabled=\u00a0\u00bb0&Prime;]<\/p>\n<h2>Exploiter le potentiel du coton europ\u00e9en : renforcer les cha\u00eenes d\u2019approvisionnement et les pratiques durables<\/h2>\n<p>Le coton europ\u00e9en repr\u00e9sente une occasion en or pour l\u2019industrie textile et le commerce de d\u00e9tail europ\u00e9ens d\u2019\u00e9tablir des cha\u00eenes d\u2019approvisionnement r\u00e9gionales tra\u00e7ables et transparentes. <span style=\"color: #0c005e;\"><strong>EUCOTTON est produit et transform\u00e9 uniquement dans les pays de l\u2019UE. <\/strong><\/span>En nous approvisionnant en coton plus pr\u00e8s de chez nous, nous pouvons cr\u00e9er un lien direct entre les producteurs et les consommateurs, ce qui favorise un sentiment de confiance dans les produits qu\u2019ils portent.[\/et_pb_text][\/et_pb_column_inner][\/et_pb_row_inner][\/et_pb_column][et_pb_column type=\u00a0\u00bb1_3&Prime; _builder_version=\u00a0\u00bb4.16&Prime; custom_padding=\u00a0\u00bb|||\u00a0\u00bb global_colors_info=\u00a0\u00bb{}\u00a0\u00bb custom_padding__hover=\u00a0\u00bb|||\u00a0\u00bb][et_pb_image src=\u00a0\u00bbhttps:\/\/eucotton.eu\/wp-content\/uploads\/2024\/07\/european_cotton.jpg\u00a0\u00bb title_text=\u00a0\u00bbCotton flower and material\u00a0\u00bb _builder_version=\u00a0\u00bb4.25.1&Prime; custom_margin=\u00a0\u00bb|-5vw|||false|false\u00a0\u00bb border_radii=\u00a0\u00bbon|200px|200px|200px|200px\u00a0\u00bb border_radii_last_edited=\u00a0\u00bboff|tablet\u00a0\u00bb global_colors_info=\u00a0\u00bb{}\u00a0\u00bb][\/et_pb_image][\/et_pb_column][\/et_pb_section][et_pb_section fb_built=\u00a0\u00bb1&Prime; admin_label=\u00a0\u00bbFAQ\u00a0\u00bb _builder_version=\u00a0\u00bb4.25.1&Prime; _module_preset=\u00a0\u00bbdefault\u00a0\u00bb background_enable_color=\u00a0\u00bboff\u00a0\u00bb custom_margin=\u00a0\u00bb0px||0px||false|false\u00a0\u00bb custom_margin_tablet=\u00a0\u00bb\u00a0\u00bb custom_margin_phone=\u00a0\u00bb49px||||false|false\u00a0\u00bb custom_margin_last_edited=\u00a0\u00bbon|phone\u00a0\u00bb custom_padding=\u00a0\u00bb0px||0px||false|false\u00a0\u00bb da_disable_devices=\u00a0\u00bboff|off|off\u00a0\u00bb locked=\u00a0\u00bboff\u00a0\u00bb global_colors_info=\u00a0\u00bb{}\u00a0\u00bb da_is_popup=\u00a0\u00bboff\u00a0\u00bb da_exit_intent=\u00a0\u00bboff\u00a0\u00bb da_has_close=\u00a0\u00bbon\u00a0\u00bb da_alt_close=\u00a0\u00bboff\u00a0\u00bb da_dark_close=\u00a0\u00bboff\u00a0\u00bb da_not_modal=\u00a0\u00bbon\u00a0\u00bb da_is_singular=\u00a0\u00bboff\u00a0\u00bb da_with_loader=\u00a0\u00bboff\u00a0\u00bb da_has_shadow=\u00a0\u00bbon\u00a0\u00bb][et_pb_row _builder_version=\u00a0\u00bb4.18.0&Prime; _module_preset=\u00a0\u00bbdefault\u00a0\u00bb width=\u00a0\u00bb60%\u00a0\u00bb global_colors_info=\u00a0\u00bb{}\u00a0\u00bb][et_pb_column type=\u00a0\u00bb4_4&Prime; _builder_version=\u00a0\u00bb4.18.0&Prime; _module_preset=\u00a0\u00bbdefault\u00a0\u00bb global_colors_info=\u00a0\u00bb{}\u00a0\u00bb][et_pb_text _builder_version=\u00a0\u00bb4.27.2&Prime; _module_preset=\u00a0\u00bbdefault\u00a0\u00bb text_font=\u00a0\u00bbActor||||||||\u00a0\u00bb text_font_size=\u00a0\u00bb18px\u00a0\u00bb hover_enabled=\u00a0\u00bb0&Prime; global_colors_info=\u00a0\u00bb{}\u00a0\u00bb sticky_enabled=\u00a0\u00bb0&Prime;]<\/p>\n<p>L\u2019adoption de la qualit\u00e9 sup\u00e9rieure des fibres de coton produites localement permet non seulement de r\u00e9duire l\u2019empreinte carbone, mais aussi de faire profiter les consommateurs de l\u2019excellence et du savoir-faire in\u00e9gal\u00e9s d\u2019EUCOTTON.<\/p>\n<p>Avec EUCOTTON, nous pouvons fabriquer des produits textiles durables qui r\u00e9sistent \u00e0 l\u2019\u00e9preuve du temps. Gr\u00e2ce \u00e0 leur qualit\u00e9 exceptionnelle, ces v\u00eatements peuvent \u00eatre r\u00e9par\u00e9s, recycl\u00e9s et r\u00e9utilis\u00e9s, ce qui favorise l\u2019\u00e9conomie circulaire et minimise les d\u00e9chets. En choisissant EUCOTTON, nous contribuons \u00e0 un avenir plus durable, o\u00f9 les ressources sont pr\u00e9serv\u00e9es et l\u2019impact sur l\u2019environnement r\u00e9duit.<\/p>\n<p>En outre, le coton europ\u00e9en \u00e9tant la culture la plus pr\u00e9coce de l\u2019h\u00e9misph\u00e8re nord, il permet \u00e0 l\u2019industrie textile de produire en temps voulu pour r\u00e9pondre aux demandes des consommateurs avec efficacit\u00e9 et rapidit\u00e9, de sorte que nous puissions profiter plus t\u00f4t des avantages de cette fibre remarquable.<\/p>\n<p>Le coton labellis\u00e9 EUCOTTON est fi\u00e8rement fabriqu\u00e9 \u00e0 partir de graines sans OGM, ce qui garantit que nos textiles sont exempts de modifications g\u00e9n\u00e9tiques. Cet engagement en faveur de m\u00e9thodes de culture naturelles et traditionnelles correspond \u00e0 nos valeurs de durabilit\u00e9 et de pratiques \u00e9thiques.<\/p>\n<p>Par ailleurs, le coton europ\u00e9en se distingue en tant que mati\u00e8re premi\u00e8re recyclable dont les \u00e9missions sont nettement plus faibles. Compar\u00e9 \u00e0 la production de fibres synth\u00e9tiques comme le polyester, le coton europ\u00e9en g\u00e9n\u00e8re trois fois moins de gaz \u00e0 effet de serre. En choisissant EUCOTTON, nous contribuons activement \u00e0 r\u00e9duire notre empreinte carbone et \u00e0 adopter une approche plus \u00e9cologique de la mode.<\/p>\n<p>Exploitons l\u2019immense potentiel du coton europ\u00e9en, en soutenant les industries locales, en promouvant la transparence et en cr\u00e9ant un avenir durable o\u00f9 la qualit\u00e9, la tra\u00e7abilit\u00e9 et la conscience environnementale prosp\u00e8rent !<\/p>\n<p>[\/et_pb_text][\/et_pb_column][\/et_pb_row][\/et_pb_section]<\/p>\n","protected":false},"excerpt":{"rendered":"<p>Les avantages du coton europ\u00e9en par rapport aux autres textiles LES AVANTAGES D\u2019EUCOTTONExploiter le potentiel du coton europ\u00e9en : renforcer les cha\u00eenes d\u2019approvisionnement et les pratiques durables Le coton europ\u00e9en repr\u00e9sente une occasion en or pour l\u2019industrie textile et le commerce de d\u00e9tail europ\u00e9ens d\u2019\u00e9tablir des cha\u00eenes d\u2019approvisionnement r\u00e9gionales tra\u00e7ables et transparentes. EUCOTTON est produit [&hellip;]<\/p>\n","protected":false},"author":2,"featured_media":0,"parent":0,"menu_order":2,"comment_status":"closed","ping_status":"closed","template":"","meta":{"_et_pb_use_builder":"on","_et_pb_old_content":"","_et_gb_content_width":"","footnotes":""},"class_list":["post-3164","page","type-page","status-publish","hentry"],"_links":{"self":[{"href":"https:\/\/eucotton.eu\/fr\/wp-json\/wp\/v2\/pages\/3164","targetHints":{"allow":["GET"]}}],"collection":[{"href":"https:\/\/eucotton.eu\/fr\/wp-json\/wp\/v2\/pages"}],"about":[{"href":"https:\/\/eucotton.eu\/fr\/wp-json\/wp\/v2\/types\/page"}],"author":[{"embeddable":true,"href":"https:\/\/eucotton.eu\/fr\/wp-json\/wp\/v2\/users\/2"}],"replies":[{"embeddable":true,"href":"https:\/\/eucotton.eu\/fr\/wp-json\/wp\/v2\/comments?post=3164"}],"version-history":[{"count":5,"href":"https:\/\/eucotton.eu\/fr\/wp-json\/wp\/v2\/pages\/3164\/revisions"}],"predecessor-version":[{"id":3272,"href":"https:\/\/eucotton.eu\/fr\/wp-json\/wp\/v2\/pages\/3164\/revisions\/3272"}],"wp:attachment":[{"href":"https:\/\/eucotton.eu\/fr\/wp-json\/wp\/v2\/media?parent=3164"}],"curies":[{"name":"wp","href":"https:\/\/api.w.org\/{rel}","templated":true}]}}