{"id":3208,"date":"2024-07-17T13:00:21","date_gmt":"2024-07-17T13:00:21","guid":{"rendered":"https:\/\/eucotton.eu\/durabilite-et-tracabilite\/durabilite-environnementale\/"},"modified":"2024-10-10T16:03:14","modified_gmt":"2024-10-10T16:03:14","slug":"durabilite-environnementale","status":"publish","type":"page","link":"https:\/\/eucotton.eu\/fr\/durabilite-et-tracabilite\/durabilite-environnementale\/","title":{"rendered":"Durabilit\u00e9 environnementale"},"content":{"rendered":"<p>[et_pb_section fb_built=\u00a0\u00bb1&Prime; specialty=\u00a0\u00bbon\u00a0\u00bb disabled_on=\u00a0\u00bboff|off|off\u00a0\u00bb admin_label=\u00a0\u00bbHeader\u00a0\u00bb _builder_version=\u00a0\u00bb4.16&Prime; custom_padding=\u00a0\u00bb||1px|||\u00a0\u00bb da_disable_devices=\u00a0\u00bboff|off|off\u00a0\u00bb global_colors_info=\u00a0\u00bb{}\u00a0\u00bb da_is_popup=\u00a0\u00bboff\u00a0\u00bb da_exit_intent=\u00a0\u00bboff\u00a0\u00bb da_has_close=\u00a0\u00bbon\u00a0\u00bb da_alt_close=\u00a0\u00bboff\u00a0\u00bb da_dark_close=\u00a0\u00bboff\u00a0\u00bb da_not_modal=\u00a0\u00bbon\u00a0\u00bb da_is_singular=\u00a0\u00bboff\u00a0\u00bb da_with_loader=\u00a0\u00bboff\u00a0\u00bb da_has_shadow=\u00a0\u00bbon\u00a0\u00bb][et_pb_column type=\u00a0\u00bb2_3&Prime; specialty_columns=\u00a0\u00bb2&Prime; _builder_version=\u00a0\u00bb4.16&Prime; custom_padding=\u00a0\u00bb|||\u00a0\u00bb global_colors_info=\u00a0\u00bb{}\u00a0\u00bb custom_padding__hover=\u00a0\u00bb|||\u00a0\u00bb][et_pb_row_inner _builder_version=\u00a0\u00bb4.18.0&Prime; custom_margin_tablet=\u00a0\u00bb-60px||||false|false\u00a0\u00bb custom_margin_phone=\u00a0\u00bb-34px||||false|false\u00a0\u00bb custom_margin_last_edited=\u00a0\u00bbon|phone\u00a0\u00bb locked=\u00a0\u00bboff\u00a0\u00bb global_colors_info=\u00a0\u00bb{}\u00a0\u00bb][et_pb_column_inner saved_specialty_column_type=\u00a0\u00bb2_3&Prime; _builder_version=\u00a0\u00bb4.16&Prime; global_colors_info=\u00a0\u00bb{}\u00a0\u00bb][et_pb_text _builder_version=\u00a0\u00bb4.27.2&Prime; text_font=\u00a0\u00bbActor|300|||||||\u00a0\u00bb text_text_color=\u00a0\u00bb#0cb4ce\u00a0\u00bb text_font_size=\u00a0\u00bb20px\u00a0\u00bb text_line_height=\u00a0\u00bb1.4em\u00a0\u00bb header_font=\u00a0\u00bb||||||||\u00a0\u00bb header_text_color=\u00a0\u00bb#0c005e\u00a0\u00bb header_font_size=\u00a0\u00bb70px\u00a0\u00bb header_letter_spacing=\u00a0\u00bb2px\u00a0\u00bb header_line_height=\u00a0\u00bb0.8em\u00a0\u00bb custom_padding=\u00a0\u00bb||1px|||\u00a0\u00bb hover_enabled=\u00a0\u00bb0&Prime; text_font_size_tablet=\u00a0\u00bb\u00a0\u00bb text_font_size_phone=\u00a0\u00bb20px\u00a0\u00bb text_font_size_last_edited=\u00a0\u00bbon|desktop\u00a0\u00bb header_font_size_tablet=\u00a0\u00bb56px\u00a0\u00bb header_font_size_phone=\u00a0\u00bb40px\u00a0\u00bb header_font_size_last_edited=\u00a0\u00bbon|phone\u00a0\u00bb text_orientation_tablet=\u00a0\u00bbleft\u00a0\u00bb text_orientation_last_edited=\u00a0\u00bboff|phone\u00a0\u00bb locked=\u00a0\u00bboff\u00a0\u00bb global_colors_info=\u00a0\u00bb{}\u00a0\u00bb sticky_enabled=\u00a0\u00bb0&Prime;]<\/p>\n<h1>Durabilit\u00e9 environnementale<\/h1>\n<p>LE COTON EUROP\u00c9EN CONSTRUIT UN MONDE DURABLE<\/p>\n<p>[\/et_pb_text][\/et_pb_column_inner][\/et_pb_row_inner][et_pb_row_inner column_structure=\u00a0\u00bb1_2,1_2&Prime; _builder_version=\u00a0\u00bb4.18.0&Prime; custom_margin_tablet=\u00a0\u00bb-19px||||false|false\u00a0\u00bb custom_margin_phone=\u00a0\u00bb-19px||||false|false\u00a0\u00bb custom_margin_last_edited=\u00a0\u00bbon|tablet\u00a0\u00bb locked=\u00a0\u00bboff\u00a0\u00bb global_colors_info=\u00a0\u00bb{}\u00a0\u00bb][et_pb_column_inner type=\u00a0\u00bb1_2&Prime; saved_specialty_column_type=\u00a0\u00bb2_3&Prime; _builder_version=\u00a0\u00bb4.16&Prime; custom_padding=\u00a0\u00bb||||false|false\u00a0\u00bb global_colors_info=\u00a0\u00bb{}\u00a0\u00bb][et_pb_image src=\u00a0\u00bbhttps:\/\/eucotton.eu\/wp-content\/uploads\/2022\/09\/enviromental_sustainability_01.jpg\u00a0\u00bb title_text=\u00a0\u00bbenviromental_sustainability_01&Prime; _builder_version=\u00a0\u00bb4.18.0&Prime; border_radii=\u00a0\u00bboff|||200px|\u00a0\u00bb locked=\u00a0\u00bboff\u00a0\u00bb global_colors_info=\u00a0\u00bb{}\u00a0\u00bb][\/et_pb_image][\/et_pb_column_inner][et_pb_column_inner type=\u00a0\u00bb1_2&Prime; saved_specialty_column_type=\u00a0\u00bb2_3&Prime; _builder_version=\u00a0\u00bb4.16&Prime; custom_padding=\u00a0\u00bb||||false|false\u00a0\u00bb global_colors_info=\u00a0\u00bb{}\u00a0\u00bb][et_pb_text _builder_version=\u00a0\u00bb4.27.2&Prime; text_text_color=\u00a0\u00bbrgba(0,0,0,0.44)\u00a0\u00bb text_font_size=\u00a0\u00bb18px\u00a0\u00bb text_line_height=\u00a0\u00bb1.8em\u00a0\u00bb header_2_text_color=\u00a0\u00bb#369637&Prime; header_2_font_size=\u00a0\u00bb45px\u00a0\u00bb header_5_font=\u00a0\u00bbRubik||||||||\u00a0\u00bb header_5_font_size=\u00a0\u00bb18px\u00a0\u00bb header_5_line_height=\u00a0\u00bb1.8em\u00a0\u00bb hover_enabled=\u00a0\u00bb0&Prime; locked=\u00a0\u00bboff\u00a0\u00bb global_colors_info=\u00a0\u00bb{}\u00a0\u00bb sticky_enabled=\u00a0\u00bb0&Prime;]La <span style=\"color: #0c005e;\"><strong>production de coton<\/strong> <strong>en Gr\u00e8ce<\/strong><\/span> et en <span style=\"color: #0c005e;\"><strong>Espagne <\/strong><\/span>repose sur un pilier fondamental, \u00e0 savoir la <span style=\"color: #0c005e;\"><strong>durabilit\u00e9<\/strong><\/span>, l\u2019utilisation <span style=\"color: #0c005e;\"><strong>responsable des ressources naturelles<\/strong><\/span> et la <span style=\"color: #0c005e;\"><strong>r\u00e9duction de l\u2019utilisation de produits chimiques<\/strong><\/span>, la <span style=\"color: #0c005e;\"><strong>pr\u00e9servation des \u00e9cosyst\u00e8mes naturels et le bien-\u00eatre des communaut\u00e9s locales<\/strong>.<\/span><\/p>\n<p><span style=\"color: #0c005e;\"><strong>Le coton europ\u00e9en<\/strong><\/span> est produit conform\u00e9ment aux r\u00e8glements et directives de la politique agricole commune (PAC) de l\u2019UE, qui sont parmi les plus stricts au monde. Ces lignes directrices garantissent que le <span style=\"color: #0c005e;\"><strong>coton est cultiv\u00e9 de mani\u00e8re durable, en minimisant l\u2019impact sur l\u2019environnement et en promouvant des pratiques agricoles responsables.<\/strong><\/span>[\/et_pb_text][\/et_pb_column_inner][\/et_pb_row_inner][\/et_pb_column][et_pb_column type=\u00a0\u00bb1_3&Prime; _builder_version=\u00a0\u00bb4.16&Prime; custom_padding=\u00a0\u00bb|||\u00a0\u00bb global_colors_info=\u00a0\u00bb{}\u00a0\u00bb custom_padding__hover=\u00a0\u00bb|||\u00a0\u00bb][et_pb_image src=\u00a0\u00bbhttps:\/\/eucotton.eu\/wp-content\/uploads\/2024\/10\/enviromental_sustainability_fr.jpg\u00a0\u00bb title_text=\u00a0\u00bbenviromental_sustainability_fr\u00a0\u00bb _builder_version=\u00a0\u00bb4.27.2&Prime; custom_margin=\u00a0\u00bb|-5vw|||false|false\u00a0\u00bb hover_enabled=\u00a0\u00bb0&Prime; border_radii=\u00a0\u00bbon|200px|200px|200px|200px\u00a0\u00bb border_radii_last_edited=\u00a0\u00bboff|tablet\u00a0\u00bb global_colors_info=\u00a0\u00bb{}\u00a0\u00bb sticky_enabled=\u00a0\u00bb0&Prime;][\/et_pb_image][\/et_pb_column][\/et_pb_section][et_pb_section fb_built=\u00a0\u00bb1&Prime; admin_label=\u00a0\u00bbFAQ\u00a0\u00bb _builder_version=\u00a0\u00bb4.25.1&Prime; _module_preset=\u00a0\u00bbdefault\u00a0\u00bb background_enable_color=\u00a0\u00bboff\u00a0\u00bb custom_margin=\u00a0\u00bb0px||0px||false|false\u00a0\u00bb custom_margin_tablet=\u00a0\u00bb-138px||||false|false\u00a0\u00bb custom_margin_phone=\u00a0\u00bb-100px||||false|false\u00a0\u00bb custom_margin_last_edited=\u00a0\u00bbon|phone\u00a0\u00bb custom_padding=\u00a0\u00bb0px||0px||false|false\u00a0\u00bb da_disable_devices=\u00a0\u00bboff|off|off\u00a0\u00bb locked=\u00a0\u00bboff\u00a0\u00bb global_colors_info=\u00a0\u00bb{}\u00a0\u00bb da_is_popup=\u00a0\u00bboff\u00a0\u00bb da_exit_intent=\u00a0\u00bboff\u00a0\u00bb da_has_close=\u00a0\u00bbon\u00a0\u00bb da_alt_close=\u00a0\u00bboff\u00a0\u00bb da_dark_close=\u00a0\u00bboff\u00a0\u00bb da_not_modal=\u00a0\u00bbon\u00a0\u00bb da_is_singular=\u00a0\u00bboff\u00a0\u00bb da_with_loader=\u00a0\u00bboff\u00a0\u00bb da_has_shadow=\u00a0\u00bbon\u00a0\u00bb][et_pb_row _builder_version=\u00a0\u00bb4.18.0&Prime; _module_preset=\u00a0\u00bbdefault\u00a0\u00bb width=\u00a0\u00bb60%\u00a0\u00bb global_colors_info=\u00a0\u00bb{}\u00a0\u00bb][et_pb_column type=\u00a0\u00bb4_4&Prime; _builder_version=\u00a0\u00bb4.18.0&Prime; _module_preset=\u00a0\u00bbdefault\u00a0\u00bb global_colors_info=\u00a0\u00bb{}\u00a0\u00bb][et_pb_text _builder_version=\u00a0\u00bb4.27.2&Prime; _module_preset=\u00a0\u00bbdefault\u00a0\u00bb text_font=\u00a0\u00bbActor||||||||\u00a0\u00bb text_font_size=\u00a0\u00bb18px\u00a0\u00bb hover_enabled=\u00a0\u00bb0&Prime; global_colors_info=\u00a0\u00bb{}\u00a0\u00bb sticky_enabled=\u00a0\u00bb0&Prime;]<\/p>\n<p>Cet <strong>engagement fort<\/strong> du secteur <strong>europ\u00e9en du coton<\/strong> en faveur de la <strong>durabilit\u00e9<\/strong> r\u00e9pond non seulement \u00e0 la pr\u00e9occupation mondiale croissante concernant l\u2019<strong>impact environnemental de toutes les actions humaines,<\/strong> mais aussi \u00e0 la <strong>demande des consommateurs pour des produits respectueux de l\u2019environnement<\/strong>. Il r\u00e9pond aux <strong>convictions profondes de l\u2019industrie, qui estime qu\u2019il est possible de concevoir un monde plus durable<\/strong>.<\/p>\n<p>Mais <strong>comment faire\u00a0?<\/strong> Outre une utilisation plus responsable des ressources naturelles et une r\u00e9duction de l\u2019utilisation des produits chimiques, le <strong>coton europ\u00e9en contribue \u00e0 la conception d\u2019un monde plus durable \u00e0 bien des \u00e9gards\u00a0<\/strong>:<\/p>\n<p>[\/et_pb_text][\/et_pb_column][\/et_pb_row][\/et_pb_section][et_pb_section fb_built=\u00a0\u00bb1&Prime; _builder_version=\u00a0\u00bb4.18.0&Prime; _module_preset=\u00a0\u00bbdefault\u00a0\u00bb custom_margin_tablet=\u00a0\u00bb-100px||||false|false\u00a0\u00bb custom_margin_phone=\u00a0\u00bb-149px||||false|false\u00a0\u00bb custom_margin_last_edited=\u00a0\u00bbon|phone\u00a0\u00bb custom_padding=\u00a0\u00bb2px|||||\u00a0\u00bb da_disable_devices=\u00a0\u00bboff|off|off\u00a0\u00bb global_colors_info=\u00a0\u00bb{}\u00a0\u00bb da_is_popup=\u00a0\u00bboff\u00a0\u00bb da_exit_intent=\u00a0\u00bboff\u00a0\u00bb da_has_close=\u00a0\u00bbon\u00a0\u00bb da_alt_close=\u00a0\u00bboff\u00a0\u00bb da_dark_close=\u00a0\u00bboff\u00a0\u00bb da_not_modal=\u00a0\u00bbon\u00a0\u00bb da_is_singular=\u00a0\u00bboff\u00a0\u00bb da_with_loader=\u00a0\u00bboff\u00a0\u00bb da_has_shadow=\u00a0\u00bbon\u00a0\u00bb][et_pb_row column_structure=\u00a0\u00bb1_4,1_4,1_4,1_4&Prime; use_custom_gutter=\u00a0\u00bbon\u00a0\u00bb gutter_width=\u00a0\u00bb2&Prime; _builder_version=\u00a0\u00bb4.18.0&Prime; _module_preset=\u00a0\u00bbdefault\u00a0\u00bb width=\u00a0\u00bb60%\u00a0\u00bb global_colors_info=\u00a0\u00bb{}\u00a0\u00bb][et_pb_column type=\u00a0\u00bb1_4&Prime; _builder_version=\u00a0\u00bb4.18.0&Prime; _module_preset=\u00a0\u00bbdefault\u00a0\u00bb global_colors_info=\u00a0\u00bb{}\u00a0\u00bb][et_pb_blurb title=\u00a0\u00bbLe coton europ\u00e9en est exempt d\u2019OGM\u00a0\u00bb image=\u00a0\u00bbhttps:\/\/eucotton.eu\/wp-content\/uploads\/2024\/07\/icon_non_gm_cotton_tonnes_b.jpg\u00a0\u00bb content_max_width_tablet=\u00a0\u00bb150px\u00a0\u00bb content_max_width_phone=\u00a0\u00bb150px\u00a0\u00bb content_max_width_last_edited=\u00a0\u00bbon|phone\u00a0\u00bb _builder_version=\u00a0\u00bb4.27.2&Prime; header_font=\u00a0\u00bb&#8211;et_global_heading_font|500|||||||\u00a0\u00bb header_text_color=\u00a0\u00bb#0c005e\u00a0\u00bb header_font_size=\u00a0\u00bb38px\u00a0\u00bb body_font=\u00a0\u00bbActor||||||||\u00a0\u00bb body_text_color=\u00a0\u00bb#686868&Prime; body_font_size=\u00a0\u00bb18px\u00a0\u00bb body_line_height=\u00a0\u00bb1.8em\u00a0\u00bb text_orientation=\u00a0\u00bbcenter\u00a0\u00bb animation=\u00a0\u00bboff\u00a0\u00bb hover_enabled=\u00a0\u00bb0&Prime; locked=\u00a0\u00bboff\u00a0\u00bb global_colors_info=\u00a0\u00bb{}\u00a0\u00bb sticky_enabled=\u00a0\u00bb0&Prime;]<\/p>\n<p>Il est cultiv\u00e9 \u00e0 partir de graines non g\u00e9n\u00e9tiquement modifi\u00e9es, selon des pratiques agricoles durables.<\/p>\n<p>[\/et_pb_blurb][\/et_pb_column][et_pb_column type=\u00a0\u00bb1_4&Prime; _builder_version=\u00a0\u00bb4.18.0&Prime; _module_preset=\u00a0\u00bbdefault\u00a0\u00bb global_colors_info=\u00a0\u00bb{}\u00a0\u00bb][et_pb_blurb title=\u00a0\u00bbLa culture du coton contribue \u00e0 r\u00e9duire le r\u00e9chauffement de la plan\u00e8te \u00a0\u00bb image=\u00a0\u00bbhttps:\/\/eucotton.eu\/wp-content\/uploads\/2024\/07\/icon_non_gm_cotton_businesses_b.jpg\u00a0\u00bb content_max_width_tablet=\u00a0\u00bb150px\u00a0\u00bb content_max_width_phone=\u00a0\u00bb150px\u00a0\u00bb content_max_width_last_edited=\u00a0\u00bbon|phone\u00a0\u00bb _builder_version=\u00a0\u00bb4.27.2&Prime; header_font=\u00a0\u00bb&#8211;et_global_heading_font|500|||||||\u00a0\u00bb header_text_color=\u00a0\u00bb#0c005e\u00a0\u00bb header_font_size=\u00a0\u00bb38px\u00a0\u00bb body_font=\u00a0\u00bbActor||||||||\u00a0\u00bb body_text_color=\u00a0\u00bb#686868&Prime; body_font_size=\u00a0\u00bb18px\u00a0\u00bb body_line_height=\u00a0\u00bb1.8em\u00a0\u00bb text_orientation=\u00a0\u00bbcenter\u00a0\u00bb animation=\u00a0\u00bboff\u00a0\u00bb hover_enabled=\u00a0\u00bb0&Prime; locked=\u00a0\u00bboff\u00a0\u00bb global_colors_info=\u00a0\u00bb{}\u00a0\u00bb sticky_enabled=\u00a0\u00bb0&Prime;]<\/p>\n<p>pendant les mois les plus chauds de l\u2019ann\u00e9e, gr\u00e2ce \u00e0 sa grande surface foliaire.<\/p>\n<p>[\/et_pb_blurb][\/et_pb_column][et_pb_column type=\u00a0\u00bb1_4&Prime; _builder_version=\u00a0\u00bb4.18.0&Prime; _module_preset=\u00a0\u00bbdefault\u00a0\u00bb global_colors_info=\u00a0\u00bb{}\u00a0\u00bb][et_pb_blurb title=\u00a0\u00bbLa culture du coton apporte de l\u2019oxyg\u00e8ne dans l\u2019atmosph\u00e8re\u00a0\u00bb image=\u00a0\u00bbhttps:\/\/eucotton.eu\/wp-content\/uploads\/2024\/07\/icon_non_gm_cotton_export_b.jpg\u00a0\u00bb content_max_width_tablet=\u00a0\u00bb150px\u00a0\u00bb content_max_width_phone=\u00a0\u00bb150px\u00a0\u00bb content_max_width_last_edited=\u00a0\u00bbon|phone\u00a0\u00bb _builder_version=\u00a0\u00bb4.27.2&Prime; header_font=\u00a0\u00bb&#8211;et_global_heading_font|500|||||||\u00a0\u00bb header_text_color=\u00a0\u00bb#0c005e\u00a0\u00bb header_font_size=\u00a0\u00bb38px\u00a0\u00bb body_font=\u00a0\u00bbActor||||||||\u00a0\u00bb body_text_color=\u00a0\u00bb#686868&Prime; body_font_size=\u00a0\u00bb18px\u00a0\u00bb body_line_height=\u00a0\u00bb1.8em\u00a0\u00bb text_orientation=\u00a0\u00bbcenter\u00a0\u00bb animation=\u00a0\u00bboff\u00a0\u00bb hover_enabled=\u00a0\u00bb0&Prime; locked=\u00a0\u00bboff\u00a0\u00bb global_colors_info=\u00a0\u00bb{}\u00a0\u00bb sticky_enabled=\u00a0\u00bb0&Prime;]<\/p>\n<p>et produit trois fois moins de gaz \u00e0 effet de serre que celle des fibres synth\u00e9tiques, comme le polyester par exemple.<\/p>\n<p>[\/et_pb_blurb][\/et_pb_column][et_pb_column type=\u00a0\u00bb1_4&Prime; _builder_version=\u00a0\u00bb4.18.0&Prime; _module_preset=\u00a0\u00bbdefault\u00a0\u00bb global_colors_info=\u00a0\u00bb{}\u00a0\u00bb][et_pb_blurb title=\u00a0\u00bbLes fibres naturelles, telles que le coton europ\u00e9en, sont 100 % biod\u00e9gradables, \u00a0\u00bb image=\u00a0\u00bbhttps:\/\/eucotton.eu\/wp-content\/uploads\/2024\/07\/icon_non_gm_cotton_natural_fibers_b.jpg\u00a0\u00bb content_max_width_tablet=\u00a0\u00bb150px\u00a0\u00bb content_max_width_phone=\u00a0\u00bb150px\u00a0\u00bb content_max_width_last_edited=\u00a0\u00bbon|phone\u00a0\u00bb _builder_version=\u00a0\u00bb4.27.2&Prime; header_font=\u00a0\u00bb&#8211;et_global_heading_font|500|||||||\u00a0\u00bb header_text_color=\u00a0\u00bb#0c005e\u00a0\u00bb header_font_size=\u00a0\u00bb38px\u00a0\u00bb body_font=\u00a0\u00bbActor||||||||\u00a0\u00bb body_text_color=\u00a0\u00bb#686868&Prime; body_font_size=\u00a0\u00bb18px\u00a0\u00bb body_line_height=\u00a0\u00bb1.8em\u00a0\u00bb text_orientation=\u00a0\u00bbcenter\u00a0\u00bb animation=\u00a0\u00bboff\u00a0\u00bb hover_enabled=\u00a0\u00bb0&Prime; locked=\u00a0\u00bboff\u00a0\u00bb global_colors_info=\u00a0\u00bb{}\u00a0\u00bb sticky_enabled=\u00a0\u00bb0&Prime;]<\/p>\n<p>ce qui en fait le choix id\u00e9al pour l\u2019environnement.<\/p>\n<p>[\/et_pb_blurb][\/et_pb_column][\/et_pb_row][et_pb_row _builder_version=\u00a0\u00bb4.18.0&Prime; _module_preset=\u00a0\u00bbdefault\u00a0\u00bb width=\u00a0\u00bb60%\u00a0\u00bb global_colors_info=\u00a0\u00bb{}\u00a0\u00bb][et_pb_column type=\u00a0\u00bb4_4&Prime; _builder_version=\u00a0\u00bb4.18.0&Prime; _module_preset=\u00a0\u00bbdefault\u00a0\u00bb global_colors_info=\u00a0\u00bb{}\u00a0\u00bb][et_pb_text _builder_version=\u00a0\u00bb4.27.2&Prime; _module_preset=\u00a0\u00bbdefault\u00a0\u00bb text_font=\u00a0\u00bbActor||||||||\u00a0\u00bb text_font_size=\u00a0\u00bb18px\u00a0\u00bb hover_enabled=\u00a0\u00bb0&Prime; global_colors_info=\u00a0\u00bb{}\u00a0\u00bb sticky_enabled=\u00a0\u00bb0&Prime;]<\/p>\n<p>Tout cela fait du coton europ\u00e9en, d\u2019origine grecque et espagnole, une <strong>r\u00e9f\u00e9rence mondiale en termes de durabilit\u00e9<\/strong>.<\/p>\n<p>Par cons\u00e9quent, <strong>en choisissant le coton europ\u00e9en, vous soutenez un mod\u00e8le de production durable, fond\u00e9 sur les pratiques les plus \u00e9thiques et les plus respectueuses de l\u2019environnement<\/strong>.<\/p>\n<p>[\/et_pb_text][\/et_pb_column][\/et_pb_row][\/et_pb_section]<\/p>\n","protected":false},"excerpt":{"rendered":"<p>Durabilit\u00e9 environnementale LE COTON EUROP\u00c9EN CONSTRUIT UN MONDE DURABLELa production de coton en Gr\u00e8ce et en Espagne repose sur un pilier fondamental, \u00e0 savoir la durabilit\u00e9, l\u2019utilisation responsable des ressources naturelles et la r\u00e9duction de l\u2019utilisation de produits chimiques, la pr\u00e9servation des \u00e9cosyst\u00e8mes naturels et le bien-\u00eatre des communaut\u00e9s locales. Le coton europ\u00e9en est produit [&hellip;]<\/p>\n","protected":false},"author":2,"featured_media":0,"parent":3168,"menu_order":0,"comment_status":"closed","ping_status":"closed","template":"","meta":{"_et_pb_use_builder":"on","_et_pb_old_content":"","_et_gb_content_width":"","footnotes":""},"class_list":["post-3208","page","type-page","status-publish","hentry"],"_links":{"self":[{"href":"https:\/\/eucotton.eu\/fr\/wp-json\/wp\/v2\/pages\/3208","targetHints":{"allow":["GET"]}}],"collection":[{"href":"https:\/\/eucotton.eu\/fr\/wp-json\/wp\/v2\/pages"}],"about":[{"href":"https:\/\/eucotton.eu\/fr\/wp-json\/wp\/v2\/types\/page"}],"author":[{"embeddable":true,"href":"https:\/\/eucotton.eu\/fr\/wp-json\/wp\/v2\/users\/2"}],"replies":[{"embeddable":true,"href":"https:\/\/eucotton.eu\/fr\/wp-json\/wp\/v2\/comments?post=3208"}],"version-history":[{"count":2,"href":"https:\/\/eucotton.eu\/fr\/wp-json\/wp\/v2\/pages\/3208\/revisions"}],"predecessor-version":[{"id":3224,"href":"https:\/\/eucotton.eu\/fr\/wp-json\/wp\/v2\/pages\/3208\/revisions\/3224"}],"up":[{"embeddable":true,"href":"https:\/\/eucotton.eu\/fr\/wp-json\/wp\/v2\/pages\/3168"}],"wp:attachment":[{"href":"https:\/\/eucotton.eu\/fr\/wp-json\/wp\/v2\/media?parent=3208"}],"curies":[{"name":"wp","href":"https:\/\/api.w.org\/{rel}","templated":true}]}}