{"id":3630,"date":"2022-09-21T16:23:13","date_gmt":"2022-09-21T16:23:13","guid":{"rendered":"https:\/\/eucotton.eu\/politique-de-confidentialite\/"},"modified":"2024-11-12T17:05:42","modified_gmt":"2024-11-12T17:05:42","slug":"politique-de-confidentialite","status":"publish","type":"page","link":"https:\/\/eucotton.eu\/fr\/politique-de-confidentialite\/","title":{"rendered":"Politique de confidentialit\u00e9"},"content":{"rendered":"<p>[et_pb_section fb_built=\u00a0\u00bb1&Prime; admin_label=\u00a0\u00bbFAQ\u00a0\u00bb _builder_version=\u00a0\u00bb4.18.0&Prime; _module_preset=\u00a0\u00bbdefault\u00a0\u00bb background_enable_color=\u00a0\u00bboff\u00a0\u00bb locked=\u00a0\u00bboff\u00a0\u00bb global_colors_info=\u00a0\u00bb{}\u00a0\u00bb da_is_popup=\u00a0\u00bboff\u00a0\u00bb da_exit_intent=\u00a0\u00bboff\u00a0\u00bb da_has_close=\u00a0\u00bbon\u00a0\u00bb da_alt_close=\u00a0\u00bboff\u00a0\u00bb da_dark_close=\u00a0\u00bboff\u00a0\u00bb da_not_modal=\u00a0\u00bbon\u00a0\u00bb da_is_singular=\u00a0\u00bboff\u00a0\u00bb da_with_loader=\u00a0\u00bboff\u00a0\u00bb da_has_shadow=\u00a0\u00bbon\u00a0\u00bb da_disable_devices=\u00a0\u00bboff|off|off\u00a0\u00bb][et_pb_row _builder_version=\u00a0\u00bb4.16&Prime; locked=\u00a0\u00bboff\u00a0\u00bb global_colors_info=\u00a0\u00bb{}\u00a0\u00bb][et_pb_column type=\u00a0\u00bb4_4&Prime; _builder_version=\u00a0\u00bb4.16&Prime; global_colors_info=\u00a0\u00bb{}\u00a0\u00bb][et_pb_text _builder_version=\u00a0\u00bb4.27.2&Prime; text_font=\u00a0\u00bbActor|300|||||||\u00a0\u00bb text_text_color=\u00a0\u00bb#0cb4ce\u00a0\u00bb text_font_size=\u00a0\u00bb24px\u00a0\u00bb text_line_height=\u00a0\u00bb1.4em\u00a0\u00bb header_font=\u00a0\u00bb||||||||\u00a0\u00bb header_text_color=\u00a0\u00bb#0c005e\u00a0\u00bb header_font_size=\u00a0\u00bb70px\u00a0\u00bb header_letter_spacing=\u00a0\u00bb2px\u00a0\u00bb header_line_height=\u00a0\u00bb0.8em\u00a0\u00bb custom_margin_tablet=\u00a0\u00bb\u00a0\u00bb custom_margin_phone=\u00a0\u00bb-40px||||false|false\u00a0\u00bb custom_margin_last_edited=\u00a0\u00bbon|phone\u00a0\u00bb hover_enabled=\u00a0\u00bb0&Prime; text_font_size_tablet=\u00a0\u00bb\u00a0\u00bb text_font_size_phone=\u00a0\u00bb20px\u00a0\u00bb text_font_size_last_edited=\u00a0\u00bbon|desktop\u00a0\u00bb header_font_size_tablet=\u00a0\u00bb56px\u00a0\u00bb header_font_size_phone=\u00a0\u00bb40px\u00a0\u00bb header_font_size_last_edited=\u00a0\u00bbon|phone\u00a0\u00bb text_orientation_tablet=\u00a0\u00bbleft\u00a0\u00bb text_orientation_last_edited=\u00a0\u00bboff|phone\u00a0\u00bb locked=\u00a0\u00bboff\u00a0\u00bb global_colors_info=\u00a0\u00bb{}\u00a0\u00bb sticky_enabled=\u00a0\u00bb0&Prime;]<\/p>\n<h1>Politique de confidentialit\u00e9<\/h1>\n<p>[\/et_pb_text][et_pb_text _builder_version=\u00a0\u00bb4.27.2&Prime; _module_preset=\u00a0\u00bbdefault\u00a0\u00bb text_font_size=\u00a0\u00bb16px\u00a0\u00bb header_2_font=\u00a0\u00bb|700|||||||\u00a0\u00bb header_2_font_size=\u00a0\u00bb30px\u00a0\u00bb hover_enabled=\u00a0\u00bb0&Prime; global_colors_info=\u00a0\u00bb{}\u00a0\u00bb sticky_enabled=\u00a0\u00bb0&Prime;]<\/p>\n<h2>Qui est responsable du traitement de vos donn\u00e9es personnelles\u00a0?<\/h2>\n<p>EUCOTTON.EU (EUCOTTON) est le responsable du traitement des donn\u00e9es personnelles de l&rsquo;UTILISATEUR, et vous informe par la pr\u00e9sente que ces donn\u00e9es seront trait\u00e9es conform\u00e9ment au r\u00e8glement (UE) 2016\/679 du 27\u00a0avril (RGPD) et \u00e0 la loi organique espagnole 3\/2018 du 5\u00a0d\u00e9cembre sur la protection des donn\u00e9es personnelles et la garantie des droits num\u00e9riques (LOPDGDD).\u00a0<\/p>\n<h2>Pourquoi traitons-nous vos donn\u00e9es personnelles\u00a0?<\/h2>\n<p>EUCOTTON.EU utilise vos donn\u00e9es personnelles pour entretenir une relation commerciale avec vous.<\/p>\n<p>Les finalit\u00e9s pr\u00e9vues par la loi pour le traitement des donn\u00e9es sont les suivantes\u00a0:\u00a0<\/p>\n<ul>\n<li>Traitement des commandes et des demandes de l&rsquo;utilisateur.<\/li>\n<li>Envoi de communications commerciales et de publicit\u00e9s par courrier \u00e9lectronique, fax, SMS, MMS, r\u00e9seaux sociaux ou tout autre moyen en ligne ou hors ligne, actuel ou futur, susceptible de permettre des communications commerciales. Ces communications seront effectu\u00e9es par EUCOTTON.EU et porteront sur ses produits et services, ou sur ceux de ses collaborateurs ou fournisseurs qui ont conclu avec elle un accord en mati\u00e8re de publicit\u00e9. Dans ce cas, les tiers n&rsquo;auront jamais acc\u00e8s aux donn\u00e9es personnelles.<\/li>\n<li>R\u00e9aliser des \u00e9tudes de march\u00e9 et des analyses statistiques.<\/li>\n<\/ul>\n<h2>Quelle est la base juridique du traitement de vos donn\u00e9es personnelles\u00a0?<\/h2>\n<p>Les bases l\u00e9gales du traitement de vos donn\u00e9es personnelles par EUCOTTON.EU sont \u00e9nonc\u00e9es \u00e0 l&rsquo;article\u00a06 du RGPD comme suit\u00a0:<\/p>\n<ul>\n<li>En ce qui concerne le consentement de l&rsquo;utilisateur\u00a0: l&rsquo;envoi de communications commerciales et de la lettre d&rsquo;information, ainsi que le traitement des commandes, des demandes, etc. de l&rsquo;utilisateur.<\/li>\n<li>En ce qui concerne les int\u00e9r\u00eats l\u00e9gitimes de EUCOTTON.EU\u00a0: la r\u00e9alisation d&rsquo;\u00e9tudes de march\u00e9, etc.<\/li>\n<\/ul>\n<h2>Combien de temps vos donn\u00e9es personnelles seront-elles conserv\u00e9es\u00a0?<\/h2>\n<p>Elles ne seront conserv\u00e9es que pour la dur\u00e9e n\u00e9cessaire aux fins du traitement des donn\u00e9es, ou aussi longtemps que des dispositions l\u00e9gales exigent qu&rsquo;elles soient conserv\u00e9es en toute s\u00e9curit\u00e9. Lorsqu&rsquo;elles ne sont plus n\u00e9cessaire, elles sont supprim\u00e9es en utilisant les mesures de s\u00e9curit\u00e9 appropri\u00e9es pour garantir l&rsquo;anonymisation compl\u00e8te des donn\u00e9es personnelles et leur suppression totale.<\/p>\n<h2>\u00c0 qui transmettons-nous vos donn\u00e9es personnelles\u00a0?<\/h2>\n<p>Vos donn\u00e9es personnelles ne seront pas transmises \u00e0 des tiers. Nos prestataires de services auront acc\u00e8s aux donn\u00e9es personnelles li\u00e9es aux communications en fonction des r\u00e8gles d&rsquo;EUCOTTON.EU. Toutefois, ces prestataires sont \u00e9galement soumis \u00e0 des contrats de confidentialit\u00e9 et aux contrats des responsables de traitement de donn\u00e9es requis par la loi.<\/p>\n<p>De plus, aucune donn\u00e9e ne sera transmise au niveau international en dehors de l&rsquo;Espace \u00e9conomique europ\u00e9en.<\/p>\n<h2>Quels sont vos droits\u00a0?<\/h2>\n<p>Les droits dont b\u00e9n\u00e9ficie l&rsquo;utilisateur sont les suivants\u00a0:<\/p>\n<ul>\n<li>Le droit de retirer son consentement \u00e0 tout moment.<\/li>\n<li>Le droit d&rsquo;acc\u00e9der, de rectifier, d&rsquo;effacer et de bloquer ses donn\u00e9es de limiter leur traitement ou de s\u2019y opposer.<\/li>\n<li>Le droit d&rsquo;introduire un recours aupr\u00e8s de l&rsquo;autorit\u00e9 de contr\u00f4le (www.aepd.es) s&rsquo;il estime que le traitement des donn\u00e9es n&rsquo;est pas conforme \u00e0 la r\u00e9glementation en vigueur.<\/li>\n<\/ul>\n<p>Vous pouvez exercer les droits susmentionn\u00e9s en envoyant une demande par courrier \u00e9lectronique \u00e0 <u>info@eucotton.eu<\/u>, en pr\u00e9cisant le droit que vous souhaitez exercer.<\/p>\n<h2>\u00cates-vous tenu de fournir vos donn\u00e9es personnelles\u00a0?<\/h2>\n<p>EUCOTTON.EU vous informe que toutes les donn\u00e9es demand\u00e9es par le site Web sont obligatoires, car elles sont n\u00e9cessaires pour offrir un service de qualit\u00e9 \u00e0 l&rsquo;UTILISATEUR. Dans le cas o\u00f9 toutes les donn\u00e9es ne seraient pas fournies, il n&rsquo;est pas garanti que les informations et les services fournis soient totalement adapt\u00e9s \u00e0 vos besoins.<\/p>\n<h2>Quelles sont les mesures de s\u00e9curit\u00e9 mises en place par EUCOTTON.EU\u00a0?<\/h2>\n<p>Conform\u00e9ment aux dispositions de la l\u00e9gislation actuelle sur les donn\u00e9es personnelles, EUCOTTON.EU respecte toutes les dispositions du RGPD et de la loi espagnole LOPDGDD sur le traitement des donn\u00e9es personnelles dont elle a la charge, et \u00e9videmment les principes \u00e9nonc\u00e9s \u00e0 l&rsquo;article\u00a05 du RGPD, selon lesquels les donn\u00e9es doivent \u00eatre trait\u00e9es de mani\u00e8re licite, loyale et transparente pour la personne concern\u00e9e, mais aussi \u00eatre ad\u00e9quates, pertinentes et limit\u00e9es \u00e0 ce qui est n\u00e9cessaire au regard des finalit\u00e9s pour lesquelles elles sont trait\u00e9es.<\/p>\n<p>EUCOTTON.EU garantit qu&rsquo;elle a mis en \u0153uvre les principes techniques et administratives appropri\u00e9s pour garantir les mesures de s\u00e9curit\u00e9 \u00e9tablies par le RGPD et la loi espagnole LOPDGDD dans le but de prot\u00e9ger les droits et libert\u00e9s des utilisateurs, et qu&rsquo;elle leur a communiqu\u00e9 les informations n\u00e9cessaires \u00e0 l&rsquo;exercice de ces droits et libert\u00e9s.<\/p>\n<p>Pour plus d&rsquo;informations sur les mesures de protection de la vie priv\u00e9e, vous pouvez contacter le RESPONSABLE DU TRAITEMENT DES DONN\u00c9ES \u00e0 l&rsquo;adresse \u00e9lectronique <a href=\"mailto:info@eucotton.eu\">info@eucotton.eu.<\/a><\/p>\n<p>&nbsp;<\/p>\n<p>[\/et_pb_text][\/et_pb_column][\/et_pb_row][\/et_pb_section]<\/p>\n","protected":false},"excerpt":{"rendered":"<p>Politique de confidentialit\u00e9Qui est responsable du traitement de vos donn\u00e9es personnelles\u00a0? EUCOTTON.EU (EUCOTTON) est le responsable du traitement des donn\u00e9es personnelles de l&rsquo;UTILISATEUR, et vous informe par la pr\u00e9sente que ces donn\u00e9es seront trait\u00e9es conform\u00e9ment au r\u00e8glement (UE) 2016\/679 du 27\u00a0avril (RGPD) et \u00e0 la loi organique espagnole 3\/2018 du 5\u00a0d\u00e9cembre sur la protection des [&hellip;]<\/p>\n","protected":false},"author":2,"featured_media":0,"parent":0,"menu_order":11,"comment_status":"closed","ping_status":"closed","template":"","meta":{"_et_pb_use_builder":"on","_et_pb_old_content":"","_et_gb_content_width":"","footnotes":""},"class_list":["post-3630","page","type-page","status-publish","hentry"],"_links":{"self":[{"href":"https:\/\/eucotton.eu\/fr\/wp-json\/wp\/v2\/pages\/3630","targetHints":{"allow":["GET"]}}],"collection":[{"href":"https:\/\/eucotton.eu\/fr\/wp-json\/wp\/v2\/pages"}],"about":[{"href":"https:\/\/eucotton.eu\/fr\/wp-json\/wp\/v2\/types\/page"}],"author":[{"embeddable":true,"href":"https:\/\/eucotton.eu\/fr\/wp-json\/wp\/v2\/users\/2"}],"replies":[{"embeddable":true,"href":"https:\/\/eucotton.eu\/fr\/wp-json\/wp\/v2\/comments?post=3630"}],"version-history":[{"count":3,"href":"https:\/\/eucotton.eu\/fr\/wp-json\/wp\/v2\/pages\/3630\/revisions"}],"predecessor-version":[{"id":3942,"href":"https:\/\/eucotton.eu\/fr\/wp-json\/wp\/v2\/pages\/3630\/revisions\/3942"}],"wp:attachment":[{"href":"https:\/\/eucotton.eu\/fr\/wp-json\/wp\/v2\/media?parent=3630"}],"curies":[{"name":"wp","href":"https:\/\/api.w.org\/{rel}","templated":true}]}}