{"id":3501,"date":"2024-07-17T12:05:13","date_gmt":"2024-07-17T12:05:13","guid":{"rendered":"https:\/\/eucotton.eu\/cotone-europeo\/la-produzione-del-cotone-in-europa\/"},"modified":"2024-10-11T12:27:07","modified_gmt":"2024-10-11T12:27:07","slug":"la-produzione-del-cotone-in-europa","status":"publish","type":"page","link":"https:\/\/eucotton.eu\/it\/cotone-europeo\/la-produzione-del-cotone-in-europa\/","title":{"rendered":"La produzione del cotone in Europa"},"content":{"rendered":"<p>[et_pb_section fb_built=&#8221;1&#8243; specialty=&#8221;on&#8221; disabled_on=&#8221;off|off|off&#8221; admin_label=&#8221;Header&#8221; _builder_version=&#8221;4.16&#8243; da_disable_devices=&#8221;off|off|off&#8221; global_colors_info=&#8221;{}&#8221; da_is_popup=&#8221;off&#8221; da_exit_intent=&#8221;off&#8221; da_has_close=&#8221;on&#8221; da_alt_close=&#8221;off&#8221; da_dark_close=&#8221;off&#8221; da_not_modal=&#8221;on&#8221; da_is_singular=&#8221;off&#8221; da_with_loader=&#8221;off&#8221; da_has_shadow=&#8221;on&#8221;][et_pb_column type=&#8221;2_3&#8243; specialty_columns=&#8221;2&#8243; _builder_version=&#8221;4.16&#8243; custom_padding=&#8221;|||&#8221; global_colors_info=&#8221;{}&#8221; custom_padding__hover=&#8221;|||&#8221;][et_pb_row_inner _builder_version=&#8221;4.16&#8243; locked=&#8221;off&#8221; global_colors_info=&#8221;{}&#8221;][et_pb_column_inner saved_specialty_column_type=&#8221;2_3&#8243; _builder_version=&#8221;4.16&#8243; global_colors_info=&#8221;{}&#8221;][et_pb_text _builder_version=&#8221;4.27.2&#8243; text_font=&#8221;Actor|300|||||||&#8221; text_text_color=&#8221;#0cb4ce&#8221; text_font_size=&#8221;24px&#8221; text_line_height=&#8221;1.4em&#8221; header_font=&#8221;||||||||&#8221; header_text_color=&#8221;#0c005e&#8221; header_font_size=&#8221;70px&#8221; header_letter_spacing=&#8221;2px&#8221; header_line_height=&#8221;0.8em&#8221; custom_margin_tablet=&#8221;-37px||||false|false&#8221; custom_margin_phone=&#8221;-37px||||false|false&#8221; custom_margin_last_edited=&#8221;on|tablet&#8221; text_font_size_tablet=&#8221;&#8221; text_font_size_phone=&#8221;20px&#8221; text_font_size_last_edited=&#8221;on|desktop&#8221; header_font_size_tablet=&#8221;56px&#8221; header_font_size_phone=&#8221;40px&#8221; header_font_size_last_edited=&#8221;on|phone&#8221; text_orientation_tablet=&#8221;left&#8221; text_orientation_last_edited=&#8221;off|phone&#8221; locked=&#8221;off&#8221; global_colors_info=&#8221;{}&#8221;]<\/p>\n<h1>La produzione del cotone in Europa<\/h1>\n<p>PROGETTATO AL 100% IN EUROPA<\/p>\n<p>[\/et_pb_text][\/et_pb_column_inner][\/et_pb_row_inner][et_pb_row_inner column_structure=&#8221;1_2,1_2&#8243; _builder_version=&#8221;4.16&#8243; locked=&#8221;off&#8221; global_colors_info=&#8221;{}&#8221;][et_pb_column_inner type=&#8221;1_2&#8243; saved_specialty_column_type=&#8221;2_3&#8243; _builder_version=&#8221;4.16&#8243; custom_padding=&#8221;||||false|false&#8221; global_colors_info=&#8221;{}&#8221;][et_pb_image src=&#8221;https:\/\/eucotton.eu\/wp-content\/uploads\/2022\/09\/campaign_01.jpg&#8221; title_text=&#8221;campaign_01&#8243; align_last_edited=&#8221;off|tablet&#8221; _builder_version=&#8221;4.18.0&#8243; height_last_edited=&#8221;off|tablet&#8221; module_alignment_last_edited=&#8221;off|tablet&#8221; border_radii=&#8221;off|||200px|&#8221; locked=&#8221;off&#8221; global_colors_info=&#8221;{}&#8221;][\/et_pb_image][\/et_pb_column_inner][et_pb_column_inner type=&#8221;1_2&#8243; saved_specialty_column_type=&#8221;2_3&#8243; _builder_version=&#8221;4.16&#8243; custom_padding=&#8221;||||false|false&#8221; global_colors_info=&#8221;{}&#8221;][et_pb_text _builder_version=&#8221;4.27.2&#8243; text_text_color=&#8221;rgba(0,0,0,0.44)&#8221; text_font_size=&#8221;18px&#8221; text_line_height=&#8221;1.8em&#8221; header_2_text_color=&#8221;#0c005e&#8221; header_2_font_size=&#8221;45px&#8221; header_5_font=&#8221;Rubik||||||||&#8221; header_5_font_size=&#8221;18px&#8221; header_5_line_height=&#8221;1.8em&#8221; locked=&#8221;off&#8221; global_colors_info=&#8221;{}&#8221;]L&#8217;<strong><span style=\"color: #0c005e;\">Unione europea<\/span><\/strong> \u00e8 un <span style=\"color: #0c005e;\"><strong>attore chiave<\/strong><\/span> nel settore del cotone ed \u00e8 <strong><span style=\"color: #0c005e;\">tra i primi 10 esportatori al mondo<\/span><\/strong>. In Europa si producono circa <strong><span style=\"color: #0c005e;\">360.000 tonnellate di cotone<\/span><\/strong>, pari al <span style=\"color: #0c005e;\"><strong>2% della produzione mondiale<\/strong><\/span>, coltivato su circa <strong><span style=\"color: #0c005e;\">200.000 ettari in Grecia e pi\u00f9 di 60.000 ettari in Spagna<\/span><\/strong>.<\/p>\n<p>Tutto questo ha origine dalla <span style=\"color: #0c005e;\"><strong>lunga tradizione di produzione del cotone della Grecia e della Spagna.<\/strong><\/span> La Grecia produce circa l&#8217;80% dell&#8217;EUCOTTON e la Spagna il 20%. Una fibra nota per la sua <span style=\"color: #0c005e;\"><strong>alta qualit\u00e0<\/strong><\/span>, che ha una <strong><span style=\"color: #0c005e;\">forte richiesta nei Paesi di produzione tessile<\/span><\/strong>.[\/et_pb_text][\/et_pb_column_inner][\/et_pb_row_inner][\/et_pb_column][et_pb_column type=&#8221;1_3&#8243; _builder_version=&#8221;4.16&#8243; custom_padding=&#8221;|||&#8221; global_colors_info=&#8221;{}&#8221; custom_padding__hover=&#8221;|||&#8221;][et_pb_image src=&#8221;https:\/\/eucotton.eu\/wp-content\/uploads\/2022\/09\/campaign_02.jpg&#8221; title_text=&#8221;campaign_02&#8243; disabled_on=&#8221;on|on|off&#8221; _builder_version=&#8221;4.18.0&#8243; custom_margin=&#8221;|-5vw|||false|false&#8221; border_radii=&#8221;on|200px|200px|200px|200px&#8221; border_radii_last_edited=&#8221;off|tablet&#8221; global_colors_info=&#8221;{}&#8221;][\/et_pb_image][\/et_pb_column][\/et_pb_section][et_pb_section fb_built=&#8221;1&#8243; _builder_version=&#8221;4.25.1&#8243; _module_preset=&#8221;default&#8221; da_disable_devices=&#8221;off|off|off&#8221; global_colors_info=&#8221;{}&#8221; da_is_popup=&#8221;off&#8221; da_exit_intent=&#8221;off&#8221; da_has_close=&#8221;on&#8221; da_alt_close=&#8221;off&#8221; da_dark_close=&#8221;off&#8221; da_not_modal=&#8221;on&#8221; da_is_singular=&#8221;off&#8221; da_with_loader=&#8221;off&#8221; da_has_shadow=&#8221;on&#8221;][et_pb_row column_structure=&#8221;1_3,1_3,1_3&#8243; use_custom_gutter=&#8221;on&#8221; gutter_width=&#8221;2&#8243; _builder_version=&#8221;4.25.1&#8243; _module_preset=&#8221;default&#8221; custom_margin=&#8221;0px||||false|false&#8221; custom_padding=&#8221;0px||||false|false&#8221; global_colors_info=&#8221;{}&#8221;][et_pb_column type=&#8221;1_3&#8243; _builder_version=&#8221;4.25.1&#8243; _module_preset=&#8221;default&#8221; global_colors_info=&#8221;{}&#8221;][et_pb_image src=&#8221;https:\/\/eucotton.eu\/wp-content\/uploads\/2024\/07\/export-2.jpg&#8221; title_text=&#8221;export 2&#8243; _builder_version=&#8221;4.25.1&#8243; _module_preset=&#8221;default&#8221; border_radii=&#8221;off|||60px|&#8221; global_colors_info=&#8221;{}&#8221;][\/et_pb_image][et_pb_text _builder_version=&#8221;4.27.2&#8243; _module_preset=&#8221;3fc5abb1-35dc-424b-b073-9c70a2f7c68a&#8221; header_font=&#8221;||||||||&#8221; header_4_font=&#8221;Actor||||||||&#8221; header_4_text_color=&#8221;#2c2b4c&#8221; header_4_line_height=&#8221;1.5em&#8221; custom_margin=&#8221;||0px||false|false&#8221; header_4_font_size_tablet=&#8221;16px&#8221; header_4_font_size_phone=&#8221;14px&#8221; header_4_font_size_last_edited=&#8221;on|desktop&#8221; global_colors_info=&#8221;{}&#8221;]<\/p>\n<h4>Il 75% del cotone prodotto in Europa viene esportato principalmente nei Paesi del bacino mediterraneo (Turchia, Egitto, Marocco, ecc.) nonch\u00e9 nel Sud-Est asiatico.<\/h4>\n<p>[\/et_pb_text][\/et_pb_column][et_pb_column type=&#8221;1_3&#8243; _builder_version=&#8221;4.25.1&#8243; _module_preset=&#8221;default&#8221; global_colors_info=&#8221;{}&#8221;][et_pb_image src=&#8221;https:\/\/eucotton.eu\/wp-content\/uploads\/2024\/07\/import-2.jpg&#8221; title_text=&#8221;import 2&#8243; _builder_version=&#8221;4.25.1&#8243; _module_preset=&#8221;default&#8221; border_radii=&#8221;off|||60px|&#8221; global_colors_info=&#8221;{}&#8221;][\/et_pb_image][et_pb_text _builder_version=&#8221;4.27.2&#8243; _module_preset=&#8221;3fc5abb1-35dc-424b-b073-9c70a2f7c68a&#8221; header_font=&#8221;||||||||&#8221; header_4_font=&#8221;Actor||||||||&#8221; header_4_text_color=&#8221;#2c2b4c&#8221; header_4_line_height=&#8221;1.5em&#8221; custom_margin=&#8221;||0px||false|false&#8221; header_4_font_size_tablet=&#8221;16px&#8221; header_4_font_size_phone=&#8221;14px&#8221; header_4_font_size_last_edited=&#8221;on|desktop&#8221; locked=&#8221;off&#8221; global_colors_info=&#8221;{}&#8221;]<\/p>\n<h4>Un&#8217;ampia quantit\u00e0 di cotone esportato viene poi reintrodotto nei mercati europei sotto forma di prodotti tessili pronti.<\/h4>\n<p>[\/et_pb_text][\/et_pb_column][et_pb_column type=&#8221;1_3&#8243; _builder_version=&#8221;4.25.1&#8243; _module_preset=&#8221;default&#8221; global_colors_info=&#8221;{}&#8221;][et_pb_image src=&#8221;https:\/\/eucotton.eu\/wp-content\/uploads\/2024\/07\/industry.jpg&#8221; title_text=&#8221;industry&#8221; _builder_version=&#8221;4.25.1&#8243; _module_preset=&#8221;default&#8221; border_radii=&#8221;off|||60px|&#8221; global_colors_info=&#8221;{}&#8221;][\/et_pb_image][et_pb_text _builder_version=&#8221;4.27.2&#8243; _module_preset=&#8221;3fc5abb1-35dc-424b-b073-9c70a2f7c68a&#8221; header_font=&#8221;||||||||&#8221; header_4_font=&#8221;Actor||||||||&#8221; header_4_text_color=&#8221;#2c2b4c&#8221; header_4_line_height=&#8221;1.5em&#8221; custom_margin=&#8221;||0px||false|false&#8221; header_4_font_size_tablet=&#8221;16px&#8221; header_4_font_size_phone=&#8221;14px&#8221; header_4_font_size_last_edited=&#8221;on|desktop&#8221; global_colors_info=&#8221;{}&#8221;]<\/p>\n<h4>Il 25% del cotone prodotto in Europa viene utilizzato direttamente dall&#8217;industria tessile europea, coprendo il 40% del fabbisogno interno.<\/h4>\n<p>[\/et_pb_text][\/et_pb_column][\/et_pb_row][et_pb_row column_structure=&#8221;1_2,1_2&#8243; _builder_version=&#8221;4.25.1&#8243; _module_preset=&#8221;default&#8221; global_colors_info=&#8221;{}&#8221;][et_pb_column type=&#8221;1_2&#8243; _builder_version=&#8221;4.25.1&#8243; _module_preset=&#8221;default&#8221; global_colors_info=&#8221;{}&#8221;][et_pb_text _builder_version=&#8221;4.27.2&#8243; text_text_color=&#8221;rgba(0,0,0,0.44)&#8221; text_font_size=&#8221;18px&#8221; text_line_height=&#8221;1.8em&#8221; header_2_text_color=&#8221;#0c005e&#8221; header_2_font_size=&#8221;45px&#8221; header_5_font=&#8221;Rubik||||||||&#8221; header_5_font_size=&#8221;18px&#8221; header_5_line_height=&#8221;1.8em&#8221; locked=&#8221;off&#8221; global_colors_info=&#8221;{}&#8221;]<\/p>\n<p>La Grecia e la Spagna sono attori chiave nella produzione di cotone in Europa e dimostrano la loro esperienza e il loro contributo all&#8217;industria mondiale del cotone.<\/p>\n<p>La Grecia, con il suo clima favorevole e il terreno fertile, ha una lunga tradizione di produzione del cotone. Le piantagioni di cotone del Paese si trovano principalmente in Tessaglia e nella regione settentrionale della Macedonia e della Tracia.<\/p>\n<p>[\/et_pb_text][\/et_pb_column][et_pb_column type=&#8221;1_2&#8243; _builder_version=&#8221;4.25.1&#8243; _module_preset=&#8221;default&#8221; global_colors_info=&#8221;{}&#8221;][et_pb_image src=&#8221;https:\/\/eucotton.eu\/wp-content\/uploads\/2024\/10\/greece_it.jpg&#8221; title_text=&#8221;greece_it&#8221; _builder_version=&#8221;4.27.2&#8243; _module_preset=&#8221;default&#8221; hover_enabled=&#8221;0&#8243; border_radii=&#8221;off|||60px|&#8221; global_colors_info=&#8221;{}&#8221; sticky_enabled=&#8221;0&#8243;][\/et_pb_image][\/et_pb_column][\/et_pb_row][et_pb_row column_structure=&#8221;1_2,1_2&#8243; _builder_version=&#8221;4.25.1&#8243; _module_preset=&#8221;default&#8221; global_colors_info=&#8221;{}&#8221;][et_pb_column type=&#8221;1_2&#8243; _builder_version=&#8221;4.25.1&#8243; _module_preset=&#8221;default&#8221; global_colors_info=&#8221;{}&#8221;][et_pb_image src=&#8221;https:\/\/eucotton.eu\/wp-content\/uploads\/2024\/10\/spain_it.jpg&#8221; title_text=&#8221;spain_it&#8221; _builder_version=&#8221;4.27.2&#8243; _module_preset=&#8221;default&#8221; hover_enabled=&#8221;0&#8243; border_radii=&#8221;off|||60px|&#8221; global_colors_info=&#8221;{}&#8221; sticky_enabled=&#8221;0&#8243;][\/et_pb_image][\/et_pb_column][et_pb_column type=&#8221;1_2&#8243; _builder_version=&#8221;4.25.1&#8243; _module_preset=&#8221;default&#8221; global_colors_info=&#8221;{}&#8221;][et_pb_text _builder_version=&#8221;4.27.2&#8243; text_text_color=&#8221;rgba(0,0,0,0.44)&#8221; text_font_size=&#8221;18px&#8221; text_line_height=&#8221;1.8em&#8221; header_2_text_color=&#8221;#0c005e&#8221; header_2_font_size=&#8221;45px&#8221; header_5_font=&#8221;Rubik||||||||&#8221; header_5_font_size=&#8221;18px&#8221; header_5_line_height=&#8221;1.8em&#8221; locked=&#8221;off&#8221; global_colors_info=&#8221;{}&#8221;]<\/p>\n<p>Analogamente, la Spagna si \u00e8 affermata come il secondo maggiore produttore di cotone in Europa. La regione meridionale dell&#8217;Andalusia, con il suo caldo clima mediterraneo, offre un ambiente ideale per la coltivazione del cotone.<\/p>\n<p>La produzione di cotone \u00e8 concentrata nella valle del Guadalquivir, in particolare nelle province di Siviglia e Cadice; e, in misura minore, Cordova e Ja\u00e9n.<\/p>\n<p>[\/et_pb_text][\/et_pb_column][\/et_pb_row][et_pb_row _builder_version=&#8221;4.25.1&#8243; _module_preset=&#8221;default&#8221; global_colors_info=&#8221;{}&#8221;][et_pb_column type=&#8221;4_4&#8243; _builder_version=&#8221;4.25.1&#8243; _module_preset=&#8221;default&#8221; global_colors_info=&#8221;{}&#8221;][et_pb_text _builder_version=&#8221;4.27.2&#8243; text_text_color=&#8221;rgba(0,0,0,0.44)&#8221; text_font_size=&#8221;18px&#8221; text_line_height=&#8221;1.8em&#8221; header_2_text_color=&#8221;#0c005e&#8221; header_2_font_size=&#8221;45px&#8221; header_5_font=&#8221;Rubik||||||||&#8221; header_5_font_size=&#8221;18px&#8221; header_5_line_height=&#8221;1.8em&#8221; locked=&#8221;off&#8221; global_colors_info=&#8221;{}&#8221;]<\/p>\n<p>Sia la Grecia che la Spagna hanno abbracciato una produzione sostenibile di cotone, dando priorit\u00e0 a una gestione responsabile delle risorse idriche, a una riduzione dell\u2019uso di pesticidi e a un utilizzo efficiente delle risorse. Il loro impegno a favore di pratiche sostenibili garantisce la conservazione degli ecosistemi naturali e il benessere delle comunit\u00e0 locali.<\/p>\n<p>[\/et_pb_text][et_pb_image src=&#8221;https:\/\/eucotton.eu\/wp-content\/uploads\/2024\/07\/eu_cotton.jpg&#8221; title_text=&#8221;Cotton Field 2&#8243; _builder_version=&#8221;4.25.1&#8243; _module_preset=&#8221;default&#8221; global_colors_info=&#8221;{}&#8221;][\/et_pb_image][et_pb_text _builder_version=&#8221;4.27.2&#8243; text_text_color=&#8221;rgba(0,0,0,0.44)&#8221; text_font_size=&#8221;18px&#8221; text_line_height=&#8221;1.8em&#8221; header_2_text_color=&#8221;#0c005e&#8221; header_2_font_size=&#8221;45px&#8221; header_5_font=&#8221;Rubik||||||||&#8221; header_5_font_size=&#8221;18px&#8221; header_5_line_height=&#8221;1.8em&#8221; locked=&#8221;off&#8221; global_colors_info=&#8221;{}&#8221;]<\/p>\n<p>Il cotone prodotto in Grecia e Spagna contribuisce non solo all&#8217;industria tessile nazionale, ma anche alla filiera produttiva europea e globale. \u00c8 ampiamente utilizzato nella produzione di una gamma di prodotti, tra cui abbigliamento, tessili per la casa e applicazioni industriali.<\/p>\n<p>Il cotone europeo \u00e8 rinomato per la sua eccezionale qualit\u00e0, che lo rende molto ricercato nell&#8217;industria tessile, in particolare per i tessuti di alta qualit\u00e0 e gli indumenti di lusso.<\/p>\n<p>L&#8217;esperienza di Grecia e Spagna nella produzione di cotone, unita al loro impegno per la sostenibilit\u00e0, colloca i due Paesi come attori influenti nel mercato europeo e globale del cotone. La loro dedizione alla qualit\u00e0 e a pratiche responsabili continua a plasmare l&#8217;industria del cotone, sottolineando l&#8217;importanza di questi Paesi nel panorama europeo del cotone.<\/p>\n<p>[\/et_pb_text][\/et_pb_column][\/et_pb_row][\/et_pb_section]<\/p>\n","protected":false},"excerpt":{"rendered":"<p>La produzione del cotone in Europa PROGETTATO AL 100% IN EUROPAL&#8217;Unione europea \u00e8 un attore chiave nel settore del cotone ed \u00e8 tra i primi 10 esportatori al mondo. In Europa si producono circa 360.000 tonnellate di cotone, pari al 2% della produzione mondiale, coltivato su circa 200.000 ettari in Grecia e pi\u00f9 di 60.000 [&hellip;]<\/p>\n","protected":false},"author":2,"featured_media":0,"parent":3497,"menu_order":0,"comment_status":"closed","ping_status":"closed","template":"","meta":{"_et_pb_use_builder":"on","_et_pb_old_content":"","_et_gb_content_width":"","footnotes":""},"class_list":["post-3501","page","type-page","status-publish","hentry"],"_links":{"self":[{"href":"https:\/\/eucotton.eu\/it\/wp-json\/wp\/v2\/pages\/3501","targetHints":{"allow":["GET"]}}],"collection":[{"href":"https:\/\/eucotton.eu\/it\/wp-json\/wp\/v2\/pages"}],"about":[{"href":"https:\/\/eucotton.eu\/it\/wp-json\/wp\/v2\/types\/page"}],"author":[{"embeddable":true,"href":"https:\/\/eucotton.eu\/it\/wp-json\/wp\/v2\/users\/2"}],"replies":[{"embeddable":true,"href":"https:\/\/eucotton.eu\/it\/wp-json\/wp\/v2\/comments?post=3501"}],"version-history":[{"count":3,"href":"https:\/\/eucotton.eu\/it\/wp-json\/wp\/v2\/pages\/3501\/revisions"}],"predecessor-version":[{"id":3673,"href":"https:\/\/eucotton.eu\/it\/wp-json\/wp\/v2\/pages\/3501\/revisions\/3673"}],"up":[{"embeddable":true,"href":"https:\/\/eucotton.eu\/it\/wp-json\/wp\/v2\/pages\/3497"}],"wp:attachment":[{"href":"https:\/\/eucotton.eu\/it\/wp-json\/wp\/v2\/media?parent=3501"}],"curies":[{"name":"wp","href":"https:\/\/api.w.org\/{rel}","templated":true}]}}