{"id":3517,"date":"2024-07-17T13:00:21","date_gmt":"2024-07-17T13:00:21","guid":{"rendered":"https:\/\/eucotton.eu\/sostenibilita-e-tracciabilita\/sostenibilita-ambientale\/"},"modified":"2024-10-11T12:28:54","modified_gmt":"2024-10-11T12:28:54","slug":"sostenibilita-ambientale","status":"publish","type":"page","link":"https:\/\/eucotton.eu\/it\/sostenibilita-e-tracciabilita\/sostenibilita-ambientale\/","title":{"rendered":"Sostenibilit\u00e0 ambientale"},"content":{"rendered":"<p>[et_pb_section fb_built=&#8221;1&#8243; specialty=&#8221;on&#8221; disabled_on=&#8221;off|off|off&#8221; admin_label=&#8221;Header&#8221; _builder_version=&#8221;4.16&#8243; custom_padding=&#8221;||1px|||&#8221; da_disable_devices=&#8221;off|off|off&#8221; global_colors_info=&#8221;{}&#8221; da_is_popup=&#8221;off&#8221; da_exit_intent=&#8221;off&#8221; da_has_close=&#8221;on&#8221; da_alt_close=&#8221;off&#8221; da_dark_close=&#8221;off&#8221; da_not_modal=&#8221;on&#8221; da_is_singular=&#8221;off&#8221; da_with_loader=&#8221;off&#8221; da_has_shadow=&#8221;on&#8221;][et_pb_column type=&#8221;2_3&#8243; specialty_columns=&#8221;2&#8243; _builder_version=&#8221;4.16&#8243; custom_padding=&#8221;|||&#8221; global_colors_info=&#8221;{}&#8221; custom_padding__hover=&#8221;|||&#8221;][et_pb_row_inner _builder_version=&#8221;4.18.0&#8243; custom_margin_tablet=&#8221;-60px||||false|false&#8221; custom_margin_phone=&#8221;-34px||||false|false&#8221; custom_margin_last_edited=&#8221;on|phone&#8221; locked=&#8221;off&#8221; global_colors_info=&#8221;{}&#8221;][et_pb_column_inner saved_specialty_column_type=&#8221;2_3&#8243; _builder_version=&#8221;4.16&#8243; global_colors_info=&#8221;{}&#8221;][et_pb_text _builder_version=&#8221;4.27.2&#8243; text_font=&#8221;Actor|300|||||||&#8221; text_text_color=&#8221;#0cb4ce&#8221; text_font_size=&#8221;20px&#8221; text_line_height=&#8221;1.4em&#8221; header_font=&#8221;||||||||&#8221; header_text_color=&#8221;#0c005e&#8221; header_font_size=&#8221;70px&#8221; header_letter_spacing=&#8221;2px&#8221; header_line_height=&#8221;0.8em&#8221; custom_padding=&#8221;||1px|||&#8221; text_font_size_tablet=&#8221;&#8221; text_font_size_phone=&#8221;20px&#8221; text_font_size_last_edited=&#8221;on|desktop&#8221; header_font_size_tablet=&#8221;56px&#8221; header_font_size_phone=&#8221;40px&#8221; header_font_size_last_edited=&#8221;on|phone&#8221; text_orientation_tablet=&#8221;left&#8221; text_orientation_last_edited=&#8221;off|phone&#8221; locked=&#8221;off&#8221; global_colors_info=&#8221;{}&#8221;]<\/p>\n<h1>Sostenibilit\u00e0 ambientale<\/h1>\n<p>IL COTONE EUROPEO PROGETTA UN MONDO SOSTENIBILE<\/p>\n<p>[\/et_pb_text][\/et_pb_column_inner][\/et_pb_row_inner][et_pb_row_inner column_structure=&#8221;1_2,1_2&#8243; _builder_version=&#8221;4.18.0&#8243; custom_margin_tablet=&#8221;-19px||||false|false&#8221; custom_margin_phone=&#8221;-19px||||false|false&#8221; custom_margin_last_edited=&#8221;on|tablet&#8221; locked=&#8221;off&#8221; global_colors_info=&#8221;{}&#8221;][et_pb_column_inner type=&#8221;1_2&#8243; saved_specialty_column_type=&#8221;2_3&#8243; _builder_version=&#8221;4.16&#8243; custom_padding=&#8221;||||false|false&#8221; global_colors_info=&#8221;{}&#8221;][et_pb_image src=&#8221;https:\/\/eucotton.eu\/wp-content\/uploads\/2022\/09\/enviromental_sustainability_01.jpg&#8221; title_text=&#8221;enviromental_sustainability_01&#8243; _builder_version=&#8221;4.18.0&#8243; border_radii=&#8221;off|||200px|&#8221; locked=&#8221;off&#8221; global_colors_info=&#8221;{}&#8221;][\/et_pb_image][\/et_pb_column_inner][et_pb_column_inner type=&#8221;1_2&#8243; saved_specialty_column_type=&#8221;2_3&#8243; _builder_version=&#8221;4.16&#8243; custom_padding=&#8221;||||false|false&#8221; global_colors_info=&#8221;{}&#8221;][et_pb_text _builder_version=&#8221;4.27.2&#8243; text_text_color=&#8221;rgba(0,0,0,0.44)&#8221; text_font_size=&#8221;18px&#8221; text_line_height=&#8221;1.8em&#8221; header_2_text_color=&#8221;#369637&#8243; header_2_font_size=&#8221;45px&#8221; header_5_font=&#8221;Rubik||||||||&#8221; header_5_font_size=&#8221;18px&#8221; header_5_line_height=&#8221;1.8em&#8221; locked=&#8221;off&#8221; global_colors_info=&#8221;{}&#8221;]<strong><span style=\"color: #0c005e;\">La produzione di cotone in Grecia<\/span><\/strong> e <span style=\"color: #0c005e;\"><strong>Spagna<\/strong><\/span> si basa sulla <span style=\"color: #0c005e;\"><strong>sostenibilit\u00e0<\/strong><\/span> quale pilastro fondamentale, facendo un <span style=\"color: #0c005e;\"><strong>uso responsabile delle risorse naturali<\/strong><\/span> e <span style=\"color: #0c005e;\"><strong>riducendo l&#8217;uso di prodotti chimici, preservando gli ecosistemi naturali e il benessere delle comunit\u00e0 locali<\/strong><\/span>.<\/p>\n<p><span style=\"color: #0c005e;\"><strong>Il cotone europeo<\/strong><\/span> \u00e8 prodotto in conformit\u00e0 ai <span style=\"color: #0c005e;\"><strong>regolamenti e alle direttive della Politica agricola comune (PAC) dell&#8217;UE<\/strong><\/span>, che sono tra i pi\u00f9 severi al mondo. Queste linee guida garantiscono che <span style=\"color: #0c005e;\"><strong>il cotone sia coltivato in modo sostenibile, riducendo al minimo l&#8217;impatto ambientale e promuovendo pratiche agricole responsabili.<\/strong><\/span>[\/et_pb_text][\/et_pb_column_inner][\/et_pb_row_inner][\/et_pb_column][et_pb_column type=&#8221;1_3&#8243; _builder_version=&#8221;4.16&#8243; custom_padding=&#8221;|||&#8221; global_colors_info=&#8221;{}&#8221; custom_padding__hover=&#8221;|||&#8221;][et_pb_image src=&#8221;https:\/\/eucotton.eu\/wp-content\/uploads\/2024\/10\/enviromental_sustainability_it.jpg&#8221; title_text=&#8221;enviromental_sustainability_it&#8221; _builder_version=&#8221;4.27.2&#8243; custom_margin=&#8221;|-5vw|||false|false&#8221; hover_enabled=&#8221;0&#8243; border_radii=&#8221;on|200px|200px|200px|200px&#8221; border_radii_last_edited=&#8221;off|tablet&#8221; global_colors_info=&#8221;{}&#8221; sticky_enabled=&#8221;0&#8243;][\/et_pb_image][\/et_pb_column][\/et_pb_section][et_pb_section fb_built=&#8221;1&#8243; admin_label=&#8221;FAQ&#8221; _builder_version=&#8221;4.25.1&#8243; _module_preset=&#8221;default&#8221; background_enable_color=&#8221;off&#8221; custom_margin=&#8221;0px||0px||false|false&#8221; custom_margin_tablet=&#8221;-138px||||false|false&#8221; custom_margin_phone=&#8221;-100px||||false|false&#8221; custom_margin_last_edited=&#8221;on|phone&#8221; custom_padding=&#8221;0px||0px||false|false&#8221; da_disable_devices=&#8221;off|off|off&#8221; locked=&#8221;off&#8221; global_colors_info=&#8221;{}&#8221; da_is_popup=&#8221;off&#8221; da_exit_intent=&#8221;off&#8221; da_has_close=&#8221;on&#8221; da_alt_close=&#8221;off&#8221; da_dark_close=&#8221;off&#8221; da_not_modal=&#8221;on&#8221; da_is_singular=&#8221;off&#8221; da_with_loader=&#8221;off&#8221; da_has_shadow=&#8221;on&#8221;][et_pb_row _builder_version=&#8221;4.18.0&#8243; _module_preset=&#8221;default&#8221; width=&#8221;60%&#8221; global_colors_info=&#8221;{}&#8221;][et_pb_column type=&#8221;4_4&#8243; _builder_version=&#8221;4.18.0&#8243; _module_preset=&#8221;default&#8221; global_colors_info=&#8221;{}&#8221;][et_pb_text _builder_version=&#8221;4.27.2&#8243; _module_preset=&#8221;default&#8221; text_font=&#8221;Actor||||||||&#8221; text_font_size=&#8221;18px&#8221; global_colors_info=&#8221;{}&#8221;]<\/p>\n<p>Questo <strong>forte impegno<\/strong> del settore del<strong> cotone<\/strong> <strong>europeo <\/strong>a favore della<strong> sostenibilit\u00e0<\/strong> non risponde solo alla crescente preoccupazione globale per <strong>l&#8217;impatto ambientale di tutte le azioni umane,<\/strong> n\u00e9 solo alla <strong>domanda dei consumatori di prodotti rispettosi dell&#8217;ambiente, <\/strong>ma risponde alle <strong>credenze e alle <\/strong><strong>convinzioni solide del settore secondo cui progettare un mondo pi\u00f9 sostenibile \u00e8 possibile.<\/strong><\/p>\n<p>Ma <strong>come facciamo?<\/strong> Oltre a utilizzare in modo pi\u00f9 responsabile le risorse naturali e a ridurre l&#8217;uso di sostanze chimiche, <strong>il cotone europeo contribuisce alla progettazione di un mondo pi\u00f9 sostenibile in molti modi:<\/strong><\/p>\n<p>[\/et_pb_text][\/et_pb_column][\/et_pb_row][\/et_pb_section][et_pb_section fb_built=&#8221;1&#8243; _builder_version=&#8221;4.18.0&#8243; _module_preset=&#8221;default&#8221; custom_margin_tablet=&#8221;-100px||||false|false&#8221; custom_margin_phone=&#8221;-149px||||false|false&#8221; custom_margin_last_edited=&#8221;on|phone&#8221; custom_padding=&#8221;2px|||||&#8221; da_disable_devices=&#8221;off|off|off&#8221; global_colors_info=&#8221;{}&#8221; da_is_popup=&#8221;off&#8221; da_exit_intent=&#8221;off&#8221; da_has_close=&#8221;on&#8221; da_alt_close=&#8221;off&#8221; da_dark_close=&#8221;off&#8221; da_not_modal=&#8221;on&#8221; da_is_singular=&#8221;off&#8221; da_with_loader=&#8221;off&#8221; da_has_shadow=&#8221;on&#8221;][et_pb_row column_structure=&#8221;1_4,1_4,1_4,1_4&#8243; use_custom_gutter=&#8221;on&#8221; gutter_width=&#8221;2&#8243; _builder_version=&#8221;4.18.0&#8243; _module_preset=&#8221;default&#8221; width=&#8221;60%&#8221; global_colors_info=&#8221;{}&#8221;][et_pb_column type=&#8221;1_4&#8243; _builder_version=&#8221;4.18.0&#8243; _module_preset=&#8221;default&#8221; global_colors_info=&#8221;{}&#8221;][et_pb_blurb title=&#8221;Il cotone europeo \u00e8 privo di OGM.&#8221; image=&#8221;https:\/\/eucotton.eu\/wp-content\/uploads\/2024\/07\/icon_non_gm_cotton_tonnes_b.jpg&#8221; content_max_width_tablet=&#8221;150px&#8221; content_max_width_phone=&#8221;150px&#8221; content_max_width_last_edited=&#8221;on|phone&#8221; _builder_version=&#8221;4.27.2&#8243; header_font=&#8221;&#8211;et_global_heading_font|500|||||||&#8221; header_text_color=&#8221;#0c005e&#8221; header_font_size=&#8221;38px&#8221; body_font=&#8221;Actor||||||||&#8221; body_text_color=&#8221;#686868&#8243; body_font_size=&#8221;18px&#8221; body_line_height=&#8221;1.8em&#8221; text_orientation=&#8221;center&#8221; animation=&#8221;off&#8221; locked=&#8221;off&#8221; global_colors_info=&#8221;{}&#8221;]<\/p>\n<p>\u00c8 coltivato da semi non OGM utilizzando pratiche agricole sostenibili.<\/p>\n<p>[\/et_pb_blurb][\/et_pb_column][et_pb_column type=&#8221;1_4&#8243; _builder_version=&#8221;4.18.0&#8243; _module_preset=&#8221;default&#8221; global_colors_info=&#8221;{}&#8221;][et_pb_blurb title=&#8221;La coltivazione del cotone contribuisce a ridurre il riscaldamento globale&#8221; image=&#8221;https:\/\/eucotton.eu\/wp-content\/uploads\/2024\/07\/icon_non_gm_cotton_businesses_b.jpg&#8221; content_max_width_tablet=&#8221;150px&#8221; content_max_width_phone=&#8221;150px&#8221; content_max_width_last_edited=&#8221;on|phone&#8221; _builder_version=&#8221;4.27.2&#8243; header_font=&#8221;&#8211;et_global_heading_font|500|||||||&#8221; header_text_color=&#8221;#0c005e&#8221; header_font_size=&#8221;38px&#8221; body_font=&#8221;Actor||||||||&#8221; body_text_color=&#8221;#686868&#8243; body_font_size=&#8221;18px&#8221; body_line_height=&#8221;1.8em&#8221; text_orientation=&#8221;center&#8221; animation=&#8221;off&#8221; locked=&#8221;off&#8221; global_colors_info=&#8221;{}&#8221;]<\/p>\n<p>durante i mesi pi\u00f9 caldi dell&#8217;anno, grazie alla sua ampia superficie fogliare.<\/p>\n<p>[\/et_pb_blurb][\/et_pb_column][et_pb_column type=&#8221;1_4&#8243; _builder_version=&#8221;4.18.0&#8243; _module_preset=&#8221;default&#8221; global_colors_info=&#8221;{}&#8221;][et_pb_blurb title=&#8221;La coltivazione del cotone fornisce ossigeno all\u2019atmosfera&#8221; image=&#8221;https:\/\/eucotton.eu\/wp-content\/uploads\/2024\/07\/icon_non_gm_cotton_export_b.jpg&#8221; content_max_width_tablet=&#8221;150px&#8221; content_max_width_phone=&#8221;150px&#8221; content_max_width_last_edited=&#8221;on|phone&#8221; _builder_version=&#8221;4.27.2&#8243; header_font=&#8221;&#8211;et_global_heading_font|500|||||||&#8221; header_text_color=&#8221;#0c005e&#8221; header_font_size=&#8221;38px&#8221; body_font=&#8221;Actor||||||||&#8221; body_text_color=&#8221;#686868&#8243; body_font_size=&#8221;18px&#8221; body_line_height=&#8221;1.8em&#8221; text_orientation=&#8221;center&#8221; animation=&#8221;off&#8221; locked=&#8221;off&#8221; global_colors_info=&#8221;{}&#8221;]<\/p>\n<p>e produce una quantit\u00e0 di gas serra tre volte inferiore rispetto alla produzione di fibre sintetiche come il poliestere.<\/p>\n<p>[\/et_pb_blurb][\/et_pb_column][et_pb_column type=&#8221;1_4&#8243; _builder_version=&#8221;4.18.0&#8243; _module_preset=&#8221;default&#8221; global_colors_info=&#8221;{}&#8221;][et_pb_blurb title=&#8221;Le fibre naturali, come il cotone europeo, sono biodegradabili al 100%,&#8221; image=&#8221;https:\/\/eucotton.eu\/wp-content\/uploads\/2024\/07\/icon_non_gm_cotton_natural_fibers_b.jpg&#8221; content_max_width_tablet=&#8221;150px&#8221; content_max_width_phone=&#8221;150px&#8221; content_max_width_last_edited=&#8221;on|phone&#8221; _builder_version=&#8221;4.27.2&#8243; header_font=&#8221;&#8211;et_global_heading_font|500|||||||&#8221; header_text_color=&#8221;#0c005e&#8221; header_font_size=&#8221;38px&#8221; body_font=&#8221;Actor||||||||&#8221; body_text_color=&#8221;#686868&#8243; body_font_size=&#8221;18px&#8221; body_line_height=&#8221;1.8em&#8221; text_orientation=&#8221;center&#8221; animation=&#8221;off&#8221; locked=&#8221;off&#8221; global_colors_info=&#8221;{}&#8221;]<\/p>\n<p>il che le rende la scelta perfetta per l&#8217;ambiente.<\/p>\n<p>[\/et_pb_blurb][\/et_pb_column][\/et_pb_row][et_pb_row _builder_version=&#8221;4.18.0&#8243; _module_preset=&#8221;default&#8221; width=&#8221;60%&#8221; global_colors_info=&#8221;{}&#8221;][et_pb_column type=&#8221;4_4&#8243; _builder_version=&#8221;4.18.0&#8243; _module_preset=&#8221;default&#8221; global_colors_info=&#8221;{}&#8221;][et_pb_text _builder_version=&#8221;4.27.2&#8243; _module_preset=&#8221;default&#8221; text_font=&#8221;Actor||||||||&#8221; text_font_size=&#8221;18px&#8221; global_colors_info=&#8221;{}&#8221;]<\/p>\n<p>Tutto ci\u00f2 pone il cotone europeo, di origine greca e spagnola, <strong>come punto di riferimento globale in termini di sostenibilit\u00e0.<\/strong><\/p>\n<p>Pertanto, <strong>quando si sceglie il cotone europeo, si favorisce un modello di produzione sostenibile, basato sulle pratiche pi\u00f9 etiche e rispettose dell&#8217;ambiente.<\/strong><\/p>\n<p>[\/et_pb_text][\/et_pb_column][\/et_pb_row][\/et_pb_section]<\/p>\n","protected":false},"excerpt":{"rendered":"<p>Sostenibilit\u00e0 ambientale IL COTONE EUROPEO PROGETTA UN MONDO SOSTENIBILELa produzione di cotone in Grecia e Spagna si basa sulla sostenibilit\u00e0 quale pilastro fondamentale, facendo un uso responsabile delle risorse naturali e riducendo l&#8217;uso di prodotti chimici, preservando gli ecosistemi naturali e il benessere delle comunit\u00e0 locali. Il cotone europeo \u00e8 prodotto in conformit\u00e0 ai regolamenti [&hellip;]<\/p>\n","protected":false},"author":2,"featured_media":0,"parent":3514,"menu_order":0,"comment_status":"closed","ping_status":"closed","template":"","meta":{"_et_pb_use_builder":"on","_et_pb_old_content":"","_et_gb_content_width":"","footnotes":""},"class_list":["post-3517","page","type-page","status-publish","hentry"],"_links":{"self":[{"href":"https:\/\/eucotton.eu\/it\/wp-json\/wp\/v2\/pages\/3517","targetHints":{"allow":["GET"]}}],"collection":[{"href":"https:\/\/eucotton.eu\/it\/wp-json\/wp\/v2\/pages"}],"about":[{"href":"https:\/\/eucotton.eu\/it\/wp-json\/wp\/v2\/types\/page"}],"author":[{"embeddable":true,"href":"https:\/\/eucotton.eu\/it\/wp-json\/wp\/v2\/users\/2"}],"replies":[{"embeddable":true,"href":"https:\/\/eucotton.eu\/it\/wp-json\/wp\/v2\/comments?post=3517"}],"version-history":[{"count":3,"href":"https:\/\/eucotton.eu\/it\/wp-json\/wp\/v2\/pages\/3517\/revisions"}],"predecessor-version":[{"id":3687,"href":"https:\/\/eucotton.eu\/it\/wp-json\/wp\/v2\/pages\/3517\/revisions\/3687"}],"up":[{"embeddable":true,"href":"https:\/\/eucotton.eu\/it\/wp-json\/wp\/v2\/pages\/3514"}],"wp:attachment":[{"href":"https:\/\/eucotton.eu\/it\/wp-json\/wp\/v2\/media?parent=3517"}],"curies":[{"name":"wp","href":"https:\/\/api.w.org\/{rel}","templated":true}]}}