{"id":3522,"date":"2024-07-18T08:40:04","date_gmt":"2024-07-18T08:40:04","guid":{"rendered":"https:\/\/eucotton.eu\/sostenibilita-e-tracciabilita\/sostenibilita-sociale\/"},"modified":"2024-10-11T09:36:03","modified_gmt":"2024-10-11T09:36:03","slug":"sostenibilita-sociale","status":"publish","type":"page","link":"https:\/\/eucotton.eu\/it\/sostenibilita-e-tracciabilita\/sostenibilita-sociale\/","title":{"rendered":"Sostenibilit\u00e0 sociale"},"content":{"rendered":"<p>[et_pb_section fb_built=&#8221;1&#8243; specialty=&#8221;on&#8221; disabled_on=&#8221;off|off|off&#8221; admin_label=&#8221;Header&#8221; _builder_version=&#8221;4.16&#8243; custom_padding=&#8221;||1px|||&#8221; da_disable_devices=&#8221;off|off|off&#8221; global_colors_info=&#8221;{}&#8221; da_is_popup=&#8221;off&#8221; da_exit_intent=&#8221;off&#8221; da_has_close=&#8221;on&#8221; da_alt_close=&#8221;off&#8221; da_dark_close=&#8221;off&#8221; da_not_modal=&#8221;on&#8221; da_is_singular=&#8221;off&#8221; da_with_loader=&#8221;off&#8221; da_has_shadow=&#8221;on&#8221;][et_pb_column type=&#8221;2_3&#8243; specialty_columns=&#8221;2&#8243; _builder_version=&#8221;4.16&#8243; custom_padding=&#8221;|||&#8221; global_colors_info=&#8221;{}&#8221; custom_padding__hover=&#8221;|||&#8221;][et_pb_row_inner _builder_version=&#8221;4.18.0&#8243; custom_margin_tablet=&#8221;-60px||||false|false&#8221; custom_margin_phone=&#8221;-34px||||false|false&#8221; custom_margin_last_edited=&#8221;on|phone&#8221; locked=&#8221;off&#8221; global_colors_info=&#8221;{}&#8221;][et_pb_column_inner saved_specialty_column_type=&#8221;2_3&#8243; _builder_version=&#8221;4.16&#8243; global_colors_info=&#8221;{}&#8221;][et_pb_text _builder_version=&#8221;4.27.2&#8243; text_font=&#8221;Actor|300|||||||&#8221; text_text_color=&#8221;#0cb4ce&#8221; text_font_size=&#8221;20px&#8221; text_line_height=&#8221;1.4em&#8221; header_font=&#8221;||||||||&#8221; header_text_color=&#8221;#0c005e&#8221; header_font_size=&#8221;70px&#8221; header_letter_spacing=&#8221;2px&#8221; header_line_height=&#8221;0.8em&#8221; custom_padding=&#8221;||1px|||&#8221; hover_enabled=&#8221;0&#8243; text_font_size_tablet=&#8221;&#8221; text_font_size_phone=&#8221;20px&#8221; text_font_size_last_edited=&#8221;on|desktop&#8221; header_font_size_tablet=&#8221;56px&#8221; header_font_size_phone=&#8221;40px&#8221; header_font_size_last_edited=&#8221;on|phone&#8221; text_orientation_tablet=&#8221;left&#8221; text_orientation_last_edited=&#8221;off|phone&#8221; locked=&#8221;off&#8221; global_colors_info=&#8221;{}&#8221; sticky_enabled=&#8221;0&#8243;]<\/p>\n<h1>Sostenibilit\u00e0 sociale<\/h1>\n<p>IL COTONE EUROPEO PROGETTA UNA SOCIET\u00c0 SOSTENIBILE<\/p>\n<p>[\/et_pb_text][\/et_pb_column_inner][\/et_pb_row_inner][et_pb_row_inner _builder_version=&#8221;4.18.0&#8243; custom_margin_tablet=&#8221;-19px||||false|false&#8221; custom_margin_phone=&#8221;-19px||||false|false&#8221; custom_margin_last_edited=&#8221;on|tablet&#8221; locked=&#8221;off&#8221; global_colors_info=&#8221;{}&#8221;][et_pb_column_inner saved_specialty_column_type=&#8221;2_3&#8243; _builder_version=&#8221;4.16&#8243; custom_padding=&#8221;||||false|false&#8221; global_colors_info=&#8221;{}&#8221;][et_pb_text _builder_version=&#8221;4.27.2&#8243; text_text_color=&#8221;rgba(0,0,0,0.44)&#8221; text_font_size=&#8221;18px&#8221; text_line_height=&#8221;1.8em&#8221; header_2_text_color=&#8221;#919191&#8243; header_2_font_size=&#8221;45px&#8221; header_2_line_height=&#8221;1.2em&#8221; header_5_font=&#8221;Rubik||||||||&#8221; header_5_font_size=&#8221;18px&#8221; header_5_line_height=&#8221;1.8em&#8221; width=&#8221;80%&#8221; custom_margin=&#8221;-36px||||false|false&#8221; hover_enabled=&#8221;0&#8243; locked=&#8221;off&#8221; global_colors_info=&#8221;{}&#8221; sticky_enabled=&#8221;0&#8243;]<\/p>\n<h2>Il <span style=\"color: #0c005e;\">modello di produzione europeo<\/span> non garantisce solo <span style=\"color: #0c005e;\">la sostenibilit\u00e0 ambientale<\/span> del cotone, ma anche la sostenibilit\u00e0 sociale, garantendo <span style=\"color: #0c005e;\">le migliori pratiche<\/span> dalla raccolta delle materie prime alla lavorazione, trasformazione, fabbricazione e rifinitura di prodotti e capi, <span style=\"color: #0c005e;\">preservando la sicurezza e il benessere degli agricoltori, dei consumatori e dell&#8217;ambiente.<\/span><\/h2>\n<p>[\/et_pb_text][\/et_pb_column_inner][\/et_pb_row_inner][\/et_pb_column][et_pb_column type=&#8221;1_3&#8243; _builder_version=&#8221;4.16&#8243; custom_padding=&#8221;|||&#8221; global_colors_info=&#8221;{}&#8221; custom_padding__hover=&#8221;|||&#8221;][et_pb_image src=&#8221;https:\/\/eucotton.eu\/wp-content\/uploads\/2024\/07\/social_sustainability.jpg&#8221; title_text=&#8221;Rear View Of Expert Female Textile Worker Unrolling Material Rolls For Cutting&#8221; _builder_version=&#8221;4.25.1&#8243; custom_margin=&#8221;|-5vw|||false|false&#8221; border_radii=&#8221;on|200px|200px|200px|200px&#8221; border_radii_last_edited=&#8221;off|tablet&#8221; global_colors_info=&#8221;{}&#8221;][\/et_pb_image][\/et_pb_column][\/et_pb_section][et_pb_section fb_built=&#8221;1&#8243; admin_label=&#8221;FAQ&#8221; _builder_version=&#8221;4.25.1&#8243; _module_preset=&#8221;default&#8221; background_enable_color=&#8221;off&#8221; custom_margin=&#8221;0px||0px||false|false&#8221; custom_margin_tablet=&#8221;-138px||||false|false&#8221; custom_margin_phone=&#8221;-100px||||false|false&#8221; custom_margin_last_edited=&#8221;on|phone&#8221; custom_padding=&#8221;0px||0px||false|false&#8221; da_disable_devices=&#8221;off|off|off&#8221; locked=&#8221;off&#8221; global_colors_info=&#8221;{}&#8221; da_is_popup=&#8221;off&#8221; da_exit_intent=&#8221;off&#8221; da_has_close=&#8221;on&#8221; da_alt_close=&#8221;off&#8221; da_dark_close=&#8221;off&#8221; da_not_modal=&#8221;on&#8221; da_is_singular=&#8221;off&#8221; da_with_loader=&#8221;off&#8221; da_has_shadow=&#8221;on&#8221;][et_pb_row _builder_version=&#8221;4.18.0&#8243; _module_preset=&#8221;default&#8221; width=&#8221;60%&#8221; global_colors_info=&#8221;{}&#8221;][et_pb_column type=&#8221;4_4&#8243; _builder_version=&#8221;4.18.0&#8243; _module_preset=&#8221;default&#8221; global_colors_info=&#8221;{}&#8221;][et_pb_image src=&#8221;https:\/\/eucotton.eu\/wp-content\/uploads\/2024\/07\/social_sustainability_colors.jpg&#8221; title_text=&#8221;Stack of clothes&#8221; _builder_version=&#8221;4.25.1&#8243; _module_preset=&#8221;default&#8221; global_colors_info=&#8221;{}&#8221;][\/et_pb_image][\/et_pb_column][\/et_pb_row][\/et_pb_section]<\/p>\n","protected":false},"excerpt":{"rendered":"<p>Sostenibilit\u00e0 sociale IL COTONE EUROPEO PROGETTA UNA SOCIET\u00c0 SOSTENIBILEIl modello di produzione europeo non garantisce solo la sostenibilit\u00e0 ambientale del cotone, ma anche la sostenibilit\u00e0 sociale, garantendo le migliori pratiche dalla raccolta delle materie prime alla lavorazione, trasformazione, fabbricazione e rifinitura di prodotti e capi, preservando la sicurezza e il benessere degli agricoltori, dei consumatori [&hellip;]<\/p>\n","protected":false},"author":2,"featured_media":0,"parent":3514,"menu_order":2,"comment_status":"closed","ping_status":"closed","template":"","meta":{"_et_pb_use_builder":"on","_et_pb_old_content":"","_et_gb_content_width":"","footnotes":""},"class_list":["post-3522","page","type-page","status-publish","hentry"],"_links":{"self":[{"href":"https:\/\/eucotton.eu\/it\/wp-json\/wp\/v2\/pages\/3522","targetHints":{"allow":["GET"]}}],"collection":[{"href":"https:\/\/eucotton.eu\/it\/wp-json\/wp\/v2\/pages"}],"about":[{"href":"https:\/\/eucotton.eu\/it\/wp-json\/wp\/v2\/types\/page"}],"author":[{"embeddable":true,"href":"https:\/\/eucotton.eu\/it\/wp-json\/wp\/v2\/users\/2"}],"replies":[{"embeddable":true,"href":"https:\/\/eucotton.eu\/it\/wp-json\/wp\/v2\/comments?post=3522"}],"version-history":[{"count":3,"href":"https:\/\/eucotton.eu\/it\/wp-json\/wp\/v2\/pages\/3522\/revisions"}],"predecessor-version":[{"id":3561,"href":"https:\/\/eucotton.eu\/it\/wp-json\/wp\/v2\/pages\/3522\/revisions\/3561"}],"up":[{"embeddable":true,"href":"https:\/\/eucotton.eu\/it\/wp-json\/wp\/v2\/pages\/3514"}],"wp:attachment":[{"href":"https:\/\/eucotton.eu\/it\/wp-json\/wp\/v2\/media?parent=3522"}],"curies":[{"name":"wp","href":"https:\/\/api.w.org\/{rel}","templated":true}]}}